{"id":4638,"date":"2017-08-29T17:31:01","date_gmt":"2017-08-29T15:31:01","guid":{"rendered":"http:\/\/agora.xtec.cat\/iesgaudi\/?page_id=4638"},"modified":"2024-02-27T16:59:12","modified_gmt":"2024-02-27T15:59:12","slug":"formacio-en-centres-de-treball","status":"publish","type":"page","link":"https:\/\/agora.xtec.cat\/iesgaudi\/formacio-en-centres-de-treball\/","title":{"rendered":"Formaci\u00f3 en Centres de Treball"},"content":{"rendered":"<header class=\"entry-header\">\n<h1 class=\"entry-title\">Formaci\u00f3 professional Dual general (no retributiva)<\/h1>\n<\/header>\n<div class=\"entry-content\">\n<p>Aquest m\u00f2dul de formaci\u00f3 pr\u00e0ctica en empreses correspon al que abans es coneixia com a Formaci\u00f3 Pr\u00e0ctica en Centres de Treball (FCT).<\/p>\n<p>A partir del Curs 2024-2025 nom\u00e9s existir\u00e0 la formaci\u00f3 pr\u00e0ctica a les empreses del tipus Formaci\u00f3 Dual intensiva (retributiva) i Formaci\u00f3 Dual general, que s\u00f3n les pr\u00e0ctiques no retributives d\u2019abans.<br \/>\nAquesta estada als centres de treball est\u00e0 concebuda com el punt de trobada amb el m\u00f3n professional: \u00e9s el moment en qu\u00e8 l\u2019alumnat pren contacte amb el m\u00f3n empresarial, que \u00e9s el destinatari de la seva formaci\u00f3, alhora que \u00e9s l\u2019espai privilegiat d\u2019aplicaci\u00f3 i actualitzaci\u00f3 dels sabers que l\u2019alumnat ha anat assolint fins llavors.<\/p>\n<p>Als cicles formatius aquesta formaci\u00f3 adquireix especial rellev\u00e0ncia i als cicles formatius superior suposa una durada de 515 hores de pr\u00e0ctiques. Estada que inclou un aspecte formatiu, complementari d\u2019all\u00f2 que s\u2019imparteix a les aules, molt important per l\u2019adquisici\u00f3 del perfil competencial de l\u2019estudi que estan fent.<\/p>\n<p>Aquestes hores de pr\u00e0ctiques poden organitzar-se en unes franges de temps de 4 hores di\u00e0ries, realitzant unes 20 hores setmanals, si es compaginen les pr\u00e0ctiques amb l\u2019activitat al centre (classes). O b\u00e9 es poden arribar a realitzar fins a 9 hores di\u00e0ries, amb un m\u00e0xim de 45 hores setmanals, si es fan de forma intensiva en per\u00edodes no lectius (que l\u2019alumne no ha d\u2019acudir a classe).<\/p>\n<h2>Qu\u00e8 comporten per a l\u2019alumnat?<\/h2>\n<ul>\n<li>El coneixement del m\u00f3n laboral i de l\u2019empresa de manera real i directa.<\/li>\n<li>La possibilitat d\u2019estar en contacte amb la tecnologia m\u00e9s avan\u00e7ada i actualitzar els seus coneixements.<\/li>\n<li>La compleci\u00f3 de la seva formaci\u00f3 professional, amb l\u2019objectiu de capacitar-se de manera competencial per a la incorporaci\u00f3 al m\u00f3n laboral.<\/li>\n<li>L\u2019obtenci\u00f3 d\u2019una formaci\u00f3 adaptada a llocs de treball espec\u00edfics.<\/li>\n<li>L\u2019acostament a la cultura d\u2019empresa.<\/li>\n<li>L\u2019experi\u00e8ncia en el m\u00f3n laboral com a pas previ per a la primera ocupaci\u00f3.<\/li>\n<li>L\u2019inici del seu historial professional acreditat amb el quadern de pr\u00e0ctiques.<\/li>\n<li>La superaci\u00f3 del m\u00f2dul de formaci\u00f3 en centres de treball per a l\u2019alumnat d\u2019estudis postobligatoris.<\/li>\n<\/ul>\n<h2>Qu\u00e8 li ofereix l\u2019empresa?<\/h2>\n<ul>\n<li>Captar futur personal qualificat.<\/li>\n<li>Col\u00b7laborar en la formaci\u00f3 de l\u2019alumnat.<\/li>\n<li>Aconseguir nous professionals adaptats al perfil competencial que necessita l&#8217;empresa.<\/li>\n<li>Oferir a l\u2019alumnat l\u2019acc\u00e9s a la seva primera ocupaci\u00f3.<\/li>\n<li>Relacionar-se amb els centres educatius i col\u00b7laborar en la formaci\u00f3 de futurs professionals.<\/li>\n<\/ul>\n<p><strong>Normativa<\/strong><\/p>\n<ul>\n<li>ORDRE ENS\/241\/2015, de 27 de juliol, per la qual es regula la formaci\u00f3 en centres de treball i els convenis de col\u00b7laboraci\u00f3 amb empreses i entitats (DOGC n\u00fam. 9628, de 5.08.2015).<\/li>\n<li>RESOLUCI\u00d3 de curs per la qual s\u2019aproven els documents per a l\u2019organitzaci\u00f3 i la gesti\u00f3 dels centres.<\/li>\n<\/ul>\n<p>RESOLUCI\u00d3 per la qual s\u2019aproven les instruccions de curs de la Direcci\u00f3 General de Formaci\u00f3 Professional Inicial i Ensenyaments de R\u00e8gim Especial.<\/p>\n<\/div>\n","protected":false},"excerpt":{"rendered":"<p>Formaci\u00f3 professional Dual general (no retributiva) Aquest m\u00f2dul de formaci\u00f3 pr\u00e0ctica en empreses correspon al que abans es coneixia com a Formaci\u00f3 Pr\u00e0ctica en Centres de Treball (FCT). A partir del Curs 2024-2025 nom\u00e9s existir\u00e0 la formaci\u00f3 pr\u00e0ctica a les empreses del tipus Formaci\u00f3 Dual intensiva (retributiva) i Formaci\u00f3 Dual general, que s\u00f3n les pr\u00e0ctiques [&hellip;]<\/p>\n","protected":false},"author":331,"featured_media":0,"parent":0,"menu_order":0,"comment_status":"closed","ping_status":"closed","template":"","meta":{"_bbp_topic_count":0,"_bbp_reply_count":0,"_bbp_total_topic_count":0,"_bbp_total_reply_count":0,"_bbp_voice_count":0,"_bbp_anonymous_reply_count":0,"_bbp_topic_count_hidden":0,"_bbp_reply_count_hidden":0,"_bbp_forum_subforum_count":0,"site-sidebar-layout":"default","site-content-layout":"","ast-site-content-layout":"","site-content-style":"default","site-sidebar-style":"default","ast-global-header-display":"","ast-banner-title-visibility":"","ast-main-header-display":"","ast-hfb-above-header-display":"","ast-hfb-below-header-display":"","ast-hfb-mobile-header-display":"","site-post-title":"","ast-breadcrumbs-content":"","ast-featured-img":"","footer-sml-layout":"","theme-transparent-header-meta":"","adv-header-id-meta":"","stick-header-meta":"","header-above-stick-meta":"","header-main-stick-meta":"","header-below-stick-meta":"","astra-migrate-meta-layouts":"default","ast-page-background-enabled":"default","ast-page-background-meta":{"desktop":{"background-color":"var(--ast-global-color-4)","background-image":"","background-repeat":"repeat","background-position":"center center","background-size":"auto","background-attachment":"scroll","background-type":"","background-media":"","overlay-type":"","overlay-color":"","overlay-opacity":"","overlay-gradient":""},"tablet":{"background-color":"","background-image":"","background-repeat":"repeat","background-position":"center center","background-size":"auto","background-attachment":"scroll","background-type":"","background-media":"","overlay-type":"","overlay-color":"","overlay-opacity":"","overlay-gradient":""},"mobile":{"background-color":"","background-image":"","background-repeat":"repeat","background-position":"center center","background-size":"auto","background-attachment":"scroll","background-type":"","background-media":"","overlay-type":"","overlay-color":"","overlay-opacity":"","overlay-gradient":""}},"ast-content-background-meta":{"desktop":{"background-color":"var(--ast-global-color-5)","background-image":"","background-repeat":"repeat","background-position":"center center","background-size":"auto","background-attachment":"scroll","background-type":"","background-media":"","overlay-type":"","overlay-color":"","overlay-opacity":"","overlay-gradient":""},"tablet":{"background-color":"var(--ast-global-color-5)","background-image":"","background-repeat":"repeat","background-position":"center center","background-size":"auto","background-attachment":"scroll","background-type":"","background-media":"","overlay-type":"","overlay-color":"","overlay-opacity":"","overlay-gradient":""},"mobile":{"background-color":"var(--ast-global-color-5)","background-image":"","background-repeat":"repeat","background-position":"center center","background-size":"auto","background-attachment":"scroll","background-type":"","background-media":"","overlay-type":"","overlay-color":"","overlay-opacity":"","overlay-gradient":""}},"footnotes":""},"class_list":["post-4638","page","type-page","status-publish","hentry"],"post_mailing_queue_ids":[],"_links":{"self":[{"href":"https:\/\/agora.xtec.cat\/iesgaudi\/wp-json\/wp\/v2\/pages\/4638","targetHints":{"allow":["GET"]}}],"collection":[{"href":"https:\/\/agora.xtec.cat\/iesgaudi\/wp-json\/wp\/v2\/pages"}],"about":[{"href":"https:\/\/agora.xtec.cat\/iesgaudi\/wp-json\/wp\/v2\/types\/page"}],"author":[{"embeddable":true,"href":"https:\/\/agora.xtec.cat\/iesgaudi\/wp-json\/wp\/v2\/users\/331"}],"replies":[{"embeddable":true,"href":"https:\/\/agora.xtec.cat\/iesgaudi\/wp-json\/wp\/v2\/comments?post=4638"}],"version-history":[{"count":4,"href":"https:\/\/agora.xtec.cat\/iesgaudi\/wp-json\/wp\/v2\/pages\/4638\/revisions"}],"predecessor-version":[{"id":11575,"href":"https:\/\/agora.xtec.cat\/iesgaudi\/wp-json\/wp\/v2\/pages\/4638\/revisions\/11575"}],"wp:attachment":[{"href":"https:\/\/agora.xtec.cat\/iesgaudi\/wp-json\/wp\/v2\/media?parent=4638"}],"curies":[{"name":"wp","href":"https:\/\/api.w.org\/{rel}","templated":true}]}}