{"id":4627,"date":"2017-08-25T13:01:08","date_gmt":"2017-08-25T11:01:08","guid":{"rendered":"http:\/\/agora.xtec.cat\/iesgaudi\/?page_id=4627"},"modified":"2017-10-23T15:36:56","modified_gmt":"2017-10-23T13:36:56","slug":"acces-al-qbid","status":"publish","type":"page","link":"https:\/\/agora.xtec.cat\/iesgaudi\/acces-al-qbid\/","title":{"rendered":"ACC\u00c8S AL QBID"},"content":{"rendered":"<p><strong>Programa BID- Banc integrat de dades<\/strong><\/p>\n<p>El BID \u00e9s l\u2019instrument oficial de gesti\u00f3 per a tots els agents implicats en el desenvolupament de la formaci\u00f3 pr\u00e0ctica en centres de treball dels alumnes de formaci\u00f3 professional. El BID comunica de forma activa, r\u00e0pida i segura les 13 cambres catalanes, el Consell de Cambres, els centres de formaci\u00f3 professional i els serveis centrals i les delegacions territorials del Departament d\u2019Ensenyament. El BID, com a eina de gesti\u00f3, actua com una intranet. T\u00e9, per tant, un acc\u00e9s restringit als diferents agents.<\/p>\n<p><a href=\"http:\/\/www.empresaiformacio.org\/\">http:\/\/www.empresaiformacio.org\/<\/a><\/p>\n<ul>\n<li>Acc\u00e9s al <a href=\"https:\/\/www.empresaiformacio.org\/sBid\">QBID EMPRESES\/PROFESSORAT<\/a><\/li>\n<li>Acc\u00e9s al <a href=\"https:\/\/www.empresaiformacio.org\/sBidAlumne\/\">QBID ALUMNAT<\/a><\/li>\n<li>Acc\u00e8s a\u00a0<a href=\"http:\/\/www.empresaiformacio.org\/\">EMPRESA FORMACI\u00d3<\/a><\/li>\n<\/ul>\n<p><strong>\u00a0<\/strong><\/p>\n<p><strong>VIDEOS TUTORIALS EMPRESA<\/strong><\/p>\n<p>A continuaci\u00f3 trobareu el enlla\u00e7os dels v\u00eddeos tutorials de l\u2019aplicaci\u00f3 inform\u00e0tica qBID, espec\u00edfics pel tutor d\u2019empresa, i confiem faciliti l\u2019acc\u00e9s al qBID del tutor d\u2019empresa aix\u00ed com la \u201ctutoria online\u201d.<\/p>\n<ul>\n<li>Tutorial_tutor d&#8217;empresa_1_<a href=\"https:\/\/youtu.be\/O62MHL9b_S4\">acc\u00e9s<\/a><\/li>\n<li>Tutorial_tutor d&#8217;empresa_2_<a href=\"https:\/\/youtu.be\/rRu4bn3F_IE\">Primeres passes<\/a><\/li>\n<li>Tutorial_tutor d&#8217;empresa_3_<a href=\"https:\/\/youtu.be\/MPi6kY1NBAM\">Els meus alumnes<\/a><\/li>\n<li>Tutorial_Tutor d&#8217;empresa_4_<a href=\"https:\/\/youtu.be\/IYM0wSPAIAY\">Seguiment<\/a><\/li>\n<li>Tutorial_Tutor d&#8217;empresa_5_<a href=\"https:\/\/youtu.be\/BwMsqwlgNsE\">Q\u00fcestionari<\/a><\/li>\n<\/ul>\n<p><strong>VIDEOS TUTORIAL ALUMNAT<\/strong><\/p>\n<ul>\n<li>Tutorial <a href=\"https:\/\/www.youtube.com\/watch?v=xzj3oBNCkw4&amp;t=119s\">Quadern de l&#8217;alumne<\/a><\/li>\n<li>Tutorial <a href=\"https:\/\/www.youtube.com\/watch?v=wEyGb_EN7Ms\">Tasques dels alumnes<\/a><\/li>\n<li>Tutorial <a href=\"https:\/\/www.youtube.com\/watch?v=-tojrB4lm-o\">PR\u00c0CTIQUES<\/a><\/li>\n<\/ul>\n","protected":false},"excerpt":{"rendered":"<p>Programa BID- Banc integrat de dades El BID \u00e9s l\u2019instrument oficial de gesti\u00f3 per a tots els agents implicats en el desenvolupament de la formaci\u00f3 pr\u00e0ctica en centres de treball dels alumnes de formaci\u00f3 professional. El BID comunica de forma activa, r\u00e0pida i segura les 13 cambres catalanes, el Consell de Cambres, els centres de [&hellip;]<\/p>\n","protected":false},"author":331,"featured_media":0,"parent":0,"menu_order":0,"comment_status":"closed","ping_status":"closed","template":"","meta":{"_bbp_topic_count":0,"_bbp_reply_count":0,"_bbp_total_topic_count":0,"_bbp_total_reply_count":0,"_bbp_voice_count":0,"_bbp_anonymous_reply_count":0,"_bbp_topic_count_hidden":0,"_bbp_reply_count_hidden":0,"_bbp_forum_subforum_count":0,"site-sidebar-layout":"default","site-content-layout":"","ast-site-content-layout":"","site-content-style":"default","site-sidebar-style":"default","ast-global-header-display":"","ast-banner-title-visibility":"","ast-main-header-display":"","ast-hfb-above-header-display":"","ast-hfb-below-header-display":"","ast-hfb-mobile-header-display":"","site-post-title":"","ast-breadcrumbs-content":"","ast-featured-img":"","footer-sml-layout":"","theme-transparent-header-meta":"","adv-header-id-meta":"","stick-header-meta":"","header-above-stick-meta":"","header-main-stick-meta":"","header-below-stick-meta":"","astra-migrate-meta-layouts":"default","ast-page-background-enabled":"default","ast-page-background-meta":{"desktop":{"background-color":"var(--ast-global-color-4)","background-image":"","background-repeat":"repeat","background-position":"center center","background-size":"auto","background-attachment":"scroll","background-type":"","background-media":"","overlay-type":"","overlay-color":"","overlay-opacity":"","overlay-gradient":""},"tablet":{"background-color":"","background-image":"","background-repeat":"repeat","background-position":"center center","background-size":"auto","background-attachment":"scroll","background-type":"","background-media":"","overlay-type":"","overlay-color":"","overlay-opacity":"","overlay-gradient":""},"mobile":{"background-color":"","background-image":"","background-repeat":"repeat","background-position":"center center","background-size":"auto","background-attachment":"scroll","background-type":"","background-media":"","overlay-type":"","overlay-color":"","overlay-opacity":"","overlay-gradient":""}},"ast-content-background-meta":{"desktop":{"background-color":"var(--ast-global-color-5)","background-image":"","background-repeat":"repeat","background-position":"center center","background-size":"auto","background-attachment":"scroll","background-type":"","background-media":"","overlay-type":"","overlay-color":"","overlay-opacity":"","overlay-gradient":""},"tablet":{"background-color":"var(--ast-global-color-5)","background-image":"","background-repeat":"repeat","background-position":"center center","background-size":"auto","background-attachment":"scroll","background-type":"","background-media":"","overlay-type":"","overlay-color":"","overlay-opacity":"","overlay-gradient":""},"mobile":{"background-color":"var(--ast-global-color-5)","background-image":"","background-repeat":"repeat","background-position":"center center","background-size":"auto","background-attachment":"scroll","background-type":"","background-media":"","overlay-type":"","overlay-color":"","overlay-opacity":"","overlay-gradient":""}},"footnotes":""},"class_list":["post-4627","page","type-page","status-publish","hentry"],"post_mailing_queue_ids":[],"_links":{"self":[{"href":"https:\/\/agora.xtec.cat\/iesgaudi\/wp-json\/wp\/v2\/pages\/4627","targetHints":{"allow":["GET"]}}],"collection":[{"href":"https:\/\/agora.xtec.cat\/iesgaudi\/wp-json\/wp\/v2\/pages"}],"about":[{"href":"https:\/\/agora.xtec.cat\/iesgaudi\/wp-json\/wp\/v2\/types\/page"}],"author":[{"embeddable":true,"href":"https:\/\/agora.xtec.cat\/iesgaudi\/wp-json\/wp\/v2\/users\/331"}],"replies":[{"embeddable":true,"href":"https:\/\/agora.xtec.cat\/iesgaudi\/wp-json\/wp\/v2\/comments?post=4627"}],"version-history":[{"count":3,"href":"https:\/\/agora.xtec.cat\/iesgaudi\/wp-json\/wp\/v2\/pages\/4627\/revisions"}],"predecessor-version":[{"id":5047,"href":"https:\/\/agora.xtec.cat\/iesgaudi\/wp-json\/wp\/v2\/pages\/4627\/revisions\/5047"}],"wp:attachment":[{"href":"https:\/\/agora.xtec.cat\/iesgaudi\/wp-json\/wp\/v2\/media?parent=4627"}],"curies":[{"name":"wp","href":"https:\/\/api.w.org\/{rel}","templated":true}]}}