{"id":373,"date":"2015-03-18T19:10:12","date_gmt":"2015-03-18T18:10:12","guid":{"rendered":"http:\/\/agora.xtec.cat\/iesgaudi\/?page_id=373"},"modified":"2025-09-12T09:16:15","modified_gmt":"2025-09-12T07:16:15","slug":"cicles-formatius","status":"publish","type":"page","link":"https:\/\/agora.xtec.cat\/iesgaudi\/secretaria\/cicles-formatius\/","title":{"rendered":"Tr\u00e0mits"},"content":{"rendered":"<h2><span style=\"text-decoration: underline;\">Curs 2025 &#8211; 2026<\/span><\/h2>\n<h4><span style=\"color: #800080;\"><strong>ESO<\/strong><\/span><\/h4>\n<h4><span style=\"text-decoration: underline;\">Convalidacions d&#8217;hores curriculars per simultane\u00eftat d&#8217;estudis de m\u00fasica<\/span><\/h4>\n<ul>\n<li>Termini: fins el 30 d&#8217;octubre de 2025<\/li>\n<li>Cal omplir una <a href=\"https:\/\/agora.xtec.cat\/iesgaudi\/wp-content\/uploads\/usu31\/2022\/09\/EMU1-Sol.licitud-convalidacio-musica.pdf\">sol\u00b7licitud de convalidaci\u00f3<\/a> i portar-la a secretaria juntament amb el certificat expedit pel conservatori, escola o pel centre professional de m\u00fasica en qu\u00e8 s&#8217;acredita el curs que fa l&#8217;alumna\/e (certificat original + fotoc\u00f2pia).<\/li>\n<li>Cal que us llegiu aquest <a href=\"https:\/\/agora.xtec.cat\/iesgaudi\/wp-content\/uploads\/usu31\/2022\/09\/CUR_Simultaneitat_musica.pdf\">document d&#8217;instruccions<\/a>.<\/li>\n<\/ul>\n<h4><span style=\"text-decoration: underline;\">Convalidacions d&#8217;hores curriculars per simultane\u00eftat d&#8217;estudis de dansa<\/span><\/h4>\n<ul>\n<li>Termini: fins el 30 d&#8217;octubre de 2025<\/li>\n<li>Cal omplir una <a href=\"https:\/\/agora.xtec.cat\/iesgaudi\/wp-content\/uploads\/usu31\/2022\/09\/Sol.licitud-convalidacio-EF-dansa.pdf\">sol\u00b7licitud de convalidaci\u00f3<\/a> i portar-la a secretaria juntament amb el certificat expedit pel conservatori o centre professional de dansa en qu\u00e8 s&#8217;acredita el curs que fa l&#8217;alumna\/e (certificat original + fotoc\u00f2pia).<\/li>\n<li>Cal que us llegiu aquest <a href=\"https:\/\/agora.xtec.cat\/iesgaudi\/wp-content\/uploads\/usu31\/2022\/09\/CUR_Simultaneitat_dansa.pdf\">document d&#8217;instruccions<\/a>.<\/li>\n<\/ul>\n<h4><span style=\"text-decoration: underline;\">Convalidacions d&#8217;hores curriculars per una dedicaci\u00f3 intensiva a l&#8217;esport<\/span><\/h4>\n<ul>\n<li>Termini: fins el 30 d&#8217;octubre de 2025<\/li>\n<li>Cal omplir una <a href=\"https:\/\/agora.xtec.cat\/iesgaudi\/wp-content\/uploads\/usu31\/2022\/09\/DEDICACIO-SIGNIFICATIVA-A-LESPORT.pdf\">sol\u00b7licitud de convalidaci\u00f3<\/a> i portar-la juntament amb la documentaci\u00f3 acreditativa a secretaria (documentaci\u00f3 acreditativa original + fotoc\u00f2pia).<\/li>\n<\/ul>\n<p>&nbsp;<\/p>\n<h4><span style=\"color: #800080;\"><strong>CICLES FORMATIUS<\/strong><\/span><\/h4>\n<h4><span style=\"text-decoration: underline;\">Convalidacions directes<\/span><\/h4>\n<ul>\n<li>Termini: fins el 30 d&#8217;octubre de 2025<\/li>\n<li>Cal omplir una <a href=\"https:\/\/agora.xtec.cat\/iesgaudi\/wp-content\/uploads\/usu31\/2025\/09\/A1043.pdf\">sol\u00b7licitud de convalidaci\u00f3 <\/a>i portar-la juntament amb la documentaci\u00f3 acreditativa a secretaria (documentaci\u00f3 acreditativa original + fotoc\u00f2pia).<\/li>\n<li>Cal que us llegiu aquest <a href=\"https:\/\/agora.xtec.cat\/iesgaudi\/wp-content\/uploads\/usu31\/2022\/01\/GUIA-DE-TRAMITS-SECRETARIA_CF.pdf\">document d&#8217;instruccions<\/a>.<\/li>\n<\/ul>\n<h4><\/h4>\n<h4><span style=\"text-decoration: underline;\">Convalidacions singulars<\/span><\/h4>\n<ul>\n<li>Aplicable a qualsevol m\u00f2dul formatiu<\/li>\n<li>Termini: fins el 30 d&#8217;octubre de 2025<\/li>\n<li>La sol\u00b7licitud s&#8217;ha de fer en el formulari d&#8217;inscripci\u00f3 en l\u00ednia del Departament d&#8217;Educaci\u00f3<\/li>\n<li>Per a accedir-hi, <a href=\"https:\/\/educacio.gencat.cat\/ca\/serveis-tramits\/proves\/proves-lliures-obtencio-titols\/obtencio-titols-fp\/convalidacions-exemp\/\">cliqueu aqu\u00ed<\/a>.<\/li>\n<\/ul>\n<h4><\/h4>\n<h4><span style=\"text-decoration: underline;\">Semipresencialitat<\/span><\/h4>\n<ul>\n<li>Per al 1r trimestre: fins al 30 d&#8217;octubre de 2025<\/li>\n<li>Per al 2n trimestre (noves sol\u00b7licituds): del 3 de novembre al 19 de desembre de 2025<\/li>\n<li>Per al 3r trimestre (noves sol\u00b7licituds): del 7 de gener al 27 de mar\u00e7 de 2026<\/li>\n<li>Cal omplir la <a href=\"https:\/\/agora.xtec.cat\/iesgaudi\/wp-content\/uploads\/usu31\/2021\/10\/SOL\u00b7LICITUD-DE-SEMIPRESENCIALITAT-2.pdf\">sol\u00b7licitud de semipresencialitat<\/a> i portar-la juntament amb la documentaci\u00f3 acreditativa a secretaria (documentaci\u00f3 acreditativa original + fotoc\u00f2pia).<\/li>\n<\/ul>\n<table style=\"width: 86.9697%; height: 408px;\" width=\"718\">\n<tbody>\n<tr style=\"height: 77px;\">\n<td style=\"height: 77px; width: 98.8858%;\" colspan=\"2\" width=\"718\">\n<h4>SEMIPRESENCIALITAT<\/h4>\n<h5><strong>DOCUMENTACI\u00d3 A APORTAR a m\u00e9s de la INST\u00c0NCIA degudament motivada <\/strong><\/h5>\n<\/td>\n<\/tr>\n<tr style=\"height: 211px;\">\n<td style=\"height: 331px; width: 47.9109%;\" rowspan=\"2\" width=\"348\"><strong>PER CONCILIACI\u00d3 FAMILIAR<\/strong><\/p>\n<p><strong>Per cura de menors<\/strong><\/p>\n<ul style=\"list-style-type: disc;\">\n<li>Llibre de fam\u00edlia.<\/li>\n<li>Volant d\u2019empadronament.<\/li>\n<li>NIF vigent.<\/li>\n<\/ul>\n<p><strong>Per cura de persones grans o persones\u00a0 en situaci\u00f3 de depend\u00e8ncia<\/strong><\/p>\n<ul style=\"list-style-type: disc;\">\n<li>Llibre de fam\u00edlia.<\/li>\n<li>Volant d\u2019empadronament.<\/li>\n<li>Document acreditatiu que indiqui que est\u00e0 sota el vostre c\u00e0rrec.<\/li>\n<li>NIF vigent.<\/li>\n<\/ul>\n<\/td>\n<td style=\"height: 193px; width: 50.9749%;\" width=\"371\"><strong>PER CAUSA DE TREBALL<\/strong><\/p>\n<ul style=\"list-style-type: disc;\">\n<li>Vida laboral del mes que es cursa la petici\u00f3.<\/li>\n<li>Contracte laboral on consti l\u2019horari de treball (en cas de no constar en el contracte, certificat de l\u2019empresa on especifiqui l\u2019horari de treball anual).<\/li>\n<li>NIF vigent.<\/li>\n<\/ul>\n<\/td>\n<\/tr>\n<tr style=\"height: 160px;\">\n<td style=\"height: 138px; width: 50.9749%;\" width=\"371\"><strong>PER MALALTIA<\/strong><\/p>\n<ul style=\"list-style-type: disc;\">\n<li><strong>\u00a0<\/strong>Certificat M\u00e8dic Oficial on s\u2019especifiqui la necessitat concreta.<\/li>\n<li>NIF vigent.<\/li>\n<\/ul>\n<\/td>\n<\/tr>\n<\/tbody>\n<\/table>\n<h4><span style=\"text-decoration: underline;\">Sol\u00b7licitud per entrades \/ sortides amb horari espec\u00edfic<\/span><\/h4>\n<ul>\n<li>Durant tot el curs.<\/li>\n<li>Cal omplir una <a href=\"https:\/\/agora.xtec.cat\/iesgaudi\/wp-content\/uploads\/usu31\/2021\/10\/INSTANCIA-GENERICA-1.pdf\">inst\u00e0ncia<\/a> i portar-la juntament amb la documentaci\u00f3 acreditativa a secretaria (documentaci\u00f3 acreditativa original + fotoc\u00f2pia).<\/li>\n<li>En el cas de sol\u00b7licituds d&#8217;entrada \/ sortida amb horari espec\u00edfic a causa del transport p\u00fablic, nom\u00e9s s&#8217;atendran aquelles de transport interurb\u00e0.<\/li>\n<\/ul>\n<table style=\"width: 87.0715%;\">\n<tbody>\n<tr>\n<td style=\"width: 120.653%;\" colspan=\"2\" width=\"566\">\n<h4><strong>TRANSPORT<\/strong><\/h4>\n<h5><strong>DOCUMENTACI\u00d3 A APORTAR a m\u00e9s de la Inst\u00e0ncia degudament motivada:<\/strong><\/h5>\n<\/td>\n<\/tr>\n<tr>\n<td style=\"width: 48.5885%;\" width=\"283\"><strong>PER CAUSA DE TREBALL<\/strong><\/p>\n<ul style=\"list-style-type: disc;\">\n<li>Vida laboral del mes que es cursa la petici\u00f3.<\/li>\n<li>Contracte laboral on consti l\u2019horari de treball.(en cas de no constar en el contracte, certificat de l\u2019empresa on especifiqui l\u2019horari de treball anual).<\/li>\n<li>NIF vigent.<\/li>\n<li>Horari de transport si s\u2019escau.<\/li>\n<\/ul>\n<\/td>\n<td style=\"width: 72.0643%;\" width=\"283\"><strong>EN CASOS DE DESPLA\u00c7AMENTS INTER-URBANS<\/strong><\/p>\n<ul style=\"list-style-type: disc;\">\n<li>Volant d\u2019empadronament.<\/li>\n<li>Horari oficial del transport interurb\u00e0 que s\u2019al\u00b7lega.<\/li>\n<li>NIF vigent.<\/li>\n<\/ul>\n<\/td>\n<\/tr>\n<\/tbody>\n<\/table>\n","protected":false},"excerpt":{"rendered":"<p>Curs 2025 &#8211; 2026 ESO Convalidacions d&#8217;hores curriculars per simultane\u00eftat d&#8217;estudis de m\u00fasica Termini: fins el 30 d&#8217;octubre de 2025 Cal omplir una sol\u00b7licitud de convalidaci\u00f3 i portar-la a secretaria juntament amb el certificat expedit pel conservatori, escola o pel centre professional de m\u00fasica en qu\u00e8 s&#8217;acredita el curs que fa l&#8217;alumna\/e (certificat original + [&hellip;]<\/p>\n","protected":false},"author":1,"featured_media":0,"parent":81,"menu_order":0,"comment_status":"closed","ping_status":"closed","template":"page-templates\/side-menu.php","meta":{"_bbp_topic_count":0,"_bbp_reply_count":0,"_bbp_total_topic_count":0,"_bbp_total_reply_count":0,"_bbp_voice_count":0,"_bbp_anonymous_reply_count":0,"_bbp_topic_count_hidden":0,"_bbp_reply_count_hidden":0,"_bbp_forum_subforum_count":0,"site-sidebar-layout":"default","site-content-layout":"","ast-site-content-layout":"","site-content-style":"default","site-sidebar-style":"default","ast-global-header-display":"","ast-banner-title-visibility":"","ast-main-header-display":"","ast-hfb-above-header-display":"","ast-hfb-below-header-display":"","ast-hfb-mobile-header-display":"","site-post-title":"","ast-breadcrumbs-content":"","ast-featured-img":"","footer-sml-layout":"","theme-transparent-header-meta":"","adv-header-id-meta":"","stick-header-meta":"","header-above-stick-meta":"","header-main-stick-meta":"","header-below-stick-meta":"","astra-migrate-meta-layouts":"default","ast-page-background-enabled":"default","ast-page-background-meta":{"desktop":{"background-color":"var(--ast-global-color-4)","background-image":"","background-repeat":"repeat","background-position":"center center","background-size":"auto","background-attachment":"scroll","background-type":"","background-media":"","overlay-type":"","overlay-color":"","overlay-opacity":"","overlay-gradient":""},"tablet":{"background-color":"","background-image":"","background-repeat":"repeat","background-position":"center center","background-size":"auto","background-attachment":"scroll","background-type":"","background-media":"","overlay-type":"","overlay-color":"","overlay-opacity":"","overlay-gradient":""},"mobile":{"background-color":"","background-image":"","background-repeat":"repeat","background-position":"center center","background-size":"auto","background-attachment":"scroll","background-type":"","background-media":"","overlay-type":"","overlay-color":"","overlay-opacity":"","overlay-gradient":""}},"ast-content-background-meta":{"desktop":{"background-color":"var(--ast-global-color-5)","background-image":"","background-repeat":"repeat","background-position":"center center","background-size":"auto","background-attachment":"scroll","background-type":"","background-media":"","overlay-type":"","overlay-color":"","overlay-opacity":"","overlay-gradient":""},"tablet":{"background-color":"var(--ast-global-color-5)","background-image":"","background-repeat":"repeat","background-position":"center center","background-size":"auto","background-attachment":"scroll","background-type":"","background-media":"","overlay-type":"","overlay-color":"","overlay-opacity":"","overlay-gradient":""},"mobile":{"background-color":"var(--ast-global-color-5)","background-image":"","background-repeat":"repeat","background-position":"center center","background-size":"auto","background-attachment":"scroll","background-type":"","background-media":"","overlay-type":"","overlay-color":"","overlay-opacity":"","overlay-gradient":""}},"footnotes":""},"class_list":["post-373","page","type-page","status-publish","hentry"],"post_mailing_queue_ids":[],"_links":{"self":[{"href":"https:\/\/agora.xtec.cat\/iesgaudi\/wp-json\/wp\/v2\/pages\/373","targetHints":{"allow":["GET"]}}],"collection":[{"href":"https:\/\/agora.xtec.cat\/iesgaudi\/wp-json\/wp\/v2\/pages"}],"about":[{"href":"https:\/\/agora.xtec.cat\/iesgaudi\/wp-json\/wp\/v2\/types\/page"}],"author":[{"embeddable":true,"href":"https:\/\/agora.xtec.cat\/iesgaudi\/wp-json\/wp\/v2\/users\/1"}],"replies":[{"embeddable":true,"href":"https:\/\/agora.xtec.cat\/iesgaudi\/wp-json\/wp\/v2\/comments?post=373"}],"version-history":[{"count":7,"href":"https:\/\/agora.xtec.cat\/iesgaudi\/wp-json\/wp\/v2\/pages\/373\/revisions"}],"predecessor-version":[{"id":12925,"href":"https:\/\/agora.xtec.cat\/iesgaudi\/wp-json\/wp\/v2\/pages\/373\/revisions\/12925"}],"up":[{"embeddable":true,"href":"https:\/\/agora.xtec.cat\/iesgaudi\/wp-json\/wp\/v2\/pages\/81"}],"wp:attachment":[{"href":"https:\/\/agora.xtec.cat\/iesgaudi\/wp-json\/wp\/v2\/media?parent=373"}],"curies":[{"name":"wp","href":"https:\/\/api.w.org\/{rel}","templated":true}]}}