{"id":351,"date":"2015-03-12T11:19:14","date_gmt":"2015-03-12T10:19:14","guid":{"rendered":"http:\/\/agora.xtec.cat\/iesgaudi\/?page_id=351"},"modified":"2026-02-27T09:11:01","modified_gmt":"2026-02-27T08:11:01","slug":"oferta-educativa","status":"publish","type":"page","link":"https:\/\/agora.xtec.cat\/iesgaudi\/linstitut\/oferta-educativa\/","title":{"rendered":"Oferta educativa"},"content":{"rendered":"\n<ul class=\"wp-block-list\">\n<li>Educaci\u00f3 Secund\u00e0ria obligat\u00f2ria (ESO)<\/li>\n\n\n\n<li>Modalitats de Batxillerat:\n<ul class=\"wp-block-list\">\n<li>Cient\u00edfic i Tecnol\u00f2gic.<\/li>\n\n\n\n<li>Humanitats i Ci\u00e8ncies Socials.<\/li>\n\n\n\n<li>General.<\/li>\n<\/ul>\n<\/li>\n\n\n\n<li>Cicles formatius de grau mitj\u00e0 (CFGM)\n<ul class=\"wp-block-list\">\n<li>Atenci\u00f3 a Persones en Situaci\u00f3 de Depend\u00e8ncia<\/li>\n\n\n\n<li>Cures auxiliars d&#8217;infermeria<\/li>\n\n\n\n<li>Farm\u00e0cia i Parafarm\u00e0cia<\/li>\n<\/ul>\n<\/li>\n\n\n\n<li>Cicle formatiu Grau Superior (CFGS)\n<ul class=\"wp-block-list\">\n<li>Educaci\u00f3 Infantil.<\/li>\n\n\n\n<li>Integraci\u00f3 Social i Promoci\u00f3 per la Igualtat de G\u00e8nere.<\/li>\n<\/ul>\n<\/li>\n\n\n\n<li>Pr\u00e0ctiques en empreses per a l&#8217;alumnat de Batxillerat i de Cicles Formatius.<\/li>\n\n\n\n<li>Cicle formatiu Grau B\u00e0sic (CFGB)\n<ul class=\"wp-block-list\">\n<li>Activitat dom\u00e8stiques.<\/li>\n<\/ul>\n<\/li>\n\n\n\n<li>PFI\n<ul class=\"wp-block-list\">\n<li>Auxiliar en centres sanitaris.<\/li>\n\n\n\n<li>Auxiliar vendes, oficina i atenci\u00f3 al p\u00fablic.<\/li>\n\n\n\n<li>Auxiliar perruqueria i est\u00e8tica.<\/li>\n\n\n\n<li>Auxiliar cuina i serveis de restauraci\u00f3.<\/li>\n\n\n\n<li>Auxiliar fontaneria, calefacci\u00f3 i climatitzaci\u00f3.<\/li>\n<\/ul>\n<\/li>\n\n\n\n<li>IFE &#8211; Itinerari Formatiu espec\u00edfic<\/li>\n<\/ul>\n","protected":false},"excerpt":{"rendered":"","protected":false},"author":1,"featured_media":0,"parent":19,"menu_order":0,"comment_status":"closed","ping_status":"closed","template":"","meta":{"_bbp_topic_count":0,"_bbp_reply_count":0,"_bbp_total_topic_count":0,"_bbp_total_reply_count":0,"_bbp_voice_count":0,"_bbp_anonymous_reply_count":0,"_bbp_topic_count_hidden":0,"_bbp_reply_count_hidden":0,"_bbp_forum_subforum_count":0,"site-sidebar-layout":"default","site-content-layout":"","ast-site-content-layout":"default","site-content-style":"default","site-sidebar-style":"default","ast-global-header-display":"","ast-banner-title-visibility":"","ast-main-header-display":"","ast-hfb-above-header-display":"","ast-hfb-below-header-display":"","ast-hfb-mobile-header-display":"","site-post-title":"","ast-breadcrumbs-content":"","ast-featured-img":"","footer-sml-layout":"","theme-transparent-header-meta":"","adv-header-id-meta":"","stick-header-meta":"","header-above-stick-meta":"","header-main-stick-meta":"","header-below-stick-meta":"","astra-migrate-meta-layouts":"set","ast-page-background-enabled":"default","ast-page-background-meta":{"desktop":{"background-color":"var(--ast-global-color-4)","background-image":"","background-repeat":"repeat","background-position":"center center","background-size":"auto","background-attachment":"scroll","background-type":"","background-media":"","overlay-type":"","overlay-color":"","overlay-opacity":"","overlay-gradient":""},"tablet":{"background-color":"","background-image":"","background-repeat":"repeat","background-position":"center center","background-size":"auto","background-attachment":"scroll","background-type":"","background-media":"","overlay-type":"","overlay-color":"","overlay-opacity":"","overlay-gradient":""},"mobile":{"background-color":"","background-image":"","background-repeat":"repeat","background-position":"center center","background-size":"auto","background-attachment":"scroll","background-type":"","background-media":"","overlay-type":"","overlay-color":"","overlay-opacity":"","overlay-gradient":""}},"ast-content-background-meta":{"desktop":{"background-color":"var(--ast-global-color-5)","background-image":"","background-repeat":"repeat","background-position":"center center","background-size":"auto","background-attachment":"scroll","background-type":"","background-media":"","overlay-type":"","overlay-color":"","overlay-opacity":"","overlay-gradient":""},"tablet":{"background-color":"var(--ast-global-color-5)","background-image":"","background-repeat":"repeat","background-position":"center center","background-size":"auto","background-attachment":"scroll","background-type":"","background-media":"","overlay-type":"","overlay-color":"","overlay-opacity":"","overlay-gradient":""},"mobile":{"background-color":"var(--ast-global-color-5)","background-image":"","background-repeat":"repeat","background-position":"center center","background-size":"auto","background-attachment":"scroll","background-type":"","background-media":"","overlay-type":"","overlay-color":"","overlay-opacity":"","overlay-gradient":""}},"footnotes":""},"class_list":["post-351","page","type-page","status-publish","hentry"],"post_mailing_queue_ids":[],"_links":{"self":[{"href":"https:\/\/agora.xtec.cat\/iesgaudi\/wp-json\/wp\/v2\/pages\/351","targetHints":{"allow":["GET"]}}],"collection":[{"href":"https:\/\/agora.xtec.cat\/iesgaudi\/wp-json\/wp\/v2\/pages"}],"about":[{"href":"https:\/\/agora.xtec.cat\/iesgaudi\/wp-json\/wp\/v2\/types\/page"}],"author":[{"embeddable":true,"href":"https:\/\/agora.xtec.cat\/iesgaudi\/wp-json\/wp\/v2\/users\/1"}],"replies":[{"embeddable":true,"href":"https:\/\/agora.xtec.cat\/iesgaudi\/wp-json\/wp\/v2\/comments?post=351"}],"version-history":[{"count":5,"href":"https:\/\/agora.xtec.cat\/iesgaudi\/wp-json\/wp\/v2\/pages\/351\/revisions"}],"predecessor-version":[{"id":13166,"href":"https:\/\/agora.xtec.cat\/iesgaudi\/wp-json\/wp\/v2\/pages\/351\/revisions\/13166"}],"up":[{"embeddable":true,"href":"https:\/\/agora.xtec.cat\/iesgaudi\/wp-json\/wp\/v2\/pages\/19"}],"wp:attachment":[{"href":"https:\/\/agora.xtec.cat\/iesgaudi\/wp-json\/wp\/v2\/media?parent=351"}],"curies":[{"name":"wp","href":"https:\/\/api.w.org\/{rel}","templated":true}]}}