{"id":27,"date":"2014-09-17T16:24:03","date_gmt":"2014-09-17T16:24:03","guid":{"rendered":"http:\/\/agora.xtec.cat\/iesgaudi\/?page_id=27"},"modified":"2019-01-24T13:39:04","modified_gmt":"2019-01-24T12:39:04","slug":"historia","status":"publish","type":"page","link":"https:\/\/agora.xtec.cat\/iesgaudi\/linstitut\/historia\/","title":{"rendered":"Hist\u00f2ria"},"content":{"rendered":"<p><a href=\"https:\/\/agora.xtec.cat\/iesgaudi\/wp-content\/uploads\/usu31\/2015\/02\/gaudi.png\"><img loading=\"lazy\" decoding=\"async\" class=\"wp-image-256 alignleft\" src=\"https:\/\/agora.xtec.cat\/iesgaudi\/wp-content\/uploads\/usu31\/2015\/02\/gaudi.png\" alt=\"\" width=\"181\" height=\"181\" \/><\/a>Els or\u00edgens de l\u2019Institut Gaud\u00ed es remunten al segle XIX. Una <em>Real Orden<\/em> de 3 de juny de 1875, signada pel rei Alfons XII, creava el primer centre oficial d&#8217;ensenyament mitj\u00e0 a la ciutat de Reus, amb el nom d&#8217; <em>Instituto Oficial de Segunda Ense\u00f1anza de Reus<\/em>. Les seves aules s&#8217;ubicaren a l&#8217;antic convent de Sant Francesc, on avui es troba l&#8217;institut Salvador Vilaseca, i el seu primer director amb nomenament oficial va ser l&#8217;insigne reusenc Eugeni Mata.<\/p>\n<p>El nostre centre porta 40 anys de funcionament en el seu empla\u00e7ament actual. En els darrers anys, l&#8217;Institut Gaud\u00ed s&#8217;ha adaptat als successius canvis de la legislaci\u00f3 i de la pr\u00e0ctica docent. Primer amb la implantaci\u00f3 de la <em>Ley General de Educaci\u00f3n<\/em> de 1970, que substitu\u00efa el Batxillerat de sis anys i el curs Preuniversitari, pel BUP de tres anys i el COU. Posteriorment, la recuperaci\u00f3 de l&#8217;autonomia de Catalunya va comportar el trasp\u00e0s de la titularitat de govern central a la Generalitat de Catalunya, i ja als darrers anys, els estudis de BUP i COU han estat substitu\u00efts pels de l&#8217;ESO, que van generalitzar els estudis obligatoris fins els 16 anys, i el Batxillerat .<\/p>\n<p>A partir de curs 2006-2007, l\u2019Institut Gaud\u00ed va incrementar la seva oferta educativa incorporant els estudis de cicles formatius de la fam\u00edlia de Serveis socioculturals i a la comunitat amb tres titulacions t\u00e8cniques, una de grau mitj\u00e0 i dues de superiors.<\/p>\n","protected":false},"excerpt":{"rendered":"<p>Els or\u00edgens de l\u2019Institut Gaud\u00ed es remunten al segle XIX. Una Real Orden de 3 de juny de 1875, signada pel rei Alfons XII, creava el primer centre oficial d&#8217;ensenyament mitj\u00e0 a la ciutat de Reus, amb el nom d&#8217; Instituto Oficial de Segunda Ense\u00f1anza de Reus. Les seves aules s&#8217;ubicaren a l&#8217;antic convent de [&hellip;]<\/p>\n","protected":false},"author":1,"featured_media":0,"parent":19,"menu_order":20,"comment_status":"closed","ping_status":"closed","template":"page-templates\/side-menu.php","meta":{"_bbp_topic_count":0,"_bbp_reply_count":0,"_bbp_total_topic_count":0,"_bbp_total_reply_count":0,"_bbp_voice_count":0,"_bbp_anonymous_reply_count":0,"_bbp_topic_count_hidden":0,"_bbp_reply_count_hidden":0,"_bbp_forum_subforum_count":0,"site-sidebar-layout":"default","site-content-layout":"","ast-site-content-layout":"","site-content-style":"default","site-sidebar-style":"default","ast-global-header-display":"","ast-banner-title-visibility":"","ast-main-header-display":"","ast-hfb-above-header-display":"","ast-hfb-below-header-display":"","ast-hfb-mobile-header-display":"","site-post-title":"","ast-breadcrumbs-content":"","ast-featured-img":"","footer-sml-layout":"","theme-transparent-header-meta":"","adv-header-id-meta":"","stick-header-meta":"","header-above-stick-meta":"","header-main-stick-meta":"","header-below-stick-meta":"","astra-migrate-meta-layouts":"default","ast-page-background-enabled":"default","ast-page-background-meta":{"desktop":{"background-color":"var(--ast-global-color-4)","background-image":"","background-repeat":"repeat","background-position":"center center","background-size":"auto","background-attachment":"scroll","background-type":"","background-media":"","overlay-type":"","overlay-color":"","overlay-opacity":"","overlay-gradient":""},"tablet":{"background-color":"","background-image":"","background-repeat":"repeat","background-position":"center center","background-size":"auto","background-attachment":"scroll","background-type":"","background-media":"","overlay-type":"","overlay-color":"","overlay-opacity":"","overlay-gradient":""},"mobile":{"background-color":"","background-image":"","background-repeat":"repeat","background-position":"center center","background-size":"auto","background-attachment":"scroll","background-type":"","background-media":"","overlay-type":"","overlay-color":"","overlay-opacity":"","overlay-gradient":""}},"ast-content-background-meta":{"desktop":{"background-color":"var(--ast-global-color-5)","background-image":"","background-repeat":"repeat","background-position":"center center","background-size":"auto","background-attachment":"scroll","background-type":"","background-media":"","overlay-type":"","overlay-color":"","overlay-opacity":"","overlay-gradient":""},"tablet":{"background-color":"var(--ast-global-color-5)","background-image":"","background-repeat":"repeat","background-position":"center center","background-size":"auto","background-attachment":"scroll","background-type":"","background-media":"","overlay-type":"","overlay-color":"","overlay-opacity":"","overlay-gradient":""},"mobile":{"background-color":"var(--ast-global-color-5)","background-image":"","background-repeat":"repeat","background-position":"center center","background-size":"auto","background-attachment":"scroll","background-type":"","background-media":"","overlay-type":"","overlay-color":"","overlay-opacity":"","overlay-gradient":""}},"footnotes":""},"class_list":["post-27","page","type-page","status-publish","hentry"],"post_mailing_queue_ids":[],"_links":{"self":[{"href":"https:\/\/agora.xtec.cat\/iesgaudi\/wp-json\/wp\/v2\/pages\/27","targetHints":{"allow":["GET"]}}],"collection":[{"href":"https:\/\/agora.xtec.cat\/iesgaudi\/wp-json\/wp\/v2\/pages"}],"about":[{"href":"https:\/\/agora.xtec.cat\/iesgaudi\/wp-json\/wp\/v2\/types\/page"}],"author":[{"embeddable":true,"href":"https:\/\/agora.xtec.cat\/iesgaudi\/wp-json\/wp\/v2\/users\/1"}],"replies":[{"embeddable":true,"href":"https:\/\/agora.xtec.cat\/iesgaudi\/wp-json\/wp\/v2\/comments?post=27"}],"version-history":[{"count":3,"href":"https:\/\/agora.xtec.cat\/iesgaudi\/wp-json\/wp\/v2\/pages\/27\/revisions"}],"predecessor-version":[{"id":6828,"href":"https:\/\/agora.xtec.cat\/iesgaudi\/wp-json\/wp\/v2\/pages\/27\/revisions\/6828"}],"up":[{"embeddable":true,"href":"https:\/\/agora.xtec.cat\/iesgaudi\/wp-json\/wp\/v2\/pages\/19"}],"wp:attachment":[{"href":"https:\/\/agora.xtec.cat\/iesgaudi\/wp-json\/wp\/v2\/media?parent=27"}],"curies":[{"name":"wp","href":"https:\/\/api.w.org\/{rel}","templated":true}]}}