{"id":19,"date":"2014-09-17T14:56:56","date_gmt":"2014-09-17T14:56:56","guid":{"rendered":"http:\/\/agora.xtec.cat\/iesgaudi\/?page_id=19"},"modified":"2015-03-12T10:25:41","modified_gmt":"2015-03-12T09:25:42","slug":"linstitut","status":"publish","type":"page","link":"https:\/\/agora.xtec.cat\/iesgaudi\/linstitut\/","title":{"rendered":"L&#8217;institut"},"content":{"rendered":"<p style=\"color: #444444;\">Els principis que inspiren l&#8217;acci\u00f3 educadora de l&#8217;Institut Gaud\u00ed s\u00f3n:<\/p>\n<ul>\n<li style=\"color: #444444;\">Impartir un ensenyament de qualitat que contempli l&#8217;\u00fas de les noves tecnologies i estrat\u00e8gies d&#8217;ensenyament.<\/li>\n<li style=\"color: #444444;\">Atendre les caracter\u00edstique individuals dels alumnes, possibilitant el seu desenvolupament a nivell personal i el seu progr\u00e9s acad\u00e8mic i professional.<\/li>\n<li style=\"color: #444444;\">Fomentar la confian\u00e7a i responsabilitat de l&#8217;alumnat com a base indispensable de les relacions interpersonals.<\/li>\n<\/ul>\n<p style=\"text-align: center;\"><a href=\"http:\/\/agora.xtec.cat\/iesgaudi\/wp-content\/uploads\/usu31\/2014\/09\/IMAG0001-c\u00f2pia.jpg\"><img loading=\"lazy\" decoding=\"async\" class=\"alignnone size-full wp-image-339\" src=\"http:\/\/agora.xtec.cat\/iesgaudi\/wp-content\/uploads\/usu31\/2014\/09\/IMAG0001-c\u00f2pia.jpg\" alt=\"DCIM100MEDIA\" width=\"4608\" height=\"3456\" \/><\/a><\/p>\n<p style=\"color: #444444;\"><strong>Premis Roig-Cerver\u00f3<\/strong><\/p>\n<p style=\"color: #444444;\">L&#8217;institut Gaud\u00ed, dipositari de la Fundaci\u00f3 Roig-Cerver\u00f3, atorga anualment dos premis econ\u00f2mics a dos alumnes que hagin acabat Batxillerat i que hagin destacat per les seves qualitats humanes i acad\u00e8miques.<\/p>\n<p style=\"color: #444444;\">Aquesta secci\u00f3\u00a0pot contenir\u00a0totes les p\u00e0gines necess\u00e0ries per a oferir una descripci\u00f3 general de l\u2019institut: ubicaci\u00f3, hist\u00f2ria, instal\u00b7lacions, equip docent, consell escolar, pla de qualitat, calendari, salut, informacions pr\u00e0ctiques, normativa\u2026<\/p>\n<p style=\"color: #444444;\">En la maqueta inicial s\u2019inclouen algunes d\u2019aquestes p\u00e0gines amb contingut simulat. L\u2019administrador\/a pot\u00a0editar-les,\u00a0eliminar-les o crear-ne de noves des del tauler. \u00c9s important que\u00a0a la caixa\u00a0<em>Atributs\u00a0de la p\u00e0gina<\/em>\u00a0hi consti com a\u00a0<em>pare\/mare<\/em>\u00a0la p\u00e0gina \u201c<em>L\u2019institut<\/em>\u201c, i que tinguin\u00a0seleccionada la plantilla \u201c<em>Men\u00fa lateral<\/em>\u201c.<\/p>\n","protected":false},"excerpt":{"rendered":"<p>Els principis que inspiren l&#8217;acci\u00f3 educadora de l&#8217;Institut Gaud\u00ed s\u00f3n: Impartir un ensenyament de qualitat que contempli l&#8217;\u00fas de les noves tecnologies i estrat\u00e8gies d&#8217;ensenyament. Atendre les caracter\u00edstique individuals dels alumnes, possibilitant el seu desenvolupament a nivell personal i el seu progr\u00e9s acad\u00e8mic i professional. Fomentar la confian\u00e7a i responsabilitat de l&#8217;alumnat com a base [&hellip;]<\/p>\n","protected":false},"author":1,"featured_media":0,"parent":0,"menu_order":0,"comment_status":"closed","ping_status":"closed","template":"page-templates\/side-menu.php","meta":{"_bbp_topic_count":0,"_bbp_reply_count":0,"_bbp_total_topic_count":0,"_bbp_total_reply_count":0,"_bbp_voice_count":0,"_bbp_anonymous_reply_count":0,"_bbp_topic_count_hidden":0,"_bbp_reply_count_hidden":0,"_bbp_forum_subforum_count":0,"site-sidebar-layout":"default","site-content-layout":"","ast-site-content-layout":"","site-content-style":"default","site-sidebar-style":"default","ast-global-header-display":"","ast-banner-title-visibility":"","ast-main-header-display":"","ast-hfb-above-header-display":"","ast-hfb-below-header-display":"","ast-hfb-mobile-header-display":"","site-post-title":"","ast-breadcrumbs-content":"","ast-featured-img":"","footer-sml-layout":"","theme-transparent-header-meta":"","adv-header-id-meta":"","stick-header-meta":"","header-above-stick-meta":"","header-main-stick-meta":"","header-below-stick-meta":"","astra-migrate-meta-layouts":"default","ast-page-background-enabled":"default","ast-page-background-meta":{"desktop":{"background-color":"var(--ast-global-color-4)","background-image":"","background-repeat":"repeat","background-position":"center center","background-size":"auto","background-attachment":"scroll","background-type":"","background-media":"","overlay-type":"","overlay-color":"","overlay-opacity":"","overlay-gradient":""},"tablet":{"background-color":"","background-image":"","background-repeat":"repeat","background-position":"center center","background-size":"auto","background-attachment":"scroll","background-type":"","background-media":"","overlay-type":"","overlay-color":"","overlay-opacity":"","overlay-gradient":""},"mobile":{"background-color":"","background-image":"","background-repeat":"repeat","background-position":"center center","background-size":"auto","background-attachment":"scroll","background-type":"","background-media":"","overlay-type":"","overlay-color":"","overlay-opacity":"","overlay-gradient":""}},"ast-content-background-meta":{"desktop":{"background-color":"var(--ast-global-color-5)","background-image":"","background-repeat":"repeat","background-position":"center center","background-size":"auto","background-attachment":"scroll","background-type":"","background-media":"","overlay-type":"","overlay-color":"","overlay-opacity":"","overlay-gradient":""},"tablet":{"background-color":"var(--ast-global-color-5)","background-image":"","background-repeat":"repeat","background-position":"center center","background-size":"auto","background-attachment":"scroll","background-type":"","background-media":"","overlay-type":"","overlay-color":"","overlay-opacity":"","overlay-gradient":""},"mobile":{"background-color":"var(--ast-global-color-5)","background-image":"","background-repeat":"repeat","background-position":"center center","background-size":"auto","background-attachment":"scroll","background-type":"","background-media":"","overlay-type":"","overlay-color":"","overlay-opacity":"","overlay-gradient":""}},"footnotes":""},"class_list":["post-19","page","type-page","status-publish","hentry"],"post_mailing_queue_ids":[],"_links":{"self":[{"href":"https:\/\/agora.xtec.cat\/iesgaudi\/wp-json\/wp\/v2\/pages\/19","targetHints":{"allow":["GET"]}}],"collection":[{"href":"https:\/\/agora.xtec.cat\/iesgaudi\/wp-json\/wp\/v2\/pages"}],"about":[{"href":"https:\/\/agora.xtec.cat\/iesgaudi\/wp-json\/wp\/v2\/types\/page"}],"author":[{"embeddable":true,"href":"https:\/\/agora.xtec.cat\/iesgaudi\/wp-json\/wp\/v2\/users\/1"}],"replies":[{"embeddable":true,"href":"https:\/\/agora.xtec.cat\/iesgaudi\/wp-json\/wp\/v2\/comments?post=19"}],"version-history":[{"count":3,"href":"https:\/\/agora.xtec.cat\/iesgaudi\/wp-json\/wp\/v2\/pages\/19\/revisions"}],"predecessor-version":[{"id":340,"href":"https:\/\/agora.xtec.cat\/iesgaudi\/wp-json\/wp\/v2\/pages\/19\/revisions\/340"}],"wp:attachment":[{"href":"https:\/\/agora.xtec.cat\/iesgaudi\/wp-json\/wp\/v2\/media?parent=19"}],"curies":[{"name":"wp","href":"https:\/\/api.w.org\/{rel}","templated":true}]}}