{"id":12946,"date":"2025-09-30T13:54:59","date_gmt":"2025-09-30T11:54:59","guid":{"rendered":"https:\/\/agora.xtec.cat\/iesgaudi\/?page_id=12946"},"modified":"2026-03-23T11:06:48","modified_gmt":"2026-03-23T10:06:48","slug":"complecio-cicles-formatius","status":"publish","type":"page","link":"https:\/\/agora.xtec.cat\/iesgaudi\/complecio-cicles-formatius\/","title":{"rendered":"Compleci\u00f3 Cicles Formatius"},"content":{"rendered":"<h4 style=\"text-align: center;\">MATR\u00cdCULA A LES PROVES DE COMPLECI\u00d3 &#8211; CICLES FORMATIUS<\/h4>\n<p><span style=\"color: #800000;\"><strong>Nom\u00e9s alumnat que segueix el curr\u00edculum antic<\/strong><strong>:<\/strong><\/span><\/p>\n<p>En cas que tingueu m\u00f2duls pendents per a l&#8217;obtenci\u00f3 del t\u00edtol del Cicle Formatiu de Grau Mitj\u00e0 o el Cicle Formatiu de Grau Superior heu de fer la matr\u00edcula aqu\u00ed. Si us plau, seguiu les seg\u00fcents <span style=\"color: #0000ff;\"><a style=\"color: #0000ff;\" href=\"https:\/\/agora.xtec.cat\/iesgaudi\/wp-content\/uploads\/usu31\/2025\/09\/MATRICULA-Complecio-.pdf\"><strong>instruccions <\/strong><\/a><\/span>abans de comen\u00e7ar el formulari de matr\u00edcula. El per\u00edode de matr\u00edcula establert \u00e9s de l&#8217;<strong>1 al 15 de mar\u00e7 de 2026<\/strong>, ambd\u00f3s inclosos.<\/p>\n<p><strong>Les proves d&#8217;avaluaci\u00f3 s&#8217;han de dur a terme:<\/strong><\/p>\n<ol style=\"list-style-type: lower-alpha;\">\n<li>Per a la convocat\u00f2ria de novembre, entre l&#8217;1 i el 30 de novembre.<\/li>\n<li>Per a la convocat\u00f2ria d&#8217;abril, entre l&#8217;<strong>1 i el 30 d&#8217;abril<\/strong>.<\/li>\n<\/ol>\n<h1><span style=\"color: #000000;\"><strong>Documentaci\u00f3 necess\u00e0ria<\/strong><\/span><\/h1>\n<table style=\"width: 100%;\">\n<tbody>\n<tr>\n<td style=\"width: 93.3868%;\">\n<h5><strong>Ins Gaud\u00ed: Espai lliure de m\u00f2bils<\/strong><\/h5>\n<\/td>\n<td style=\"width: 5.91182%;\"><a href=\"https:\/\/agora.xtec.cat\/iesgaudi\/wp-content\/uploads\/usu31\/2025\/06\/INS-GAUDI-Espai-lliure-de-mobils.pdf\" target=\"_blank\" rel=\"noopener noreferrer\"><img loading=\"lazy\" decoding=\"async\" class=\"aligncenter wp-image-8831\" src=\"https:\/\/agora.xtec.cat\/iesgaudi\/wp-content\/uploads\/usu31\/2021\/03\/Icono_pdf.png\" alt=\"\" width=\"29\" height=\"30\" \/><\/a><\/td>\n<\/tr>\n<tr>\n<td style=\"width: 93.3868%;\">\n<h5><strong>Autoritzacions:\u00a0<\/strong><\/h5>\n<ol>\n<li><strong>A386: Autoritzaci\u00f3 d\u2019\u00fas d\u2019imatges de persones majors de 14 anys.<\/strong><\/li>\n<li><strong>A254: Autoritzaci\u00f3 relativa als alumnes majors de 14 anys i dels professors i personal del centre: \u00fas d\u2019imatges, publicaci\u00f3 de dades de car\u00e0cter personal i de material que elaboren.<\/strong><\/li>\n<li>(Nom\u00e9s un)<strong> Comunicaci\u00f3 relativa als alumnes de m\u00e9s de 14 anys per\u00f2 menors d\u2019edat: \u00fas de serveis i recursos digitals a Internet per treballar a l\u2019aula ( A252) <\/strong>o <strong>Comunicaci\u00f3 relativa\u00a0 als alumnes majors d\u2019edat i als professors i personal del centre: \u00fas de serveis i recursos digitals a Internet per treballar a l\u2019aula. (A630)<\/strong><\/li>\n<\/ol>\n<\/td>\n<td style=\"width: 5.91182%;\">\n<h5>A386<\/h5>\n<h5><a href=\"https:\/\/drive.google.com\/file\/d\/1c8TAX5J945DKVr5kZVl2oNdew4M1nH2t\/view?usp=sharing\" target=\"_blank\" rel=\"noopener noreferrer\"><img loading=\"lazy\" decoding=\"async\" class=\"aligncenter wp-image-8831\" src=\"https:\/\/agora.xtec.cat\/iesgaudi\/wp-content\/uploads\/usu31\/2021\/03\/Icono_pdf.png\" alt=\"\" width=\"28\" height=\"29\" \/><\/a><\/h5>\n<h5>A254<\/h5>\n<h5><a href=\"https:\/\/agora.xtec.cat\/iesgaudi\/wp-content\/uploads\/usu31\/2025\/06\/A254-Autoritzacio-relativa-a-us-dimatges-Majors-14-anys.pdf-1.pdf\" target=\"_blank\" rel=\"noopener noreferrer\"><img loading=\"lazy\" decoding=\"async\" class=\"aligncenter wp-image-8831\" src=\"https:\/\/agora.xtec.cat\/iesgaudi\/wp-content\/uploads\/usu31\/2021\/03\/Icono_pdf.png\" alt=\"\" width=\"29\" height=\"30\" \/><\/a><\/h5>\n<h5>A252<\/h5>\n<h5><a href=\"https:\/\/drive.google.com\/file\/d\/15IK-zQFcoyeBVCIn3zOd3zsOkHrFwOAD\/view?usp=sharing\" target=\"_blank\" rel=\"noopener noreferrer\"><img loading=\"lazy\" decoding=\"async\" class=\"aligncenter wp-image-8831\" src=\"https:\/\/agora.xtec.cat\/iesgaudi\/wp-content\/uploads\/usu31\/2021\/03\/Icono_pdf.png\" alt=\"\" width=\"28\" height=\"29\" \/><\/a>A630<\/h5>\n<h5><a href=\"https:\/\/drive.google.com\/file\/d\/1VylUsZ2bJUQWh1noVcSBq0W6saRxXfpM\/view?usp=sharing\" target=\"_blank\" rel=\"noopener noreferrer\"><img loading=\"lazy\" decoding=\"async\" class=\"aligncenter wp-image-8831\" src=\"https:\/\/agora.xtec.cat\/iesgaudi\/wp-content\/uploads\/usu31\/2021\/03\/Icono_pdf.png\" alt=\"\" width=\"26\" height=\"27\" \/><\/a><\/h5>\n<\/td>\n<\/tr>\n<tr>\n<td style=\"width: 93.3868%;\" colspan=\"2\">\n<h4 style=\"text-align: left;\"><strong><a href=\"https:\/\/agora.xtec.cat\/iesgaudi\/pagaments\/\">Acc\u00e9s a la p\u00e0gina de pagaments<\/a><\/strong><\/h4>\n<\/td>\n<\/tr>\n<\/tbody>\n<\/table>\n<h1><span style=\"color: #000000;\"><strong>Formularis de matr\u00edcula<\/strong><\/span><\/h1>\n<table style=\"border-collapse: collapse; width: 99.1984%; height: 122px;\">\n<tbody>\n<tr>\n<td style=\"width: 100%;\"><a href=\"https:\/\/forms.gle\/ZP9XXnHquX5EqAxs6\"><span style=\"color: #008080;\"><strong>Formulari de matr\u00edcula &#8211; CFGM &#8211; Atenci\u00f3 a persones en situaci\u00f3 de depend\u00e8ncia &#8211; Compleci\u00f3<\/strong><\/span><\/a><\/td>\n<\/tr>\n<tr>\n<td style=\"width: 100%;\"><a href=\"https:\/\/forms.gle\/2sy8GKVqACNVGNr7A\"><span style=\"color: #993366;\"><strong>Formulari de matr\u00edcula &#8211; CFGS &#8211; Educaci\u00f3 Infantil &#8211; Compleci\u00f3<\/strong><\/span><\/a><\/td>\n<\/tr>\n<tr>\n<td style=\"width: 100%;\"><a href=\"https:\/\/forms.gle\/3ouyBXVDvF6E2rWy7\"><span style=\"color: #666699;\"><strong>Formulari de matr\u00edcula &#8211; CFGS &#8211; Integraci\u00f3 Social &#8211; Compleci\u00f3<\/strong><\/span><\/a><\/td>\n<\/tr>\n<\/tbody>\n<\/table>\n<p>En cas que tingueu algun dubte relacionat amb la matr\u00edcula, si us plau, contacteu amb la Secretaria del centre (secretaria@insgaudi.net).<\/p>\n<hr \/>\n<h1><span style=\"color: #000000;\"><strong>Dates de les proves<\/strong><\/span><\/h1>\n<h3><span style=\"color: #008080;\"><strong>CFGM Atenci\u00f3 a persones en situaci\u00f3 de depend\u00e8ncia<\/strong><\/span><\/h3>\n<table style=\"border-collapse: collapse; width: 99.1311%; height: 385px;\">\n<tbody>\n<tr style=\"height: 32px;\">\n<td style=\"width: 13.9271%; text-align: center; height: 32px;\">07\/04\/2026<\/td>\n<td style=\"width: 58.771%; height: 32px;\"><strong>MP03. Atenci\u00f3 Higi\u00e8nica.<\/strong> Prova escrita de cada UF.<\/td>\n<td style=\"width: 32.5358%; height: 32px; text-align: center;\">9.30h a 10.30h<\/td>\n<\/tr>\n<tr style=\"height: 32px;\">\n<td style=\"width: 13.9271%; text-align: center; height: 32px;\">08\/04\/2026<\/td>\n<td style=\"width: 58.771%; height: 32px;\"><strong>MP10 &#8211; Primers auxilis.<\/strong> Prova escrita de cada UF.<\/td>\n<td style=\"width: 32.5358%; height: 32px; text-align: center;\">9.30h a 10.30h<\/td>\n<\/tr>\n<tr style=\"height: 32px;\">\n<td style=\"width: 13.9271%; text-align: center; height: 32px;\">13\/04\/2026<\/td>\n<td style=\"width: 58.771%; height: 32px;\"><strong>MP08 &#8211; Suport en la comunicaci\u00f3.<\/strong> Entrega treballs i prova escrita.<\/td>\n<td style=\"width: 32.5358%; height: 32px; text-align: center;\">10.50h a 12.50h<\/td>\n<\/tr>\n<tr style=\"height: 32px;\">\n<td style=\"width: 13.9271%; text-align: center; height: 32px;\">14\/04\/2026<\/td>\n<td style=\"width: 58.771%; height: 32px;\"><strong>MP07 &#8211; Suport domiciliari<\/strong>. Prova escrita de cada UF.<\/td>\n<td style=\"width: 32.5358%; height: 32px; text-align: center;\"><strong>UF1 i UF2:<\/strong> 10.50h a 11.50h<br \/>\n<strong>UF3 i UF4:<\/strong> 11.50h a 12.50h<\/td>\n<\/tr>\n<tr style=\"height: 32px;\">\n<td style=\"width: 13.9271%; text-align: center; height: 32px;\">15\/04\/2026<\/td>\n<td style=\"width: 58.771%; height: 32px;\"><strong>MP09- Destreses socials.\u00a0<\/strong>Prova escrita.<\/td>\n<td style=\"width: 32.5358%; height: 32px; text-align: center;\">9.30h<\/td>\n<\/tr>\n<tr style=\"height: 34px;\">\n<td style=\"width: 13.9271%; text-align: center; height: 34px;\">16\/04\/2026<\/td>\n<td style=\"width: 58.771%; height: 34px;\"><strong>MP06 &#8211; Teleassist\u00e8ncia.\u00a0<\/strong>Prova escrita.<\/td>\n<td style=\"width: 32.5358%; text-align: center; height: 34px;\">10.50h<\/td>\n<\/tr>\n<tr style=\"height: 32px;\">\n<td style=\"width: 13.9271%; text-align: center; height: 32px;\">20\/04\/2026<\/td>\n<td style=\"width: 58.771%; height: 32px;\"><strong>*Angl\u00e8s t\u00e8cnic. <\/strong>(Enviar correu previ a la professora)<\/td>\n<td style=\"width: 32.5358%; text-align: center; height: 32px;\">13.00h<\/td>\n<\/tr>\n<tr style=\"height: 32px;\">\n<td style=\"width: 13.9271%; text-align: center; height: 32px;\">21\/04\/2026<\/td>\n<td style=\"width: 58.771%; height: 32px;\"><strong>MP02 &#8211; Atenci\u00f3 Sanit\u00e0ria.<\/strong> Prova escrita de cada UF.<\/td>\n<td style=\"width: 32.5358%; height: 32px; text-align: center;\">8.30h a 10.30h<\/td>\n<\/tr>\n<tr style=\"height: 31px;\">\n<td style=\"width: 13.9271%; text-align: center; height: 31px;\">22\/04\/2026<\/td>\n<td style=\"width: 58.771%; height: 31px;\"><strong>MP12 &#8211; EIE.<\/strong> Prova escrita i entregar treballs<\/td>\n<td style=\"width: 32.5358%; height: 31px; text-align: center;\">17h a 18h<\/td>\n<\/tr>\n<tr style=\"height: 32px;\">\n<td style=\"width: 13.9271%; text-align: center; height: 32px;\">27\/04\/2026<\/td>\n<td style=\"width: 58.771%; height: 32px;\"><strong>MP14. S\u00edntesi. <\/strong>Entregar treball de s\u00edntesi fins les 23:00 hores al correu (sense examen).<\/td>\n<td style=\"width: 32.5358%; height: 32px; text-align: center;\">&#8211;<\/td>\n<\/tr>\n<tr style=\"height: 32px;\">\n<td style=\"width: 13.9271%; text-align: center; height: 32px;\">Pendent<\/td>\n<td style=\"width: 58.771%; height: 32px;\"><strong>MP05. Caracter\u00edstiques.<\/strong> Entregar dossiers (sense examen).<\/td>\n<td style=\"width: 32.5358%; height: 32px; text-align: center;\">&#8211;<\/td>\n<\/tr>\n<tr style=\"height: 32px;\">\n<td style=\"width: 13.9271%; text-align: center; height: 32px;\">Pendent<\/td>\n<td style=\"width: 58.771%; height: 32px;\"><strong>MP1. Organitzaci\u00f3. <\/strong>Entregar dossiers (sense examen)<\/td>\n<td style=\"width: 32.5358%; text-align: center; height: 32px;\">&#8211;<\/td>\n<\/tr>\n<\/tbody>\n<\/table>\n<h3><\/h3>\n<h3><span style=\"color: #993366;\"><strong>CFGS Educaci\u00f3 Infantil<\/strong><\/span><\/h3>\n<table style=\"border-collapse: collapse; width: 99.2313%; height: 112px;\">\n<tbody>\n<tr style=\"height: 25px;\">\n<td style=\"width: 13.9271%; text-align: center; height: 25px;\">20\/04\/2026<\/td>\n<td style=\"width: 58.771%; height: 25px;\"><strong>MP01 &#8211; Intervenci\u00f3 amb fam\u00edlies.<\/strong> Prova escrita.<\/td>\n<td style=\"width: 32.5358%; text-align: center; height: 25px;\">15.10h<\/td>\n<\/tr>\n<tr style=\"height: 32px;\">\n<td style=\"width: 13.9271%; text-align: center; height: 28px;\">22\/04\/2026<\/td>\n<td style=\"width: 58.771%; height: 28px;\"><strong>MP11. Empresa i Iniciativa Emprenedora.<\/strong><\/td>\n<td style=\"width: 32.5358%; height: 28px; text-align: center;\">17.00h<\/td>\n<\/tr>\n<tr style=\"height: 32px;\">\n<td style=\"width: 13.9271%; text-align: center; height: 30px;\">27\/04\/2026<\/td>\n<td style=\"width: 58.771%; height: 30px;\"><strong>MP12 &#8211; Projecte.<\/strong><\/td>\n<td style=\"width: 32.5358%; text-align: center; height: 30px;\">15.10h<\/td>\n<\/tr>\n<tr style=\"height: 29px;\">\n<td style=\"width: 13.9271%; text-align: center; height: 29px;\">29\/04\/2026<\/td>\n<td style=\"width: 58.771%; height: 29px;\"><strong>MP08. Habilitats socials.<\/strong><\/td>\n<td style=\"width: 32.5358%; height: 29px; text-align: center;\">15.10h<\/td>\n<\/tr>\n<\/tbody>\n<\/table>\n<h3><\/h3>\n<h3><span style=\"color: #666699;\"><strong>CFGS Integraci\u00f3 Social<\/strong><\/span><\/h3>\n<table style=\"border-collapse: collapse; width: 99.1311%; height: 383px;\">\n<tbody>\n<tr style=\"height: 31px;\">\n<td style=\"width: 13.9271%; text-align: center; height: 31px;\">09\/04\/2026<\/td>\n<td style=\"width: 58.771%; height: 31px;\"><strong>MP04 &#8211; Inserci\u00f3 sociolaboral.<\/strong> Prova escrita.<\/td>\n<td style=\"width: 32.5358%; height: 31px; text-align: center;\">15.10h a 17.00h<\/td>\n<\/tr>\n<tr style=\"height: 32px;\">\n<td style=\"width: 13.9271%; text-align: center; height: 32px;\">14\/04\/2026<\/td>\n<td style=\"width: 58.771%; height: 32px;\"><strong>MP07 &#8211; Suport a l&#8217;atenci\u00f3 educativa.<\/strong> Prova escrita.<\/td>\n<td style=\"width: 32.5358%; height: 32px; text-align: center;\">17.00h a 17.55h<\/td>\n<\/tr>\n<tr style=\"height: 32px;\">\n<td style=\"width: 13.9271%; text-align: center; height: 32px;\">15\/04\/2026<\/td>\n<td style=\"width: 58.771%; height: 32px;\"><strong>MP08 &#8211; Mediaci\u00f3.\u00a0<\/strong>Prova escrita.<\/td>\n<td style=\"width: 32.5358%; height: 32px; text-align: center;\">17.00h a 17.55h<\/td>\n<\/tr>\n<tr style=\"height: 32px;\">\n<td style=\"width: 13.9271%; text-align: center; height: 32px;\">16\/04\/2026<\/td>\n<td style=\"width: 58.771%; height: 32px;\"><strong>MP03 &#8211; Promoci\u00f3 de l&#8217;autonomia personal i social. <\/strong>Prova te\u00f2rica.<\/td>\n<td style=\"width: 32.5358%; height: 32px; text-align: center;\">17.00h a 19.10h<\/td>\n<\/tr>\n<tr style=\"height: 32px;\">\n<td style=\"width: 13.9271%; text-align: center; height: 32px;\">17\/04\/2026<\/td>\n<td style=\"width: 58.771%; height: 32px;\"><strong>MP01 &#8211; Context de la intervenci\u00f3. Prova escrita de cada UF.<\/strong><\/td>\n<td style=\"width: 32.5358%; text-align: center; height: 32px;\">17.00h a 18.00h<\/td>\n<\/tr>\n<tr style=\"height: 32px;\">\n<td style=\"width: 13.9271%; text-align: center; height: 32px;\">21\/04\/2026<\/td>\n<td style=\"width: 58.771%; height: 32px;\"><strong>MP13 &#8211; Projecte. <\/strong>Prova escrita<\/td>\n<td style=\"width: 32.5358%; height: 32px; text-align: center;\">17.00h a 19.30h<\/td>\n<\/tr>\n<tr style=\"height: 32px;\">\n<td style=\"width: 13.9271%; text-align: center; height: 32px;\">22\/04\/2026<\/td>\n<td style=\"width: 58.771%; height: 32px;\"><strong>MP05 &#8211; SAAC.<\/strong> Prova escrita<\/td>\n<td style=\"width: 32.5358%; height: 32px; text-align: center;\">17.00h a 19.00h<\/td>\n<\/tr>\n<tr style=\"height: 32px;\">\n<td style=\"width: 13.9271%; text-align: center; height: 32px;\">23\/04\/2026<\/td>\n<td style=\"width: 58.771%; height: 32px;\"><strong>MP03 &#8211; Promoci\u00f3 de l&#8217;autonomia personal i social. <\/strong>Prova pr\u00e0ctica.<\/td>\n<td style=\"width: 32.5358%; text-align: center; height: 32px;\">17.00h a 19.10h<\/td>\n<\/tr>\n<tr style=\"height: 32px;\">\n<td style=\"width: 13.9271%; text-align: center; height: 32px;\">24\/04\/2026<\/td>\n<td style=\"width: 58.771%; height: 32px;\"><strong>MP02 &#8211; Metodologia de la intervenci\u00f3.\u00a0<\/strong>Prova escrita.<\/td>\n<td style=\"width: 32.5358%; text-align: center; height: 32px;\">17.00h a 18.00h<\/td>\n<\/tr>\n<tr style=\"height: 32px;\">\n<td style=\"width: 13.9271%; text-align: center; height: 32px;\">28\/04\/2026<\/td>\n<td style=\"width: 58.771%; height: 32px;\"><strong>MP09. Habilitats socials.\u00a0<\/strong>Prova escrita.<\/td>\n<td style=\"width: 32.5358%; height: 32px; text-align: center;\">18.15h a 20.05h<\/td>\n<\/tr>\n<tr style=\"height: 32px;\">\n<td style=\"width: 13.9271%; text-align: center; height: 32px;\">Pendent<\/td>\n<td style=\"width: 58.771%; height: 32px;\"><strong>MP06. Atenci\u00f3 a les unitats de conviv\u00e8ncia.<\/strong> Prova escrita.<\/td>\n<td style=\"width: 32.5358%; height: 32px; text-align: center;\">&#8211;<\/td>\n<\/tr>\n<tr style=\"height: 32px;\">\n<td style=\"width: 13.9271%; text-align: center; height: 32px;\">Pendent<\/td>\n<td style=\"width: 58.771%; height: 32px;\"><strong>MP10 &#8211; Primers auxilis.<\/strong> Prova te\u00f2rico-pr\u00e0ctica.<\/td>\n<td style=\"width: 32.5358%; height: 32px; text-align: center;\">&#8211;<\/td>\n<\/tr>\n<\/tbody>\n<\/table>\n<p style=\"text-align: right;\"><em>Mar\u00e7 2025<\/em><\/p>\n","protected":false},"excerpt":{"rendered":"<p>MATR\u00cdCULA A LES PROVES DE COMPLECI\u00d3 &#8211; CICLES FORMATIUS Nom\u00e9s alumnat que segueix el curr\u00edculum antic: En cas que tingueu m\u00f2duls pendents per a l&#8217;obtenci\u00f3 del t\u00edtol del Cicle Formatiu de Grau Mitj\u00e0 o el Cicle Formatiu de Grau Superior heu de fer la matr\u00edcula aqu\u00ed. Si us plau, seguiu les seg\u00fcents instruccions abans de [&hellip;]<\/p>\n","protected":false},"author":1,"featured_media":0,"parent":0,"menu_order":0,"comment_status":"closed","ping_status":"closed","template":"","meta":{"_bbp_topic_count":0,"_bbp_reply_count":0,"_bbp_total_topic_count":0,"_bbp_total_reply_count":0,"_bbp_voice_count":0,"_bbp_anonymous_reply_count":0,"_bbp_topic_count_hidden":0,"_bbp_reply_count_hidden":0,"_bbp_forum_subforum_count":0,"site-sidebar-layout":"default","site-content-layout":"","ast-site-content-layout":"default","site-content-style":"default","site-sidebar-style":"default","ast-global-header-display":"","ast-banner-title-visibility":"","ast-main-header-display":"","ast-hfb-above-header-display":"","ast-hfb-below-header-display":"","ast-hfb-mobile-header-display":"","site-post-title":"","ast-breadcrumbs-content":"","ast-featured-img":"","footer-sml-layout":"","theme-transparent-header-meta":"","adv-header-id-meta":"","stick-header-meta":"","header-above-stick-meta":"","header-main-stick-meta":"","header-below-stick-meta":"","astra-migrate-meta-layouts":"set","ast-page-background-enabled":"default","ast-page-background-meta":{"desktop":{"background-color":"var(--ast-global-color-4)","background-image":"","background-repeat":"repeat","background-position":"center center","background-size":"auto","background-attachment":"scroll","background-type":"","background-media":"","overlay-type":"","overlay-color":"","overlay-opacity":"","overlay-gradient":""},"tablet":{"background-color":"","background-image":"","background-repeat":"repeat","background-position":"center center","background-size":"auto","background-attachment":"scroll","background-type":"","background-media":"","overlay-type":"","overlay-color":"","overlay-opacity":"","overlay-gradient":""},"mobile":{"background-color":"","background-image":"","background-repeat":"repeat","background-position":"center center","background-size":"auto","background-attachment":"scroll","background-type":"","background-media":"","overlay-type":"","overlay-color":"","overlay-opacity":"","overlay-gradient":""}},"ast-content-background-meta":{"desktop":{"background-color":"var(--ast-global-color-5)","background-image":"","background-repeat":"repeat","background-position":"center center","background-size":"auto","background-attachment":"scroll","background-type":"","background-media":"","overlay-type":"","overlay-color":"","overlay-opacity":"","overlay-gradient":""},"tablet":{"background-color":"var(--ast-global-color-5)","background-image":"","background-repeat":"repeat","background-position":"center center","background-size":"auto","background-attachment":"scroll","background-type":"","background-media":"","overlay-type":"","overlay-color":"","overlay-opacity":"","overlay-gradient":""},"mobile":{"background-color":"var(--ast-global-color-5)","background-image":"","background-repeat":"repeat","background-position":"center center","background-size":"auto","background-attachment":"scroll","background-type":"","background-media":"","overlay-type":"","overlay-color":"","overlay-opacity":"","overlay-gradient":""}},"footnotes":""},"class_list":["post-12946","page","type-page","status-publish","hentry"],"post_mailing_queue_ids":[],"_links":{"self":[{"href":"https:\/\/agora.xtec.cat\/iesgaudi\/wp-json\/wp\/v2\/pages\/12946","targetHints":{"allow":["GET"]}}],"collection":[{"href":"https:\/\/agora.xtec.cat\/iesgaudi\/wp-json\/wp\/v2\/pages"}],"about":[{"href":"https:\/\/agora.xtec.cat\/iesgaudi\/wp-json\/wp\/v2\/types\/page"}],"author":[{"embeddable":true,"href":"https:\/\/agora.xtec.cat\/iesgaudi\/wp-json\/wp\/v2\/users\/1"}],"replies":[{"embeddable":true,"href":"https:\/\/agora.xtec.cat\/iesgaudi\/wp-json\/wp\/v2\/comments?post=12946"}],"version-history":[{"count":6,"href":"https:\/\/agora.xtec.cat\/iesgaudi\/wp-json\/wp\/v2\/pages\/12946\/revisions"}],"predecessor-version":[{"id":13210,"href":"https:\/\/agora.xtec.cat\/iesgaudi\/wp-json\/wp\/v2\/pages\/12946\/revisions\/13210"}],"wp:attachment":[{"href":"https:\/\/agora.xtec.cat\/iesgaudi\/wp-json\/wp\/v2\/media?parent=12946"}],"curies":[{"name":"wp","href":"https:\/\/api.w.org\/{rel}","templated":true}]}}