{"id":12912,"date":"2025-09-08T06:00:56","date_gmt":"2025-09-08T04:00:56","guid":{"rendered":"https:\/\/agora.xtec.cat\/iesgaudi\/?page_id=12912"},"modified":"2025-09-09T11:15:19","modified_gmt":"2025-09-09T09:15:19","slug":"informacio-vacants-cf-institut-gaudi","status":"publish","type":"page","link":"https:\/\/agora.xtec.cat\/iesgaudi\/informacio-vacants-cf-institut-gaudi\/","title":{"rendered":"Informaci\u00f3 Vacants CF Institut Gaud\u00ed (25\/26)"},"content":{"rendered":"<p style=\"text-align: center;\"><strong>Llegiu ATENTAMENT:<\/strong><\/p>\n<p>Aqu\u00ed es publicaran les places vacants de CFGM i CFGS de l\u2019institut Gaud\u00ed.<\/p>\n<p>Per tal de poder optar a alguna de les vacants, <strong>primer haureu de demanar torn en aquest enlla\u00e7<\/strong>. <span style=\"font-family: inherit; font-size: 1em;\">El centre contactar\u00e0 amb vosaltres mitjan\u00e7ant alguna de les vies de contacte que hagueu indicat (tel\u00e8fon o correu) en <\/span><strong style=\"font-family: inherit; font-size: 1em;\">rigor\u00f3s ordre en qu\u00e8 s\u2019hagi generat el torn<\/strong><span style=\"font-family: inherit; font-size: 1em;\">. <em><span style=\"color: #ff0000;\"><strong>ATENCI\u00d3: Sol\u00b7licituds exhaurides.\u00a0<\/strong><span style=\"color: #000000;\">En breu contactarem amb les persones que heu sol\u00b7licitat torn.<\/span><\/span><\/em><\/span><\/p>\n<p>Nom\u00e9s es tindr\u00e0 en compte el primer torn que hagueu sol\u00b7licitat, i la matr\u00edcula es far\u00e0 telem\u00e0ticament.<\/p>\n<p>&nbsp;<\/p>\n<p style=\"text-align: center;\"><strong>PLACES VACANTS<\/strong><\/p>\n","protected":false},"excerpt":{"rendered":"<p>Llegiu ATENTAMENT: Aqu\u00ed es publicaran les places vacants de CFGM i CFGS de l\u2019institut Gaud\u00ed. Per tal de poder optar a alguna de les vacants, primer haureu de demanar torn en aquest enlla\u00e7. El centre contactar\u00e0 amb vosaltres mitjan\u00e7ant alguna de les vies de contacte que hagueu indicat (tel\u00e8fon o correu) en rigor\u00f3s ordre en [&hellip;]<\/p>\n","protected":false},"author":1,"featured_media":0,"parent":0,"menu_order":0,"comment_status":"closed","ping_status":"closed","template":"","meta":{"_bbp_topic_count":0,"_bbp_reply_count":0,"_bbp_total_topic_count":0,"_bbp_total_reply_count":0,"_bbp_voice_count":0,"_bbp_anonymous_reply_count":0,"_bbp_topic_count_hidden":0,"_bbp_reply_count_hidden":0,"_bbp_forum_subforum_count":0,"site-sidebar-layout":"default","site-content-layout":"","ast-site-content-layout":"","site-content-style":"default","site-sidebar-style":"default","ast-global-header-display":"","ast-banner-title-visibility":"","ast-main-header-display":"","ast-hfb-above-header-display":"","ast-hfb-below-header-display":"","ast-hfb-mobile-header-display":"","site-post-title":"","ast-breadcrumbs-content":"","ast-featured-img":"","footer-sml-layout":"","theme-transparent-header-meta":"","adv-header-id-meta":"","stick-header-meta":"","header-above-stick-meta":"","header-main-stick-meta":"","header-below-stick-meta":"","astra-migrate-meta-layouts":"default","ast-page-background-enabled":"default","ast-page-background-meta":{"desktop":{"background-color":"var(--ast-global-color-4)","background-image":"","background-repeat":"repeat","background-position":"center center","background-size":"auto","background-attachment":"scroll","background-type":"","background-media":"","overlay-type":"","overlay-color":"","overlay-opacity":"","overlay-gradient":""},"tablet":{"background-color":"","background-image":"","background-repeat":"repeat","background-position":"center center","background-size":"auto","background-attachment":"scroll","background-type":"","background-media":"","overlay-type":"","overlay-color":"","overlay-opacity":"","overlay-gradient":""},"mobile":{"background-color":"","background-image":"","background-repeat":"repeat","background-position":"center center","background-size":"auto","background-attachment":"scroll","background-type":"","background-media":"","overlay-type":"","overlay-color":"","overlay-opacity":"","overlay-gradient":""}},"ast-content-background-meta":{"desktop":{"background-color":"var(--ast-global-color-5)","background-image":"","background-repeat":"repeat","background-position":"center center","background-size":"auto","background-attachment":"scroll","background-type":"","background-media":"","overlay-type":"","overlay-color":"","overlay-opacity":"","overlay-gradient":""},"tablet":{"background-color":"var(--ast-global-color-5)","background-image":"","background-repeat":"repeat","background-position":"center center","background-size":"auto","background-attachment":"scroll","background-type":"","background-media":"","overlay-type":"","overlay-color":"","overlay-opacity":"","overlay-gradient":""},"mobile":{"background-color":"var(--ast-global-color-5)","background-image":"","background-repeat":"repeat","background-position":"center center","background-size":"auto","background-attachment":"scroll","background-type":"","background-media":"","overlay-type":"","overlay-color":"","overlay-opacity":"","overlay-gradient":""}},"footnotes":""},"class_list":["post-12912","page","type-page","status-publish","hentry"],"post_mailing_queue_ids":[],"_links":{"self":[{"href":"https:\/\/agora.xtec.cat\/iesgaudi\/wp-json\/wp\/v2\/pages\/12912","targetHints":{"allow":["GET"]}}],"collection":[{"href":"https:\/\/agora.xtec.cat\/iesgaudi\/wp-json\/wp\/v2\/pages"}],"about":[{"href":"https:\/\/agora.xtec.cat\/iesgaudi\/wp-json\/wp\/v2\/types\/page"}],"author":[{"embeddable":true,"href":"https:\/\/agora.xtec.cat\/iesgaudi\/wp-json\/wp\/v2\/users\/1"}],"replies":[{"embeddable":true,"href":"https:\/\/agora.xtec.cat\/iesgaudi\/wp-json\/wp\/v2\/comments?post=12912"}],"version-history":[{"count":3,"href":"https:\/\/agora.xtec.cat\/iesgaudi\/wp-json\/wp\/v2\/pages\/12912\/revisions"}],"predecessor-version":[{"id":12923,"href":"https:\/\/agora.xtec.cat\/iesgaudi\/wp-json\/wp\/v2\/pages\/12912\/revisions\/12923"}],"wp:attachment":[{"href":"https:\/\/agora.xtec.cat\/iesgaudi\/wp-json\/wp\/v2\/media?parent=12912"}],"curies":[{"name":"wp","href":"https:\/\/api.w.org\/{rel}","templated":true}]}}