{"id":12817,"date":"2025-07-01T08:39:17","date_gmt":"2025-07-01T06:39:17","guid":{"rendered":"https:\/\/agora.xtec.cat\/iesgaudi\/?page_id=12817"},"modified":"2025-07-01T08:40:06","modified_gmt":"2025-07-01T06:40:06","slug":"distribuidora-llibres-i-material","status":"publish","type":"page","link":"https:\/\/agora.xtec.cat\/iesgaudi\/distribuidora-llibres-i-material\/","title":{"rendered":"Distribu\u00efdora Llibres i material"},"content":{"rendered":"<p>Aquest curs canviem de distribu\u00efdora. Llegiu les seg\u00fcents indicacions abans de fer la compra de llibres i\/o materials.<\/p>\n<ul>\n<li>Consulteu el llistat de llibres a la p\u00e0gina de la <a href=\"https:\/\/agora.xtec.cat\/iesgaudi\/matricula\/\"><strong>matr\u00edcula<\/strong><\/a> del vostre curs.<\/li>\n<li>Podreu fer servir, si aix\u00ed ho considereu, el Val Escolar per a la compra.<\/li>\n<li>Si teniu atorgada la\u00a0<strong>beca Motxilla Escolar<\/strong>, <strong>no haureu de comprar els llibres,\u00a0<\/strong>ja que s&#8217;adquiriran amb la beca.\u00a0<strong>S\u00ed haureu d&#8217;aconseguir el material <\/strong>del llistat.<\/li>\n<\/ul>\n<table style=\"height: 374px; width: 100%; border-collapse: collapse; border-style: hidden;\">\n<tbody>\n<tr style=\"height: 58px;\">\n<td style=\"width: 50%; text-align: center; height: 58px;\">\n<h1><strong>INSTRUCCIONS<\/strong><\/h1>\n<p><a href=\"https:\/\/agora.xtec.cat\/iesgaudi\/wp-content\/uploads\/usu31\/2025\/07\/GARMAR-CB-CIRCULAR-INFORMATIVA-INSTITUT-GAUDI-2025-26.pdf\"><img loading=\"lazy\" decoding=\"async\" class=\"aligncenter wp-image-12820\" src=\"https:\/\/agora.xtec.cat\/iesgaudi\/wp-content\/uploads\/usu31\/2025\/07\/7610948.png\" alt=\"\" width=\"219\" height=\"219\" srcset=\"https:\/\/agora.xtec.cat\/iesgaudi\/wp-content\/uploads\/usu31\/2025\/07\/7610948.png 512w, https:\/\/agora.xtec.cat\/iesgaudi\/wp-content\/uploads\/usu31\/2025\/07\/7610948-300x300.png 300w, https:\/\/agora.xtec.cat\/iesgaudi\/wp-content\/uploads\/usu31\/2025\/07\/7610948-150x150.png 150w\" sizes=\"auto, (max-width: 219px) 100vw, 219px\" \/><\/a><\/td>\n<td style=\"width: 50%; text-align: center; height: 58px;\">\n<h1><strong>PLATAFORMA DE COMPRA<\/strong><\/h1>\n<p><a href=\"https:\/\/garmar.net\/\"><img loading=\"lazy\" decoding=\"async\" class=\"aligncenter wp-image-12818 \" src=\"https:\/\/agora.xtec.cat\/iesgaudi\/wp-content\/uploads\/usu31\/2025\/07\/Garmar.png\" alt=\"\" width=\"435\" height=\"141\" srcset=\"https:\/\/agora.xtec.cat\/iesgaudi\/wp-content\/uploads\/usu31\/2025\/07\/Garmar.png 450w, https:\/\/agora.xtec.cat\/iesgaudi\/wp-content\/uploads\/usu31\/2025\/07\/Garmar-300x97.png 300w\" sizes=\"auto, (max-width: 435px) 100vw, 435px\" \/><\/a><\/td>\n<\/tr>\n<\/tbody>\n<\/table>\n","protected":false},"excerpt":{"rendered":"<p>Aquest curs canviem de distribu\u00efdora. Llegiu les seg\u00fcents indicacions abans de fer la compra de llibres i\/o materials. Consulteu el llistat de llibres a la p\u00e0gina de la matr\u00edcula del vostre curs. Podreu fer servir, si aix\u00ed ho considereu, el Val Escolar per a la compra. Si teniu atorgada la\u00a0beca Motxilla Escolar, no haureu de [&hellip;]<\/p>\n","protected":false},"author":1,"featured_media":0,"parent":0,"menu_order":0,"comment_status":"closed","ping_status":"closed","template":"","meta":{"_bbp_topic_count":0,"_bbp_reply_count":0,"_bbp_total_topic_count":0,"_bbp_total_reply_count":0,"_bbp_voice_count":0,"_bbp_anonymous_reply_count":0,"_bbp_topic_count_hidden":0,"_bbp_reply_count_hidden":0,"_bbp_forum_subforum_count":0,"site-sidebar-layout":"default","site-content-layout":"","ast-site-content-layout":"","site-content-style":"default","site-sidebar-style":"default","ast-global-header-display":"","ast-banner-title-visibility":"","ast-main-header-display":"","ast-hfb-above-header-display":"","ast-hfb-below-header-display":"","ast-hfb-mobile-header-display":"","site-post-title":"","ast-breadcrumbs-content":"","ast-featured-img":"","footer-sml-layout":"","theme-transparent-header-meta":"","adv-header-id-meta":"","stick-header-meta":"","header-above-stick-meta":"","header-main-stick-meta":"","header-below-stick-meta":"","astra-migrate-meta-layouts":"default","ast-page-background-enabled":"default","ast-page-background-meta":{"desktop":{"background-color":"var(--ast-global-color-4)","background-image":"","background-repeat":"repeat","background-position":"center center","background-size":"auto","background-attachment":"scroll","background-type":"","background-media":"","overlay-type":"","overlay-color":"","overlay-opacity":"","overlay-gradient":""},"tablet":{"background-color":"","background-image":"","background-repeat":"repeat","background-position":"center center","background-size":"auto","background-attachment":"scroll","background-type":"","background-media":"","overlay-type":"","overlay-color":"","overlay-opacity":"","overlay-gradient":""},"mobile":{"background-color":"","background-image":"","background-repeat":"repeat","background-position":"center center","background-size":"auto","background-attachment":"scroll","background-type":"","background-media":"","overlay-type":"","overlay-color":"","overlay-opacity":"","overlay-gradient":""}},"ast-content-background-meta":{"desktop":{"background-color":"var(--ast-global-color-5)","background-image":"","background-repeat":"repeat","background-position":"center center","background-size":"auto","background-attachment":"scroll","background-type":"","background-media":"","overlay-type":"","overlay-color":"","overlay-opacity":"","overlay-gradient":""},"tablet":{"background-color":"var(--ast-global-color-5)","background-image":"","background-repeat":"repeat","background-position":"center center","background-size":"auto","background-attachment":"scroll","background-type":"","background-media":"","overlay-type":"","overlay-color":"","overlay-opacity":"","overlay-gradient":""},"mobile":{"background-color":"var(--ast-global-color-5)","background-image":"","background-repeat":"repeat","background-position":"center center","background-size":"auto","background-attachment":"scroll","background-type":"","background-media":"","overlay-type":"","overlay-color":"","overlay-opacity":"","overlay-gradient":""}},"footnotes":""},"class_list":["post-12817","page","type-page","status-publish","hentry"],"post_mailing_queue_ids":[],"_links":{"self":[{"href":"https:\/\/agora.xtec.cat\/iesgaudi\/wp-json\/wp\/v2\/pages\/12817","targetHints":{"allow":["GET"]}}],"collection":[{"href":"https:\/\/agora.xtec.cat\/iesgaudi\/wp-json\/wp\/v2\/pages"}],"about":[{"href":"https:\/\/agora.xtec.cat\/iesgaudi\/wp-json\/wp\/v2\/types\/page"}],"author":[{"embeddable":true,"href":"https:\/\/agora.xtec.cat\/iesgaudi\/wp-json\/wp\/v2\/users\/1"}],"replies":[{"embeddable":true,"href":"https:\/\/agora.xtec.cat\/iesgaudi\/wp-json\/wp\/v2\/comments?post=12817"}],"version-history":[{"count":3,"href":"https:\/\/agora.xtec.cat\/iesgaudi\/wp-json\/wp\/v2\/pages\/12817\/revisions"}],"predecessor-version":[{"id":12823,"href":"https:\/\/agora.xtec.cat\/iesgaudi\/wp-json\/wp\/v2\/pages\/12817\/revisions\/12823"}],"wp:attachment":[{"href":"https:\/\/agora.xtec.cat\/iesgaudi\/wp-json\/wp\/v2\/media?parent=12817"}],"curies":[{"name":"wp","href":"https:\/\/api.w.org\/{rel}","templated":true}]}}