{"id":11947,"date":"2024-05-20T10:07:18","date_gmt":"2024-05-20T08:07:18","guid":{"rendered":"https:\/\/agora.xtec.cat\/iesgaudi\/?page_id=11947"},"modified":"2025-05-16T10:37:11","modified_gmt":"2025-05-16T08:37:11","slug":"preinscripcio","status":"publish","type":"page","link":"https:\/\/agora.xtec.cat\/iesgaudi\/preinscripcio\/","title":{"rendered":"Preinscripci\u00f3"},"content":{"rendered":"<p><a href=\"https:\/\/preinscripcio.gencat.cat\/ca\/\" target=\"_blank\" rel=\"noopener noreferrer\"><img loading=\"lazy\" decoding=\"async\" class=\"aligncenter wp-image-8786 size-full\" src=\"https:\/\/agora.xtec.cat\/iesgaudi\/wp-content\/uploads\/usu31\/2021\/03\/preinscripcio2021-22.png\" alt=\"\" width=\"454\" height=\"89\" srcset=\"https:\/\/agora.xtec.cat\/iesgaudi\/wp-content\/uploads\/usu31\/2021\/03\/preinscripcio2021-22.png 454w, https:\/\/agora.xtec.cat\/iesgaudi\/wp-content\/uploads\/usu31\/2021\/03\/preinscripcio2021-22-300x59.png 300w\" sizes=\"auto, (max-width: 454px) 100vw, 454px\" \/><\/a><\/p>\n<h4 style=\"text-align: left;\"><span style=\"color: #000000;\">Aqu\u00ed podeu comprovar les actualitzacions de cada etapa educativa:<\/span><\/h4>\n<p>&nbsp;<\/p>\n<h4 style=\"text-align: center;\"><strong><a href=\"https:\/\/agora.xtec.cat\/iesgaudi\/preinscripcio-i-matricula\/preinscripcio-eso-curs\/\">PREINSCRIPCI\u00d3 ESO<\/a><\/strong><\/h4>\n<p>&nbsp;<\/p>\n<h4 style=\"text-align: center;\"><strong><a href=\"https:\/\/agora.xtec.cat\/iesgaudi\/preinscripcio-i-matricula\/preinscripcio-i-matricula-post-obligatoris-bat\/\">PREINSCRIPCI\u00d3 BATXILLERAT<\/a>\u00a0<\/strong><\/h4>\n<p>&nbsp;<\/p>\n<h4 style=\"text-align: center;\"><strong><a href=\"https:\/\/agora.xtec.cat\/iesgaudi\/preinscripcio-i-matricula\/preinscripcio-i-matricula-post-obligatoris-cfgm\/\">PREINSCRIPCI\u00d3 CICLES FORMATIUS DE GRAU MITJ\u00c0<\/a><\/strong><\/h4>\n<p>&nbsp;<\/p>\n<h4 style=\"text-align: center;\"><strong><a href=\"https:\/\/agora.xtec.cat\/iesgaudi\/preinscripcio-i-matricula-cicles-formatius-grau-superior\/\">PREINSCRIPCI\u00d3 CICLES FORMATIUS GRAU SUPERIOR<\/a><\/strong><\/h4>\n<p>&nbsp;<\/p>\n<h4 style=\"text-align: center;\"><a href=\"https:\/\/agora.xtec.cat\/iesgaudi\/itineraris-formatius-especifics\/\">PREINSCRIPCI\u00d3 IFE<\/a><\/h4>\n<p>&nbsp;<\/p>\n<h4 style=\"text-align: center;\"><a href=\"https:\/\/agora.xtec.cat\/iesgaudi\/pfi-pip\/\">PREINSCRIPCI\u00d3 PFI-PIP<\/a><\/h4>\n<p>&nbsp;<\/p>\n<h4 style=\"text-align: center;\"><a href=\"https:\/\/agora.xtec.cat\/iesgaudi\/fp-basica\/\">PREINSCRIPCI\u00d3 FP B\u00c0SICA<\/a><\/h4>\n","protected":false},"excerpt":{"rendered":"<p>Aqu\u00ed podeu comprovar les actualitzacions de cada etapa educativa: &nbsp; PREINSCRIPCI\u00d3 ESO &nbsp; PREINSCRIPCI\u00d3 BATXILLERAT\u00a0 &nbsp; PREINSCRIPCI\u00d3 CICLES FORMATIUS DE GRAU MITJ\u00c0 &nbsp; PREINSCRIPCI\u00d3 CICLES FORMATIUS GRAU SUPERIOR &nbsp; PREINSCRIPCI\u00d3 IFE &nbsp; PREINSCRIPCI\u00d3 PFI-PIP &nbsp; PREINSCRIPCI\u00d3 FP B\u00c0SICA<\/p>\n","protected":false},"author":1,"featured_media":0,"parent":0,"menu_order":0,"comment_status":"closed","ping_status":"closed","template":"","meta":{"_bbp_topic_count":0,"_bbp_reply_count":0,"_bbp_total_topic_count":0,"_bbp_total_reply_count":0,"_bbp_voice_count":0,"_bbp_anonymous_reply_count":0,"_bbp_topic_count_hidden":0,"_bbp_reply_count_hidden":0,"_bbp_forum_subforum_count":0,"site-sidebar-layout":"default","site-content-layout":"","ast-site-content-layout":"","site-content-style":"default","site-sidebar-style":"default","ast-global-header-display":"","ast-banner-title-visibility":"","ast-main-header-display":"","ast-hfb-above-header-display":"","ast-hfb-below-header-display":"","ast-hfb-mobile-header-display":"","site-post-title":"","ast-breadcrumbs-content":"","ast-featured-img":"","footer-sml-layout":"","theme-transparent-header-meta":"","adv-header-id-meta":"","stick-header-meta":"","header-above-stick-meta":"","header-main-stick-meta":"","header-below-stick-meta":"","astra-migrate-meta-layouts":"default","ast-page-background-enabled":"default","ast-page-background-meta":{"desktop":{"background-color":"var(--ast-global-color-4)","background-image":"","background-repeat":"repeat","background-position":"center center","background-size":"auto","background-attachment":"scroll","background-type":"","background-media":"","overlay-type":"","overlay-color":"","overlay-opacity":"","overlay-gradient":""},"tablet":{"background-color":"","background-image":"","background-repeat":"repeat","background-position":"center center","background-size":"auto","background-attachment":"scroll","background-type":"","background-media":"","overlay-type":"","overlay-color":"","overlay-opacity":"","overlay-gradient":""},"mobile":{"background-color":"","background-image":"","background-repeat":"repeat","background-position":"center center","background-size":"auto","background-attachment":"scroll","background-type":"","background-media":"","overlay-type":"","overlay-color":"","overlay-opacity":"","overlay-gradient":""}},"ast-content-background-meta":{"desktop":{"background-color":"var(--ast-global-color-5)","background-image":"","background-repeat":"repeat","background-position":"center center","background-size":"auto","background-attachment":"scroll","background-type":"","background-media":"","overlay-type":"","overlay-color":"","overlay-opacity":"","overlay-gradient":""},"tablet":{"background-color":"var(--ast-global-color-5)","background-image":"","background-repeat":"repeat","background-position":"center center","background-size":"auto","background-attachment":"scroll","background-type":"","background-media":"","overlay-type":"","overlay-color":"","overlay-opacity":"","overlay-gradient":""},"mobile":{"background-color":"var(--ast-global-color-5)","background-image":"","background-repeat":"repeat","background-position":"center center","background-size":"auto","background-attachment":"scroll","background-type":"","background-media":"","overlay-type":"","overlay-color":"","overlay-opacity":"","overlay-gradient":""}},"footnotes":""},"class_list":["post-11947","page","type-page","status-publish","hentry"],"post_mailing_queue_ids":[],"_links":{"self":[{"href":"https:\/\/agora.xtec.cat\/iesgaudi\/wp-json\/wp\/v2\/pages\/11947","targetHints":{"allow":["GET"]}}],"collection":[{"href":"https:\/\/agora.xtec.cat\/iesgaudi\/wp-json\/wp\/v2\/pages"}],"about":[{"href":"https:\/\/agora.xtec.cat\/iesgaudi\/wp-json\/wp\/v2\/types\/page"}],"author":[{"embeddable":true,"href":"https:\/\/agora.xtec.cat\/iesgaudi\/wp-json\/wp\/v2\/users\/1"}],"replies":[{"embeddable":true,"href":"https:\/\/agora.xtec.cat\/iesgaudi\/wp-json\/wp\/v2\/comments?post=11947"}],"version-history":[{"count":6,"href":"https:\/\/agora.xtec.cat\/iesgaudi\/wp-json\/wp\/v2\/pages\/11947\/revisions"}],"predecessor-version":[{"id":12664,"href":"https:\/\/agora.xtec.cat\/iesgaudi\/wp-json\/wp\/v2\/pages\/11947\/revisions\/12664"}],"wp:attachment":[{"href":"https:\/\/agora.xtec.cat\/iesgaudi\/wp-json\/wp\/v2\/media?parent=11947"}],"curies":[{"name":"wp","href":"https:\/\/api.w.org\/{rel}","templated":true}]}}