{"id":7069,"date":"2026-01-20T23:23:24","date_gmt":"2026-01-20T22:23:24","guid":{"rendered":"https:\/\/agora.xtec.cat\/iesgallecs\/?page_id=7069"},"modified":"2026-01-21T10:55:16","modified_gmt":"2026-01-21T09:55:16","slug":"gestio-ambiental","status":"publish","type":"page","link":"https:\/\/agora.xtec.cat\/iesgallecs\/projecte-educatiu\/politica-de-qualitat\/gestio-ambiental\/","title":{"rendered":"Gesti\u00f3 ambiental"},"content":{"rendered":"<p><span style=\"text-decoration: underline;\"><strong>ISO 14001 Sistema de Gesti\u00f3 Ambiental (SGA).\u00a0<\/strong><\/span><\/p>\n<p style=\"text-align: left;\">La ISO 14001 \u00e9s una norma internacional que estableix els requisits per a un sistema de<br \/>\ngesti\u00f3 ambiental (SGA) efica\u00e7. Ajuda les organitzacions a identificar, gestionar, supervisar i<br \/>\ncontrolar els seus impactes ambientals de manera sistem\u00e0tica i coherent. Aquesta norma no<br \/>\nimposa l\u00edmits ambientals espec\u00edfics, sin\u00f3 que proporciona un marc per establir objectius i<br \/>\nprocessos per millorar cont\u00ednuament el rendiment ambiental.<\/p>\n<p style=\"text-align: left;\">La ISO 14001 serveix per:<br \/>\n-Millorar el comportament ambiental de l\u2019organitzaci\u00f3, reduint els impactes negatius sobre el<br \/>\nmedi ambient.<br \/>\n-Assegurar el compliment legal, ajudant a l\u2019organitzaci\u00f3 a complir amb la legislaci\u00f3 i<br \/>\nregulacions ambientals aplicables.<br \/>\n-Reduir residus i costos, mitjan\u00e7ant una gesti\u00f3 m\u00e9s eficient dels recursos i una millor<br \/>\nplanificaci\u00f3 dels processos.<br \/>\n-Millorar la imatge i reputaci\u00f3 de l\u2019empresa davant clients, socis, autoritats i la societat en<br \/>\ngeneral.<br \/>\n-Fomentar una cultura de millora cont\u00ednua, involucrant els treballadors en la sostenibilitat i<br \/>\nresponsabilitat ambiental.<br \/>\nL&#8217;Institut Gallecs t\u00e9 previst certificar-se en aquesta norma al llarg del curs 25-26.<\/p>\n<p><a href=\"https:\/\/agora.xtec.cat\/iesgallecs\/wp-content\/uploads\/usu1971\/2026\/01\/sostenibilitat.jpg\"><img loading=\"lazy\" decoding=\"async\" class=\"aligncenter  wp-image-7161\" src=\"https:\/\/agora.xtec.cat\/iesgallecs\/wp-content\/uploads\/usu1971\/2026\/01\/sostenibilitat.jpg\" alt=\"\" width=\"335\" height=\"217\" \/><\/a><\/p>\n","protected":false},"excerpt":{"rendered":"<p>ISO 14001 Sistema de Gesti\u00f3 Ambiental (SGA).\u00a0 La ISO 14001 \u00e9s una norma internacional que estableix els requisits per a un sistema de gesti\u00f3 ambiental (SGA) efica\u00e7. Ajuda les organitzacions a identificar, gestionar, supervisar i controlar els seus impactes ambientals de manera sistem\u00e0tica i coherent. Aquesta norma no imposa l\u00edmits ambientals espec\u00edfics, sin\u00f3 que proporciona [&hellip;]<\/p>\n","protected":false},"author":36,"featured_media":0,"parent":581,"menu_order":3,"comment_status":"closed","ping_status":"closed","template":"","meta":{"site-sidebar-layout":"default","site-content-layout":"","ast-site-content-layout":"default","site-content-style":"default","site-sidebar-style":"default","ast-global-header-display":"","ast-banner-title-visibility":"","ast-main-header-display":"","ast-hfb-above-header-display":"","ast-hfb-below-header-display":"","ast-hfb-mobile-header-display":"","site-post-title":"","ast-breadcrumbs-content":"","ast-featured-img":"","footer-sml-layout":"","theme-transparent-header-meta":"default","adv-header-id-meta":"","stick-header-meta":"","header-above-stick-meta":"","header-main-stick-meta":"","header-below-stick-meta":"","astra-migrate-meta-layouts":"set","ast-page-background-enabled":"default","ast-page-background-meta":{"desktop":{"background-color":"var(--ast-global-color-5)","background-image":"","background-repeat":"repeat","background-position":"center center","background-size":"auto","background-attachment":"scroll","background-type":"","background-media":"","overlay-type":"","overlay-color":"","overlay-opacity":"","overlay-gradient":""},"tablet":{"background-color":"","background-image":"","background-repeat":"repeat","background-position":"center center","background-size":"auto","background-attachment":"scroll","background-type":"","background-media":"","overlay-type":"","overlay-color":"","overlay-opacity":"","overlay-gradient":""},"mobile":{"background-color":"","background-image":"","background-repeat":"repeat","background-position":"center center","background-size":"auto","background-attachment":"scroll","background-type":"","background-media":"","overlay-type":"","overlay-color":"","overlay-opacity":"","overlay-gradient":""}},"ast-content-background-meta":{"desktop":{"background-color":"var(--ast-global-color-4)","background-image":"","background-repeat":"repeat","background-position":"center center","background-size":"auto","background-attachment":"scroll","background-type":"","background-media":"","overlay-type":"","overlay-color":"","overlay-opacity":"","overlay-gradient":""},"tablet":{"background-color":"var(--ast-global-color-4)","background-image":"","background-repeat":"repeat","background-position":"center center","background-size":"auto","background-attachment":"scroll","background-type":"","background-media":"","overlay-type":"","overlay-color":"","overlay-opacity":"","overlay-gradient":""},"mobile":{"background-color":"var(--ast-global-color-4)","background-image":"","background-repeat":"repeat","background-position":"center center","background-size":"auto","background-attachment":"scroll","background-type":"","background-media":"","overlay-type":"","overlay-color":"","overlay-opacity":"","overlay-gradient":""}},"footnotes":""},"class_list":["post-7069","page","type-page","status-publish","hentry"],"post_mailing_queue_ids":[],"_links":{"self":[{"href":"https:\/\/agora.xtec.cat\/iesgallecs\/wp-json\/wp\/v2\/pages\/7069","targetHints":{"allow":["GET"]}}],"collection":[{"href":"https:\/\/agora.xtec.cat\/iesgallecs\/wp-json\/wp\/v2\/pages"}],"about":[{"href":"https:\/\/agora.xtec.cat\/iesgallecs\/wp-json\/wp\/v2\/types\/page"}],"author":[{"embeddable":true,"href":"https:\/\/agora.xtec.cat\/iesgallecs\/wp-json\/wp\/v2\/users\/36"}],"replies":[{"embeddable":true,"href":"https:\/\/agora.xtec.cat\/iesgallecs\/wp-json\/wp\/v2\/comments?post=7069"}],"version-history":[{"count":3,"href":"https:\/\/agora.xtec.cat\/iesgallecs\/wp-json\/wp\/v2\/pages\/7069\/revisions"}],"predecessor-version":[{"id":7162,"href":"https:\/\/agora.xtec.cat\/iesgallecs\/wp-json\/wp\/v2\/pages\/7069\/revisions\/7162"}],"up":[{"embeddable":true,"href":"https:\/\/agora.xtec.cat\/iesgallecs\/wp-json\/wp\/v2\/pages\/581"}],"wp:attachment":[{"href":"https:\/\/agora.xtec.cat\/iesgallecs\/wp-json\/wp\/v2\/media?parent=7069"}],"curies":[{"name":"wp","href":"https:\/\/api.w.org\/{rel}","templated":true}]}}