{"id":644,"date":"2019-01-20T10:19:26","date_gmt":"2019-01-20T09:19:26","guid":{"rendered":"https:\/\/agora.xtec.cat\/iesgallecs\/?page_id=644"},"modified":"2025-12-16T16:28:34","modified_gmt":"2025-12-16T15:28:34","slug":"servei-dassessorament","status":"publish","type":"page","link":"https:\/\/agora.xtec.cat\/iesgallecs\/cicles-formatius\/mon-laboral\/servei-dassessorament\/","title":{"rendered":"Servei d&#8217;assessorament"},"content":{"rendered":"<h3><strong> <a href=\"https:\/\/agora.xtec.cat\/iesgallecs\/mon-laboral\/servei-dassessorament\/attachment\/servei-assessosrament-2\/\" rel=\"attachment wp-att-4767\"><img loading=\"lazy\" decoding=\"async\" class=\"size-full wp-image-4767 alignleft\" src=\"https:\/\/agora.xtec.cat\/iesgallecs\/wp-content\/uploads\/usu1971\/2023\/02\/Servei-Assessosrament.jpg\" alt=\"\" width=\"272\" height=\"111\" \/><\/a><\/strong><\/h3>\n<h3><strong>Descripci\u00f3 del servei<\/strong><\/h3>\n<ul>\n<li>El Servei d\u2019assessorament \u00e9s un servei que presta l\u2019Institut Gallecs, a sol\u00b7licitud de la persona interessada, de forma personalitzada, que consisteix en la identificaci\u00f3 i l\u2019an\u00e0lisi detallat de les capacitats i expectatives professionals, i la identificaci\u00f3 i valoraci\u00f3 de les ofertes formatives amb les seves variants, i que conclou amb l\u2019elaboraci\u00f3 i lliurament de l\u2019informe d\u2019assessorament.<\/li>\n<li>\u00c9s requisit previ per participar al Reconeixement acad\u00e8mic dels aprenentatges assolits mitjan\u00e7ant l\u2019experi\u00e8ncia laboral o en activitats socials.<\/li>\n<\/ul>\n<p><strong>Oferta de places de l\u2019Institut Gallecs per cicles i fam\u00edlies<\/strong><\/p>\n<p><strong>Publicaci\u00f3 del calendari previst del servei d\u2019Assessorament:\u00a0<\/strong><\/p>\n<p>Pendent de publicaci\u00f3.<\/p>\n<p><strong>Data sessi\u00f3 informativa del servei d\u2019Assessorament<\/strong><\/p>\n<p>Pendent de publicaci\u00f3.<\/p>\n<p><strong>Inscripci\u00f3 i pagament del Servei d\u2019Assessorament<\/strong><\/p>\n<p>Pendent de publicaci\u00f3.<\/p>\n<p>Via telem\u00e0tica: secretaria@insgallecs.cat<\/p>\n<p><strong>Data d\u2019inici de les sessions d\u2019Assessorament<\/strong><\/p>\n<p>Pendent de publicaci\u00f3<\/p>\n<p><strong>Informaci\u00f3 del Departament d\u2019Educaci\u00f3<\/strong><\/p>\n<p><a href=\"http:\/\/queestudiar.gencat.cat\/ca\/estudis\/fp\/mesures-flexib\/assessorament\/\">Web Departament<\/a><\/p>\n<ul>\n<li><a href=\"http:\/\/www20.gencat.cat\/portal\/site\/portaldogc\/menuitem.c973d2fc58aa0083e4492d92b0c0e1a0\/?vgnextoid=485946a6e5dfe210VgnVCM1000000b0c1e0aRCRD&amp;appInstanceName=default&amp;action=fitxa&amp;documentId=617026&amp;language=ca_ES\">Resoluci\u00f3 ENS\/1891\/2012<\/a>, de 23 d\u2019agost, d\u2019organitzaci\u00f3 de diverses mesures flexibilitzadores i actuacions en la formaci\u00f3 professional inicial (DOGC n\u00fam. 6220, de 26.9.2012)<\/li>\n<li><a href=\"http:\/\/www20.gencat.cat\/portal\/site\/portaldogc\/menuitem.c973d2fc58aa0083e4492d92b0c0e1a0\/?vgnextoid=485946a6e5dfe210VgnVCM1000000b0c1e0aRCRD&amp;appInstanceName=default&amp;action=fitxa&amp;documentId=617138&amp;language=ca_ES\">Ordre ENS\/270\/2012<\/a>, de 31 d\u2019agost, de creaci\u00f3 de preus p\u00fablics per diversos serveis relacionats amb els ensenyaments de formaci\u00f3 professional inicial que es presten als centres educatius dependents del Departament d\u2019Educaci\u00f3. (DOGC n\u00fam. 6221, de 27.9.2012)<\/li>\n<\/ul>\n<p>&nbsp;<\/p>\n","protected":false},"excerpt":{"rendered":"<p>Descripci\u00f3 del servei El Servei d\u2019assessorament \u00e9s un servei que presta l\u2019Institut Gallecs, a sol\u00b7licitud de la persona interessada, de forma personalitzada, que consisteix en la identificaci\u00f3 i l\u2019an\u00e0lisi detallat de les capacitats i expectatives professionals, i la identificaci\u00f3 i valoraci\u00f3 de les ofertes formatives amb les seves variants, i que conclou amb l\u2019elaboraci\u00f3 i [&hellip;]<\/p>\n","protected":false},"author":1,"featured_media":0,"parent":714,"menu_order":1,"comment_status":"closed","ping_status":"closed","template":"","meta":{"site-sidebar-layout":"default","site-content-layout":"","ast-site-content-layout":"default","site-content-style":"default","site-sidebar-style":"default","ast-global-header-display":"","ast-banner-title-visibility":"","ast-main-header-display":"","ast-hfb-above-header-display":"","ast-hfb-below-header-display":"","ast-hfb-mobile-header-display":"","site-post-title":"","ast-breadcrumbs-content":"","ast-featured-img":"","footer-sml-layout":"","theme-transparent-header-meta":"default","adv-header-id-meta":"","stick-header-meta":"","header-above-stick-meta":"","header-main-stick-meta":"","header-below-stick-meta":"","astra-migrate-meta-layouts":"set","ast-page-background-enabled":"default","ast-page-background-meta":{"desktop":{"background-color":"var(--ast-global-color-5)","background-image":"","background-repeat":"repeat","background-position":"center center","background-size":"auto","background-attachment":"scroll","background-type":"","background-media":"","overlay-type":"","overlay-color":"","overlay-opacity":"","overlay-gradient":""},"tablet":{"background-color":"","background-image":"","background-repeat":"repeat","background-position":"center center","background-size":"auto","background-attachment":"scroll","background-type":"","background-media":"","overlay-type":"","overlay-color":"","overlay-opacity":"","overlay-gradient":""},"mobile":{"background-color":"","background-image":"","background-repeat":"repeat","background-position":"center center","background-size":"auto","background-attachment":"scroll","background-type":"","background-media":"","overlay-type":"","overlay-color":"","overlay-opacity":"","overlay-gradient":""}},"ast-content-background-meta":{"desktop":{"background-color":"var(--ast-global-color-4)","background-image":"","background-repeat":"repeat","background-position":"center center","background-size":"auto","background-attachment":"scroll","background-type":"","background-media":"","overlay-type":"","overlay-color":"","overlay-opacity":"","overlay-gradient":""},"tablet":{"background-color":"var(--ast-global-color-4)","background-image":"","background-repeat":"repeat","background-position":"center center","background-size":"auto","background-attachment":"scroll","background-type":"","background-media":"","overlay-type":"","overlay-color":"","overlay-opacity":"","overlay-gradient":""},"mobile":{"background-color":"var(--ast-global-color-4)","background-image":"","background-repeat":"repeat","background-position":"center center","background-size":"auto","background-attachment":"scroll","background-type":"","background-media":"","overlay-type":"","overlay-color":"","overlay-opacity":"","overlay-gradient":""}},"footnotes":""},"class_list":["post-644","page","type-page","status-publish","hentry"],"post_mailing_queue_ids":[],"_links":{"self":[{"href":"https:\/\/agora.xtec.cat\/iesgallecs\/wp-json\/wp\/v2\/pages\/644","targetHints":{"allow":["GET"]}}],"collection":[{"href":"https:\/\/agora.xtec.cat\/iesgallecs\/wp-json\/wp\/v2\/pages"}],"about":[{"href":"https:\/\/agora.xtec.cat\/iesgallecs\/wp-json\/wp\/v2\/types\/page"}],"author":[{"embeddable":true,"href":"https:\/\/agora.xtec.cat\/iesgallecs\/wp-json\/wp\/v2\/users\/1"}],"replies":[{"embeddable":true,"href":"https:\/\/agora.xtec.cat\/iesgallecs\/wp-json\/wp\/v2\/comments?post=644"}],"version-history":[{"count":7,"href":"https:\/\/agora.xtec.cat\/iesgallecs\/wp-json\/wp\/v2\/pages\/644\/revisions"}],"predecessor-version":[{"id":6976,"href":"https:\/\/agora.xtec.cat\/iesgallecs\/wp-json\/wp\/v2\/pages\/644\/revisions\/6976"}],"up":[{"embeddable":true,"href":"https:\/\/agora.xtec.cat\/iesgallecs\/wp-json\/wp\/v2\/pages\/714"}],"wp:attachment":[{"href":"https:\/\/agora.xtec.cat\/iesgallecs\/wp-json\/wp\/v2\/media?parent=644"}],"curies":[{"name":"wp","href":"https:\/\/api.w.org\/{rel}","templated":true}]}}