{"id":6195,"date":"2024-12-16T17:24:14","date_gmt":"2024-12-16T16:24:14","guid":{"rendered":"https:\/\/agora.xtec.cat\/iesgallecs\/?page_id=6195"},"modified":"2026-01-20T23:09:21","modified_gmt":"2026-01-20T22:09:21","slug":"programes-de-gestio-de-centre","status":"publish","type":"page","link":"https:\/\/agora.xtec.cat\/iesgallecs\/projecte-educatiu\/programes-de-gestio-de-centre\/","title":{"rendered":"Programes de gesti\u00f3 de centre"},"content":{"rendered":"<p><span style=\"text-decoration: underline;\"><strong>Programa de gesti\u00f3 iEduca<\/strong><\/span><\/p>\n<p>L&#8217;institut Gallecs treballa amb iEduca com a:<\/p>\n<ul>\n<li>Programari de gesti\u00f3 d&#8217;assist\u00e8ncia de l&#8217;alumnat.<\/li>\n<li>Calendaris.<\/li>\n<li>Horaris docents.<\/li>\n<\/ul>\n<p><a href=\"https:\/\/agora.xtec.cat\/iesgallecs\/wp-content\/uploads\/usu1971\/2024\/12\/ieduca.jpg\"><img loading=\"lazy\" decoding=\"async\" class=\" wp-image-6196 alignleft\" src=\"https:\/\/agora.xtec.cat\/iesgallecs\/wp-content\/uploads\/usu1971\/2024\/12\/ieduca.jpg\" alt=\"\" width=\"538\" height=\"101\" srcset=\"https:\/\/agora.xtec.cat\/iesgallecs\/wp-content\/uploads\/usu1971\/2024\/12\/ieduca.jpg 442w, https:\/\/agora.xtec.cat\/iesgallecs\/wp-content\/uploads\/usu1971\/2024\/12\/ieduca-300x56.jpg 300w\" sizes=\"auto, (max-width: 538px) 100vw, 538px\" \/><\/a><\/p>\n<p>&nbsp;<\/p>\n<p>&nbsp;<\/p>\n<p>&nbsp;<\/p>\n<p>Per a l&#8217;elaboraci\u00f3 dels horaris docents l&#8217;institut disposa del software de gesti\u00f3 i generador d&#8217;horaris Pe\u00f1alara.<\/p>\n<p><a href=\"https:\/\/agora.xtec.cat\/iesgallecs\/wp-content\/uploads\/usu1971\/2024\/12\/penalara.jpg\"><img loading=\"lazy\" decoding=\"async\" class=\" wp-image-6197 alignleft\" src=\"https:\/\/agora.xtec.cat\/iesgallecs\/wp-content\/uploads\/usu1971\/2024\/12\/penalara.jpg\" alt=\"\" width=\"524\" height=\"177\" srcset=\"https:\/\/agora.xtec.cat\/iesgallecs\/wp-content\/uploads\/usu1971\/2024\/12\/penalara.jpg 835w, https:\/\/agora.xtec.cat\/iesgallecs\/wp-content\/uploads\/usu1971\/2024\/12\/penalara-300x101.jpg 300w, https:\/\/agora.xtec.cat\/iesgallecs\/wp-content\/uploads\/usu1971\/2024\/12\/penalara-768x259.jpg 768w\" sizes=\"auto, (max-width: 524px) 100vw, 524px\" \/><\/a><\/p>\n<p>&nbsp;<\/p>\n<p>&nbsp;<\/p>\n<p>&nbsp;<\/p>\n<p>&nbsp;<\/p>\n<p>&nbsp;<\/p>\n<p><span style=\"text-decoration: underline;\"><strong>TPV Escola<\/strong><\/span><\/p>\n<p>TPVEscola \u00e9s la plataforma de refer\u00e8ncia per a la gesti\u00f3 de pagaments escolars, , dissenyada per facilitar el control administratiu d\u2019escoles, instituts, AFAs.<\/p>\n<p>&nbsp;<\/p>\n","protected":false},"excerpt":{"rendered":"<p>Programa de gesti\u00f3 iEduca L&#8217;institut Gallecs treballa amb iEduca com a: Programari de gesti\u00f3 d&#8217;assist\u00e8ncia de l&#8217;alumnat. Calendaris. Horaris docents. &nbsp; &nbsp; &nbsp; Per a l&#8217;elaboraci\u00f3 dels horaris docents l&#8217;institut disposa del software de gesti\u00f3 i generador d&#8217;horaris Pe\u00f1alara. &nbsp; &nbsp; &nbsp; &nbsp; &nbsp; TPV Escola TPVEscola \u00e9s la plataforma de refer\u00e8ncia per a la [&hellip;]<\/p>\n","protected":false},"author":36,"featured_media":0,"parent":1816,"menu_order":6,"comment_status":"closed","ping_status":"closed","template":"","meta":{"site-sidebar-layout":"default","site-content-layout":"","ast-site-content-layout":"default","site-content-style":"default","site-sidebar-style":"default","ast-global-header-display":"","ast-banner-title-visibility":"","ast-main-header-display":"","ast-hfb-above-header-display":"","ast-hfb-below-header-display":"","ast-hfb-mobile-header-display":"","site-post-title":"","ast-breadcrumbs-content":"","ast-featured-img":"","footer-sml-layout":"","theme-transparent-header-meta":"default","adv-header-id-meta":"","stick-header-meta":"","header-above-stick-meta":"","header-main-stick-meta":"","header-below-stick-meta":"","astra-migrate-meta-layouts":"set","ast-page-background-enabled":"default","ast-page-background-meta":{"desktop":{"background-color":"var(--ast-global-color-5)","background-image":"","background-repeat":"repeat","background-position":"center center","background-size":"auto","background-attachment":"scroll","background-type":"","background-media":"","overlay-type":"","overlay-color":"","overlay-opacity":"","overlay-gradient":""},"tablet":{"background-color":"","background-image":"","background-repeat":"repeat","background-position":"center center","background-size":"auto","background-attachment":"scroll","background-type":"","background-media":"","overlay-type":"","overlay-color":"","overlay-opacity":"","overlay-gradient":""},"mobile":{"background-color":"","background-image":"","background-repeat":"repeat","background-position":"center center","background-size":"auto","background-attachment":"scroll","background-type":"","background-media":"","overlay-type":"","overlay-color":"","overlay-opacity":"","overlay-gradient":""}},"ast-content-background-meta":{"desktop":{"background-color":"var(--ast-global-color-4)","background-image":"","background-repeat":"repeat","background-position":"center center","background-size":"auto","background-attachment":"scroll","background-type":"","background-media":"","overlay-type":"","overlay-color":"","overlay-opacity":"","overlay-gradient":""},"tablet":{"background-color":"var(--ast-global-color-4)","background-image":"","background-repeat":"repeat","background-position":"center center","background-size":"auto","background-attachment":"scroll","background-type":"","background-media":"","overlay-type":"","overlay-color":"","overlay-opacity":"","overlay-gradient":""},"mobile":{"background-color":"var(--ast-global-color-4)","background-image":"","background-repeat":"repeat","background-position":"center center","background-size":"auto","background-attachment":"scroll","background-type":"","background-media":"","overlay-type":"","overlay-color":"","overlay-opacity":"","overlay-gradient":""}},"footnotes":""},"class_list":["post-6195","page","type-page","status-publish","hentry"],"post_mailing_queue_ids":[],"_links":{"self":[{"href":"https:\/\/agora.xtec.cat\/iesgallecs\/wp-json\/wp\/v2\/pages\/6195","targetHints":{"allow":["GET"]}}],"collection":[{"href":"https:\/\/agora.xtec.cat\/iesgallecs\/wp-json\/wp\/v2\/pages"}],"about":[{"href":"https:\/\/agora.xtec.cat\/iesgallecs\/wp-json\/wp\/v2\/types\/page"}],"author":[{"embeddable":true,"href":"https:\/\/agora.xtec.cat\/iesgallecs\/wp-json\/wp\/v2\/users\/36"}],"replies":[{"embeddable":true,"href":"https:\/\/agora.xtec.cat\/iesgallecs\/wp-json\/wp\/v2\/comments?post=6195"}],"version-history":[{"count":3,"href":"https:\/\/agora.xtec.cat\/iesgallecs\/wp-json\/wp\/v2\/pages\/6195\/revisions"}],"predecessor-version":[{"id":7061,"href":"https:\/\/agora.xtec.cat\/iesgallecs\/wp-json\/wp\/v2\/pages\/6195\/revisions\/7061"}],"up":[{"embeddable":true,"href":"https:\/\/agora.xtec.cat\/iesgallecs\/wp-json\/wp\/v2\/pages\/1816"}],"wp:attachment":[{"href":"https:\/\/agora.xtec.cat\/iesgallecs\/wp-json\/wp\/v2\/media?parent=6195"}],"curies":[{"name":"wp","href":"https:\/\/api.w.org\/{rel}","templated":true}]}}