{"id":606,"date":"2019-01-19T19:14:49","date_gmt":"2019-01-19T18:14:49","guid":{"rendered":"https:\/\/agora.xtec.cat\/iesgallecs\/?page_id=606"},"modified":"2026-04-15T14:03:52","modified_gmt":"2026-04-15T12:03:52","slug":"altres-tramits","status":"publish","type":"page","link":"https:\/\/agora.xtec.cat\/iesgallecs\/linstitut\/secretaria\/altres-tramits\/","title":{"rendered":"Certificats i altres tr\u00e0mits"},"content":{"rendered":"<h4><strong>Procediment per sol\u00b7licitar certificats (telem\u00e0tic)<\/strong><\/h4>\n<p>Enviar a l&#8217;adre\u00e7a de correu secretaria@insgallecs.cat una sol\u00b7licitud de certificat on consti:<\/p>\n<ul>\n<li>Nom i cognoms<\/li>\n<li>DNI<\/li>\n<li>Tel\u00e8fon i adre\u00e7a electr\u00f2nica<\/li>\n<li>Tipus de certificat que sol\u00b7liciteu (Nivell C1, escolaritzaci\u00f3, dades acad\u00e8miques, etc)<\/li>\n<li><strong>Juntament amb la sol\u00b7licitud c\u00f2pia del vostre DNI<\/strong><\/li>\n<\/ul>\n<h3>Certificats d\u2019equival\u00e8ncia del nivell de Catal\u00e0<\/h3>\n<p>Per poder demanar l\u2019equival\u00e8ncia del nivell de catal\u00e0, amb la finalitat de presentar-lo a una oposici\u00f3 o b\u00e9 a una borsa de treball, cal que comproveu abans si compliu algun dels requisits de la taula seg\u00fcent: <a href=\"https:\/\/llengua.gencat.cat\/ca\/serveis\/acreditacio_coneixements\/certificats_de_catala\/\" target=\"_blank\" rel=\"noopener\">Taula d\u2019equival\u00e8ncies del nivell de Catal\u00e0<\/a><\/p>\n<p>En cas afirmatiu, cal que ens lliureu la seg\u00fcent documentaci\u00f3:<\/p>\n<ol>\n<li>Sol\u00b7licitud<\/li>\n<li>Original i fotoc\u00f2pia del DNI o\u00a0 NIE<\/li>\n<li>Documentaci\u00f3 acad\u00e8mica (segons correspongui):<\/li>\n<\/ol>\n<p>Nivell B:<\/p>\n<ol>\n<li>Original del llibre d\u2019escolaritat d\u2019 EGB<\/li>\n<li>Original del llibre d\u2019escolaritat d\u2019 EGB, del certificat de qualificacions d\u2019FP1 i del t\u00edtol d\u2019FP1<\/li>\n<\/ol>\n<p>Nivell C:<\/p>\n<ol>\n<li>Original del llibre d\u2019escolaritat d\u2019 ESO<\/li>\n<li>Original del llibre d\u2019escolaritat d\u2019 ESO, llibre qualificacions de BUP i llibre de qualificacions de Batxillerat (alumnat que va cursar 1r i 2n de BUP i despr\u00e9s el Batxillerat)<\/li>\n<li>Original del llibre d\u2019escolaritat d\u2019 EGB i del llibre de qualificacions de BUP<\/li>\n<li>Original del llibre d\u2019escolaritat d\u2019 EGB, del certificat de qualificacions d\u2019FP1 i FP2 i del t\u00edtol d\u2019FP2<\/li>\n<\/ol>\n<h3>Certificats de matr\u00edcula (del curs actual i de cursos anteriors)<\/h3>\n<p>L\u2019alumne\/a si es major d\u2019edat o els seus tutors en el cas que sigui menor hauran d\u2019omplir la inst\u00e0ncia degudament signada i portar-la a la secretaria del centre.<\/p>\n<h3>Certificats de qualificacions<\/h3>\n<p>L\u2019alumne\/a si es major d\u2019edat o els seus tutors en el cas que sigui menor hauran d\u2019omplir la inst\u00e0ncia degudament signada i portar-la a la secretaria del centre.<\/p>\n<h3>Baixa de l\u2019alumne\/a<\/h3>\n<p>L\u2019alumne\/a si es major d\u2019edat o els seus tutors en el cas que sigui menor hauran d\u2019omplir la inst\u00e0ncia degudament signada i portar-la a la secretaria del centre.<\/p>\n<h3>Baixa de cr\u00e8dits per a cicles formatius<\/h3>\n<p>L\u2019alumne\/a si es major d\u2019edat o els seus tutors en el cas que sigui menor hauran d\u2019omplir la inst\u00e0ncia degudament signada i portar-la a la secretaria del centre.<\/p>\n","protected":false},"excerpt":{"rendered":"<p>Procediment per sol\u00b7licitar certificats (telem\u00e0tic) Enviar a l&#8217;adre\u00e7a de correu secretaria@insgallecs.cat una sol\u00b7licitud de certificat on consti: Nom i cognoms DNI Tel\u00e8fon i adre\u00e7a electr\u00f2nica Tipus de certificat que sol\u00b7liciteu (Nivell C1, escolaritzaci\u00f3, dades acad\u00e8miques, etc) Juntament amb la sol\u00b7licitud c\u00f2pia del vostre DNI Certificats d\u2019equival\u00e8ncia del nivell de Catal\u00e0 Per poder demanar l\u2019equival\u00e8ncia del [&hellip;]<\/p>\n","protected":false},"author":1,"featured_media":0,"parent":81,"menu_order":0,"comment_status":"closed","ping_status":"closed","template":"","meta":{"site-sidebar-layout":"default","site-content-layout":"","ast-site-content-layout":"default","site-content-style":"default","site-sidebar-style":"default","ast-global-header-display":"","ast-banner-title-visibility":"","ast-main-header-display":"","ast-hfb-above-header-display":"","ast-hfb-below-header-display":"","ast-hfb-mobile-header-display":"","site-post-title":"","ast-breadcrumbs-content":"","ast-featured-img":"","footer-sml-layout":"","theme-transparent-header-meta":"default","adv-header-id-meta":"","stick-header-meta":"","header-above-stick-meta":"","header-main-stick-meta":"","header-below-stick-meta":"","astra-migrate-meta-layouts":"set","ast-page-background-enabled":"default","ast-page-background-meta":{"desktop":{"background-color":"var(--ast-global-color-5)","background-image":"","background-repeat":"repeat","background-position":"center center","background-size":"auto","background-attachment":"scroll","background-type":"","background-media":"","overlay-type":"","overlay-color":"","overlay-opacity":"","overlay-gradient":""},"tablet":{"background-color":"","background-image":"","background-repeat":"repeat","background-position":"center center","background-size":"auto","background-attachment":"scroll","background-type":"","background-media":"","overlay-type":"","overlay-color":"","overlay-opacity":"","overlay-gradient":""},"mobile":{"background-color":"","background-image":"","background-repeat":"repeat","background-position":"center center","background-size":"auto","background-attachment":"scroll","background-type":"","background-media":"","overlay-type":"","overlay-color":"","overlay-opacity":"","overlay-gradient":""}},"ast-content-background-meta":{"desktop":{"background-color":"var(--ast-global-color-4)","background-image":"","background-repeat":"repeat","background-position":"center center","background-size":"auto","background-attachment":"scroll","background-type":"","background-media":"","overlay-type":"","overlay-color":"","overlay-opacity":"","overlay-gradient":""},"tablet":{"background-color":"var(--ast-global-color-4)","background-image":"","background-repeat":"repeat","background-position":"center center","background-size":"auto","background-attachment":"scroll","background-type":"","background-media":"","overlay-type":"","overlay-color":"","overlay-opacity":"","overlay-gradient":""},"mobile":{"background-color":"var(--ast-global-color-4)","background-image":"","background-repeat":"repeat","background-position":"center center","background-size":"auto","background-attachment":"scroll","background-type":"","background-media":"","overlay-type":"","overlay-color":"","overlay-opacity":"","overlay-gradient":""}},"footnotes":""},"class_list":["post-606","page","type-page","status-publish","hentry"],"post_mailing_queue_ids":[],"_links":{"self":[{"href":"https:\/\/agora.xtec.cat\/iesgallecs\/wp-json\/wp\/v2\/pages\/606","targetHints":{"allow":["GET"]}}],"collection":[{"href":"https:\/\/agora.xtec.cat\/iesgallecs\/wp-json\/wp\/v2\/pages"}],"about":[{"href":"https:\/\/agora.xtec.cat\/iesgallecs\/wp-json\/wp\/v2\/types\/page"}],"author":[{"embeddable":true,"href":"https:\/\/agora.xtec.cat\/iesgallecs\/wp-json\/wp\/v2\/users\/1"}],"replies":[{"embeddable":true,"href":"https:\/\/agora.xtec.cat\/iesgallecs\/wp-json\/wp\/v2\/comments?post=606"}],"version-history":[{"count":4,"href":"https:\/\/agora.xtec.cat\/iesgallecs\/wp-json\/wp\/v2\/pages\/606\/revisions"}],"predecessor-version":[{"id":7443,"href":"https:\/\/agora.xtec.cat\/iesgallecs\/wp-json\/wp\/v2\/pages\/606\/revisions\/7443"}],"up":[{"embeddable":true,"href":"https:\/\/agora.xtec.cat\/iesgallecs\/wp-json\/wp\/v2\/pages\/81"}],"wp:attachment":[{"href":"https:\/\/agora.xtec.cat\/iesgallecs\/wp-json\/wp\/v2\/media?parent=606"}],"curies":[{"name":"wp","href":"https:\/\/api.w.org\/{rel}","templated":true}]}}