{"id":4809,"date":"2023-03-15T20:14:07","date_gmt":"2023-03-15T19:14:07","guid":{"rendered":"https:\/\/agora.xtec.cat\/iesgallecs\/?page_id=4809"},"modified":"2025-03-06T16:39:53","modified_gmt":"2025-03-06T15:39:53","slug":"cfgs-anatomia-patologica-i-citodiagnostic","status":"publish","type":"page","link":"https:\/\/agora.xtec.cat\/iesgallecs\/cicles-formatius\/sanitat-2\/cfgs-anatomia-patologica-i-citodiagnostic\/","title":{"rendered":"CFGS-Anatomia Patol\u00f2gica i Citodiagn\u00f2stic"},"content":{"rendered":"<h2>CFGS Anatomia Patol\u00f2gica i Citodiagn\u00f2stic<\/h2>\n<div class=\"ast-oembed-container \" style=\"height: 100%;\"><iframe loading=\"lazy\" title=\"CFGS Anatomia Patol\u00f2gica i Citodiagn\u00f2stic\" width=\"500\" height=\"281\" src=\"https:\/\/www.youtube.com\/embed\/RyWEpAc0gMs?feature=oembed\" frameborder=\"0\" allow=\"accelerometer; autoplay; clipboard-write; encrypted-media; gyroscope; picture-in-picture; web-share\" referrerpolicy=\"strict-origin-when-cross-origin\" allowfullscreen><\/iframe><\/div>\n<p><a href=\"https:\/\/agora.xtec.cat\/iesgallecs\/wp-content\/uploads\/usu1971\/2025\/03\/MODULS-ANATOMIA-PATOLOGICA.jpg\"><img loading=\"lazy\" decoding=\"async\" class=\" wp-image-6398 alignnone\" src=\"https:\/\/agora.xtec.cat\/iesgallecs\/wp-content\/uploads\/usu1971\/2025\/03\/MODULS-ANATOMIA-PATOLOGICA.jpg\" alt=\"\" width=\"953\" height=\"743\" srcset=\"https:\/\/agora.xtec.cat\/iesgallecs\/wp-content\/uploads\/usu1971\/2025\/03\/MODULS-ANATOMIA-PATOLOGICA.jpg 634w, https:\/\/agora.xtec.cat\/iesgallecs\/wp-content\/uploads\/usu1971\/2025\/03\/MODULS-ANATOMIA-PATOLOGICA-300x234.jpg 300w\" sizes=\"auto, (max-width: 953px) 100vw, 953px\" \/><\/a><\/p>\n<p><strong>Compet\u00e8ncia general<\/strong><\/p>\n<p>La compet\u00e8ncia general d&#8217;aquest t\u00edtol consisteix en processar mostres histol\u00f2giques i citol\u00f2giques, seleccionar i fer l&#8217;aproximaci\u00f3 diagn\u00f2stica de citologies ginecol\u00f2giques i generals, i col\u00b7laborar en la realitzaci\u00f3 de necr\u00f2psies cl\u00edniques i forenses, de manera que serveixin com a suport al diagn\u00f2stic cl\u00ednic o medicolegal, organitzant i programant el treball, i complint criteris de qualitat del servei i d&#8217;optimitzaci\u00f3 de recursos, sota la supervisi\u00f3 facultativa corresponent.<\/p>\n<p><strong>Compet\u00e8ncies professionals, personals i socials<\/strong><\/p>\n<ol>\n<li>Organitzar i gestionar al seu nivell l&#8217;\u00e0rea de treball, realitzant el control d&#8217;exist\u00e8ncies segons els procediments establerts.<\/li>\n<li>Obtenir les mostres biol\u00f2giques, segons protocol establert en la unitat, i distribuir-les en relaci\u00f3 amb les demandes cl\u00edniques i \/ o anal\u00edtiques, assegurant la seva conservaci\u00f3 al llarg del proc\u00e9s.<\/li>\n<li>Garantir la qualitat del proc\u00e9s, assegurant la tra\u00e7abilitat, segons els protocols establerts.<\/li>\n<li>Verificar el funcionament dels equips, aplicant procediments de qualitat i seguretat.<\/li>\n<li>Condicionar la mostra per al seu estudi, aplicant t\u00e8cniques de processament preanal\u00edtic i seguint els protocols de qualitat i seguretat establerts.<\/li>\n<li>Avaluar la coher\u00e8ncia i fiabilitat dels resultats obtinguts en els estudis, utilitzant les aplicacions inform\u00e0tiques.<\/li>\n<li>Aplicar t\u00e8cniques d&#8217;an\u00e0lisi gen\u00e8tica a mostres biol\u00f2giques i cultius cel\u00b7lulars, segons els protocols establerts.<\/li>\n<li>Realitzar l&#8217;aproximaci\u00f3 diagn\u00f2stica de mostres citol\u00f2giques ginecol\u00f2giques, en funci\u00f3 dels patrons cel\u00b7lulars.<\/li>\n<li>Realitzar l&#8217;aproximaci\u00f3 diagn\u00f2stica de mostres citol\u00f2giques no ginecol\u00f2giques, en funci\u00f3 dels patrons cel\u00b7lulars.<\/li>\n<li>Tallar i processar mostres histol\u00f2giques i citol\u00f2giques, obtenint preparacions microsc\u00f2piques de qualitat adequada per al seu estudi.<\/li>\n<li>Aplicar t\u00e8cniques immunohistoqu\u00edmiques i de biologia molecular, seleccionant els procediments en funci\u00f3 de la determinaci\u00f3 sol\u00b7licitada.<\/li>\n<li>Aplicar procediments t\u00e8cnics en la realitzaci\u00f3 de necr\u00f2psies cl\u00edniques o medicolegals, registrant dades segons els protocols.<\/li>\n<li>Realitzar t\u00e8cniques necr\u00f2psiques, sota la supervisi\u00f3 del pat\u00f2leg, obtenint mostres identificades i recomponent el cad\u00e0ver.<\/li>\n<li>Assegurar el compliment de les normes i mesures de protecci\u00f3 ambiental i personal, identificant la normativa aplicable.<\/li>\n<li>Adaptar-se a les noves situacions laborals, mantenint actualitzats els coneixements cient\u00edfics, t\u00e8cnics i tecnol\u00f2gics relatius al seu entorn professional, gestionant la seva formaci\u00f3 i els recursos existents en l&#8217;aprenentatge al llarg de la vida i utilitzant les tecnologies de la informaci\u00f3 i la comunicaci\u00f3 .<\/li>\n<li>Resoldre situacions, problemes o conting\u00e8ncies amb iniciativa i autonomia en l&#8217;\u00e0mbit de la seva compet\u00e8ncia, amb creativitat, innovaci\u00f3 i esperit de millora en el treball personal i en el dels membres de l&#8217;equip.<\/li>\n<li>Organitzar i coordinar equips de treball amb responsabilitat i assegurar l&#8217;\u00fas eficient dels recursos, supervisant el desenvolupament del mateix, mantenint relacions fluides i assumint el lideratge, aix\u00ed com aportant solucions als conflictes grupals que es presentin.<\/li>\n<li>Comunicar-se amb els seus iguals, superiors, clients i persones sota la seva responsabilitat, utilitzant vies eficaces de comunicaci\u00f3, transmetent la informaci\u00f3 o coneixements adequats, i respectant l&#8217;autonomia i compet\u00e8ncia de les persones que intervenen en l&#8217;\u00e0mbit del seu treball.<\/li>\n<li>Generar entorns segurs en el desenvolupament del seu treball i el del seu equip, supervisant i aplicant els procediments de prevenci\u00f3 de riscos laborals i ambientals, d&#8217;acord amb el que estableix la normativa i els objectius de l&#8217;empresa.<\/li>\n<li>Supervisar i aplicar procediments, d&#8217;accessibilitat universal i de \u00abdisseny per a tothom\u00bb, en les activitats professionals incloses en els processos de producci\u00f3 o prestaci\u00f3 de serveis.<\/li>\n<li>Realitzar la gesti\u00f3 b\u00e0sica per a la creaci\u00f3 i funcionament d&#8217;una petita empresa i tenir iniciativa en la seva activitat professional amb sentit de la responsabilitat social.<\/li>\n<li>Exercir els seus drets i complir amb les obligacions derivades de la seva activitat professional, incloent les relacionades amb el suport vital b\u00e0sic, amb responsabilitat social aplicant principis \u00e8tics en els processos de salut i en els protocols de g\u00e8nere d&#8217;acord amb el que estableix la legislaci\u00f3 vigent, participant activament en la vida econ\u00f2mica, social i cultural.<\/li>\n<\/ol>\n\r\n\t<div class=\"slideshow_container slideshow_container_style-light\" style=\"height: 300px; \" data-slideshow-id=\"5329\" data-style-name=\"style-light\" data-style-version=\"2.3.1\" >\r\n\r\n\t\t\t\t\t<div class=\"slideshow_loading_icon\"><\/div>\r\n\t\t\r\n\t\t<div class=\"slideshow_content\" style=\"display: none;\">\r\n\r\n\t\t\t<div class=\"slideshow_view\">\r\n\t\t\t\t<div class=\"slideshow_slide slideshow_slide_image\">\r\n\t\t\t\t\t\t\t\t\t\t\t<img src=\"https:\/\/agora.xtec.cat\/iesgallecs\/wp-content\/uploads\/usu1971\/2023\/11\/IMG_20231113_182940-scaled.jpg\" alt=\"IMG_20231113_182940\" width=\"2560\" height=\"1507\" \/>\r\n\t\t\t\t\t\t\t\t\t\t<div class=\"slideshow_description_box slideshow_transparent\">\r\n\t\t\t\t\t\t<div class=\"slideshow_title\">IMG_20231113_182940<\/div>\t\t\t\t\t\t\t\t\t\t\t<\/div>\r\n\t\t\t\t<\/div>\r\n\r\n\t\t\t\t\t\t<div style=\"clear: both;\"><\/div><\/div><div class=\"slideshow_view\">\r\n\t\t\t\t<div class=\"slideshow_slide slideshow_slide_image\">\r\n\t\t\t\t\t\t\t\t\t\t\t<img src=\"https:\/\/agora.xtec.cat\/iesgallecs\/wp-content\/uploads\/usu1971\/2023\/11\/IMG_20231113_183003-scaled.jpg\" alt=\"IMG_20231113_183003\" width=\"2560\" height=\"1455\" \/>\r\n\t\t\t\t\t\t\t\t\t\t<div class=\"slideshow_description_box slideshow_transparent\">\r\n\t\t\t\t\t\t<div class=\"slideshow_title\">IMG_20231113_183003<\/div>\t\t\t\t\t\t\t\t\t\t\t<\/div>\r\n\t\t\t\t<\/div>\r\n\r\n\t\t\t\t\t\t<div style=\"clear: both;\"><\/div><\/div><div class=\"slideshow_view\">\r\n\t\t\t\t<div class=\"slideshow_slide slideshow_slide_image\">\r\n\t\t\t\t\t\t\t\t\t\t\t<img src=\"https:\/\/agora.xtec.cat\/iesgallecs\/wp-content\/uploads\/usu1971\/2023\/11\/IMG_20231113_182935-scaled.jpg\" alt=\"IMG_20231113_182935\" width=\"2560\" height=\"1451\" \/>\r\n\t\t\t\t\t\t\t\t\t\t<div class=\"slideshow_description_box slideshow_transparent\">\r\n\t\t\t\t\t\t<div class=\"slideshow_title\">IMG_20231113_182935<\/div>\t\t\t\t\t\t\t\t\t\t\t<\/div>\r\n\t\t\t\t<\/div>\r\n\r\n\t\t\t\t\t\t<div style=\"clear: both;\"><\/div><\/div><div class=\"slideshow_view\">\r\n\t\t\t\t<div class=\"slideshow_slide slideshow_slide_image\">\r\n\t\t\t\t\t\t\t\t\t\t\t<img src=\"https:\/\/agora.xtec.cat\/iesgallecs\/wp-content\/uploads\/usu1971\/2023\/11\/IMG_20231113_183006-scaled.jpg\" alt=\"IMG_20231113_183006\" width=\"2560\" height=\"1423\" \/>\r\n\t\t\t\t\t\t\t\t\t\t<div class=\"slideshow_description_box slideshow_transparent\">\r\n\t\t\t\t\t\t<div class=\"slideshow_title\">IMG_20231113_183006<\/div>\t\t\t\t\t\t\t\t\t\t\t<\/div>\r\n\t\t\t\t<\/div>\r\n\r\n\t\t\t\t\t\t<div style=\"clear: both;\"><\/div><\/div><div class=\"slideshow_view\">\r\n\t\t\t\t<div class=\"slideshow_slide slideshow_slide_image\">\r\n\t\t\t\t\t\t\t\t\t\t\t<img src=\"https:\/\/agora.xtec.cat\/iesgallecs\/wp-content\/uploads\/usu1971\/2023\/11\/IMG_20231113_182957-scaled.jpg\" alt=\"IMG_20231113_182957\" width=\"2560\" height=\"1612\" \/>\r\n\t\t\t\t\t\t\t\t\t\t<div class=\"slideshow_description_box slideshow_transparent\">\r\n\t\t\t\t\t\t<div class=\"slideshow_title\">IMG_20231113_182957<\/div>\t\t\t\t\t\t\t\t\t\t\t<\/div>\r\n\t\t\t\t<\/div>\r\n\r\n\t\t\t\t\t\t<div style=\"clear: both;\"><\/div><\/div>\r\n\t\t<\/div>\r\n\r\n\t\t<div class=\"slideshow_controlPanel slideshow_transparent\" style=\"display: none;\"><ul><li class=\"slideshow_togglePlay\" data-play-text=\"Visualitza\" data-pause-text=\"Pausa\"><\/li><\/ul><\/div>\r\n\r\n\t\t<div class=\"slideshow_button slideshow_previous slideshow_transparent\" role=\"button\" data-previous-text=\"Anterior\" style=\"display: none;\"><\/div>\r\n\t\t<div class=\"slideshow_button slideshow_next slideshow_transparent\" role=\"button\" data-next-text=\"Seg\u00fcent\" style=\"display: none;\"><\/div>\r\n\r\n\t\t<div class=\"slideshow_pagination\" style=\"display: none;\" data-go-to-text=\"V\u00e9s a la diapositiva\"><div class=\"slideshow_pagination_center\"><\/div><\/div>\r\n\r\n\t\t<!-- WordPress Slideshow Version 2.3.1 -->\r\n\r\n\t\t\t<\/div>\r\n\r\n\n","protected":false},"excerpt":{"rendered":"<p>CFGS Anatomia Patol\u00f2gica i Citodiagn\u00f2stic Compet\u00e8ncia general La compet\u00e8ncia general d&#8217;aquest t\u00edtol consisteix en processar mostres histol\u00f2giques i citol\u00f2giques, seleccionar i fer l&#8217;aproximaci\u00f3 diagn\u00f2stica de citologies ginecol\u00f2giques i generals, i col\u00b7laborar en la realitzaci\u00f3 de necr\u00f2psies cl\u00edniques i forenses, de manera que serveixin com a suport al diagn\u00f2stic cl\u00ednic o medicolegal, organitzant i programant el [&hellip;]<\/p>\n","protected":false},"author":36,"featured_media":0,"parent":2752,"menu_order":5,"comment_status":"closed","ping_status":"closed","template":"page-templates\/side-menu.php","meta":{"site-sidebar-layout":"default","site-content-layout":"","ast-site-content-layout":"","site-content-style":"default","site-sidebar-style":"default","ast-global-header-display":"","ast-banner-title-visibility":"","ast-main-header-display":"","ast-hfb-above-header-display":"","ast-hfb-below-header-display":"","ast-hfb-mobile-header-display":"","site-post-title":"","ast-breadcrumbs-content":"","ast-featured-img":"","footer-sml-layout":"","theme-transparent-header-meta":"","adv-header-id-meta":"","stick-header-meta":"","header-above-stick-meta":"","header-main-stick-meta":"","header-below-stick-meta":"","astra-migrate-meta-layouts":"default","ast-page-background-enabled":"default","ast-page-background-meta":{"desktop":{"background-color":"var(--ast-global-color-5)","background-image":"","background-repeat":"repeat","background-position":"center center","background-size":"auto","background-attachment":"scroll","background-type":"","background-media":"","overlay-type":"","overlay-color":"","overlay-opacity":"","overlay-gradient":""},"tablet":{"background-color":"","background-image":"","background-repeat":"repeat","background-position":"center center","background-size":"auto","background-attachment":"scroll","background-type":"","background-media":"","overlay-type":"","overlay-color":"","overlay-opacity":"","overlay-gradient":""},"mobile":{"background-color":"","background-image":"","background-repeat":"repeat","background-position":"center center","background-size":"auto","background-attachment":"scroll","background-type":"","background-media":"","overlay-type":"","overlay-color":"","overlay-opacity":"","overlay-gradient":""}},"ast-content-background-meta":{"desktop":{"background-color":"var(--ast-global-color-4)","background-image":"","background-repeat":"repeat","background-position":"center center","background-size":"auto","background-attachment":"scroll","background-type":"","background-media":"","overlay-type":"","overlay-color":"","overlay-opacity":"","overlay-gradient":""},"tablet":{"background-color":"var(--ast-global-color-4)","background-image":"","background-repeat":"repeat","background-position":"center center","background-size":"auto","background-attachment":"scroll","background-type":"","background-media":"","overlay-type":"","overlay-color":"","overlay-opacity":"","overlay-gradient":""},"mobile":{"background-color":"var(--ast-global-color-4)","background-image":"","background-repeat":"repeat","background-position":"center center","background-size":"auto","background-attachment":"scroll","background-type":"","background-media":"","overlay-type":"","overlay-color":"","overlay-opacity":"","overlay-gradient":""}},"footnotes":""},"class_list":["post-4809","page","type-page","status-publish","hentry"],"post_mailing_queue_ids":[],"_links":{"self":[{"href":"https:\/\/agora.xtec.cat\/iesgallecs\/wp-json\/wp\/v2\/pages\/4809","targetHints":{"allow":["GET"]}}],"collection":[{"href":"https:\/\/agora.xtec.cat\/iesgallecs\/wp-json\/wp\/v2\/pages"}],"about":[{"href":"https:\/\/agora.xtec.cat\/iesgallecs\/wp-json\/wp\/v2\/types\/page"}],"author":[{"embeddable":true,"href":"https:\/\/agora.xtec.cat\/iesgallecs\/wp-json\/wp\/v2\/users\/36"}],"replies":[{"embeddable":true,"href":"https:\/\/agora.xtec.cat\/iesgallecs\/wp-json\/wp\/v2\/comments?post=4809"}],"version-history":[{"count":6,"href":"https:\/\/agora.xtec.cat\/iesgallecs\/wp-json\/wp\/v2\/pages\/4809\/revisions"}],"predecessor-version":[{"id":6401,"href":"https:\/\/agora.xtec.cat\/iesgallecs\/wp-json\/wp\/v2\/pages\/4809\/revisions\/6401"}],"up":[{"embeddable":true,"href":"https:\/\/agora.xtec.cat\/iesgallecs\/wp-json\/wp\/v2\/pages\/2752"}],"wp:attachment":[{"href":"https:\/\/agora.xtec.cat\/iesgallecs\/wp-json\/wp\/v2\/media?parent=4809"}],"curies":[{"name":"wp","href":"https:\/\/api.w.org\/{rel}","templated":true}]}}