{"id":4209,"date":"2023-01-15T05:25:11","date_gmt":"2023-01-15T04:25:11","guid":{"rendered":"https:\/\/agora.xtec.cat\/iesgallecs\/?page_id=4209"},"modified":"2023-02-10T18:28:52","modified_gmt":"2023-02-10T17:28:52","slug":"accio-tutorial","status":"publish","type":"page","link":"https:\/\/agora.xtec.cat\/iesgallecs\/iniciatives\/accio-tutorial\/","title":{"rendered":"Acci\u00f3 tutorial"},"content":{"rendered":"<h5 style=\"text-align: justify;\">-L&#8217;objectiu principal de l&#8217;acci\u00f3 tutorial \u00e9s el desenvolupament personal i social de l\u2019alumnat en els aspectes intel\u00b7lectual, emocional i moral, la qual cosa es tradueix en un seguiment individual i grupal de l&#8217;alumnat per part del professorat.<\/h5>\n<h5 style=\"text-align: justify;\">-L&#8217;acci\u00f3 tutorial ha de garantir el trasp\u00e0s d&#8217;informaci\u00f3 entre la fam\u00edlia i l&#8217;escola; la implicaci\u00f3 de les fam\u00edlies en el proc\u00e9s educatiu dels seus fills\/es; l&#8217;orientaci\u00f3 personal, acad\u00e8mica i professional de l\u2019alumnat; i el control de la conviv\u00e8ncia del grup d&#8217;alumnes.<\/h5>\n<h5 style=\"text-align: justify;\">-La col\u00b7laboraci\u00f3 amb les fam\u00edlies dels alumnes menors d\u2019edat \u00e9s imprescindible per que l\u2019acci\u00f3 tutorial sigui d\u2019excel\u00b7l\u00e8ncia.<\/h5>\n<h5 style=\"text-align: justify;\">-En la Formaci\u00f3 Professional l\u2019Acci\u00f3 tutorial ha de permetre desenvolupar les compet\u00e8ncies professionals, personals i socials, aix\u00ed com les capacitats clau dels perfils professionals dels t\u00edtols.<\/h5>\n<h5 style=\"text-align: justify;\">L\u2019ACCI\u00d3 TUTORIAL ES DESENVOLUPA EN RELACI\u00d3 A:<img loading=\"lazy\" decoding=\"async\" class=\" wp-image-4213 alignright\" style=\"border: none; color: #2795b6; font-size: 16px; font-weight: 400; text-align: start;\" src=\"https:\/\/agora.xtec.cat\/iesgallecs\/wp-content\/uploads\/usu1971\/2023\/01\/tutoring.png\" alt=\"\" width=\"406\" height=\"406\" srcset=\"https:\/\/agora.xtec.cat\/iesgallecs\/wp-content\/uploads\/usu1971\/2023\/01\/tutoring.png 720w, https:\/\/agora.xtec.cat\/iesgallecs\/wp-content\/uploads\/usu1971\/2023\/01\/tutoring-300x300.png 300w, https:\/\/agora.xtec.cat\/iesgallecs\/wp-content\/uploads\/usu1971\/2023\/01\/tutoring-150x150.png 150w\" sizes=\"auto, (max-width: 406px) 100vw, 406px\" \/><\/h5>\n<p>1. El grup classe.<br \/>\n2. L\u2019alumnat, individualment.<br \/>\n3. La resta de l\u2019equip docent.<br \/>\n4. Les fam\u00edlies.<br \/>\n5. Els serveis externs.<br \/>\n6. Col\u00b7laboraci\u00f3 amb les empreses<br \/>\n7. La gesti\u00f3 documental i administrativa.<\/p>\n<p>&nbsp;<\/p>\n","protected":false},"excerpt":{"rendered":"<p>-L&#8217;objectiu principal de l&#8217;acci\u00f3 tutorial \u00e9s el desenvolupament personal i social de l\u2019alumnat en els aspectes intel\u00b7lectual, emocional i moral, la qual cosa es tradueix en un seguiment individual i grupal de l&#8217;alumnat per part del professorat. -L&#8217;acci\u00f3 tutorial ha de garantir el trasp\u00e0s d&#8217;informaci\u00f3 entre la fam\u00edlia i l&#8217;escola; la implicaci\u00f3 de les fam\u00edlies [&hellip;]<\/p>\n","protected":false},"author":36,"featured_media":0,"parent":2487,"menu_order":0,"comment_status":"closed","ping_status":"closed","template":"page-templates\/side-menu.php","meta":{"site-sidebar-layout":"default","site-content-layout":"","ast-site-content-layout":"","site-content-style":"default","site-sidebar-style":"default","ast-global-header-display":"","ast-banner-title-visibility":"","ast-main-header-display":"","ast-hfb-above-header-display":"","ast-hfb-below-header-display":"","ast-hfb-mobile-header-display":"","site-post-title":"","ast-breadcrumbs-content":"","ast-featured-img":"","footer-sml-layout":"","theme-transparent-header-meta":"","adv-header-id-meta":"","stick-header-meta":"","header-above-stick-meta":"","header-main-stick-meta":"","header-below-stick-meta":"","astra-migrate-meta-layouts":"default","ast-page-background-enabled":"default","ast-page-background-meta":{"desktop":{"background-color":"var(--ast-global-color-5)","background-image":"","background-repeat":"repeat","background-position":"center center","background-size":"auto","background-attachment":"scroll","background-type":"","background-media":"","overlay-type":"","overlay-color":"","overlay-opacity":"","overlay-gradient":""},"tablet":{"background-color":"","background-image":"","background-repeat":"repeat","background-position":"center center","background-size":"auto","background-attachment":"scroll","background-type":"","background-media":"","overlay-type":"","overlay-color":"","overlay-opacity":"","overlay-gradient":""},"mobile":{"background-color":"","background-image":"","background-repeat":"repeat","background-position":"center center","background-size":"auto","background-attachment":"scroll","background-type":"","background-media":"","overlay-type":"","overlay-color":"","overlay-opacity":"","overlay-gradient":""}},"ast-content-background-meta":{"desktop":{"background-color":"var(--ast-global-color-4)","background-image":"","background-repeat":"repeat","background-position":"center center","background-size":"auto","background-attachment":"scroll","background-type":"","background-media":"","overlay-type":"","overlay-color":"","overlay-opacity":"","overlay-gradient":""},"tablet":{"background-color":"var(--ast-global-color-4)","background-image":"","background-repeat":"repeat","background-position":"center center","background-size":"auto","background-attachment":"scroll","background-type":"","background-media":"","overlay-type":"","overlay-color":"","overlay-opacity":"","overlay-gradient":""},"mobile":{"background-color":"var(--ast-global-color-4)","background-image":"","background-repeat":"repeat","background-position":"center center","background-size":"auto","background-attachment":"scroll","background-type":"","background-media":"","overlay-type":"","overlay-color":"","overlay-opacity":"","overlay-gradient":""}},"footnotes":""},"class_list":["post-4209","page","type-page","status-publish","hentry"],"post_mailing_queue_ids":[],"_links":{"self":[{"href":"https:\/\/agora.xtec.cat\/iesgallecs\/wp-json\/wp\/v2\/pages\/4209","targetHints":{"allow":["GET"]}}],"collection":[{"href":"https:\/\/agora.xtec.cat\/iesgallecs\/wp-json\/wp\/v2\/pages"}],"about":[{"href":"https:\/\/agora.xtec.cat\/iesgallecs\/wp-json\/wp\/v2\/types\/page"}],"author":[{"embeddable":true,"href":"https:\/\/agora.xtec.cat\/iesgallecs\/wp-json\/wp\/v2\/users\/36"}],"replies":[{"embeddable":true,"href":"https:\/\/agora.xtec.cat\/iesgallecs\/wp-json\/wp\/v2\/comments?post=4209"}],"version-history":[{"count":3,"href":"https:\/\/agora.xtec.cat\/iesgallecs\/wp-json\/wp\/v2\/pages\/4209\/revisions"}],"predecessor-version":[{"id":4471,"href":"https:\/\/agora.xtec.cat\/iesgallecs\/wp-json\/wp\/v2\/pages\/4209\/revisions\/4471"}],"up":[{"embeddable":true,"href":"https:\/\/agora.xtec.cat\/iesgallecs\/wp-json\/wp\/v2\/pages\/2487"}],"wp:attachment":[{"href":"https:\/\/agora.xtec.cat\/iesgallecs\/wp-json\/wp\/v2\/media?parent=4209"}],"curies":[{"name":"wp","href":"https:\/\/api.w.org\/{rel}","templated":true}]}}