{"id":4203,"date":"2023-01-15T05:21:11","date_gmt":"2023-01-15T04:21:11","guid":{"rendered":"https:\/\/agora.xtec.cat\/iesgallecs\/?page_id=4203"},"modified":"2025-01-21T16:48:55","modified_gmt":"2025-01-21T15:48:55","slug":"emocionat","status":"publish","type":"page","link":"https:\/\/agora.xtec.cat\/iesgallecs\/iniciatives\/proa\/emocionat\/","title":{"rendered":"Emociona&#8217;t"},"content":{"rendered":"<p>&nbsp;<\/p>\n<div class=\"ast-oembed-container \" style=\"height: 100%;\"><iframe loading=\"lazy\" title=\"PROJECTE ESO- EMOCIONA&#039;T\" width=\"500\" height=\"281\" src=\"https:\/\/www.youtube.com\/embed\/N29eGAjlw58?feature=oembed\" frameborder=\"0\" allow=\"accelerometer; autoplay; clipboard-write; encrypted-media; gyroscope; picture-in-picture; web-share\" referrerpolicy=\"strict-origin-when-cross-origin\" allowfullscreen><\/iframe><\/div>\n<p>A continuaci\u00f3 veureu not\u00edcies i activitats del projecte emociona&#8217;t i de les sortides que es faran al llarg del curs.<\/p>\n<p>El dia 15 i 16 de desembre hem fet una sortida amb l&#8217;alumnat de 1r i 2n de l&#8217;ESO a &#8220;La Granja, Granja Escola Ability Training Center&#8221; de Santa Maria de Palautordera per realitzar un Programa Formatiu de Compet\u00e8ncies emocionals, subvencionat pel Programa de cooperaci\u00f3 territorial per a l&#8217;orientaci\u00f3, l&#8217;aven\u00e7 i l&#8217;enriquiment educatiu PROA+.<\/p>\n<p>Despr\u00e8s d&#8217;una formaci\u00f3 d&#8217;educaci\u00f3 emocional a l&#8217;Institut per part dels educadors\/es de &#8220;la Granja&#8221;, aquesta sortida \u00e9s la primera de les tres que farem al llarg del curs.<\/p>\n<p><a href=\"https:\/\/agora.xtec.cat\/iesgallecs\/programes-innovacio\/emocionat\/attachment\/1671537928480-2\/\" rel=\"attachment wp-att-4224\"><img loading=\"lazy\" decoding=\"async\" class=\"aligncenter size-full wp-image-4224\" src=\"https:\/\/agora.xtec.cat\/iesgallecs\/wp-content\/uploads\/usu1971\/2023\/01\/1671537928480-scaled.jpg\" alt=\"\" width=\"2560\" height=\"1773\" srcset=\"https:\/\/agora.xtec.cat\/iesgallecs\/wp-content\/uploads\/usu1971\/2023\/01\/1671537928480-scaled.jpg 2560w, https:\/\/agora.xtec.cat\/iesgallecs\/wp-content\/uploads\/usu1971\/2023\/01\/1671537928480-300x208.jpg 300w, https:\/\/agora.xtec.cat\/iesgallecs\/wp-content\/uploads\/usu1971\/2023\/01\/1671537928480-1024x709.jpg 1024w, https:\/\/agora.xtec.cat\/iesgallecs\/wp-content\/uploads\/usu1971\/2023\/01\/1671537928480-768x532.jpg 768w, https:\/\/agora.xtec.cat\/iesgallecs\/wp-content\/uploads\/usu1971\/2023\/01\/1671537928480-1536x1064.jpg 1536w, https:\/\/agora.xtec.cat\/iesgallecs\/wp-content\/uploads\/usu1971\/2023\/01\/1671537928480-2048x1419.jpg 2048w\" sizes=\"auto, (max-width: 2560px) 100vw, 2560px\" \/><\/a><\/p>\n<p>&nbsp;<\/p>\n<p><a href=\"https:\/\/agora.xtec.cat\/iesgallecs\/programes-innovacio\/emocionat\/attachment\/1671537843685-3\/\" rel=\"attachment wp-att-4226\"><img loading=\"lazy\" decoding=\"async\" class=\"aligncenter size-full wp-image-4226\" src=\"https:\/\/agora.xtec.cat\/iesgallecs\/wp-content\/uploads\/usu1971\/2023\/01\/1671537843685-scaled.jpg\" alt=\"\" width=\"2560\" height=\"1457\" srcset=\"https:\/\/agora.xtec.cat\/iesgallecs\/wp-content\/uploads\/usu1971\/2023\/01\/1671537843685-scaled.jpg 2560w, https:\/\/agora.xtec.cat\/iesgallecs\/wp-content\/uploads\/usu1971\/2023\/01\/1671537843685-300x171.jpg 300w, https:\/\/agora.xtec.cat\/iesgallecs\/wp-content\/uploads\/usu1971\/2023\/01\/1671537843685-1024x583.jpg 1024w, https:\/\/agora.xtec.cat\/iesgallecs\/wp-content\/uploads\/usu1971\/2023\/01\/1671537843685-768x437.jpg 768w, https:\/\/agora.xtec.cat\/iesgallecs\/wp-content\/uploads\/usu1971\/2023\/01\/1671537843685-1536x874.jpg 1536w, https:\/\/agora.xtec.cat\/iesgallecs\/wp-content\/uploads\/usu1971\/2023\/01\/1671537843685-2048x1165.jpg 2048w\" sizes=\"auto, (max-width: 2560px) 100vw, 2560px\" \/><\/a><\/p>\n<p><a href=\"https:\/\/agora.xtec.cat\/iesgallecs\/programes-innovacio\/emocionat\/attachment\/1671537746545-1-2\/\" rel=\"attachment wp-att-4227\"><img loading=\"lazy\" decoding=\"async\" class=\"aligncenter size-full wp-image-4227\" src=\"https:\/\/agora.xtec.cat\/iesgallecs\/wp-content\/uploads\/usu1971\/2023\/01\/1671537746545-1-scaled.jpg\" alt=\"\" width=\"2560\" height=\"2029\" srcset=\"https:\/\/agora.xtec.cat\/iesgallecs\/wp-content\/uploads\/usu1971\/2023\/01\/1671537746545-1-scaled.jpg 2560w, https:\/\/agora.xtec.cat\/iesgallecs\/wp-content\/uploads\/usu1971\/2023\/01\/1671537746545-1-300x238.jpg 300w, https:\/\/agora.xtec.cat\/iesgallecs\/wp-content\/uploads\/usu1971\/2023\/01\/1671537746545-1-1024x812.jpg 1024w, https:\/\/agora.xtec.cat\/iesgallecs\/wp-content\/uploads\/usu1971\/2023\/01\/1671537746545-1-768x609.jpg 768w, https:\/\/agora.xtec.cat\/iesgallecs\/wp-content\/uploads\/usu1971\/2023\/01\/1671537746545-1-1536x1217.jpg 1536w, https:\/\/agora.xtec.cat\/iesgallecs\/wp-content\/uploads\/usu1971\/2023\/01\/1671537746545-1-2048x1623.jpg 2048w\" sizes=\"auto, (max-width: 2560px) 100vw, 2560px\" \/><\/a><\/p>\n","protected":false},"excerpt":{"rendered":"<p>&nbsp; A continuaci\u00f3 veureu not\u00edcies i activitats del projecte emociona&#8217;t i de les sortides que es faran al llarg del curs. El dia 15 i 16 de desembre hem fet una sortida amb l&#8217;alumnat de 1r i 2n de l&#8217;ESO a &#8220;La Granja, Granja Escola Ability Training Center&#8221; de Santa Maria de Palautordera per realitzar [&hellip;]<\/p>\n","protected":false},"author":36,"featured_media":0,"parent":4050,"menu_order":0,"comment_status":"closed","ping_status":"closed","template":"","meta":{"site-sidebar-layout":"default","site-content-layout":"","ast-site-content-layout":"","site-content-style":"default","site-sidebar-style":"default","ast-global-header-display":"","ast-banner-title-visibility":"","ast-main-header-display":"","ast-hfb-above-header-display":"","ast-hfb-below-header-display":"","ast-hfb-mobile-header-display":"","site-post-title":"","ast-breadcrumbs-content":"","ast-featured-img":"","footer-sml-layout":"","theme-transparent-header-meta":"","adv-header-id-meta":"","stick-header-meta":"","header-above-stick-meta":"","header-main-stick-meta":"","header-below-stick-meta":"","astra-migrate-meta-layouts":"default","ast-page-background-enabled":"default","ast-page-background-meta":{"desktop":{"background-color":"var(--ast-global-color-5)","background-image":"","background-repeat":"repeat","background-position":"center center","background-size":"auto","background-attachment":"scroll","background-type":"","background-media":"","overlay-type":"","overlay-color":"","overlay-opacity":"","overlay-gradient":""},"tablet":{"background-color":"","background-image":"","background-repeat":"repeat","background-position":"center center","background-size":"auto","background-attachment":"scroll","background-type":"","background-media":"","overlay-type":"","overlay-color":"","overlay-opacity":"","overlay-gradient":""},"mobile":{"background-color":"","background-image":"","background-repeat":"repeat","background-position":"center center","background-size":"auto","background-attachment":"scroll","background-type":"","background-media":"","overlay-type":"","overlay-color":"","overlay-opacity":"","overlay-gradient":""}},"ast-content-background-meta":{"desktop":{"background-color":"var(--ast-global-color-4)","background-image":"","background-repeat":"repeat","background-position":"center center","background-size":"auto","background-attachment":"scroll","background-type":"","background-media":"","overlay-type":"","overlay-color":"","overlay-opacity":"","overlay-gradient":""},"tablet":{"background-color":"var(--ast-global-color-4)","background-image":"","background-repeat":"repeat","background-position":"center center","background-size":"auto","background-attachment":"scroll","background-type":"","background-media":"","overlay-type":"","overlay-color":"","overlay-opacity":"","overlay-gradient":""},"mobile":{"background-color":"var(--ast-global-color-4)","background-image":"","background-repeat":"repeat","background-position":"center center","background-size":"auto","background-attachment":"scroll","background-type":"","background-media":"","overlay-type":"","overlay-color":"","overlay-opacity":"","overlay-gradient":""}},"footnotes":""},"class_list":["post-4203","page","type-page","status-publish","hentry"],"post_mailing_queue_ids":[],"_links":{"self":[{"href":"https:\/\/agora.xtec.cat\/iesgallecs\/wp-json\/wp\/v2\/pages\/4203","targetHints":{"allow":["GET"]}}],"collection":[{"href":"https:\/\/agora.xtec.cat\/iesgallecs\/wp-json\/wp\/v2\/pages"}],"about":[{"href":"https:\/\/agora.xtec.cat\/iesgallecs\/wp-json\/wp\/v2\/types\/page"}],"author":[{"embeddable":true,"href":"https:\/\/agora.xtec.cat\/iesgallecs\/wp-json\/wp\/v2\/users\/36"}],"replies":[{"embeddable":true,"href":"https:\/\/agora.xtec.cat\/iesgallecs\/wp-json\/wp\/v2\/comments?post=4203"}],"version-history":[{"count":4,"href":"https:\/\/agora.xtec.cat\/iesgallecs\/wp-json\/wp\/v2\/pages\/4203\/revisions"}],"predecessor-version":[{"id":6284,"href":"https:\/\/agora.xtec.cat\/iesgallecs\/wp-json\/wp\/v2\/pages\/4203\/revisions\/6284"}],"up":[{"embeddable":true,"href":"https:\/\/agora.xtec.cat\/iesgallecs\/wp-json\/wp\/v2\/pages\/4050"}],"wp:attachment":[{"href":"https:\/\/agora.xtec.cat\/iesgallecs\/wp-json\/wp\/v2\/media?parent=4203"}],"curies":[{"name":"wp","href":"https:\/\/api.w.org\/{rel}","templated":true}]}}