{"id":4062,"date":"2022-12-01T12:44:51","date_gmt":"2022-12-01T11:44:51","guid":{"rendered":"https:\/\/agora.xtec.cat\/iesgallecs\/?page_id=4062"},"modified":"2025-03-06T16:37:31","modified_gmt":"2025-03-06T15:37:31","slug":"cfgm-farmacia-i-parafarmacia","status":"publish","type":"page","link":"https:\/\/agora.xtec.cat\/iesgallecs\/cicles-formatius\/sanitat-2\/cfgm-farmacia-i-parafarmacia\/","title":{"rendered":"CFGM &#8211; Farm\u00e0cia i Parafarm\u00e0cia"},"content":{"rendered":"<h2>CFGM de Farm\u00e0cia i Parafarm\u00e0cia<\/h2>\n<div class=\"ast-oembed-container \" style=\"height: 100%;\"><iframe loading=\"lazy\" title=\"CFGM de Farm\u00e0cia i Parafarm\u00e0cia.\" width=\"500\" height=\"281\" src=\"https:\/\/www.youtube.com\/embed\/LgVjD0GE_W4?feature=oembed\" frameborder=\"0\" allow=\"accelerometer; autoplay; clipboard-write; encrypted-media; gyroscope; picture-in-picture; web-share\" referrerpolicy=\"strict-origin-when-cross-origin\" allowfullscreen><\/iframe><\/div>\n<h2><a href=\"https:\/\/agora.xtec.cat\/iesgallecs\/wp-content\/uploads\/usu1971\/2025\/03\/MODULS-FARMACIA.jpg\"><img loading=\"lazy\" decoding=\"async\" class=\"wp-image-6389 alignnone\" src=\"https:\/\/agora.xtec.cat\/iesgallecs\/wp-content\/uploads\/usu1971\/2025\/03\/MODULS-FARMACIA.jpg\" alt=\"\" width=\"947\" height=\"725\" srcset=\"https:\/\/agora.xtec.cat\/iesgallecs\/wp-content\/uploads\/usu1971\/2025\/03\/MODULS-FARMACIA.jpg 628w, https:\/\/agora.xtec.cat\/iesgallecs\/wp-content\/uploads\/usu1971\/2025\/03\/MODULS-FARMACIA-300x230.jpg 300w\" sizes=\"auto, (max-width: 947px) 100vw, 947px\" \/><\/a><\/h2>\n<p><strong>Compet\u00e8ncia general<\/strong><\/p>\n<p style=\"text-align: justify;\">Assistir en la dispensaci\u00f3 i elaboraci\u00f3 de productes farmac\u00e8utics i afins, i realitzar la venda de productes parafarmac\u00e8utics, fomentant la promoci\u00f3 de la salut i executant tasques administratives i de control de magatzem, complint amb les especificacions de qualitat, seguretat i protecci\u00f3 ambiental.<\/p>\n<p style=\"text-align: justify;\"><strong>Compet\u00e8ncies i perfils professionals<\/strong><\/p>\n<ul>\n<li>Portar el control dels productes, materials i documentaci\u00f3 en establiments de farm\u00e0cia, parafarm\u00e0cia i magatzems de medicaments<\/li>\n<li>Col\u00b7laborar en la dispensaci\u00f3 de productes farmac\u00e8utics informant els usuaris sobre la seva utilitzaci\u00f3<\/li>\n<li>Col\u00b7laborar en el seguiment dels par\u00e0metres somatom\u00e8trics i constants vitals<\/li>\n<li>Col\u00b7laborar en la dispensaci\u00f3, venda o distribuci\u00f3 de productes i materials sanitaris i parafarmac\u00e8utics, informant als usuaris sobre la seva utilitzaci\u00f3, sota supervisi\u00f3<\/li>\n<li>Col\u00b7laborar en l&#8217;elaboraci\u00f3 de f\u00f2rmules magistrals, preparats d&#8217;oficina, diet\u00e8tics i cosm\u00e8tics, sota la supervisi\u00f3 del\/de la facultatiu corresponent<\/li>\n<li>Assistir en les fases preanal\u00edtiques i postanal\u00edtiques d&#8217;an\u00e0lisis cl\u00edniques elementals i normalitzades, sota la supervisi\u00f3 del\/de la facultatiu<\/li>\n<li>Assistir a la prestaci\u00f3 de primers auxilis en situacions d&#8217;emerg\u00e8ncia sota la supervisi\u00f3 del facultatiu<\/li>\n<\/ul>\n<p>&nbsp;<\/p>\n","protected":false},"excerpt":{"rendered":"<p>CFGM de Farm\u00e0cia i Parafarm\u00e0cia Compet\u00e8ncia general Assistir en la dispensaci\u00f3 i elaboraci\u00f3 de productes farmac\u00e8utics i afins, i realitzar la venda de productes parafarmac\u00e8utics, fomentant la promoci\u00f3 de la salut i executant tasques administratives i de control de magatzem, complint amb les especificacions de qualitat, seguretat i protecci\u00f3 ambiental. Compet\u00e8ncies i perfils professionals Portar [&hellip;]<\/p>\n","protected":false},"author":36,"featured_media":0,"parent":2752,"menu_order":2,"comment_status":"closed","ping_status":"closed","template":"page-templates\/side-menu.php","meta":{"site-sidebar-layout":"default","site-content-layout":"","ast-site-content-layout":"","site-content-style":"default","site-sidebar-style":"default","ast-global-header-display":"","ast-banner-title-visibility":"","ast-main-header-display":"","ast-hfb-above-header-display":"","ast-hfb-below-header-display":"","ast-hfb-mobile-header-display":"","site-post-title":"","ast-breadcrumbs-content":"","ast-featured-img":"","footer-sml-layout":"","theme-transparent-header-meta":"","adv-header-id-meta":"","stick-header-meta":"","header-above-stick-meta":"","header-main-stick-meta":"","header-below-stick-meta":"","astra-migrate-meta-layouts":"default","ast-page-background-enabled":"default","ast-page-background-meta":{"desktop":{"background-color":"var(--ast-global-color-5)","background-image":"","background-repeat":"repeat","background-position":"center center","background-size":"auto","background-attachment":"scroll","background-type":"","background-media":"","overlay-type":"","overlay-color":"","overlay-opacity":"","overlay-gradient":""},"tablet":{"background-color":"","background-image":"","background-repeat":"repeat","background-position":"center center","background-size":"auto","background-attachment":"scroll","background-type":"","background-media":"","overlay-type":"","overlay-color":"","overlay-opacity":"","overlay-gradient":""},"mobile":{"background-color":"","background-image":"","background-repeat":"repeat","background-position":"center center","background-size":"auto","background-attachment":"scroll","background-type":"","background-media":"","overlay-type":"","overlay-color":"","overlay-opacity":"","overlay-gradient":""}},"ast-content-background-meta":{"desktop":{"background-color":"var(--ast-global-color-4)","background-image":"","background-repeat":"repeat","background-position":"center center","background-size":"auto","background-attachment":"scroll","background-type":"","background-media":"","overlay-type":"","overlay-color":"","overlay-opacity":"","overlay-gradient":""},"tablet":{"background-color":"var(--ast-global-color-4)","background-image":"","background-repeat":"repeat","background-position":"center center","background-size":"auto","background-attachment":"scroll","background-type":"","background-media":"","overlay-type":"","overlay-color":"","overlay-opacity":"","overlay-gradient":""},"mobile":{"background-color":"var(--ast-global-color-4)","background-image":"","background-repeat":"repeat","background-position":"center center","background-size":"auto","background-attachment":"scroll","background-type":"","background-media":"","overlay-type":"","overlay-color":"","overlay-opacity":"","overlay-gradient":""}},"footnotes":""},"class_list":["post-4062","page","type-page","status-publish","hentry"],"post_mailing_queue_ids":[],"_links":{"self":[{"href":"https:\/\/agora.xtec.cat\/iesgallecs\/wp-json\/wp\/v2\/pages\/4062","targetHints":{"allow":["GET"]}}],"collection":[{"href":"https:\/\/agora.xtec.cat\/iesgallecs\/wp-json\/wp\/v2\/pages"}],"about":[{"href":"https:\/\/agora.xtec.cat\/iesgallecs\/wp-json\/wp\/v2\/types\/page"}],"author":[{"embeddable":true,"href":"https:\/\/agora.xtec.cat\/iesgallecs\/wp-json\/wp\/v2\/users\/36"}],"replies":[{"embeddable":true,"href":"https:\/\/agora.xtec.cat\/iesgallecs\/wp-json\/wp\/v2\/comments?post=4062"}],"version-history":[{"count":6,"href":"https:\/\/agora.xtec.cat\/iesgallecs\/wp-json\/wp\/v2\/pages\/4062\/revisions"}],"predecessor-version":[{"id":6396,"href":"https:\/\/agora.xtec.cat\/iesgallecs\/wp-json\/wp\/v2\/pages\/4062\/revisions\/6396"}],"up":[{"embeddable":true,"href":"https:\/\/agora.xtec.cat\/iesgallecs\/wp-json\/wp\/v2\/pages\/2752"}],"wp:attachment":[{"href":"https:\/\/agora.xtec.cat\/iesgallecs\/wp-json\/wp\/v2\/media?parent=4062"}],"curies":[{"name":"wp","href":"https:\/\/api.w.org\/{rel}","templated":true}]}}