{"id":2797,"date":"2021-04-07T09:43:07","date_gmt":"2021-04-07T07:43:07","guid":{"rendered":"https:\/\/agora.xtec.cat\/iesgallecs\/?page_id=2797"},"modified":"2023-01-27T06:58:34","modified_gmt":"2023-01-27T05:58:34","slug":"acreditat","status":"publish","type":"page","link":"https:\/\/agora.xtec.cat\/iesgallecs\/cicles-formatius\/mon-laboral\/acreditat\/","title":{"rendered":"Acredita&#8217;t"},"content":{"rendered":"<p>Avaluaci\u00f3 i acreditaci\u00f3 de compet\u00e8ncies professional, convocat\u00f2ries: <a href=\"http:\/\/acreditat.gencat.cat\/ca\/convocatories\/\" target=\"_blank\" rel=\"noopener noreferrer\">http:\/\/acreditat.gencat.cat\/ca\/convocatories\/<\/a><\/p>\n<p>Correu exclusiu per l\u2019Acredita\u2019t:\u00a0 <strong>acreditatinsgallecs@insgallecs.cat \/\/ <\/strong><strong>Tel\u00e8fon:<\/strong> 935705343<\/p>\n<h4>Resultats 2020<\/h4>\n<p><a href=\"https:\/\/agora.xtec.cat\/iesgallecs\/wp-content\/uploads\/usu1971\/2021\/06\/resultat-avaluaci\u00f3-convocat\u00f2ria-2020-AAC-09.pdf\">Resultat avaluaci\u00f3 convocat\u00f2ria 2020-AAC-09<\/a><\/p>\n<p><strong>NOVA CONVOCAT\u00d2RIA OBERTA<\/strong><\/p>\n<p><a href=\"http:\/\/acreditat.gencat.cat\/ca\/convocatories\/2021\/\">Convocat\u00f2ria Gener Mar\u00e7 2021<\/a><\/p>\n<p><strong>Documentaci\u00f3 de l\u2019aspirant:\u00a0 <\/strong><\/p>\n<p><a href=\"https:\/\/agora.xtec.cat\/iesgallecs\/wp-content\/uploads\/usu1971\/2021\/04\/Guia-de-l-aspirant.pdf\">Guia de l aspirant<\/a>: En aquest document teniu tota la informaci\u00f3 sobre el vostre pas pel proc\u00e9s d\u2019acreditaci\u00f3 de compet\u00e8ncies<\/p>\n<p><a href=\"https:\/\/agora.xtec.cat\/iesgallecs\/wp-content\/uploads\/usu1971\/2021\/06\/Dossier-de-traject\u00f2ria-professional-i-formativa-cat.docx\" target=\"_blank\" rel=\"noopener noreferrer\">Dossier de traject\u00f2ria professional i formativa (catal\u00e0)<\/a><\/p>\n<p><a href=\"https:\/\/agora.xtec.cat\/iesgallecs\/wp-content\/uploads\/usu1971\/2021\/06\/Dosier-de-trayectoria-profesional-y-formativa-cast.docx\">Dosier de trayectoria profesional y formativa (castell\u00e0 i catal\u00e0)<\/a><\/p>\n<p>Convocat\u00f2ria Mar\u00e7 2021 (Tancada)<\/p>\n<p><a href=\"https:\/\/agora.xtec.cat\/iesgallecs\/wp-content\/uploads\/usu1971\/2021\/04\/Llistat-admesos-exclosos.pdf\">Llistat d&#8217;admesos i exclosos<\/a><\/p>\n<p><a href=\"http:\/\/acreditat.gencat.cat\/ca\/convocatories\/\" target=\"_blank\" rel=\"noopener noreferrer\"><img loading=\"lazy\" decoding=\"async\" class=\"alignnone wp-image-2480\" src=\"https:\/\/agora.xtec.cat\/iesgallecs\/wp-content\/uploads\/usu1971\/2020\/12\/Acreditat-300x261.png\" alt=\"\" width=\"168\" height=\"164\" \/><\/a><\/p>\n<p><a href=\"https:\/\/agora.xtec.cat\/iesgallecs\/wp-content\/uploads\/usu1971\/2021\/05\/Logo-MEFP_UE.png\"><img loading=\"lazy\" decoding=\"async\" class=\"alignnone size-full wp-image-2954\" src=\"https:\/\/agora.xtec.cat\/iesgallecs\/wp-content\/uploads\/usu1971\/2021\/05\/Logo-MEFP_UE.png\" alt=\"\" width=\"520\" height=\"120\" srcset=\"https:\/\/agora.xtec.cat\/iesgallecs\/wp-content\/uploads\/usu1971\/2021\/05\/Logo-MEFP_UE.png 520w, https:\/\/agora.xtec.cat\/iesgallecs\/wp-content\/uploads\/usu1971\/2021\/05\/Logo-MEFP_UE-300x69.png 300w\" sizes=\"auto, (max-width: 520px) 100vw, 520px\" \/><\/a><\/p>\n<p>&nbsp;<\/p>\n","protected":false},"excerpt":{"rendered":"<p>Avaluaci\u00f3 i acreditaci\u00f3 de compet\u00e8ncies professional, convocat\u00f2ries: http:\/\/acreditat.gencat.cat\/ca\/convocatories\/ Correu exclusiu per l\u2019Acredita\u2019t:\u00a0 acreditatinsgallecs@insgallecs.cat \/\/ Tel\u00e8fon: 935705343 Resultats 2020 Resultat avaluaci\u00f3 convocat\u00f2ria 2020-AAC-09 NOVA CONVOCAT\u00d2RIA OBERTA Convocat\u00f2ria Gener Mar\u00e7 2021 Documentaci\u00f3 de l\u2019aspirant:\u00a0 Guia de l aspirant: En aquest document teniu tota la informaci\u00f3 sobre el vostre pas pel proc\u00e9s d\u2019acreditaci\u00f3 de compet\u00e8ncies Dossier de traject\u00f2ria [&hellip;]<\/p>\n","protected":false},"author":36,"featured_media":0,"parent":714,"menu_order":3,"comment_status":"closed","ping_status":"closed","template":"page-templates\/side-menu.php","meta":{"site-sidebar-layout":"default","site-content-layout":"","ast-site-content-layout":"","site-content-style":"default","site-sidebar-style":"default","ast-global-header-display":"","ast-banner-title-visibility":"","ast-main-header-display":"","ast-hfb-above-header-display":"","ast-hfb-below-header-display":"","ast-hfb-mobile-header-display":"","site-post-title":"","ast-breadcrumbs-content":"","ast-featured-img":"","footer-sml-layout":"","theme-transparent-header-meta":"","adv-header-id-meta":"","stick-header-meta":"","header-above-stick-meta":"","header-main-stick-meta":"","header-below-stick-meta":"","astra-migrate-meta-layouts":"default","ast-page-background-enabled":"default","ast-page-background-meta":{"desktop":{"background-color":"var(--ast-global-color-5)","background-image":"","background-repeat":"repeat","background-position":"center center","background-size":"auto","background-attachment":"scroll","background-type":"","background-media":"","overlay-type":"","overlay-color":"","overlay-opacity":"","overlay-gradient":""},"tablet":{"background-color":"","background-image":"","background-repeat":"repeat","background-position":"center center","background-size":"auto","background-attachment":"scroll","background-type":"","background-media":"","overlay-type":"","overlay-color":"","overlay-opacity":"","overlay-gradient":""},"mobile":{"background-color":"","background-image":"","background-repeat":"repeat","background-position":"center center","background-size":"auto","background-attachment":"scroll","background-type":"","background-media":"","overlay-type":"","overlay-color":"","overlay-opacity":"","overlay-gradient":""}},"ast-content-background-meta":{"desktop":{"background-color":"var(--ast-global-color-4)","background-image":"","background-repeat":"repeat","background-position":"center center","background-size":"auto","background-attachment":"scroll","background-type":"","background-media":"","overlay-type":"","overlay-color":"","overlay-opacity":"","overlay-gradient":""},"tablet":{"background-color":"var(--ast-global-color-4)","background-image":"","background-repeat":"repeat","background-position":"center center","background-size":"auto","background-attachment":"scroll","background-type":"","background-media":"","overlay-type":"","overlay-color":"","overlay-opacity":"","overlay-gradient":""},"mobile":{"background-color":"var(--ast-global-color-4)","background-image":"","background-repeat":"repeat","background-position":"center center","background-size":"auto","background-attachment":"scroll","background-type":"","background-media":"","overlay-type":"","overlay-color":"","overlay-opacity":"","overlay-gradient":""}},"footnotes":""},"class_list":["post-2797","page","type-page","status-publish","hentry"],"post_mailing_queue_ids":[],"_links":{"self":[{"href":"https:\/\/agora.xtec.cat\/iesgallecs\/wp-json\/wp\/v2\/pages\/2797","targetHints":{"allow":["GET"]}}],"collection":[{"href":"https:\/\/agora.xtec.cat\/iesgallecs\/wp-json\/wp\/v2\/pages"}],"about":[{"href":"https:\/\/agora.xtec.cat\/iesgallecs\/wp-json\/wp\/v2\/types\/page"}],"author":[{"embeddable":true,"href":"https:\/\/agora.xtec.cat\/iesgallecs\/wp-json\/wp\/v2\/users\/36"}],"replies":[{"embeddable":true,"href":"https:\/\/agora.xtec.cat\/iesgallecs\/wp-json\/wp\/v2\/comments?post=2797"}],"version-history":[{"count":3,"href":"https:\/\/agora.xtec.cat\/iesgallecs\/wp-json\/wp\/v2\/pages\/2797\/revisions"}],"predecessor-version":[{"id":2986,"href":"https:\/\/agora.xtec.cat\/iesgallecs\/wp-json\/wp\/v2\/pages\/2797\/revisions\/2986"}],"up":[{"embeddable":true,"href":"https:\/\/agora.xtec.cat\/iesgallecs\/wp-json\/wp\/v2\/pages\/714"}],"wp:attachment":[{"href":"https:\/\/agora.xtec.cat\/iesgallecs\/wp-json\/wp\/v2\/media?parent=2797"}],"curies":[{"name":"wp","href":"https:\/\/api.w.org\/{rel}","templated":true}]}}