{"id":2741,"date":"2021-03-30T19:27:49","date_gmt":"2021-03-30T17:27:49","guid":{"rendered":"https:\/\/agora.xtec.cat\/iesgallecs\/?page_id=2741"},"modified":"2026-02-19T17:12:49","modified_gmt":"2026-02-19T16:12:49","slug":"fol-2","status":"publish","type":"page","link":"https:\/\/agora.xtec.cat\/iesgallecs\/cicles-formatius\/fol-2\/","title":{"rendered":"FOL"},"content":{"rendered":"<p data-pm-slice=\"1 1 []\">Els m\u00f2duls de l\u2019\u00e0rea de FOL (IPO I i IPO II), s\u00f3n transversals i tenen una missi\u00f3 important: orientar, guiar i acompanyar a l\u2019alumnat de cicles formatius en el desenvolupament de les seves compet\u00e8ncies personals, socials i professionals.<\/p>\n<p>En finalitzar els vostres estudis, estareu preparats i preparades per respondre a preguntes clau com quines s\u00f3n les vostres opcions acad\u00e8miques i professionals, com cercar i trobar feina o comen\u00e7ar el vostre propi negoci, quins s\u00f3n els vostres drets com a persones treballadores o com treballar en equip amb altres persones. Aix\u00f2 us proporcionar\u00e0 una base s\u00f2lida per construir el vostre futur i assolir els vostres objectius.<\/p>\n<p>&nbsp;<\/p>\n<div class=\"ast-oembed-container \" style=\"height: 100%;\"><iframe loading=\"lazy\" title=\"Departament de FOL\" width=\"500\" height=\"281\" src=\"https:\/\/www.youtube.com\/embed\/gRtMKJLro9w?feature=oembed\" frameborder=\"0\" allow=\"accelerometer; autoplay; clipboard-write; encrypted-media; gyroscope; picture-in-picture; web-share\" referrerpolicy=\"strict-origin-when-cross-origin\" allowfullscreen><\/iframe><\/div>\n<h5>Activitat del Departament &#8211; &#8220;M&#8217;han contractat, ara qu\u00e8?&#8221;<\/h5>\n<div class=\"ast-oembed-container \" style=\"height: 100%;\"><iframe loading=\"lazy\" title=\"M&#039;han contractat, ara qu\u00e8?\" width=\"500\" height=\"281\" src=\"https:\/\/www.youtube.com\/embed\/HHYQl_0Oj20?feature=oembed\" frameborder=\"0\" allow=\"accelerometer; autoplay; clipboard-write; encrypted-media; gyroscope; picture-in-picture; web-share\" referrerpolicy=\"strict-origin-when-cross-origin\" allowfullscreen><\/iframe><\/div>\n<h5>Activitat del Departament &#8211; &#8220;Com trobar la feina dels teus somnis?&#8221;<\/h5>\n<div class=\"ast-oembed-container \" style=\"height: 100%;\"><iframe loading=\"lazy\" title=\"Com trobar la feina dels teus somnis\" width=\"500\" height=\"281\" src=\"https:\/\/www.youtube.com\/embed\/vO0JNCiKM4g?feature=oembed\" frameborder=\"0\" allow=\"accelerometer; autoplay; clipboard-write; encrypted-media; gyroscope; picture-in-picture; web-share\" referrerpolicy=\"strict-origin-when-cross-origin\" allowfullscreen><\/iframe><\/div>\n<p>&nbsp;<\/p>\n<p>&nbsp;<\/p>\n","protected":false},"excerpt":{"rendered":"<p>Els m\u00f2duls de l\u2019\u00e0rea de FOL (IPO I i IPO II), s\u00f3n transversals i tenen una missi\u00f3 important: orientar, guiar i acompanyar a l\u2019alumnat de cicles formatius en el desenvolupament de les seves compet\u00e8ncies personals, socials i professionals. En finalitzar els vostres estudis, estareu preparats i preparades per respondre a preguntes clau com quines s\u00f3n [&hellip;]<\/p>\n","protected":false},"author":36,"featured_media":0,"parent":2673,"menu_order":5,"comment_status":"closed","ping_status":"closed","template":"","meta":{"site-sidebar-layout":"default","site-content-layout":"","ast-site-content-layout":"default","site-content-style":"default","site-sidebar-style":"default","ast-global-header-display":"","ast-banner-title-visibility":"","ast-main-header-display":"","ast-hfb-above-header-display":"","ast-hfb-below-header-display":"","ast-hfb-mobile-header-display":"","site-post-title":"","ast-breadcrumbs-content":"","ast-featured-img":"","footer-sml-layout":"","theme-transparent-header-meta":"default","adv-header-id-meta":"","stick-header-meta":"","header-above-stick-meta":"","header-main-stick-meta":"","header-below-stick-meta":"","astra-migrate-meta-layouts":"set","ast-page-background-enabled":"default","ast-page-background-meta":{"desktop":{"background-color":"var(--ast-global-color-5)","background-image":"","background-repeat":"repeat","background-position":"center center","background-size":"auto","background-attachment":"scroll","background-type":"","background-media":"","overlay-type":"","overlay-color":"","overlay-opacity":"","overlay-gradient":""},"tablet":{"background-color":"","background-image":"","background-repeat":"repeat","background-position":"center center","background-size":"auto","background-attachment":"scroll","background-type":"","background-media":"","overlay-type":"","overlay-color":"","overlay-opacity":"","overlay-gradient":""},"mobile":{"background-color":"","background-image":"","background-repeat":"repeat","background-position":"center center","background-size":"auto","background-attachment":"scroll","background-type":"","background-media":"","overlay-type":"","overlay-color":"","overlay-opacity":"","overlay-gradient":""}},"ast-content-background-meta":{"desktop":{"background-color":"var(--ast-global-color-4)","background-image":"","background-repeat":"repeat","background-position":"center center","background-size":"auto","background-attachment":"scroll","background-type":"","background-media":"","overlay-type":"","overlay-color":"","overlay-opacity":"","overlay-gradient":""},"tablet":{"background-color":"var(--ast-global-color-4)","background-image":"","background-repeat":"repeat","background-position":"center center","background-size":"auto","background-attachment":"scroll","background-type":"","background-media":"","overlay-type":"","overlay-color":"","overlay-opacity":"","overlay-gradient":""},"mobile":{"background-color":"var(--ast-global-color-4)","background-image":"","background-repeat":"repeat","background-position":"center center","background-size":"auto","background-attachment":"scroll","background-type":"","background-media":"","overlay-type":"","overlay-color":"","overlay-opacity":"","overlay-gradient":""}},"footnotes":""},"class_list":["post-2741","page","type-page","status-publish","hentry"],"post_mailing_queue_ids":[],"_links":{"self":[{"href":"https:\/\/agora.xtec.cat\/iesgallecs\/wp-json\/wp\/v2\/pages\/2741","targetHints":{"allow":["GET"]}}],"collection":[{"href":"https:\/\/agora.xtec.cat\/iesgallecs\/wp-json\/wp\/v2\/pages"}],"about":[{"href":"https:\/\/agora.xtec.cat\/iesgallecs\/wp-json\/wp\/v2\/types\/page"}],"author":[{"embeddable":true,"href":"https:\/\/agora.xtec.cat\/iesgallecs\/wp-json\/wp\/v2\/users\/36"}],"replies":[{"embeddable":true,"href":"https:\/\/agora.xtec.cat\/iesgallecs\/wp-json\/wp\/v2\/comments?post=2741"}],"version-history":[{"count":6,"href":"https:\/\/agora.xtec.cat\/iesgallecs\/wp-json\/wp\/v2\/pages\/2741\/revisions"}],"predecessor-version":[{"id":7309,"href":"https:\/\/agora.xtec.cat\/iesgallecs\/wp-json\/wp\/v2\/pages\/2741\/revisions\/7309"}],"up":[{"embeddable":true,"href":"https:\/\/agora.xtec.cat\/iesgallecs\/wp-json\/wp\/v2\/pages\/2673"}],"wp:attachment":[{"href":"https:\/\/agora.xtec.cat\/iesgallecs\/wp-json\/wp\/v2\/media?parent=2741"}],"curies":[{"name":"wp","href":"https:\/\/api.w.org\/{rel}","templated":true}]}}