{"id":2731,"date":"2021-03-30T19:25:00","date_gmt":"2021-03-30T17:25:00","guid":{"rendered":"https:\/\/agora.xtec.cat\/iesgallecs\/?page_id=2731"},"modified":"2025-02-11T16:39:58","modified_gmt":"2025-02-11T15:39:58","slug":"departaments-didactics","status":"publish","type":"page","link":"https:\/\/agora.xtec.cat\/iesgallecs\/departaments-didactics\/","title":{"rendered":"Departaments did\u00e0ctics"},"content":{"rendered":"<ul>\n<li><a href=\"https:\/\/agora.xtec.cat\/iesgallecs\/departaments-didactics\/llengua-catalana\/\">Llengua catalana<\/a><\/li>\n<li><a href=\"https:\/\/agora.xtec.cat\/iesgallecs\/eso\/departaments-didactics\/llengues\/\" target=\"_blank\" rel=\"noopener noreferrer\">Llengua castellana i cl\u00e0ssiques<\/a><\/li>\n<li><a href=\"https:\/\/agora.xtec.cat\/iesgallecs\/eso\/departaments-didactics\/llengues-estrangeres\/\" target=\"_blank\" rel=\"noopener noreferrer\">Lleng\u00fces estrangeres<\/a><\/li>\n<li><a href=\"https:\/\/agora.xtec.cat\/iesgallecs\/eso\/departaments-didactics\/matematiques-i-economia\/\" target=\"_blank\" rel=\"noopener noreferrer\"><span style=\"font-family: inherit; font-size: 1em;\">Matem\u00e0tiques i Economia<\/span><\/a><\/li>\n<li><a href=\"https:\/\/agora.xtec.cat\/iesgallecs\/eso\/departaments-didactics\/ciencies-experimentals\/\" target=\"_blank\" rel=\"noopener noreferrer\">Ci\u00e8ncies experimentals<\/a><\/li>\n<li><a href=\"https:\/\/agora.xtec.cat\/iesgallecs\/eso\/departaments-didactics\/ciencies-socials\/\" target=\"_blank\" rel=\"noopener noreferrer\">Ci\u00e8ncies socials<\/a><\/li>\n<li><a href=\"https:\/\/agora.xtec.cat\/iesgallecs\/eso\/departaments-didactics\/tecnologia-visual-i-plastica\/\" target=\"_blank\" rel=\"noopener noreferrer\">Tecnologia,<\/a><\/li>\n<li><a href=\"https:\/\/agora.xtec.cat\/iesgallecs\/eso\/departaments-didactics\/educacio-fisica\/\" target=\"_blank\" rel=\"noopener noreferrer\">Educaci\u00f3 F\u00edsica<\/a><\/li>\n<\/ul>\n","protected":false},"excerpt":{"rendered":"<p>Llengua catalana Llengua castellana i cl\u00e0ssiques Lleng\u00fces estrangeres Matem\u00e0tiques i Economia Ci\u00e8ncies experimentals Ci\u00e8ncies socials Tecnologia, Educaci\u00f3 F\u00edsica<\/p>\n","protected":false},"author":36,"featured_media":0,"parent":0,"menu_order":3,"comment_status":"closed","ping_status":"closed","template":"page-templates\/side-menu.php","meta":{"site-sidebar-layout":"default","site-content-layout":"","ast-site-content-layout":"","site-content-style":"default","site-sidebar-style":"default","ast-global-header-display":"","ast-banner-title-visibility":"","ast-main-header-display":"","ast-hfb-above-header-display":"","ast-hfb-below-header-display":"","ast-hfb-mobile-header-display":"","site-post-title":"","ast-breadcrumbs-content":"","ast-featured-img":"","footer-sml-layout":"","theme-transparent-header-meta":"","adv-header-id-meta":"","stick-header-meta":"","header-above-stick-meta":"","header-main-stick-meta":"","header-below-stick-meta":"","astra-migrate-meta-layouts":"default","ast-page-background-enabled":"default","ast-page-background-meta":{"desktop":{"background-color":"var(--ast-global-color-5)","background-image":"","background-repeat":"repeat","background-position":"center center","background-size":"auto","background-attachment":"scroll","background-type":"","background-media":"","overlay-type":"","overlay-color":"","overlay-opacity":"","overlay-gradient":""},"tablet":{"background-color":"","background-image":"","background-repeat":"repeat","background-position":"center center","background-size":"auto","background-attachment":"scroll","background-type":"","background-media":"","overlay-type":"","overlay-color":"","overlay-opacity":"","overlay-gradient":""},"mobile":{"background-color":"","background-image":"","background-repeat":"repeat","background-position":"center center","background-size":"auto","background-attachment":"scroll","background-type":"","background-media":"","overlay-type":"","overlay-color":"","overlay-opacity":"","overlay-gradient":""}},"ast-content-background-meta":{"desktop":{"background-color":"var(--ast-global-color-4)","background-image":"","background-repeat":"repeat","background-position":"center center","background-size":"auto","background-attachment":"scroll","background-type":"","background-media":"","overlay-type":"","overlay-color":"","overlay-opacity":"","overlay-gradient":""},"tablet":{"background-color":"var(--ast-global-color-4)","background-image":"","background-repeat":"repeat","background-position":"center center","background-size":"auto","background-attachment":"scroll","background-type":"","background-media":"","overlay-type":"","overlay-color":"","overlay-opacity":"","overlay-gradient":""},"mobile":{"background-color":"var(--ast-global-color-4)","background-image":"","background-repeat":"repeat","background-position":"center center","background-size":"auto","background-attachment":"scroll","background-type":"","background-media":"","overlay-type":"","overlay-color":"","overlay-opacity":"","overlay-gradient":""}},"footnotes":""},"class_list":["post-2731","page","type-page","status-publish","hentry"],"post_mailing_queue_ids":[],"_links":{"self":[{"href":"https:\/\/agora.xtec.cat\/iesgallecs\/wp-json\/wp\/v2\/pages\/2731","targetHints":{"allow":["GET"]}}],"collection":[{"href":"https:\/\/agora.xtec.cat\/iesgallecs\/wp-json\/wp\/v2\/pages"}],"about":[{"href":"https:\/\/agora.xtec.cat\/iesgallecs\/wp-json\/wp\/v2\/types\/page"}],"author":[{"embeddable":true,"href":"https:\/\/agora.xtec.cat\/iesgallecs\/wp-json\/wp\/v2\/users\/36"}],"replies":[{"embeddable":true,"href":"https:\/\/agora.xtec.cat\/iesgallecs\/wp-json\/wp\/v2\/comments?post=2731"}],"version-history":[{"count":5,"href":"https:\/\/agora.xtec.cat\/iesgallecs\/wp-json\/wp\/v2\/pages\/2731\/revisions"}],"predecessor-version":[{"id":6337,"href":"https:\/\/agora.xtec.cat\/iesgallecs\/wp-json\/wp\/v2\/pages\/2731\/revisions\/6337"}],"wp:attachment":[{"href":"https:\/\/agora.xtec.cat\/iesgallecs\/wp-json\/wp\/v2\/media?parent=2731"}],"curies":[{"name":"wp","href":"https:\/\/api.w.org\/{rel}","templated":true}]}}