{"id":2722,"date":"2021-03-30T19:09:12","date_gmt":"2021-03-30T17:09:12","guid":{"rendered":"https:\/\/agora.xtec.cat\/iesgallecs\/?page_id=2722"},"modified":"2026-03-25T18:33:00","modified_gmt":"2026-03-25T17:33:00","slug":"medigallecs","status":"publish","type":"page","link":"https:\/\/agora.xtec.cat\/iesgallecs\/iniciatives\/medigallecs\/","title":{"rendered":"MediGallecs"},"content":{"rendered":"<p>\u00c9s una via alternativa per a resoldre els nostres conflictes i ens permetr\u00e0, amb l\u2019ajut dels mediadors i mediadores, solucionar-los parlant les nostres difer\u00e8ncies.<br \/>\n\u00c9s un Servei totalment voluntari i confidencial i t\u00e9 com a objectiu que arribem a acords que ens permetin conviure satisfact\u00f2riament.<\/p>\n<h1><span style=\"text-decoration: underline;\">Qu\u00e8 fem al servei de mediaci\u00f3?<\/span><\/h1>\n<div class=\"ast-oembed-container \" style=\"height: 100%;\"><iframe loading=\"lazy\" title=\"El servei de mediaci\u00f3 a l&#039;Institut Gallecs\" width=\"500\" height=\"281\" src=\"https:\/\/www.youtube.com\/embed\/AMDLNjnVG5k?feature=oembed\" frameborder=\"0\" allow=\"accelerometer; autoplay; clipboard-write; encrypted-media; gyroscope; picture-in-picture; web-share\" referrerpolicy=\"strict-origin-when-cross-origin\" allowfullscreen><\/iframe><\/div>\n<p><a href=\"https:\/\/agora.xtec.cat\/iesgallecs\/wp-content\/uploads\/usu1971\/2026\/02\/Proposta-triptic-servei-mediacio-gallecs.pdf\" target=\"_blank\" rel=\"noopener\">Tr\u00edptic del Servei de Mediaci\u00f3 de l&#8217;Institut Gallecs.<\/a><\/p>\n<p><a href=\"https:\/\/agora.xtec.cat\/iesgallecs\/wp-content\/uploads\/usu1971\/2026\/02\/Proposta-triptic-servei-mediacio-gallecs_page-0002.jpg\"><img loading=\"lazy\" decoding=\"async\" class=\"aligncenter size-full wp-image-7229\" src=\"https:\/\/agora.xtec.cat\/iesgallecs\/wp-content\/uploads\/usu1971\/2026\/02\/Proposta-triptic-servei-mediacio-gallecs_page-0002.jpg\" alt=\"\" width=\"1755\" height=\"1241\" srcset=\"https:\/\/agora.xtec.cat\/iesgallecs\/wp-content\/uploads\/usu1971\/2026\/02\/Proposta-triptic-servei-mediacio-gallecs_page-0002.jpg 1755w, https:\/\/agora.xtec.cat\/iesgallecs\/wp-content\/uploads\/usu1971\/2026\/02\/Proposta-triptic-servei-mediacio-gallecs_page-0002-300x212.jpg 300w, https:\/\/agora.xtec.cat\/iesgallecs\/wp-content\/uploads\/usu1971\/2026\/02\/Proposta-triptic-servei-mediacio-gallecs_page-0002-1024x724.jpg 1024w, https:\/\/agora.xtec.cat\/iesgallecs\/wp-content\/uploads\/usu1971\/2026\/02\/Proposta-triptic-servei-mediacio-gallecs_page-0002-768x543.jpg 768w, https:\/\/agora.xtec.cat\/iesgallecs\/wp-content\/uploads\/usu1971\/2026\/02\/Proposta-triptic-servei-mediacio-gallecs_page-0002-1536x1086.jpg 1536w\" sizes=\"auto, (max-width: 1755px) 100vw, 1755px\" \/><\/a> <a href=\"https:\/\/agora.xtec.cat\/iesgallecs\/wp-content\/uploads\/usu1971\/2026\/02\/Proposta-triptic-servei-mediacio-gallecs_page-0001.jpg\"><img loading=\"lazy\" decoding=\"async\" class=\"aligncenter size-full wp-image-7230\" src=\"https:\/\/agora.xtec.cat\/iesgallecs\/wp-content\/uploads\/usu1971\/2026\/02\/Proposta-triptic-servei-mediacio-gallecs_page-0001.jpg\" alt=\"\" width=\"1755\" height=\"1241\" srcset=\"https:\/\/agora.xtec.cat\/iesgallecs\/wp-content\/uploads\/usu1971\/2026\/02\/Proposta-triptic-servei-mediacio-gallecs_page-0001.jpg 1755w, https:\/\/agora.xtec.cat\/iesgallecs\/wp-content\/uploads\/usu1971\/2026\/02\/Proposta-triptic-servei-mediacio-gallecs_page-0001-300x212.jpg 300w, https:\/\/agora.xtec.cat\/iesgallecs\/wp-content\/uploads\/usu1971\/2026\/02\/Proposta-triptic-servei-mediacio-gallecs_page-0001-1024x724.jpg 1024w, https:\/\/agora.xtec.cat\/iesgallecs\/wp-content\/uploads\/usu1971\/2026\/02\/Proposta-triptic-servei-mediacio-gallecs_page-0001-768x543.jpg 768w, https:\/\/agora.xtec.cat\/iesgallecs\/wp-content\/uploads\/usu1971\/2026\/02\/Proposta-triptic-servei-mediacio-gallecs_page-0001-1536x1086.jpg 1536w\" sizes=\"auto, (max-width: 1755px) 100vw, 1755px\" \/><\/a><\/p>\n<p>&nbsp;<\/p>\n<p><a href=\"https:\/\/agora.xtec.cat\/iesgallecs\/wp-content\/uploads\/usu1971\/2019\/11\/Triptic-Informatiu-MEDIACI%C3%93-2018.pdf\" target=\"_blank\" rel=\"noopener noreferrer\"><img loading=\"lazy\" decoding=\"async\" class=\"alignnone size-medium wp-image-2724\" src=\"https:\/\/agora.xtec.cat\/iesgallecs\/wp-content\/uploads\/usu1971\/2021\/03\/MediGallecs-220x300-220x300.png\" alt=\"\" width=\"220\" height=\"300\" \/><\/a><\/p>\n","protected":false},"excerpt":{"rendered":"<p>\u00c9s una via alternativa per a resoldre els nostres conflictes i ens permetr\u00e0, amb l\u2019ajut dels mediadors i mediadores, solucionar-los parlant les nostres difer\u00e8ncies. \u00c9s un Servei totalment voluntari i confidencial i t\u00e9 com a objectiu que arribem a acords que ens permetin conviure satisfact\u00f2riament. Qu\u00e8 fem al servei de mediaci\u00f3? Tr\u00edptic del Servei de [&hellip;]<\/p>\n","protected":false},"author":36,"featured_media":0,"parent":2487,"menu_order":6,"comment_status":"closed","ping_status":"closed","template":"","meta":{"site-sidebar-layout":"default","site-content-layout":"","ast-site-content-layout":"default","site-content-style":"default","site-sidebar-style":"default","ast-global-header-display":"","ast-banner-title-visibility":"","ast-main-header-display":"","ast-hfb-above-header-display":"","ast-hfb-below-header-display":"","ast-hfb-mobile-header-display":"","site-post-title":"","ast-breadcrumbs-content":"","ast-featured-img":"","footer-sml-layout":"","theme-transparent-header-meta":"default","adv-header-id-meta":"","stick-header-meta":"","header-above-stick-meta":"","header-main-stick-meta":"","header-below-stick-meta":"","astra-migrate-meta-layouts":"set","ast-page-background-enabled":"default","ast-page-background-meta":{"desktop":{"background-color":"var(--ast-global-color-5)","background-image":"","background-repeat":"repeat","background-position":"center center","background-size":"auto","background-attachment":"scroll","background-type":"","background-media":"","overlay-type":"","overlay-color":"","overlay-opacity":"","overlay-gradient":""},"tablet":{"background-color":"","background-image":"","background-repeat":"repeat","background-position":"center center","background-size":"auto","background-attachment":"scroll","background-type":"","background-media":"","overlay-type":"","overlay-color":"","overlay-opacity":"","overlay-gradient":""},"mobile":{"background-color":"","background-image":"","background-repeat":"repeat","background-position":"center center","background-size":"auto","background-attachment":"scroll","background-type":"","background-media":"","overlay-type":"","overlay-color":"","overlay-opacity":"","overlay-gradient":""}},"ast-content-background-meta":{"desktop":{"background-color":"var(--ast-global-color-4)","background-image":"","background-repeat":"repeat","background-position":"center center","background-size":"auto","background-attachment":"scroll","background-type":"","background-media":"","overlay-type":"","overlay-color":"","overlay-opacity":"","overlay-gradient":""},"tablet":{"background-color":"var(--ast-global-color-4)","background-image":"","background-repeat":"repeat","background-position":"center center","background-size":"auto","background-attachment":"scroll","background-type":"","background-media":"","overlay-type":"","overlay-color":"","overlay-opacity":"","overlay-gradient":""},"mobile":{"background-color":"var(--ast-global-color-4)","background-image":"","background-repeat":"repeat","background-position":"center center","background-size":"auto","background-attachment":"scroll","background-type":"","background-media":"","overlay-type":"","overlay-color":"","overlay-opacity":"","overlay-gradient":""}},"footnotes":""},"class_list":["post-2722","page","type-page","status-publish","hentry"],"post_mailing_queue_ids":[],"_links":{"self":[{"href":"https:\/\/agora.xtec.cat\/iesgallecs\/wp-json\/wp\/v2\/pages\/2722","targetHints":{"allow":["GET"]}}],"collection":[{"href":"https:\/\/agora.xtec.cat\/iesgallecs\/wp-json\/wp\/v2\/pages"}],"about":[{"href":"https:\/\/agora.xtec.cat\/iesgallecs\/wp-json\/wp\/v2\/types\/page"}],"author":[{"embeddable":true,"href":"https:\/\/agora.xtec.cat\/iesgallecs\/wp-json\/wp\/v2\/users\/36"}],"replies":[{"embeddable":true,"href":"https:\/\/agora.xtec.cat\/iesgallecs\/wp-json\/wp\/v2\/comments?post=2722"}],"version-history":[{"count":6,"href":"https:\/\/agora.xtec.cat\/iesgallecs\/wp-json\/wp\/v2\/pages\/2722\/revisions"}],"predecessor-version":[{"id":7405,"href":"https:\/\/agora.xtec.cat\/iesgallecs\/wp-json\/wp\/v2\/pages\/2722\/revisions\/7405"}],"up":[{"embeddable":true,"href":"https:\/\/agora.xtec.cat\/iesgallecs\/wp-json\/wp\/v2\/pages\/2487"}],"wp:attachment":[{"href":"https:\/\/agora.xtec.cat\/iesgallecs\/wp-json\/wp\/v2\/media?parent=2722"}],"curies":[{"name":"wp","href":"https:\/\/api.w.org\/{rel}","templated":true}]}}