{"id":2673,"date":"2021-03-12T21:05:37","date_gmt":"2021-03-12T20:05:37","guid":{"rendered":"https:\/\/agora.xtec.cat\/iesgallecs\/?page_id=2673"},"modified":"2026-03-03T16:27:57","modified_gmt":"2026-03-03T15:27:57","slug":"cicles-formatius","status":"publish","type":"page","link":"https:\/\/agora.xtec.cat\/iesgallecs\/cicles-formatius\/","title":{"rendered":"Cicles Formatius"},"content":{"rendered":"<h2><a href=\"https:\/\/sites.google.com\/xtec.cat\/insgallecs\/cicles-formatius\" target=\"_blank\" rel=\"noopener\">Aqu\u00ed podeu veure com treballem a Cicles Formatius<\/a><\/h2>\n<p>Tenim 4 Cicles Formatius de Grau Mitj\u00e0 i 5 de Grau Superior:<\/p>\n<p><strong>CFPM a l&#8217;INS Gallecs<\/strong><\/p>\n<p>T\u00e8cnic o t\u00e8cnica en Atenci\u00f3 a les Persones en Situaci\u00f3 de Depend\u00e8ncia<\/p>\n<p>T\u00e8cnic o t\u00e8cnica en Cures Auxiliars d\u2019Infermeria<\/p>\n<p>T\u00e8cnic o t\u00e8cnica en Farm\u00e0cia i Parafarm\u00e0cia<\/p>\n<p>T\u00e8cnic o t\u00e8cnica en Gesti\u00f3 Administrativa<\/p>\n<p><strong>CFPS a l&#8217;INS Gallecs<\/strong><\/p>\n<p>T\u00e8cnic o t\u00e8cnica superior en Educaci\u00f3 Infantil<\/p>\n<p>T\u00e8cnic o t\u00e8cnica superior en Integraci\u00f3 Social<\/p>\n<p>T\u00e8cnic o t\u00e8cnica superior en Administraci\u00f3 i Finances<\/p>\n<p>T\u00e8cnic o t\u00e8cnica superior en Documentaci\u00f3 i Administraci\u00f3 Sanit\u00e0ries<\/p>\n<p>T\u00e8cnic o t\u00e8cnica superior en Higiene Bucodental<\/p>\n<p>T\u00e8cnic o t\u00e8cnica superior en Anatomia Patol\u00f2gica i Citodiagn\u00f2stic<\/p>\n","protected":false},"excerpt":{"rendered":"<p>Aqu\u00ed podeu veure com treballem a Cicles Formatius Tenim 4 Cicles Formatius de Grau Mitj\u00e0 i 5 de Grau Superior: CFPM a l&#8217;INS Gallecs T\u00e8cnic o t\u00e8cnica en Atenci\u00f3 a les Persones en Situaci\u00f3 de Depend\u00e8ncia T\u00e8cnic o t\u00e8cnica en Cures Auxiliars d\u2019Infermeria T\u00e8cnic o t\u00e8cnica en Farm\u00e0cia i Parafarm\u00e0cia T\u00e8cnic o t\u00e8cnica en Gesti\u00f3 [&hellip;]<\/p>\n","protected":false},"author":36,"featured_media":0,"parent":0,"menu_order":0,"comment_status":"closed","ping_status":"closed","template":"","meta":{"site-sidebar-layout":"default","site-content-layout":"","ast-site-content-layout":"default","site-content-style":"default","site-sidebar-style":"default","ast-global-header-display":"","ast-banner-title-visibility":"","ast-main-header-display":"","ast-hfb-above-header-display":"","ast-hfb-below-header-display":"","ast-hfb-mobile-header-display":"","site-post-title":"","ast-breadcrumbs-content":"","ast-featured-img":"","footer-sml-layout":"","theme-transparent-header-meta":"default","adv-header-id-meta":"","stick-header-meta":"","header-above-stick-meta":"","header-main-stick-meta":"","header-below-stick-meta":"","astra-migrate-meta-layouts":"set","ast-page-background-enabled":"default","ast-page-background-meta":{"desktop":{"background-color":"var(--ast-global-color-5)","background-image":"","background-repeat":"repeat","background-position":"center center","background-size":"auto","background-attachment":"scroll","background-type":"","background-media":"","overlay-type":"","overlay-color":"","overlay-opacity":"","overlay-gradient":""},"tablet":{"background-color":"","background-image":"","background-repeat":"repeat","background-position":"center center","background-size":"auto","background-attachment":"scroll","background-type":"","background-media":"","overlay-type":"","overlay-color":"","overlay-opacity":"","overlay-gradient":""},"mobile":{"background-color":"","background-image":"","background-repeat":"repeat","background-position":"center center","background-size":"auto","background-attachment":"scroll","background-type":"","background-media":"","overlay-type":"","overlay-color":"","overlay-opacity":"","overlay-gradient":""}},"ast-content-background-meta":{"desktop":{"background-color":"var(--ast-global-color-4)","background-image":"","background-repeat":"repeat","background-position":"center center","background-size":"auto","background-attachment":"scroll","background-type":"","background-media":"","overlay-type":"","overlay-color":"","overlay-opacity":"","overlay-gradient":""},"tablet":{"background-color":"var(--ast-global-color-4)","background-image":"","background-repeat":"repeat","background-position":"center center","background-size":"auto","background-attachment":"scroll","background-type":"","background-media":"","overlay-type":"","overlay-color":"","overlay-opacity":"","overlay-gradient":""},"mobile":{"background-color":"var(--ast-global-color-4)","background-image":"","background-repeat":"repeat","background-position":"center center","background-size":"auto","background-attachment":"scroll","background-type":"","background-media":"","overlay-type":"","overlay-color":"","overlay-opacity":"","overlay-gradient":""}},"footnotes":""},"class_list":["post-2673","page","type-page","status-publish","hentry"],"post_mailing_queue_ids":[],"_links":{"self":[{"href":"https:\/\/agora.xtec.cat\/iesgallecs\/wp-json\/wp\/v2\/pages\/2673","targetHints":{"allow":["GET"]}}],"collection":[{"href":"https:\/\/agora.xtec.cat\/iesgallecs\/wp-json\/wp\/v2\/pages"}],"about":[{"href":"https:\/\/agora.xtec.cat\/iesgallecs\/wp-json\/wp\/v2\/types\/page"}],"author":[{"embeddable":true,"href":"https:\/\/agora.xtec.cat\/iesgallecs\/wp-json\/wp\/v2\/users\/36"}],"replies":[{"embeddable":true,"href":"https:\/\/agora.xtec.cat\/iesgallecs\/wp-json\/wp\/v2\/comments?post=2673"}],"version-history":[{"count":6,"href":"https:\/\/agora.xtec.cat\/iesgallecs\/wp-json\/wp\/v2\/pages\/2673\/revisions"}],"predecessor-version":[{"id":7336,"href":"https:\/\/agora.xtec.cat\/iesgallecs\/wp-json\/wp\/v2\/pages\/2673\/revisions\/7336"}],"wp:attachment":[{"href":"https:\/\/agora.xtec.cat\/iesgallecs\/wp-json\/wp\/v2\/media?parent=2673"}],"curies":[{"name":"wp","href":"https:\/\/api.w.org\/{rel}","templated":true}]}}