{"id":65,"date":"2014-09-18T10:12:22","date_gmt":"2014-09-18T10:12:22","guid":{"rendered":"http:\/\/agora.xtec.cat\/iesgabrielferrater\/?page_id=65"},"modified":"2020-05-23T11:23:55","modified_gmt":"2020-05-23T09:23:55","slug":"departaments","status":"publish","type":"page","link":"https:\/\/agora.xtec.cat\/iesgabrielferrater\/departaments\/","title":{"rendered":"Departaments"},"content":{"rendered":"<table class=\" aligncenter\" style=\"height: 1100px; width: 857px;\" width=\"1000\">\n<tbody>\n<tr style=\"height: 50px;\">\n<td style=\"height: 10px; width: 426.25px; text-align: center; vertical-align: top;\">\n<h4><strong><a href=\"https:\/\/agora.xtec.cat\/iesgabrielferrater\/categoria\/angles\/\" target=\"_blank\" rel=\"noopener noreferrer\"><img loading=\"lazy\" decoding=\"async\" class=\"aligncenter wp-image-7213\" src=\"https:\/\/agora.xtec.cat\/iesgabrielferrater\/wp-content\/uploads\/usu1206\/2020\/05\/Angl\u00e8s-300x53.jpg\" alt=\"\" width=\"400\" height=\"70\" srcset=\"https:\/\/agora.xtec.cat\/iesgabrielferrater\/wp-content\/uploads\/usu1206\/2020\/05\/Angl\u00e8s-300x53.jpg 300w, https:\/\/agora.xtec.cat\/iesgabrielferrater\/wp-content\/uploads\/usu1206\/2020\/05\/Angl\u00e8s-768x135.jpg 768w, https:\/\/agora.xtec.cat\/iesgabrielferrater\/wp-content\/uploads\/usu1206\/2020\/05\/Angl\u00e8s.jpg 940w\" sizes=\"auto, (max-width: 400px) 100vw, 400px\" \/><\/a><\/strong><\/h4>\n<h4><strong><a class=\"menu-link sub-menu-link\" href=\"https:\/\/agora.xtec.cat\/iesgabrielferrater\/categoria\/angles\/\">Angl\u00e8s<\/a><\/strong><\/h4>\n<\/td>\n<td style=\"height: 10px; width: 425px; text-align: center; vertical-align: top;\">\n<h4><strong><a href=\"https:\/\/agora.xtec.cat\/iesgabrielferrater\/categoria\/castella\/\" target=\"_blank\" rel=\"noopener noreferrer\"><img loading=\"lazy\" decoding=\"async\" class=\"alignnone wp-image-7214\" src=\"https:\/\/agora.xtec.cat\/iesgabrielferrater\/wp-content\/uploads\/usu1206\/2020\/05\/Castell\u00e0-300x52.jpg\" alt=\"\" width=\"400\" height=\"70\" srcset=\"https:\/\/agora.xtec.cat\/iesgabrielferrater\/wp-content\/uploads\/usu1206\/2020\/05\/Castell\u00e0-300x52.jpg 300w, https:\/\/agora.xtec.cat\/iesgabrielferrater\/wp-content\/uploads\/usu1206\/2020\/05\/Castell\u00e0-768x133.jpg 768w, https:\/\/agora.xtec.cat\/iesgabrielferrater\/wp-content\/uploads\/usu1206\/2020\/05\/Castell\u00e0.jpg 938w\" sizes=\"auto, (max-width: 400px) 100vw, 400px\" \/><\/a><\/strong><\/h4>\n<h4><strong><a class=\"menu-link sub-menu-link\" href=\"https:\/\/agora.xtec.cat\/iesgabrielferrater\/categoria\/castella\/\">Castell\u00e0<\/a><\/strong><\/h4>\n<\/td>\n<\/tr>\n<tr style=\"height: 72px;\">\n<td style=\"height: 10px; width: 426.25px; text-align: center; vertical-align: middle;\">\n<h4><strong><a href=\"https:\/\/agora.xtec.cat\/iesgabrielferrater\/categoria\/catala\/\" target=\"_blank\" rel=\"noopener noreferrer\"><img loading=\"lazy\" decoding=\"async\" class=\"alignnone wp-image-7215\" src=\"https:\/\/agora.xtec.cat\/iesgabrielferrater\/wp-content\/uploads\/usu1206\/2020\/05\/Catal\u00e0-300x52.jpg\" alt=\"\" width=\"400\" height=\"70\" srcset=\"https:\/\/agora.xtec.cat\/iesgabrielferrater\/wp-content\/uploads\/usu1206\/2020\/05\/Catal\u00e0-300x52.jpg 300w, https:\/\/agora.xtec.cat\/iesgabrielferrater\/wp-content\/uploads\/usu1206\/2020\/05\/Catal\u00e0-768x133.jpg 768w, https:\/\/agora.xtec.cat\/iesgabrielferrater\/wp-content\/uploads\/usu1206\/2020\/05\/Catal\u00e0.jpg 938w\" sizes=\"auto, (max-width: 400px) 100vw, 400px\" \/><\/a><\/strong><\/h4>\n<h4><strong><a class=\"menu-link sub-menu-link\" href=\"https:\/\/agora.xtec.cat\/iesgabrielferrater\/categoria\/catala\/\">Catal\u00e0<\/a><\/strong><\/h4>\n<\/td>\n<td style=\"height: 10px; width: 425px; text-align: center; vertical-align: middle;\">\n<h4><strong><a href=\"https:\/\/agora.xtec.cat\/iesgabrielferrater\/categoria\/cultura-classica\/\" target=\"_blank\" rel=\"noopener noreferrer\"><img loading=\"lazy\" decoding=\"async\" class=\"alignnone wp-image-7216\" src=\"https:\/\/agora.xtec.cat\/iesgabrielferrater\/wp-content\/uploads\/usu1206\/2020\/05\/Cultura-Cl\u00e0ssica-300x52.jpg\" alt=\"\" width=\"400\" height=\"69\" srcset=\"https:\/\/agora.xtec.cat\/iesgabrielferrater\/wp-content\/uploads\/usu1206\/2020\/05\/Cultura-Cl\u00e0ssica-300x52.jpg 300w, https:\/\/agora.xtec.cat\/iesgabrielferrater\/wp-content\/uploads\/usu1206\/2020\/05\/Cultura-Cl\u00e0ssica-768x132.jpg 768w, https:\/\/agora.xtec.cat\/iesgabrielferrater\/wp-content\/uploads\/usu1206\/2020\/05\/Cultura-Cl\u00e0ssica.jpg 936w\" sizes=\"auto, (max-width: 400px) 100vw, 400px\" \/><\/a><\/strong><\/h4>\n<h4><strong><a class=\"menu-link sub-menu-link\" href=\"https:\/\/agora.xtec.cat\/iesgabrielferrater\/categoria\/cultura-classica\/\">Cultura Cl\u00e0ssica<\/a><\/strong><\/h4>\n<\/td>\n<\/tr>\n<tr style=\"height: 33px;\">\n<td style=\"height: 33px; width: 426.25px; text-align: center; vertical-align: middle;\">\n<h4><strong><a href=\"https:\/\/agora.xtec.cat\/iesgabrielferrater\/categoria\/departaments\/dpt_educacio_fisica\/\" target=\"_blank\" rel=\"noopener noreferrer\"><img loading=\"lazy\" decoding=\"async\" class=\"alignnone wp-image-7217\" src=\"https:\/\/agora.xtec.cat\/iesgabrielferrater\/wp-content\/uploads\/usu1206\/2020\/05\/Educaci\u00f3-F\u00edsica-300x51.jpg\" alt=\"\" width=\"400\" height=\"68\" srcset=\"https:\/\/agora.xtec.cat\/iesgabrielferrater\/wp-content\/uploads\/usu1206\/2020\/05\/Educaci\u00f3-F\u00edsica-300x51.jpg 300w, https:\/\/agora.xtec.cat\/iesgabrielferrater\/wp-content\/uploads\/usu1206\/2020\/05\/Educaci\u00f3-F\u00edsica-768x130.jpg 768w, https:\/\/agora.xtec.cat\/iesgabrielferrater\/wp-content\/uploads\/usu1206\/2020\/05\/Educaci\u00f3-F\u00edsica.jpg 941w\" sizes=\"auto, (max-width: 400px) 100vw, 400px\" \/><\/a><\/strong><\/h4>\n<h4><strong><a class=\"menu-link sub-menu-link\" href=\"https:\/\/agora.xtec.cat\/iesgabrielferrater\/categoria\/departaments\/dpt_educacio_fisica\/\">Educaci\u00f3 F\u00edsica<\/a><\/strong><\/h4>\n<\/td>\n<td style=\"height: 33px; width: 425px; text-align: center; vertical-align: middle;\">\n<h4><strong><a href=\"https:\/\/agora.xtec.cat\/iesgabrielferrater\/categoria\/departaments\/dpt-experimentals\/\" target=\"_blank\" rel=\"noopener noreferrer\"><img loading=\"lazy\" decoding=\"async\" class=\"alignnone wp-image-7218\" src=\"https:\/\/agora.xtec.cat\/iesgabrielferrater\/wp-content\/uploads\/usu1206\/2020\/05\/Experimentals.jpg\" alt=\"\" width=\"400\" height=\"69\" srcset=\"https:\/\/agora.xtec.cat\/iesgabrielferrater\/wp-content\/uploads\/usu1206\/2020\/05\/Experimentals.jpg 935w, https:\/\/agora.xtec.cat\/iesgabrielferrater\/wp-content\/uploads\/usu1206\/2020\/05\/Experimentals-300x52.jpg 300w, https:\/\/agora.xtec.cat\/iesgabrielferrater\/wp-content\/uploads\/usu1206\/2020\/05\/Experimentals-768x133.jpg 768w\" sizes=\"auto, (max-width: 400px) 100vw, 400px\" \/><\/a><\/strong><\/h4>\n<h4><strong><a class=\"menu-link sub-menu-link\" href=\"https:\/\/agora.xtec.cat\/iesgabrielferrater\/categoria\/departaments\/dpt-experimentals\/\">Experimentals<\/a><\/strong><\/h4>\n<\/td>\n<\/tr>\n<tr style=\"height: 33px;\">\n<td style=\"height: 33px; width: 426.25px; text-align: center; vertical-align: middle;\">\n<h4><strong><a href=\"https:\/\/agora.xtec.cat\/iesgabrielferrater\/categoria\/filosofia\/\" target=\"_blank\" rel=\"noopener noreferrer\"><img loading=\"lazy\" decoding=\"async\" class=\"alignnone wp-image-7219\" src=\"https:\/\/agora.xtec.cat\/iesgabrielferrater\/wp-content\/uploads\/usu1206\/2020\/05\/Filosofia.jpg\" alt=\"\" width=\"400\" height=\"68\" srcset=\"https:\/\/agora.xtec.cat\/iesgabrielferrater\/wp-content\/uploads\/usu1206\/2020\/05\/Filosofia.jpg 936w, https:\/\/agora.xtec.cat\/iesgabrielferrater\/wp-content\/uploads\/usu1206\/2020\/05\/Filosofia-300x51.jpg 300w, https:\/\/agora.xtec.cat\/iesgabrielferrater\/wp-content\/uploads\/usu1206\/2020\/05\/Filosofia-768x130.jpg 768w\" sizes=\"auto, (max-width: 400px) 100vw, 400px\" \/><\/a><a class=\"menu-link sub-menu-link\" href=\"https:\/\/agora.xtec.cat\/iesgabrielferrater\/categoria\/filosofia\/\">Filosofia<\/a><\/strong><\/h4>\n<\/td>\n<td style=\"height: 33px; width: 425px; text-align: center; vertical-align: middle;\">\n<h4><strong><a href=\"http:\/\/agora.xtec.cat\/iesgabrielferrater\/categoria\/batxibac\/\" target=\"_blank\" rel=\"noopener noreferrer\"><img loading=\"lazy\" decoding=\"async\" class=\"alignnone wp-image-7220\" src=\"https:\/\/agora.xtec.cat\/iesgabrielferrater\/wp-content\/uploads\/usu1206\/2020\/05\/Franc\u00e8s.jpg\" alt=\"\" width=\"400\" height=\"68\" srcset=\"https:\/\/agora.xtec.cat\/iesgabrielferrater\/wp-content\/uploads\/usu1206\/2020\/05\/Franc\u00e8s.jpg 936w, https:\/\/agora.xtec.cat\/iesgabrielferrater\/wp-content\/uploads\/usu1206\/2020\/05\/Franc\u00e8s-300x51.jpg 300w, https:\/\/agora.xtec.cat\/iesgabrielferrater\/wp-content\/uploads\/usu1206\/2020\/05\/Franc\u00e8s-768x130.jpg 768w\" sizes=\"auto, (max-width: 400px) 100vw, 400px\" \/><\/a><a class=\"menu-link sub-menu-link\" href=\"http:\/\/agora.xtec.cat\/iesgabrielferrater\/categoria\/batxibac\/\">Franc\u00e8s<\/a><\/strong><\/h4>\n<\/td>\n<\/tr>\n<tr style=\"height: 33px;\">\n<td style=\"height: 33px; width: 426.25px; text-align: center; vertical-align: middle;\">\n<h4><strong><a href=\"https:\/\/agora.xtec.cat\/iesgabrielferrater\/categoria\/departaments\/matematiques\/\" target=\"_blank\" rel=\"noopener noreferrer\"><img loading=\"lazy\" decoding=\"async\" class=\"alignnone wp-image-7221\" src=\"https:\/\/agora.xtec.cat\/iesgabrielferrater\/wp-content\/uploads\/usu1206\/2020\/05\/Matem\u00e0tiques.jpg\" alt=\"\" width=\"400\" height=\"69\" srcset=\"https:\/\/agora.xtec.cat\/iesgabrielferrater\/wp-content\/uploads\/usu1206\/2020\/05\/Matem\u00e0tiques.jpg 933w, https:\/\/agora.xtec.cat\/iesgabrielferrater\/wp-content\/uploads\/usu1206\/2020\/05\/Matem\u00e0tiques-300x52.jpg 300w, https:\/\/agora.xtec.cat\/iesgabrielferrater\/wp-content\/uploads\/usu1206\/2020\/05\/Matem\u00e0tiques-768x133.jpg 768w\" sizes=\"auto, (max-width: 400px) 100vw, 400px\" \/><\/a><\/strong><\/h4>\n<h4><strong><a class=\"menu-link sub-menu-link\" href=\"https:\/\/agora.xtec.cat\/iesgabrielferrater\/categoria\/departaments\/matematiques\/\">Matem\u00e0tiques<\/a><\/strong><\/h4>\n<\/td>\n<td style=\"height: 33px; width: 425px; text-align: center; vertical-align: middle;\">\n<h4><strong><a href=\"https:\/\/agora.xtec.cat\/iesgabrielferrater\/categoria\/departaments\/dpt-musica-arts-esceniques\/\" target=\"_blank\" rel=\"noopener noreferrer\"><img loading=\"lazy\" decoding=\"async\" class=\"alignnone wp-image-7222\" src=\"https:\/\/agora.xtec.cat\/iesgabrielferrater\/wp-content\/uploads\/usu1206\/2020\/05\/M\u00fasica.jpg\" alt=\"\" width=\"400\" height=\"68\" srcset=\"https:\/\/agora.xtec.cat\/iesgabrielferrater\/wp-content\/uploads\/usu1206\/2020\/05\/M\u00fasica.jpg 937w, https:\/\/agora.xtec.cat\/iesgabrielferrater\/wp-content\/uploads\/usu1206\/2020\/05\/M\u00fasica-300x51.jpg 300w, https:\/\/agora.xtec.cat\/iesgabrielferrater\/wp-content\/uploads\/usu1206\/2020\/05\/M\u00fasica-768x130.jpg 768w\" sizes=\"auto, (max-width: 400px) 100vw, 400px\" \/><\/a><\/strong><\/h4>\n<h4><strong><a class=\"menu-link sub-menu-link\" href=\"https:\/\/agora.xtec.cat\/iesgabrielferrater\/categoria\/departaments\/dpt-musica-arts-esceniques\/\">M\u00fasica<\/a><\/strong><\/h4>\n<\/td>\n<\/tr>\n<tr style=\"height: 33px;\">\n<td style=\"height: 33px; width: 426.25px; text-align: center; vertical-align: middle;\">\n<h4><strong><a href=\"https:\/\/agora.xtec.cat\/iesgabrielferrater\/categoria\/psicopedagogia\/\" target=\"_blank\" rel=\"noopener noreferrer\"><img loading=\"lazy\" decoding=\"async\" class=\"alignnone wp-image-7223\" src=\"https:\/\/agora.xtec.cat\/iesgabrielferrater\/wp-content\/uploads\/usu1206\/2020\/05\/Orientaci\u00f3.jpg\" alt=\"\" width=\"400\" height=\"69\" srcset=\"https:\/\/agora.xtec.cat\/iesgabrielferrater\/wp-content\/uploads\/usu1206\/2020\/05\/Orientaci\u00f3.jpg 937w, https:\/\/agora.xtec.cat\/iesgabrielferrater\/wp-content\/uploads\/usu1206\/2020\/05\/Orientaci\u00f3-300x52.jpg 300w, https:\/\/agora.xtec.cat\/iesgabrielferrater\/wp-content\/uploads\/usu1206\/2020\/05\/Orientaci\u00f3-768x133.jpg 768w\" sizes=\"auto, (max-width: 400px) 100vw, 400px\" \/><\/a><\/strong><\/h4>\n<h4><strong><a class=\"menu-link sub-menu-link\" href=\"https:\/\/agora.xtec.cat\/iesgabrielferrater\/categoria\/psicopedagogia\/\">Psicopedagogia<\/a><\/strong><\/h4>\n<\/td>\n<td style=\"height: 33px; width: 425px; text-align: center; vertical-align: middle;\">\n<h4><strong><a href=\"https:\/\/agora.xtec.cat\/iesgabrielferrater\/categoria\/religio\/\" target=\"_blank\" rel=\"noopener noreferrer\"><img loading=\"lazy\" decoding=\"async\" class=\"alignnone wp-image-7224\" src=\"https:\/\/agora.xtec.cat\/iesgabrielferrater\/wp-content\/uploads\/usu1206\/2020\/05\/Religi\u00f3.jpg\" alt=\"\" width=\"400\" height=\"68\" srcset=\"https:\/\/agora.xtec.cat\/iesgabrielferrater\/wp-content\/uploads\/usu1206\/2020\/05\/Religi\u00f3.jpg 935w, https:\/\/agora.xtec.cat\/iesgabrielferrater\/wp-content\/uploads\/usu1206\/2020\/05\/Religi\u00f3-300x51.jpg 300w, https:\/\/agora.xtec.cat\/iesgabrielferrater\/wp-content\/uploads\/usu1206\/2020\/05\/Religi\u00f3-768x131.jpg 768w\" sizes=\"auto, (max-width: 400px) 100vw, 400px\" \/><\/a><\/strong><\/h4>\n<h4><strong><a class=\"menu-link sub-menu-link\" href=\"https:\/\/agora.xtec.cat\/iesgabrielferrater\/categoria\/religio\/\">Religi\u00f3<\/a><\/strong><\/h4>\n<\/td>\n<\/tr>\n<tr style=\"height: 72px;\">\n<td style=\"width: 426.25px; text-align: center; vertical-align: middle; height: 72px;\">\n<h4><strong><a href=\"https:\/\/agora.xtec.cat\/iesgabrielferrater\/categoria\/departaments\/socials\/\" target=\"_blank\" rel=\"noopener noreferrer\"><img loading=\"lazy\" decoding=\"async\" class=\"alignnone wp-image-7225\" src=\"https:\/\/agora.xtec.cat\/iesgabrielferrater\/wp-content\/uploads\/usu1206\/2020\/05\/Socials.jpg\" alt=\"\" width=\"400\" height=\"69\" srcset=\"https:\/\/agora.xtec.cat\/iesgabrielferrater\/wp-content\/uploads\/usu1206\/2020\/05\/Socials.jpg 932w, https:\/\/agora.xtec.cat\/iesgabrielferrater\/wp-content\/uploads\/usu1206\/2020\/05\/Socials-300x52.jpg 300w, https:\/\/agora.xtec.cat\/iesgabrielferrater\/wp-content\/uploads\/usu1206\/2020\/05\/Socials-768x133.jpg 768w\" sizes=\"auto, (max-width: 400px) 100vw, 400px\" \/><\/a><\/strong><\/h4>\n<h4><strong><a class=\"menu-link sub-menu-link\" href=\"https:\/\/agora.xtec.cat\/iesgabrielferrater\/categoria\/departaments\/socials\/\">Socials<\/a><\/strong><\/h4>\n<\/td>\n<td style=\"width: 425px; text-align: center; vertical-align: middle; height: 72px;\">\n<h4><strong><a href=\"https:\/\/agora.xtec.cat\/iesgabrielferrater\/categoria\/tecnologia\/\" target=\"_blank\" rel=\"noopener noreferrer\"><img loading=\"lazy\" decoding=\"async\" class=\"alignnone wp-image-7226\" src=\"https:\/\/agora.xtec.cat\/iesgabrielferrater\/wp-content\/uploads\/usu1206\/2020\/05\/Tecnologia.jpg\" alt=\"\" width=\"400\" height=\"70\" srcset=\"https:\/\/agora.xtec.cat\/iesgabrielferrater\/wp-content\/uploads\/usu1206\/2020\/05\/Tecnologia.jpg 927w, https:\/\/agora.xtec.cat\/iesgabrielferrater\/wp-content\/uploads\/usu1206\/2020\/05\/Tecnologia-300x52.jpg 300w, https:\/\/agora.xtec.cat\/iesgabrielferrater\/wp-content\/uploads\/usu1206\/2020\/05\/Tecnologia-768x134.jpg 768w\" sizes=\"auto, (max-width: 400px) 100vw, 400px\" \/><\/a><\/strong><\/h4>\n<h4><strong><a class=\"menu-link sub-menu-link\" href=\"https:\/\/agora.xtec.cat\/iesgabrielferrater\/categoria\/tecnologia\/\">Tecnologia<\/a><\/strong><\/h4>\n<\/td>\n<\/tr>\n<tr style=\"height: 142px;\">\n<td style=\"width: 852.5px; text-align: center; vertical-align: middle; height: 124px;\" colspan=\"2\">\n<h4><strong><a href=\"https:\/\/agora.xtec.cat\/iesgabrielferrater\/categoria\/departaments\/visualiplastica-artsesceniques\/\" target=\"_blank\" rel=\"noopener noreferrer\"><img loading=\"lazy\" decoding=\"async\" class=\"alignnone wp-image-7227\" src=\"https:\/\/agora.xtec.cat\/iesgabrielferrater\/wp-content\/uploads\/usu1206\/2020\/05\/ViP.jpg\" alt=\"\" width=\"494\" height=\"83\" srcset=\"https:\/\/agora.xtec.cat\/iesgabrielferrater\/wp-content\/uploads\/usu1206\/2020\/05\/ViP.jpg 932w, https:\/\/agora.xtec.cat\/iesgabrielferrater\/wp-content\/uploads\/usu1206\/2020\/05\/ViP-300x51.jpg 300w, https:\/\/agora.xtec.cat\/iesgabrielferrater\/wp-content\/uploads\/usu1206\/2020\/05\/ViP-768x129.jpg 768w\" sizes=\"auto, (max-width: 494px) 100vw, 494px\" \/><\/a><\/strong><\/h4>\n<h4><strong><a class=\"menu-link sub-menu-link\" href=\"https:\/\/agora.xtec.cat\/iesgabrielferrater\/categoria\/departaments\/visualiplastica-artsesceniques\/\">Visual i Pl\u00e0stica<\/a><\/strong><\/h4>\n<\/td>\n<\/tr>\n<\/tbody>\n<\/table>\n","protected":false},"excerpt":{"rendered":"<p>Angl\u00e8s Castell\u00e0 Catal\u00e0 Cultura Cl\u00e0ssica Educaci\u00f3 F\u00edsica Experimentals Filosofia Franc\u00e8s Matem\u00e0tiques M\u00fasica Psicopedagogia Religi\u00f3 Socials Tecnologia Visual i Pl\u00e0stica<\/p>\n","protected":false},"author":1,"featured_media":0,"parent":0,"menu_order":10,"comment_status":"closed","ping_status":"closed","template":"page-templates\/side-menu.php","meta":{"_bbp_topic_count":0,"_bbp_reply_count":0,"_bbp_total_topic_count":0,"_bbp_total_reply_count":0,"_bbp_voice_count":0,"_bbp_anonymous_reply_count":0,"_bbp_topic_count_hidden":0,"_bbp_reply_count_hidden":0,"_bbp_forum_subforum_count":0,"site-sidebar-layout":"default","site-content-layout":"","ast-site-content-layout":"","site-content-style":"default","site-sidebar-style":"default","ast-global-header-display":"","ast-banner-title-visibility":"","ast-main-header-display":"","ast-hfb-above-header-display":"","ast-hfb-below-header-display":"","ast-hfb-mobile-header-display":"","site-post-title":"","ast-breadcrumbs-content":"","ast-featured-img":"","footer-sml-layout":"","theme-transparent-header-meta":"","adv-header-id-meta":"","stick-header-meta":"","header-above-stick-meta":"","header-main-stick-meta":"","header-below-stick-meta":"","astra-migrate-meta-layouts":"default","ast-page-background-enabled":"default","ast-page-background-meta":{"desktop":{"background-color":"var(--ast-global-color-4)","background-image":"","background-repeat":"repeat","background-position":"center center","background-size":"auto","background-attachment":"scroll","background-type":"","background-media":"","overlay-type":"","overlay-color":"","overlay-opacity":"","overlay-gradient":""},"tablet":{"background-color":"","background-image":"","background-repeat":"repeat","background-position":"center center","background-size":"auto","background-attachment":"scroll","background-type":"","background-media":"","overlay-type":"","overlay-color":"","overlay-opacity":"","overlay-gradient":""},"mobile":{"background-color":"","background-image":"","background-repeat":"repeat","background-position":"center center","background-size":"auto","background-attachment":"scroll","background-type":"","background-media":"","overlay-type":"","overlay-color":"","overlay-opacity":"","overlay-gradient":""}},"ast-content-background-meta":{"desktop":{"background-color":"var(--ast-global-color-5)","background-image":"","background-repeat":"repeat","background-position":"center center","background-size":"auto","background-attachment":"scroll","background-type":"","background-media":"","overlay-type":"","overlay-color":"","overlay-opacity":"","overlay-gradient":""},"tablet":{"background-color":"var(--ast-global-color-5)","background-image":"","background-repeat":"repeat","background-position":"center center","background-size":"auto","background-attachment":"scroll","background-type":"","background-media":"","overlay-type":"","overlay-color":"","overlay-opacity":"","overlay-gradient":""},"mobile":{"background-color":"var(--ast-global-color-5)","background-image":"","background-repeat":"repeat","background-position":"center center","background-size":"auto","background-attachment":"scroll","background-type":"","background-media":"","overlay-type":"","overlay-color":"","overlay-opacity":"","overlay-gradient":""}},"footnotes":""},"class_list":["post-65","page","type-page","status-publish","hentry"],"post_mailing_queue_ids":[],"_links":{"self":[{"href":"https:\/\/agora.xtec.cat\/iesgabrielferrater\/wp-json\/wp\/v2\/pages\/65","targetHints":{"allow":["GET"]}}],"collection":[{"href":"https:\/\/agora.xtec.cat\/iesgabrielferrater\/wp-json\/wp\/v2\/pages"}],"about":[{"href":"https:\/\/agora.xtec.cat\/iesgabrielferrater\/wp-json\/wp\/v2\/types\/page"}],"author":[{"embeddable":true,"href":"https:\/\/agora.xtec.cat\/iesgabrielferrater\/wp-json\/wp\/v2\/users\/1"}],"replies":[{"embeddable":true,"href":"https:\/\/agora.xtec.cat\/iesgabrielferrater\/wp-json\/wp\/v2\/comments?post=65"}],"version-history":[{"count":4,"href":"https:\/\/agora.xtec.cat\/iesgabrielferrater\/wp-json\/wp\/v2\/pages\/65\/revisions"}],"predecessor-version":[{"id":7248,"href":"https:\/\/agora.xtec.cat\/iesgabrielferrater\/wp-json\/wp\/v2\/pages\/65\/revisions\/7248"}],"wp:attachment":[{"href":"https:\/\/agora.xtec.cat\/iesgabrielferrater\/wp-json\/wp\/v2\/media?parent=65"}],"curies":[{"name":"wp","href":"https:\/\/api.w.org\/{rel}","templated":true}]}}