{"id":427,"date":"2015-11-06T20:08:18","date_gmt":"2015-11-06T19:08:18","guid":{"rendered":"http:\/\/agora.xtec.cat\/iesgabrielferrater\/?page_id=427"},"modified":"2022-09-23T10:32:41","modified_gmt":"2022-09-23T08:32:41","slug":"coordinacions","status":"publish","type":"page","link":"https:\/\/agora.xtec.cat\/iesgabrielferrater\/coordinacions\/","title":{"rendered":"Espais virtuals"},"content":{"rendered":"<ul class=\"sub-menu menu-odd menu-depth-1\">\n<li id=\"nav-menu-item-2233\" class=\"sub-menu-item menu-item-odd menu-item-depth-1 menu-item menu-item-type-taxonomy menu-item-object-category\"><a class=\"menu-link sub-menu-link\" href=\"https:\/\/agora.xtec.cat\/iesgabrielferrater\/categoria\/recursos-digitals-pla-tac\/\">Recursos Digitals \u2013 Pla TAC<\/a><\/li>\n<li id=\"nav-menu-item-546\" class=\"sub-menu-item menu-item-odd menu-item-depth-1 menu-item menu-item-type-custom menu-item-object-custom\"><a class=\"menu-link sub-menu-link\" href=\"https:\/\/incidencies.insgabrielferrater.cat\/login\">Incid\u00e8ncies Inform-Audiov<\/a><\/li>\n<li id=\"nav-menu-item-955\" class=\"sub-menu-item menu-item-odd menu-item-depth-1 menu-item menu-item-type-custom menu-item-object-custom\"><a class=\"menu-link sub-menu-link\" href=\"https:\/\/docs.google.com\/forms\/d\/1H3woSD7JE3eQTNTUAApoJ6hsK-98_uq5AAQQEv7vH0k\/viewform?edit_requested=true\" target=\"_blank\" rel=\"noopener noreferrer\">B\u00fastia suggeriments<\/a><\/li>\n<li id=\"nav-menu-item-552\" class=\"sub-menu-item menu-item-odd menu-item-depth-1 menu-item menu-item-type-custom menu-item-object-custom\"><a class=\"menu-link sub-menu-link\" href=\"https:\/\/insgabrielferrater.ieduca.com\/\">iEducaci\u00f3<\/a><\/li>\n<li id=\"nav-menu-item-551\" class=\"sub-menu-item menu-item-odd menu-item-depth-1 menu-item menu-item-type-custom menu-item-object-custom\"><a class=\"menu-link sub-menu-link\" href=\"http:\/\/agora.xtec.cat\/iesgabrielferrater\/moodle\/\">Moodle<\/a><\/li>\n<li id=\"nav-menu-item-5485\" class=\"sub-menu-item menu-item-odd menu-item-depth-1 menu-item menu-item-type-custom menu-item-object-custom\"><a class=\"menu-link sub-menu-link\" href=\"https:\/\/classroom.google.com\">Google Classroom<\/a><\/li>\n<li id=\"nav-menu-item-956\" class=\"sub-menu-item menu-item-odd menu-item-depth-1 menu-item menu-item-type-custom menu-item-object-custom\"><a class=\"menu-link sub-menu-link\" href=\"http:\/\/educacio.gencat.cat\/portal\/page\/portal\/EducacioIntranet\/Inici\/PortalCentres\" target=\"_blank\" rel=\"noopener noreferrer\">Esfer@<\/a><\/li>\n<li id=\"nav-menu-item-562\" class=\"sub-menu-item menu-item-odd menu-item-depth-1 menu-item menu-item-type-custom menu-item-object-custom\"><a class=\"menu-link sub-menu-link\" href=\"https:\/\/institutgabrielferrater.wordpress.com\/\">Antiga web 2010-2015<\/a><\/li>\n<li id=\"nav-menu-item-563\" class=\"sub-menu-item menu-item-odd menu-item-depth-1 menu-item menu-item-type-custom menu-item-object-custom\"><a class=\"menu-link sub-menu-link\" href=\"http:\/\/www.xtec.cat\/iesgabrielferrater\/index_antic.htm\">Antiga web 2006-2010<\/a><\/li>\n<\/ul>\n","protected":false},"excerpt":{"rendered":"<p>Recursos Digitals \u2013 Pla TAC Incid\u00e8ncies Inform-Audiov B\u00fastia suggeriments iEducaci\u00f3 Moodle Google Classroom Esfer@ Antiga web 2010-2015 Antiga web 2006-2010<\/p>\n","protected":false},"author":1,"featured_media":0,"parent":0,"menu_order":0,"comment_status":"closed","ping_status":"closed","template":"","meta":{"_bbp_topic_count":0,"_bbp_reply_count":0,"_bbp_total_topic_count":0,"_bbp_total_reply_count":0,"_bbp_voice_count":0,"_bbp_anonymous_reply_count":0,"_bbp_topic_count_hidden":0,"_bbp_reply_count_hidden":0,"_bbp_forum_subforum_count":0,"site-sidebar-layout":"default","site-content-layout":"","ast-site-content-layout":"","site-content-style":"default","site-sidebar-style":"default","ast-global-header-display":"","ast-banner-title-visibility":"","ast-main-header-display":"","ast-hfb-above-header-display":"","ast-hfb-below-header-display":"","ast-hfb-mobile-header-display":"","site-post-title":"","ast-breadcrumbs-content":"","ast-featured-img":"","footer-sml-layout":"","theme-transparent-header-meta":"","adv-header-id-meta":"","stick-header-meta":"","header-above-stick-meta":"","header-main-stick-meta":"","header-below-stick-meta":"","astra-migrate-meta-layouts":"default","ast-page-background-enabled":"default","ast-page-background-meta":{"desktop":{"background-color":"var(--ast-global-color-4)","background-image":"","background-repeat":"repeat","background-position":"center center","background-size":"auto","background-attachment":"scroll","background-type":"","background-media":"","overlay-type":"","overlay-color":"","overlay-opacity":"","overlay-gradient":""},"tablet":{"background-color":"","background-image":"","background-repeat":"repeat","background-position":"center center","background-size":"auto","background-attachment":"scroll","background-type":"","background-media":"","overlay-type":"","overlay-color":"","overlay-opacity":"","overlay-gradient":""},"mobile":{"background-color":"","background-image":"","background-repeat":"repeat","background-position":"center center","background-size":"auto","background-attachment":"scroll","background-type":"","background-media":"","overlay-type":"","overlay-color":"","overlay-opacity":"","overlay-gradient":""}},"ast-content-background-meta":{"desktop":{"background-color":"var(--ast-global-color-5)","background-image":"","background-repeat":"repeat","background-position":"center center","background-size":"auto","background-attachment":"scroll","background-type":"","background-media":"","overlay-type":"","overlay-color":"","overlay-opacity":"","overlay-gradient":""},"tablet":{"background-color":"var(--ast-global-color-5)","background-image":"","background-repeat":"repeat","background-position":"center center","background-size":"auto","background-attachment":"scroll","background-type":"","background-media":"","overlay-type":"","overlay-color":"","overlay-opacity":"","overlay-gradient":""},"mobile":{"background-color":"var(--ast-global-color-5)","background-image":"","background-repeat":"repeat","background-position":"center center","background-size":"auto","background-attachment":"scroll","background-type":"","background-media":"","overlay-type":"","overlay-color":"","overlay-opacity":"","overlay-gradient":""}},"footnotes":""},"class_list":["post-427","page","type-page","status-publish","hentry"],"post_mailing_queue_ids":[],"_links":{"self":[{"href":"https:\/\/agora.xtec.cat\/iesgabrielferrater\/wp-json\/wp\/v2\/pages\/427","targetHints":{"allow":["GET"]}}],"collection":[{"href":"https:\/\/agora.xtec.cat\/iesgabrielferrater\/wp-json\/wp\/v2\/pages"}],"about":[{"href":"https:\/\/agora.xtec.cat\/iesgabrielferrater\/wp-json\/wp\/v2\/types\/page"}],"author":[{"embeddable":true,"href":"https:\/\/agora.xtec.cat\/iesgabrielferrater\/wp-json\/wp\/v2\/users\/1"}],"replies":[{"embeddable":true,"href":"https:\/\/agora.xtec.cat\/iesgabrielferrater\/wp-json\/wp\/v2\/comments?post=427"}],"version-history":[{"count":3,"href":"https:\/\/agora.xtec.cat\/iesgabrielferrater\/wp-json\/wp\/v2\/pages\/427\/revisions"}],"predecessor-version":[{"id":10328,"href":"https:\/\/agora.xtec.cat\/iesgabrielferrater\/wp-json\/wp\/v2\/pages\/427\/revisions\/10328"}],"wp:attachment":[{"href":"https:\/\/agora.xtec.cat\/iesgabrielferrater\/wp-json\/wp\/v2\/media?parent=427"}],"curies":[{"name":"wp","href":"https:\/\/api.w.org\/{rel}","templated":true}]}}