{"id":39,"date":"2014-09-17T16:36:44","date_gmt":"2014-09-17T16:36:44","guid":{"rendered":"http:\/\/agora.xtec.cat\/iesgabrielferrater\/?page_id=39"},"modified":"2016-05-25T20:54:16","modified_gmt":"2016-05-25T19:54:16","slug":"instal%c2%b7lacions","status":"publish","type":"page","link":"https:\/\/agora.xtec.cat\/iesgabrielferrater\/linstitut\/instal%c2%b7lacions\/","title":{"rendered":"Instal\u00b7lacions"},"content":{"rendered":"<p><a href=\"http:\/\/agora.xtec.cat\/iesgabrielferrater\/wp-content\/uploads\/usu1206\/2014\/09\/instalc2b7lacions-foto.jpg\"><img loading=\"lazy\" decoding=\"async\" class=\"alignnone size-large wp-image-320\" src=\"http:\/\/agora.xtec.cat\/iesgabrielferrater\/wp-content\/uploads\/usu1206\/2014\/09\/instalc2b7lacions-foto-1024x640.jpg\" alt=\"instalc2b7lacions-foto\" width=\"1024\" height=\"640\" srcset=\"https:\/\/agora.xtec.cat\/iesgabrielferrater\/wp-content\/uploads\/usu1206\/2014\/09\/instalc2b7lacions-foto-1024x640.jpg 1024w, https:\/\/agora.xtec.cat\/iesgabrielferrater\/wp-content\/uploads\/usu1206\/2014\/09\/instalc2b7lacions-foto-300x187.jpg 300w, https:\/\/agora.xtec.cat\/iesgabrielferrater\/wp-content\/uploads\/usu1206\/2014\/09\/instalc2b7lacions-foto.jpg 1452w\" sizes=\"auto, (max-width: 1024px) 100vw, 1024px\" \/><\/a><\/p>\n<p>El centre disposa dels seg\u00fcents espais i instal\u00b7lacions:<\/p>\n<ul>\n<li>Aules de grup<\/li>\n<li>Aules de desdoblament<\/li>\n<li>Biblioteca (antiga ermita del Roser)<\/li>\n<li>2 Aules d&#8217;Inform\u00e0tica<\/li>\n<li>Taller de Matem\u00e0tiques<\/li>\n<li>3 Laboratoris de Ci\u00e8ncies Experimentals<\/li>\n<li>Aula de Dibuix<\/li>\n<li>Sala polivalent: gimn\u00e0s &#8211; teatre<\/li>\n<li><a href=\"https:\/\/picasaweb.google.com\/adaarias1\/AulaDIdiomesDistribuDaEnEspaisDiversificats?authkey=Gv1sRgCMCKk7POpc6elAE#\">Aula d&#8217;Idiomes<\/a><\/li>\n<li>Aula de M\u00fasica<\/li>\n<li>Aula de Tecnologia<\/li>\n<li>Aula Taller<\/li>\n<li>Aula de Cer\u00e0mica<\/li>\n<li>Patis exteriors i interiors<\/li>\n<\/ul>\n<p>Vegem algunes <a href=\"https:\/\/picasaweb.google.com\/105580311082470973342\/InstalLacions?authkey=Gv1sRgCJPC1_CXioj6twE&amp;feat=directlink\">imatges<\/a><\/p>\n<p>&nbsp;<\/p>\n<div class=\"ast-oembed-container \" style=\"height: 100%;\"><iframe loading=\"lazy\" title=\"instal\u00b7lacions Institut Gabriel Ferrater\" width=\"500\" height=\"375\" src=\"https:\/\/www.youtube.com\/embed\/qySDlnGZ5EE?feature=oembed\" frameborder=\"0\" allow=\"accelerometer; autoplay; clipboard-write; encrypted-media; gyroscope; picture-in-picture; web-share\" referrerpolicy=\"strict-origin-when-cross-origin\" allowfullscreen><\/iframe><\/div>\n","protected":false},"excerpt":{"rendered":"<p>El centre disposa dels seg\u00fcents espais i instal\u00b7lacions: Aules de grup Aules de desdoblament Biblioteca (antiga ermita del Roser) 2 Aules d&#8217;Inform\u00e0tica Taller de Matem\u00e0tiques 3 Laboratoris de Ci\u00e8ncies Experimentals Aula de Dibuix Sala polivalent: gimn\u00e0s &#8211; teatre Aula d&#8217;Idiomes Aula de M\u00fasica Aula de Tecnologia Aula Taller Aula de Cer\u00e0mica Patis exteriors i interiors [&hellip;]<\/p>\n","protected":false},"author":1,"featured_media":0,"parent":19,"menu_order":30,"comment_status":"closed","ping_status":"closed","template":"page-templates\/side-menu.php","meta":{"_bbp_topic_count":0,"_bbp_reply_count":0,"_bbp_total_topic_count":0,"_bbp_total_reply_count":0,"_bbp_voice_count":0,"_bbp_anonymous_reply_count":0,"_bbp_topic_count_hidden":0,"_bbp_reply_count_hidden":0,"_bbp_forum_subforum_count":0,"site-sidebar-layout":"default","site-content-layout":"","ast-site-content-layout":"","site-content-style":"default","site-sidebar-style":"default","ast-global-header-display":"","ast-banner-title-visibility":"","ast-main-header-display":"","ast-hfb-above-header-display":"","ast-hfb-below-header-display":"","ast-hfb-mobile-header-display":"","site-post-title":"","ast-breadcrumbs-content":"","ast-featured-img":"","footer-sml-layout":"","theme-transparent-header-meta":"","adv-header-id-meta":"","stick-header-meta":"","header-above-stick-meta":"","header-main-stick-meta":"","header-below-stick-meta":"","astra-migrate-meta-layouts":"default","ast-page-background-enabled":"default","ast-page-background-meta":{"desktop":{"background-color":"var(--ast-global-color-4)","background-image":"","background-repeat":"repeat","background-position":"center center","background-size":"auto","background-attachment":"scroll","background-type":"","background-media":"","overlay-type":"","overlay-color":"","overlay-opacity":"","overlay-gradient":""},"tablet":{"background-color":"","background-image":"","background-repeat":"repeat","background-position":"center center","background-size":"auto","background-attachment":"scroll","background-type":"","background-media":"","overlay-type":"","overlay-color":"","overlay-opacity":"","overlay-gradient":""},"mobile":{"background-color":"","background-image":"","background-repeat":"repeat","background-position":"center center","background-size":"auto","background-attachment":"scroll","background-type":"","background-media":"","overlay-type":"","overlay-color":"","overlay-opacity":"","overlay-gradient":""}},"ast-content-background-meta":{"desktop":{"background-color":"var(--ast-global-color-5)","background-image":"","background-repeat":"repeat","background-position":"center center","background-size":"auto","background-attachment":"scroll","background-type":"","background-media":"","overlay-type":"","overlay-color":"","overlay-opacity":"","overlay-gradient":""},"tablet":{"background-color":"var(--ast-global-color-5)","background-image":"","background-repeat":"repeat","background-position":"center center","background-size":"auto","background-attachment":"scroll","background-type":"","background-media":"","overlay-type":"","overlay-color":"","overlay-opacity":"","overlay-gradient":""},"mobile":{"background-color":"var(--ast-global-color-5)","background-image":"","background-repeat":"repeat","background-position":"center center","background-size":"auto","background-attachment":"scroll","background-type":"","background-media":"","overlay-type":"","overlay-color":"","overlay-opacity":"","overlay-gradient":""}},"footnotes":""},"class_list":["post-39","page","type-page","status-publish","hentry"],"post_mailing_queue_ids":[],"_links":{"self":[{"href":"https:\/\/agora.xtec.cat\/iesgabrielferrater\/wp-json\/wp\/v2\/pages\/39","targetHints":{"allow":["GET"]}}],"collection":[{"href":"https:\/\/agora.xtec.cat\/iesgabrielferrater\/wp-json\/wp\/v2\/pages"}],"about":[{"href":"https:\/\/agora.xtec.cat\/iesgabrielferrater\/wp-json\/wp\/v2\/types\/page"}],"author":[{"embeddable":true,"href":"https:\/\/agora.xtec.cat\/iesgabrielferrater\/wp-json\/wp\/v2\/users\/1"}],"replies":[{"embeddable":true,"href":"https:\/\/agora.xtec.cat\/iesgabrielferrater\/wp-json\/wp\/v2\/comments?post=39"}],"version-history":[{"count":4,"href":"https:\/\/agora.xtec.cat\/iesgabrielferrater\/wp-json\/wp\/v2\/pages\/39\/revisions"}],"predecessor-version":[{"id":1568,"href":"https:\/\/agora.xtec.cat\/iesgabrielferrater\/wp-json\/wp\/v2\/pages\/39\/revisions\/1568"}],"up":[{"embeddable":true,"href":"https:\/\/agora.xtec.cat\/iesgabrielferrater\/wp-json\/wp\/v2\/pages\/19"}],"wp:attachment":[{"href":"https:\/\/agora.xtec.cat\/iesgabrielferrater\/wp-json\/wp\/v2\/media?parent=39"}],"curies":[{"name":"wp","href":"https:\/\/api.w.org\/{rel}","templated":true}]}}