{"id":27,"date":"2014-09-17T16:24:03","date_gmt":"2014-09-17T16:24:03","guid":{"rendered":"http:\/\/agora.xtec.cat\/iesgabrielferrater\/?page_id=27"},"modified":"2020-10-15T20:55:29","modified_gmt":"2020-10-15T18:55:29","slug":"historia","status":"publish","type":"page","link":"https:\/\/agora.xtec.cat\/iesgabrielferrater\/linstitut\/historia\/","title":{"rendered":"Hist\u00f2ria de l&#8217;edifici"},"content":{"rendered":"<p style=\"text-align: center;\"><a href=\"http:\/\/www.reus.cat\/antiga-ermita-del-roser\" target=\"_blank\" rel=\"noopener noreferrer\"><strong>Antiga ermita del Roser (Reus.cat)<\/strong><\/a><\/p>\n<p><em><span style=\"color: #993300;\">El culte a la Mare de D\u00e9u del Roser es va iniciar a partir de 1539, i l\u2019ermita es va configurar a partir de l\u2019antiga ermita de Sant Roc. Del 1802 al 1870 hi va haver el cementiri de la vila. A partir de 1960, al voltant de l\u2019ermita es van construir les instal\u00b7lacions d\u2019una escola dels pares salesians que va funcionar fins al 1971. Del 1973 al 1991, l\u2019edifici va ser ocupat per l\u2019Escola de la Sagrada Fam\u00edlia, fins que l\u2019escola es va traslladar a un nou edifici amb el nom d\u2019Escola Pare Manyanet. Despr\u00e9s de superar el debat entre els que volien enderrocar l\u2019edifici i els que volien conservar-lo, i descartada tamb\u00e9 la idea inicial d\u2019ubicar-hi la Facultat de Ci\u00e8ncies Econ\u00f2miques i Empresarials de la Universitat Rovira i Virgili, l\u2019edifici es va restaurar el 1998 per acollir l\u2019actual Institut Gabriel Ferrater de Reus, que amb el nom provisional de Reus III havia comen\u00e7at a funcionar uns anys abans a la Boca de la Mina. (Llegir m\u00e9s a <a href=\"http:\/\/www.reus.cat\/antiga-ermita-del-roser\" target=\"_blank\" rel=\"noopener noreferrer\">Reus.cat<\/a>)<br \/>\n<\/span><\/em><\/p>\n<p><a href=\"https:\/\/books.google.es\/books?id=4xWevgEACAAJ&amp;printsec=frontcover&amp;source=gbs_book_other_versions_r&amp;redir_esc=y#v=onepage&amp;q&amp;f=false\" target=\"_blank\" rel=\"noopener noreferrer\"><em><strong>Anales hist\u00f3ricos de Reus<\/strong><\/em><\/a>, <span style=\"color: #993300;\">de Andreu Bofarull i Broc\u00e0<\/span>.<span style=\"color: #993300;\"> 2a edici\u00f3n 1866. Al volum II, p\u00e0gs 482 &#8211; 486, tenim una breu resenya de la hist\u00f2ria (fins el 1854), de la &#8220;Ermita del Rosario&#8221;<\/span><\/p>\n<div><\/div>\n<p><span style=\"color: #993300;\"><strong>Imatges del passat:<\/strong><\/span><\/p>\n<ul>\n<li><span style=\"color: #993300;\"><strong>Com a Ermita del Roser<\/strong><\/span><a href=\"http:\/\/agora.xtec.cat\/iesgabrielferrater\/wp-content\/uploads\/usu1206\/2014\/09\/insti_bn.jpg\"><img loading=\"lazy\" decoding=\"async\" class=\" size-full wp-image-300 aligncenter\" src=\"http:\/\/agora.xtec.cat\/iesgabrielferrater\/wp-content\/uploads\/usu1206\/2014\/09\/insti_bn.jpg\" alt=\"insti_bn\" width=\"424\" height=\"292\" srcset=\"https:\/\/agora.xtec.cat\/iesgabrielferrater\/wp-content\/uploads\/usu1206\/2014\/09\/insti_bn.jpg 424w, https:\/\/agora.xtec.cat\/iesgabrielferrater\/wp-content\/uploads\/usu1206\/2014\/09\/insti_bn-300x207.jpg 300w\" sizes=\"auto, (max-width: 424px) 100vw, 424px\" \/><\/a><\/li>\n<\/ul>\n<p><a href=\"http:\/\/agora.xtec.cat\/iesgabrielferrater\/wp-content\/uploads\/usu1206\/2014\/09\/e-roser01.jpg\"><img loading=\"lazy\" decoding=\"async\" class=\" size-full wp-image-301 aligncenter\" src=\"http:\/\/agora.xtec.cat\/iesgabrielferrater\/wp-content\/uploads\/usu1206\/2014\/09\/e-roser01.jpg\" alt=\"e-roser01\" width=\"700\" height=\"560\" srcset=\"https:\/\/agora.xtec.cat\/iesgabrielferrater\/wp-content\/uploads\/usu1206\/2014\/09\/e-roser01.jpg 700w, https:\/\/agora.xtec.cat\/iesgabrielferrater\/wp-content\/uploads\/usu1206\/2014\/09\/e-roser01-300x240.jpg 300w\" sizes=\"auto, (max-width: 700px) 100vw, 700px\" \/><\/a><\/p>\n<p style=\"text-align: center;\"><a href=\"http:\/\/mdc.csuc.cat\/cdm\/search\/collection\/afceccf!afcecag\/searchterm\/roser%20reus\/field\/all\/mode\/all\/conn\/and\" target=\"_blank\" rel=\"noopener noreferrer\"><strong>Mem\u00f2ria Digital de Catalunya (fotografies de Frances Blasi i Espinosa, 1872-1951)<\/strong><\/a><\/p>\n<p><a href=\"https:\/\/agora.xtec.cat\/iesgabrielferrater\/wp-content\/uploads\/usu1206\/2019\/11\/El-Santuari-del-Roser.jpg\"><img loading=\"lazy\" decoding=\"async\" class=\"size-full wp-image-6314 aligncenter\" src=\"https:\/\/agora.xtec.cat\/iesgabrielferrater\/wp-content\/uploads\/usu1206\/2019\/11\/El-Santuari-del-Roser.jpg\" alt=\"\" width=\"512\" height=\"512\" srcset=\"https:\/\/agora.xtec.cat\/iesgabrielferrater\/wp-content\/uploads\/usu1206\/2019\/11\/El-Santuari-del-Roser.jpg 512w, https:\/\/agora.xtec.cat\/iesgabrielferrater\/wp-content\/uploads\/usu1206\/2019\/11\/El-Santuari-del-Roser-150x150.jpg 150w, https:\/\/agora.xtec.cat\/iesgabrielferrater\/wp-content\/uploads\/usu1206\/2019\/11\/El-Santuari-del-Roser-300x300.jpg 300w\" sizes=\"auto, (max-width: 512px) 100vw, 512px\" \/><\/a><\/p>\n<p><a href=\"https:\/\/agora.xtec.cat\/iesgabrielferrater\/wp-content\/uploads\/usu1206\/2019\/11\/La-Mare-de-D\u00e9u-del-Roser-altar-i-linterior-del-santuari.jpg\"><img loading=\"lazy\" decoding=\"async\" class=\"size-full wp-image-6315 aligncenter\" src=\"https:\/\/agora.xtec.cat\/iesgabrielferrater\/wp-content\/uploads\/usu1206\/2019\/11\/La-Mare-de-D\u00e9u-del-Roser-altar-i-linterior-del-santuari.jpg\" alt=\"\" width=\"486\" height=\"460\" srcset=\"https:\/\/agora.xtec.cat\/iesgabrielferrater\/wp-content\/uploads\/usu1206\/2019\/11\/La-Mare-de-D\u00e9u-del-Roser-altar-i-linterior-del-santuari.jpg 486w, https:\/\/agora.xtec.cat\/iesgabrielferrater\/wp-content\/uploads\/usu1206\/2019\/11\/La-Mare-de-D\u00e9u-del-Roser-altar-i-linterior-del-santuari-300x284.jpg 300w\" sizes=\"auto, (max-width: 486px) 100vw, 486px\" \/><\/a><\/p>\n<p><a href=\"https:\/\/agora.xtec.cat\/iesgabrielferrater\/wp-content\/uploads\/usu1206\/2019\/11\/La-Mare-de-D\u00e9u-del-Roser-al-santuari.jpg\"><img loading=\"lazy\" decoding=\"async\" class=\"size-full wp-image-6316 aligncenter\" src=\"https:\/\/agora.xtec.cat\/iesgabrielferrater\/wp-content\/uploads\/usu1206\/2019\/11\/La-Mare-de-D\u00e9u-del-Roser-al-santuari.jpg\" alt=\"\" width=\"507\" height=\"460\" srcset=\"https:\/\/agora.xtec.cat\/iesgabrielferrater\/wp-content\/uploads\/usu1206\/2019\/11\/La-Mare-de-D\u00e9u-del-Roser-al-santuari.jpg 507w, https:\/\/agora.xtec.cat\/iesgabrielferrater\/wp-content\/uploads\/usu1206\/2019\/11\/La-Mare-de-D\u00e9u-del-Roser-al-santuari-300x272.jpg 300w\" sizes=\"auto, (max-width: 507px) 100vw, 507px\" \/><\/a><\/p>\n<ul>\n<li><span style=\"color: #993300;\"><strong>Com a Col\u00b7legi Menor Nostra Senyora del Roser<\/strong><\/span><\/li>\n<\/ul>\n<p><a href=\"http:\/\/agora.xtec.cat\/iesgabrielferrater\/wp-content\/uploads\/usu1206\/2014\/09\/p1260215.jpg\"><img loading=\"lazy\" decoding=\"async\" class=\" size-full wp-image-302 aligncenter\" src=\"http:\/\/agora.xtec.cat\/iesgabrielferrater\/wp-content\/uploads\/usu1206\/2014\/09\/p1260215.jpg\" alt=\"p1260215\" width=\"604\" height=\"437\" srcset=\"https:\/\/agora.xtec.cat\/iesgabrielferrater\/wp-content\/uploads\/usu1206\/2014\/09\/p1260215.jpg 604w, https:\/\/agora.xtec.cat\/iesgabrielferrater\/wp-content\/uploads\/usu1206\/2014\/09\/p1260215-300x217.jpg 300w\" sizes=\"auto, (max-width: 604px) 100vw, 604px\" \/><\/a><\/p>\n<ul>\n<li><span style=\"color: #993300;\"><strong>I segons el projecte de l&#8217;arquitecte Francesc de Paula Adell<\/strong><\/span><\/li>\n<\/ul>\n<p>&nbsp;<\/p>\n<p style=\"text-align: left;\"><a href=\"http:\/\/agora.xtec.cat\/iesgabrielferrater\/wp-content\/uploads\/usu1206\/2014\/09\/los-salesianos.jpg\"><img loading=\"lazy\" decoding=\"async\" class=\" size-full wp-image-303 aligncenter\" src=\"http:\/\/agora.xtec.cat\/iesgabrielferrater\/wp-content\/uploads\/usu1206\/2014\/09\/los-salesianos.jpg\" alt=\"los-salesianos\" width=\"500\" height=\"380\" srcset=\"https:\/\/agora.xtec.cat\/iesgabrielferrater\/wp-content\/uploads\/usu1206\/2014\/09\/los-salesianos.jpg 500w, https:\/\/agora.xtec.cat\/iesgabrielferrater\/wp-content\/uploads\/usu1206\/2014\/09\/los-salesianos-300x228.jpg 300w\" sizes=\"auto, (max-width: 500px) 100vw, 500px\" \/><\/a><\/p>\n<p style=\"text-align: left;\"><span style=\"color: #993300;\"><strong>La restauraci\u00f3 de l&#8217;edifici en 1998:<\/strong><\/span><\/p>\n<p style=\"padding-left: 30px;\"><a href=\"http:\/\/www.coac.net\/Tarragona\/AT\/2004\/at4.pdf\"><em><strong>L&#8217;Institut Gabriel Ferrater: &#8220;Notes sobre la recuperaci\u00f3 de l&#8217;antic Col\u00b7legi del Roser&#8221;<\/strong><\/em><\/a>, <span style=\"color: #993300;\">article d&#8217;Anton P\u00e0mies Martorell, arquitecte de la restauraci\u00f3 que va permetre la recuperaci\u00f3 de l&#8217;antic edifici com a nou institut Gabriel Ferrater. Forma part d&#8217;una s\u00e8rie de reflexions al voltant de l&#8217;arquitectura i l&#8217;ensenyament secundari, de la revista AT (Arquitectes de Tarragona).<\/span><\/p>\n<p style=\"text-align: left;\"><span style=\"color: #993300;\"><strong>Altres imatges del passat<\/strong><\/span><\/p>\n<p><a href=\"http:\/\/agora.xtec.cat\/iesgabrielferrater\/wp-content\/uploads\/usu1206\/2014\/09\/IMG-20170116-WA0000.jpg\"><img loading=\"lazy\" decoding=\"async\" class=\"aligncenter wp-image-3040\" src=\"http:\/\/agora.xtec.cat\/iesgabrielferrater\/wp-content\/uploads\/usu1206\/2014\/09\/IMG-20170116-WA0000.jpg\" alt=\"\" width=\"600\" height=\"400\" srcset=\"https:\/\/agora.xtec.cat\/iesgabrielferrater\/wp-content\/uploads\/usu1206\/2014\/09\/IMG-20170116-WA0000.jpg 1080w, https:\/\/agora.xtec.cat\/iesgabrielferrater\/wp-content\/uploads\/usu1206\/2014\/09\/IMG-20170116-WA0000-300x200.jpg 300w, https:\/\/agora.xtec.cat\/iesgabrielferrater\/wp-content\/uploads\/usu1206\/2014\/09\/IMG-20170116-WA0000-768x512.jpg 768w, https:\/\/agora.xtec.cat\/iesgabrielferrater\/wp-content\/uploads\/usu1206\/2014\/09\/IMG-20170116-WA0000-1024x683.jpg 1024w\" sizes=\"auto, (max-width: 600px) 100vw, 600px\" \/><\/a> <a href=\"http:\/\/agora.xtec.cat\/iesgabrielferrater\/wp-content\/uploads\/usu1206\/2014\/09\/IMG-20170116-WA0001.jpg\"><img loading=\"lazy\" decoding=\"async\" class=\"aligncenter wp-image-3041\" src=\"http:\/\/agora.xtec.cat\/iesgabrielferrater\/wp-content\/uploads\/usu1206\/2014\/09\/IMG-20170116-WA0001.jpg\" alt=\"\" width=\"600\" height=\"420\" srcset=\"https:\/\/agora.xtec.cat\/iesgabrielferrater\/wp-content\/uploads\/usu1206\/2014\/09\/IMG-20170116-WA0001.jpg 960w, https:\/\/agora.xtec.cat\/iesgabrielferrater\/wp-content\/uploads\/usu1206\/2014\/09\/IMG-20170116-WA0001-300x210.jpg 300w, https:\/\/agora.xtec.cat\/iesgabrielferrater\/wp-content\/uploads\/usu1206\/2014\/09\/IMG-20170116-WA0001-768x538.jpg 768w\" sizes=\"auto, (max-width: 600px) 100vw, 600px\" \/><\/a><\/p>\n<p>&nbsp;<\/p>\n","protected":false},"excerpt":{"rendered":"<p>Antiga ermita del Roser (Reus.cat) El culte a la Mare de D\u00e9u del Roser es va iniciar a partir de 1539, i l\u2019ermita es va configurar a partir de l\u2019antiga ermita de Sant Roc. Del 1802 al 1870 hi va haver el cementiri de la vila. A partir de 1960, al voltant de l\u2019ermita es [&hellip;]<\/p>\n","protected":false},"author":1,"featured_media":0,"parent":19,"menu_order":20,"comment_status":"closed","ping_status":"closed","template":"page-templates\/side-menu.php","meta":{"_bbp_topic_count":0,"_bbp_reply_count":0,"_bbp_total_topic_count":0,"_bbp_total_reply_count":0,"_bbp_voice_count":0,"_bbp_anonymous_reply_count":0,"_bbp_topic_count_hidden":0,"_bbp_reply_count_hidden":0,"_bbp_forum_subforum_count":0,"site-sidebar-layout":"default","site-content-layout":"","ast-site-content-layout":"","site-content-style":"default","site-sidebar-style":"default","ast-global-header-display":"","ast-banner-title-visibility":"","ast-main-header-display":"","ast-hfb-above-header-display":"","ast-hfb-below-header-display":"","ast-hfb-mobile-header-display":"","site-post-title":"","ast-breadcrumbs-content":"","ast-featured-img":"","footer-sml-layout":"","theme-transparent-header-meta":"","adv-header-id-meta":"","stick-header-meta":"","header-above-stick-meta":"","header-main-stick-meta":"","header-below-stick-meta":"","astra-migrate-meta-layouts":"default","ast-page-background-enabled":"default","ast-page-background-meta":{"desktop":{"background-color":"var(--ast-global-color-4)","background-image":"","background-repeat":"repeat","background-position":"center center","background-size":"auto","background-attachment":"scroll","background-type":"","background-media":"","overlay-type":"","overlay-color":"","overlay-opacity":"","overlay-gradient":""},"tablet":{"background-color":"","background-image":"","background-repeat":"repeat","background-position":"center center","background-size":"auto","background-attachment":"scroll","background-type":"","background-media":"","overlay-type":"","overlay-color":"","overlay-opacity":"","overlay-gradient":""},"mobile":{"background-color":"","background-image":"","background-repeat":"repeat","background-position":"center center","background-size":"auto","background-attachment":"scroll","background-type":"","background-media":"","overlay-type":"","overlay-color":"","overlay-opacity":"","overlay-gradient":""}},"ast-content-background-meta":{"desktop":{"background-color":"var(--ast-global-color-5)","background-image":"","background-repeat":"repeat","background-position":"center center","background-size":"auto","background-attachment":"scroll","background-type":"","background-media":"","overlay-type":"","overlay-color":"","overlay-opacity":"","overlay-gradient":""},"tablet":{"background-color":"var(--ast-global-color-5)","background-image":"","background-repeat":"repeat","background-position":"center center","background-size":"auto","background-attachment":"scroll","background-type":"","background-media":"","overlay-type":"","overlay-color":"","overlay-opacity":"","overlay-gradient":""},"mobile":{"background-color":"var(--ast-global-color-5)","background-image":"","background-repeat":"repeat","background-position":"center center","background-size":"auto","background-attachment":"scroll","background-type":"","background-media":"","overlay-type":"","overlay-color":"","overlay-opacity":"","overlay-gradient":""}},"footnotes":""},"class_list":["post-27","page","type-page","status-publish","hentry"],"post_mailing_queue_ids":[],"_links":{"self":[{"href":"https:\/\/agora.xtec.cat\/iesgabrielferrater\/wp-json\/wp\/v2\/pages\/27","targetHints":{"allow":["GET"]}}],"collection":[{"href":"https:\/\/agora.xtec.cat\/iesgabrielferrater\/wp-json\/wp\/v2\/pages"}],"about":[{"href":"https:\/\/agora.xtec.cat\/iesgabrielferrater\/wp-json\/wp\/v2\/types\/page"}],"author":[{"embeddable":true,"href":"https:\/\/agora.xtec.cat\/iesgabrielferrater\/wp-json\/wp\/v2\/users\/1"}],"replies":[{"embeddable":true,"href":"https:\/\/agora.xtec.cat\/iesgabrielferrater\/wp-json\/wp\/v2\/comments?post=27"}],"version-history":[{"count":3,"href":"https:\/\/agora.xtec.cat\/iesgabrielferrater\/wp-json\/wp\/v2\/pages\/27\/revisions"}],"predecessor-version":[{"id":7841,"href":"https:\/\/agora.xtec.cat\/iesgabrielferrater\/wp-json\/wp\/v2\/pages\/27\/revisions\/7841"}],"up":[{"embeddable":true,"href":"https:\/\/agora.xtec.cat\/iesgabrielferrater\/wp-json\/wp\/v2\/pages\/19"}],"wp:attachment":[{"href":"https:\/\/agora.xtec.cat\/iesgabrielferrater\/wp-json\/wp\/v2\/media?parent=27"}],"curies":[{"name":"wp","href":"https:\/\/api.w.org\/{rel}","templated":true}]}}