{"id":21,"date":"2014-09-17T16:14:14","date_gmt":"2014-09-17T16:14:14","guid":{"rendered":"http:\/\/agora.xtec.cat\/iesgabrielferrater\/?page_id=21"},"modified":"2023-03-23T13:34:06","modified_gmt":"2023-03-23T12:34:06","slug":"on-som","status":"publish","type":"page","link":"https:\/\/agora.xtec.cat\/iesgabrielferrater\/linstitut\/on-som\/","title":{"rendered":"On som"},"content":{"rendered":"<h4 style=\"color: #666666;\"><span style=\"color: #993300;\"><strong>Institut Gabriel Ferrater<\/strong><\/span><\/h4>\n<ul>\n<li style=\"color: #666666;\">\n<h5><span style=\"color: #993300;\"><strong>Adre\u00e7a:<\/strong> Av. Montblanc, 5-9. Reus-43206 (al costat dels Jutjats i del Carrefour)<\/span><\/h5>\n<\/li>\n<li style=\"color: #666666;\">\n<h5><span style=\"color: #993300;\"><strong>Correus electr\u00f2nics de contacte<\/strong><\/span><\/h5>\n<ul>\n<li><a href=\"mailto:e3006678@xtec.cat\" target=\"_blank\" rel=\"noopener\"><strong>e3006678@xtec.cat<\/strong><\/a><\/li>\n<li><a href=\"mailto:secretaria@insgabrielferrater.cat\" target=\"_blank\" rel=\"noopener\"><strong>secretaria@insgabrielferrater.cat<\/strong><\/a> <span style=\"color: #993300;\">(per gestions administratives pr\u00f2pies de la secretaria del centre: certificats, matr\u00edcula, t\u00edtols&#8230;)<\/span><\/li>\n<\/ul>\n<\/li>\n<li>\n<h5><span style=\"color: #993300;\"><strong>Tel\u00e8fon<\/strong>: 977342010 \/ Fax: 977343808<\/span><\/h5>\n<\/li>\n<\/ul>\n<p><iframe loading=\"lazy\" style=\"border: 0px none;\" src=\"https:\/\/www.google.com\/maps\/embed?pb=!1m18!1m12!1m3!1d1501.887840405569!2d1.1157486362015299!3d41.16124588125292!2m3!1f0!2f0!3f0!3m2!1i1024!2i768!4f13.1!3m3!1m2!1s0x12a15122079d97ef%3A0x9f636e952f47b430!2sI.E.S+Gabriel+Ferrater+i+Soler!5e0!3m2!1ses!2sus!4v1446360836778\" width=\"800\" height=\"600\" frameborder=\"0\"><\/iframe><\/p>\n<ul>\n<li>\n<h5><strong><a href=\"https:\/\/www.google.com\/maps\/dir\/\/41.1615091,1.116132\/@41.161075,1.11713,19z?hl=es-ES\">Com arribar-hi<\/a><\/strong><\/h5>\n<\/li>\n<li>\n<h5><strong><a href=\"http:\/\/www.reus.cat\/centre-educatiu\/institut-gabriel-ferrater-i-soler\">Escoles adscrites a l&#8217;institut<\/a><\/strong><\/h5>\n<\/li>\n<\/ul>\n","protected":false},"excerpt":{"rendered":"<p>Institut Gabriel Ferrater Adre\u00e7a: Av. Montblanc, 5-9. Reus-43206 (al costat dels Jutjats i del Carrefour) Correus electr\u00f2nics de contacte e3006678@xtec.cat secretaria@insgabrielferrater.cat (per gestions administratives pr\u00f2pies de la secretaria del centre: certificats, matr\u00edcula, t\u00edtols&#8230;) Tel\u00e8fon: 977342010 \/ Fax: 977343808 Com arribar-hi Escoles adscrites a l&#8217;institut<\/p>\n","protected":false},"author":1,"featured_media":0,"parent":19,"menu_order":10,"comment_status":"closed","ping_status":"closed","template":"page-templates\/side-menu.php","meta":{"_bbp_topic_count":0,"_bbp_reply_count":0,"_bbp_total_topic_count":0,"_bbp_total_reply_count":0,"_bbp_voice_count":0,"_bbp_anonymous_reply_count":0,"_bbp_topic_count_hidden":0,"_bbp_reply_count_hidden":0,"_bbp_forum_subforum_count":0,"site-sidebar-layout":"default","site-content-layout":"","ast-site-content-layout":"","site-content-style":"default","site-sidebar-style":"default","ast-global-header-display":"","ast-banner-title-visibility":"","ast-main-header-display":"","ast-hfb-above-header-display":"","ast-hfb-below-header-display":"","ast-hfb-mobile-header-display":"","site-post-title":"","ast-breadcrumbs-content":"","ast-featured-img":"","footer-sml-layout":"","theme-transparent-header-meta":"","adv-header-id-meta":"","stick-header-meta":"","header-above-stick-meta":"","header-main-stick-meta":"","header-below-stick-meta":"","astra-migrate-meta-layouts":"default","ast-page-background-enabled":"default","ast-page-background-meta":{"desktop":{"background-color":"var(--ast-global-color-4)","background-image":"","background-repeat":"repeat","background-position":"center center","background-size":"auto","background-attachment":"scroll","background-type":"","background-media":"","overlay-type":"","overlay-color":"","overlay-opacity":"","overlay-gradient":""},"tablet":{"background-color":"","background-image":"","background-repeat":"repeat","background-position":"center center","background-size":"auto","background-attachment":"scroll","background-type":"","background-media":"","overlay-type":"","overlay-color":"","overlay-opacity":"","overlay-gradient":""},"mobile":{"background-color":"","background-image":"","background-repeat":"repeat","background-position":"center center","background-size":"auto","background-attachment":"scroll","background-type":"","background-media":"","overlay-type":"","overlay-color":"","overlay-opacity":"","overlay-gradient":""}},"ast-content-background-meta":{"desktop":{"background-color":"var(--ast-global-color-5)","background-image":"","background-repeat":"repeat","background-position":"center center","background-size":"auto","background-attachment":"scroll","background-type":"","background-media":"","overlay-type":"","overlay-color":"","overlay-opacity":"","overlay-gradient":""},"tablet":{"background-color":"var(--ast-global-color-5)","background-image":"","background-repeat":"repeat","background-position":"center center","background-size":"auto","background-attachment":"scroll","background-type":"","background-media":"","overlay-type":"","overlay-color":"","overlay-opacity":"","overlay-gradient":""},"mobile":{"background-color":"var(--ast-global-color-5)","background-image":"","background-repeat":"repeat","background-position":"center center","background-size":"auto","background-attachment":"scroll","background-type":"","background-media":"","overlay-type":"","overlay-color":"","overlay-opacity":"","overlay-gradient":""}},"footnotes":""},"class_list":["post-21","page","type-page","status-publish","hentry"],"post_mailing_queue_ids":[],"_links":{"self":[{"href":"https:\/\/agora.xtec.cat\/iesgabrielferrater\/wp-json\/wp\/v2\/pages\/21","targetHints":{"allow":["GET"]}}],"collection":[{"href":"https:\/\/agora.xtec.cat\/iesgabrielferrater\/wp-json\/wp\/v2\/pages"}],"about":[{"href":"https:\/\/agora.xtec.cat\/iesgabrielferrater\/wp-json\/wp\/v2\/types\/page"}],"author":[{"embeddable":true,"href":"https:\/\/agora.xtec.cat\/iesgabrielferrater\/wp-json\/wp\/v2\/users\/1"}],"replies":[{"embeddable":true,"href":"https:\/\/agora.xtec.cat\/iesgabrielferrater\/wp-json\/wp\/v2\/comments?post=21"}],"version-history":[{"count":4,"href":"https:\/\/agora.xtec.cat\/iesgabrielferrater\/wp-json\/wp\/v2\/pages\/21\/revisions"}],"predecessor-version":[{"id":10607,"href":"https:\/\/agora.xtec.cat\/iesgabrielferrater\/wp-json\/wp\/v2\/pages\/21\/revisions\/10607"}],"up":[{"embeddable":true,"href":"https:\/\/agora.xtec.cat\/iesgabrielferrater\/wp-json\/wp\/v2\/pages\/19"}],"wp:attachment":[{"href":"https:\/\/agora.xtec.cat\/iesgabrielferrater\/wp-json\/wp\/v2\/media?parent=21"}],"curies":[{"name":"wp","href":"https:\/\/api.w.org\/{rel}","templated":true}]}}