{"id":13281,"date":"2026-03-18T22:44:29","date_gmt":"2026-03-18T21:44:29","guid":{"rendered":"https:\/\/agora.xtec.cat\/iesgabrielferrater\/?page_id=13281"},"modified":"2026-03-20T17:07:18","modified_gmt":"2026-03-20T16:07:18","slug":"sortides-professionals","status":"publish","type":"page","link":"https:\/\/agora.xtec.cat\/iesgabrielferrater\/categoria-batxillerat-batxillerat-lom-loe-batxillerat-arts-batxillerat-arts-plastiques-imatge-i-disseny-batxillerat-artistic-i-darts-plastiques\/sortides-professionals\/","title":{"rendered":"Sortides professionals"},"content":{"rendered":"<p style=\"text-align: justify;\"><span style=\"font-weight: 400; color: #800000;\">Si t\u2019atrau el m\u00f3n de la creaci\u00f3 art\u00edstica i t\u2019interessa expressar idees a trav\u00e9s de la pintura, l\u2019escultura o el disseny, aix\u00ed com tot all\u00f2 relacionat amb les arts pl\u00e0stiques i la conservaci\u00f3 del patrimoni cultural, aquesta pot ser una opci\u00f3 molt adequada per a tu. Especialment si disposes d\u2019habilitat manual, sensibilitat est\u00e8tica i una bona dosi de creativitat, el Batxillerat d\u2019Arts Pl\u00e0stiques, Imatge i Disseny et permetr\u00e0 desenvolupar i potenciar aquestes capacitats.<\/span><\/p>\n<p style=\"text-align: justify;\"><span style=\"font-weight: 400; color: #800000;\">Aquesta modalitat t\u2019ofereix una formaci\u00f3 s\u00f2lida tant en els aspectes t\u00e8cnics com conceptuals de l\u2019art, combinant la pr\u00e0ctica art\u00edstica amb el coneixement te\u00f2ric. Aprendr\u00e0s a utilitzar diferents materials i llenguatges visuals, a analitzar obres d\u2019art i a entendre millor el context cultural en qu\u00e8 es creen.<\/span><\/p>\n<p style=\"text-align: justify;\"><span style=\"font-weight: 400; color: #800000;\">A m\u00e9s, cursar aquest batxillerat et prepara de manera espec\u00edfica per accedir a estudis superiors relacionats amb l\u2019\u00e0mbit art\u00edstic, com ara Belles Arts o Hist\u00f2ria de l\u2019Art. Tanmateix, tamb\u00e9 et dona una base formativa vers\u00e0til que et permet accedir amb bones garanties a altres carreres universit\u00e0ries com Hist\u00f2ria, Traducci\u00f3 i Interpretaci\u00f3, Educaci\u00f3 Infantil i Prim\u00e0ria o Arquitectura, entre d\u2019altres.<\/span><\/p>\n<p style=\"text-align: justify;\"><span style=\"font-weight: 400; color: #800000;\">En definitiva, \u00e9s una opci\u00f3 ideal per a estudiants amb inquietuds art\u00edstiques que volen convertir la seva passi\u00f3 en una possible traject\u00f2ria acad\u00e8mica i professional.<\/span><\/p>\n<p style=\"text-align: justify;\"><strong><span style=\"color: #800000;\">Qu\u00e8 estudien els nostres antics alumnes?<\/span><\/strong><\/p>\n<p style=\"text-align: justify;\"><span style=\"font-weight: 400; color: #800000;\"><span style=\"text-decoration: underline;\">Graus universitaris:<\/span> Belles Arts, Restauraci\u00f3, Hist\u00f2ria de l\u2019art, Arquitectura, Paisatgisme, Disseny gr\u00e0fic, Disseny d\u2019interiors, Disseny d\u2019objecte, Disseny de Moda, Comunicaci\u00f3 audiovisual, Cinema, Publicitat, Educaci\u00f3 Infantil, Educaci\u00f3 Prim\u00e0ria, Turisme, M\u00e0rqueting,\u00a0<\/span><\/p>\n<p style=\"text-align: justify;\"><span style=\"font-weight: 400; color: #800000;\"><span style=\"text-decoration: underline;\">Cicles superiors:<\/span> Il\u00b7lustraci\u00f3, Arquitectura ef\u00edmera, Fotografia, T\u00e8cnic superior en caracteritzaci\u00f3 i maquillatge professional. Creaci\u00f3 de videojocs, Joieria art\u00edstica, Animaci\u00f3 i Arts digitals&#8230;<\/span><\/p>\n<div class=\"flex flex-col text-sm\">\n<section class=\"text-token-text-primary w-full focus:outline-none [--shadow-height:45px] has-data-writing-block:pointer-events-none has-data-writing-block:-mt-(--shadow-height) has-data-writing-block:pt-(--shadow-height) [&amp;:has([data-writing-block])&gt;*]:pointer-events-auto scroll-mt-[calc(var(--header-height)+min(200px,max(70px,20svh)))]\" dir=\"auto\" data-turn-id=\"request-WEB:9311ea8d-d031-4b2e-bf26-19217d7d84c0-0\" data-testid=\"conversation-turn-2\" data-scroll-anchor=\"true\" data-turn=\"assistant\">\n<div class=\"text-base my-auto mx-auto pb-10 [--thread-content-margin:var(--thread-content-margin-xs,calc(var(--spacing)*4))] @w-sm\/main:[--thread-content-margin:var(--thread-content-margin-sm,calc(var(--spacing)*6))] @w-lg\/main:[--thread-content-margin:var(--thread-content-margin-lg,calc(var(--spacing)*16))] px-(--thread-content-margin)\">\n<div class=\"[--thread-content-max-width:40rem] @w-lg\/main:[--thread-content-max-width:48rem] mx-auto max-w-(--thread-content-max-width) flex-1 group\/turn-messages focus-visible:outline-hidden relative flex w-full min-w-0 flex-col agent-turn\">\n<div class=\"flex max-w-full flex-col gap-4 grow\">\n<div class=\"min-h-8 text-message relative flex w-full flex-col items-end gap-2 text-start break-words whitespace-normal outline-none keyboard-focused:focus-ring [.text-message+&amp;]:mt-1\" dir=\"auto\" tabindex=\"0\" data-message-author-role=\"assistant\" data-message-id=\"47268280-ad89-4a39-8a48-df585594efcc\" data-message-model-slug=\"gpt-5-3\" data-turn-start-message=\"true\">\n<div class=\"flex w-full flex-col gap-1 empty:hidden\">\n<div class=\"markdown prose dark:prose-invert w-full wrap-break-word light markdown-new-styling\">\n<p style=\"text-align: justify;\" data-start=\"0\" data-end=\"180\" data-is-last-node=\"\" data-is-only-node=\"\"><span style=\"color: #800000;\">En aquest enlla\u00e7 trobareu les assignatures de l\u2019itinerari del batxillerat d&#8217;Arts pl\u00e0stiques, imatge i disseny, aix\u00ed com la seva ponderaci\u00f3 a les PAU per als diferents graus universitaris:<\/span><a href=\"https:\/\/docs.google.com\/spreadsheets\/d\/1KKiVR4-GmO3-MvI4ZLNxYP2RCCP2v7Hb\/edit?usp=sharing&amp;ouid=111082019215049422094&amp;rtpof=true&amp;sd=true\"> <strong style=\"font-size: 16px; color: #800000;\">Enlla\u00e7<\/strong><\/a><\/p>\n<\/div>\n<\/div>\n<\/div>\n<\/div>\n<\/div>\n<\/div>\n<\/section>\n<\/div>\n","protected":false},"excerpt":{"rendered":"<p>Si t\u2019atrau el m\u00f3n de la creaci\u00f3 art\u00edstica i t\u2019interessa expressar idees a trav\u00e9s de la pintura, l\u2019escultura o el disseny, aix\u00ed com tot all\u00f2 relacionat amb les arts pl\u00e0stiques i la conservaci\u00f3 del patrimoni cultural, aquesta pot ser una opci\u00f3 molt adequada per a tu. Especialment si disposes d\u2019habilitat manual, sensibilitat est\u00e8tica i una [&hellip;]<\/p>\n","protected":false},"author":1,"featured_media":0,"parent":12922,"menu_order":0,"comment_status":"closed","ping_status":"closed","template":"","meta":{"_bbp_topic_count":0,"_bbp_reply_count":0,"_bbp_total_topic_count":0,"_bbp_total_reply_count":0,"_bbp_voice_count":0,"_bbp_anonymous_reply_count":0,"_bbp_topic_count_hidden":0,"_bbp_reply_count_hidden":0,"_bbp_forum_subforum_count":0,"site-sidebar-layout":"default","site-content-layout":"","ast-site-content-layout":"default","site-content-style":"default","site-sidebar-style":"default","ast-global-header-display":"","ast-banner-title-visibility":"","ast-main-header-display":"","ast-hfb-above-header-display":"","ast-hfb-below-header-display":"","ast-hfb-mobile-header-display":"","site-post-title":"","ast-breadcrumbs-content":"","ast-featured-img":"","footer-sml-layout":"","theme-transparent-header-meta":"default","adv-header-id-meta":"","stick-header-meta":"","header-above-stick-meta":"","header-main-stick-meta":"","header-below-stick-meta":"","astra-migrate-meta-layouts":"set","ast-page-background-enabled":"default","ast-page-background-meta":{"desktop":{"background-color":"var(--ast-global-color-4)","background-image":"","background-repeat":"repeat","background-position":"center center","background-size":"auto","background-attachment":"scroll","background-type":"","background-media":"","overlay-type":"","overlay-color":"","overlay-opacity":"","overlay-gradient":""},"tablet":{"background-color":"","background-image":"","background-repeat":"repeat","background-position":"center center","background-size":"auto","background-attachment":"scroll","background-type":"","background-media":"","overlay-type":"","overlay-color":"","overlay-opacity":"","overlay-gradient":""},"mobile":{"background-color":"","background-image":"","background-repeat":"repeat","background-position":"center center","background-size":"auto","background-attachment":"scroll","background-type":"","background-media":"","overlay-type":"","overlay-color":"","overlay-opacity":"","overlay-gradient":""}},"ast-content-background-meta":{"desktop":{"background-color":"var(--ast-global-color-5)","background-image":"","background-repeat":"repeat","background-position":"center center","background-size":"auto","background-attachment":"scroll","background-type":"","background-media":"","overlay-type":"","overlay-color":"","overlay-opacity":"","overlay-gradient":""},"tablet":{"background-color":"var(--ast-global-color-5)","background-image":"","background-repeat":"repeat","background-position":"center center","background-size":"auto","background-attachment":"scroll","background-type":"","background-media":"","overlay-type":"","overlay-color":"","overlay-opacity":"","overlay-gradient":""},"mobile":{"background-color":"var(--ast-global-color-5)","background-image":"","background-repeat":"repeat","background-position":"center center","background-size":"auto","background-attachment":"scroll","background-type":"","background-media":"","overlay-type":"","overlay-color":"","overlay-opacity":"","overlay-gradient":""}},"footnotes":""},"class_list":["post-13281","page","type-page","status-publish","hentry"],"post_mailing_queue_ids":[],"_links":{"self":[{"href":"https:\/\/agora.xtec.cat\/iesgabrielferrater\/wp-json\/wp\/v2\/pages\/13281","targetHints":{"allow":["GET"]}}],"collection":[{"href":"https:\/\/agora.xtec.cat\/iesgabrielferrater\/wp-json\/wp\/v2\/pages"}],"about":[{"href":"https:\/\/agora.xtec.cat\/iesgabrielferrater\/wp-json\/wp\/v2\/types\/page"}],"author":[{"embeddable":true,"href":"https:\/\/agora.xtec.cat\/iesgabrielferrater\/wp-json\/wp\/v2\/users\/1"}],"replies":[{"embeddable":true,"href":"https:\/\/agora.xtec.cat\/iesgabrielferrater\/wp-json\/wp\/v2\/comments?post=13281"}],"version-history":[{"count":5,"href":"https:\/\/agora.xtec.cat\/iesgabrielferrater\/wp-json\/wp\/v2\/pages\/13281\/revisions"}],"predecessor-version":[{"id":13349,"href":"https:\/\/agora.xtec.cat\/iesgabrielferrater\/wp-json\/wp\/v2\/pages\/13281\/revisions\/13349"}],"up":[{"embeddable":true,"href":"https:\/\/agora.xtec.cat\/iesgabrielferrater\/wp-json\/wp\/v2\/pages\/12922"}],"wp:attachment":[{"href":"https:\/\/agora.xtec.cat\/iesgabrielferrater\/wp-json\/wp\/v2\/media?parent=13281"}],"curies":[{"name":"wp","href":"https:\/\/api.w.org\/{rel}","templated":true}]}}