{"id":13272,"date":"2026-03-18T22:40:06","date_gmt":"2026-03-18T21:40:06","guid":{"rendered":"https:\/\/agora.xtec.cat\/iesgabrielferrater\/?page_id=13272"},"modified":"2026-04-04T15:56:28","modified_gmt":"2026-04-04T13:56:28","slug":"materies","status":"publish","type":"page","link":"https:\/\/agora.xtec.cat\/iesgabrielferrater\/categoria-batxillerat-batxillerat-lom-loe-batxillerat-arts-batxillerat-arts-plastiques-imatge-i-disseny-batxillerat-artistic-i-darts-plastiques\/materies\/","title":{"rendered":"Mat\u00e8ries"},"content":{"rendered":"<table style=\"border-collapse: collapse; width: 100%;\">\n<tbody>\n<tr>\n<td style=\"width: 33.3333%;\"><iframe loading=\"lazy\" src=\"https:\/\/drive.google.com\/file\/d\/178Wv1XZhDCbzPI3pnb8j-N89IwHJOQrd\/preview\" width=\"640\" height=\"480\"><\/iframe><\/td>\n<td style=\"width: 33.3333%;\"><iframe loading=\"lazy\" src=\"https:\/\/drive.google.com\/file\/d\/15bfaRX9zFZBTCtfEHUJQ1oBM0Z_Xq_Ew\/preview\" width=\"640\" height=\"480\"><\/iframe><\/td>\n<\/tr>\n<tr>\n<td style=\"width: 33.3333%; text-align: center;\">\n<h6><strong><span style=\"color: #800000;\">Volum<\/span><\/strong><\/h6>\n<\/td>\n<td style=\"width: 33.3333%; text-align: center;\">\n<h6><strong><span style=\"color: #800000;\">Serigraf\u00eda<\/span><\/strong><\/h6>\n<\/td>\n<\/tr>\n<\/tbody>\n<\/table>\n<p>&nbsp;<\/p>\n<table style=\"border-collapse: collapse; width: 100%;\">\n<tbody>\n<tr>\n<td style=\"width: 50%;\"><iframe loading=\"lazy\" src=\"https:\/\/drive.google.com\/file\/d\/1Lsr5i96X-kyHI8Wif8lcD-udjremfBr_\/preview\" width=\"640\" height=\"480\"><\/iframe><\/td>\n<td style=\"width: 50%;\"><iframe loading=\"lazy\" src=\"https:\/\/drive.google.com\/file\/d\/1gjNchcH19kzegPKFp0ZO1OR8LBfqxpcE\/preview\" width=\"640\" height=\"480\"><\/iframe><\/td>\n<\/tr>\n<tr>\n<td style=\"width: 50%; text-align: center;\">\n<h6><span style=\"color: #800000;\"><strong>Gravat<\/strong><\/span><\/h6>\n<\/td>\n<td style=\"width: 50%; text-align: center;\">\n<h6><span style=\"color: #800000;\"><strong>Disseny<\/strong><\/span><\/h6>\n<\/td>\n<\/tr>\n<\/tbody>\n<\/table>\n<table style=\"border-collapse: collapse; width: 100%;\">\n<tbody>\n<tr>\n<td style=\"width: 50%;\"><iframe loading=\"lazy\" src=\"https:\/\/drive.google.com\/file\/d\/1xJmhXfKRSBqWTw75-uZjySE3G32ZT4jM\/preview\" width=\"640\" height=\"480\"><\/iframe><\/td>\n<td style=\"width: 50%;\"><iframe loading=\"lazy\" src=\"https:\/\/drive.google.com\/file\/d\/1_tmRCDYEpQKJ4-UcJv395m9wYrLD7qXR\/preview\" width=\"640\" height=\"480\"><\/iframe><\/td>\n<\/tr>\n<tr>\n<td style=\"width: 50%; text-align: center;\">\n<h6><span style=\"color: #800000;\">Dibuix t\u00e8cnic aplicat<\/span><\/h6>\n<\/td>\n<td style=\"width: 50%; text-align: center;\">\n<h6><span style=\"color: #800000;\">Dibuix Art\u00edstic\u00a0<\/span><\/h6>\n<\/td>\n<\/tr>\n<\/tbody>\n<\/table>\n<table class=\" aligncenter\" style=\"height: 567px; width: 88.2841%; border-collapse: collapse;\">\n<tbody>\n<tr>\n<td style=\"width: 50%;\"><iframe loading=\"lazy\" src=\"https:\/\/drive.google.com\/file\/d\/1DmSrcjP1LyufIKzwfvteLGzc5kmZXRjQ\/preview\" width=\"640\" height=\"480\"><\/iframe><\/td>\n<td style=\"width: 50%;\"><iframe loading=\"lazy\" src=\"https:\/\/drive.google.com\/file\/d\/1zruHyN9kTWuEpv1lpWXQM4X_tHqAeeTY\/preview\" width=\"640\" height=\"480\"><\/iframe><\/td>\n<\/tr>\n<tr>\n<td style=\"width: 50%;\">\n<h6><span style=\"color: #800000;\">Cultura Audiovisual<\/span><\/h6>\n<\/td>\n<td style=\"width: 50%;\">\n<h6><span style=\"color: #800000;\">Laboratori de fotografia\u00a0<\/span><\/h6>\n<\/td>\n<\/tr>\n<\/tbody>\n<\/table>\n","protected":false},"excerpt":{"rendered":"<p>Volum Serigraf\u00eda &nbsp; Gravat Disseny Dibuix t\u00e8cnic aplicat Dibuix Art\u00edstic\u00a0 Cultura Audiovisual Laboratori de fotografia\u00a0<\/p>\n","protected":false},"author":1,"featured_media":0,"parent":12922,"menu_order":0,"comment_status":"closed","ping_status":"closed","template":"","meta":{"_bbp_topic_count":0,"_bbp_reply_count":0,"_bbp_total_topic_count":0,"_bbp_total_reply_count":0,"_bbp_voice_count":0,"_bbp_anonymous_reply_count":0,"_bbp_topic_count_hidden":0,"_bbp_reply_count_hidden":0,"_bbp_forum_subforum_count":0,"site-sidebar-layout":"default","site-content-layout":"","ast-site-content-layout":"default","site-content-style":"default","site-sidebar-style":"default","ast-global-header-display":"","ast-banner-title-visibility":"","ast-main-header-display":"","ast-hfb-above-header-display":"","ast-hfb-below-header-display":"","ast-hfb-mobile-header-display":"","site-post-title":"","ast-breadcrumbs-content":"","ast-featured-img":"","footer-sml-layout":"","theme-transparent-header-meta":"default","adv-header-id-meta":"","stick-header-meta":"","header-above-stick-meta":"","header-main-stick-meta":"","header-below-stick-meta":"","astra-migrate-meta-layouts":"set","ast-page-background-enabled":"default","ast-page-background-meta":{"desktop":{"background-color":"var(--ast-global-color-4)","background-image":"","background-repeat":"repeat","background-position":"center center","background-size":"auto","background-attachment":"scroll","background-type":"","background-media":"","overlay-type":"","overlay-color":"","overlay-opacity":"","overlay-gradient":""},"tablet":{"background-color":"","background-image":"","background-repeat":"repeat","background-position":"center center","background-size":"auto","background-attachment":"scroll","background-type":"","background-media":"","overlay-type":"","overlay-color":"","overlay-opacity":"","overlay-gradient":""},"mobile":{"background-color":"","background-image":"","background-repeat":"repeat","background-position":"center center","background-size":"auto","background-attachment":"scroll","background-type":"","background-media":"","overlay-type":"","overlay-color":"","overlay-opacity":"","overlay-gradient":""}},"ast-content-background-meta":{"desktop":{"background-color":"var(--ast-global-color-5)","background-image":"","background-repeat":"repeat","background-position":"center center","background-size":"auto","background-attachment":"scroll","background-type":"","background-media":"","overlay-type":"","overlay-color":"","overlay-opacity":"","overlay-gradient":""},"tablet":{"background-color":"var(--ast-global-color-5)","background-image":"","background-repeat":"repeat","background-position":"center center","background-size":"auto","background-attachment":"scroll","background-type":"","background-media":"","overlay-type":"","overlay-color":"","overlay-opacity":"","overlay-gradient":""},"mobile":{"background-color":"var(--ast-global-color-5)","background-image":"","background-repeat":"repeat","background-position":"center center","background-size":"auto","background-attachment":"scroll","background-type":"","background-media":"","overlay-type":"","overlay-color":"","overlay-opacity":"","overlay-gradient":""}},"footnotes":""},"class_list":["post-13272","page","type-page","status-publish","hentry"],"post_mailing_queue_ids":[],"_links":{"self":[{"href":"https:\/\/agora.xtec.cat\/iesgabrielferrater\/wp-json\/wp\/v2\/pages\/13272","targetHints":{"allow":["GET"]}}],"collection":[{"href":"https:\/\/agora.xtec.cat\/iesgabrielferrater\/wp-json\/wp\/v2\/pages"}],"about":[{"href":"https:\/\/agora.xtec.cat\/iesgabrielferrater\/wp-json\/wp\/v2\/types\/page"}],"author":[{"embeddable":true,"href":"https:\/\/agora.xtec.cat\/iesgabrielferrater\/wp-json\/wp\/v2\/users\/1"}],"replies":[{"embeddable":true,"href":"https:\/\/agora.xtec.cat\/iesgabrielferrater\/wp-json\/wp\/v2\/comments?post=13272"}],"version-history":[{"count":4,"href":"https:\/\/agora.xtec.cat\/iesgabrielferrater\/wp-json\/wp\/v2\/pages\/13272\/revisions"}],"predecessor-version":[{"id":13456,"href":"https:\/\/agora.xtec.cat\/iesgabrielferrater\/wp-json\/wp\/v2\/pages\/13272\/revisions\/13456"}],"up":[{"embeddable":true,"href":"https:\/\/agora.xtec.cat\/iesgabrielferrater\/wp-json\/wp\/v2\/pages\/12922"}],"wp:attachment":[{"href":"https:\/\/agora.xtec.cat\/iesgabrielferrater\/wp-json\/wp\/v2\/media?parent=13272"}],"curies":[{"name":"wp","href":"https:\/\/api.w.org\/{rel}","templated":true}]}}