{"id":12408,"date":"2025-07-23T13:12:56","date_gmt":"2025-07-23T11:12:56","guid":{"rendered":"https:\/\/agora.xtec.cat\/iesgabrielferrater\/?page_id=12408"},"modified":"2026-02-19T13:14:09","modified_gmt":"2026-02-19T12:14:09","slug":"equip-directiu","status":"publish","type":"page","link":"https:\/\/agora.xtec.cat\/iesgabrielferrater\/equip-directiu\/","title":{"rendered":"Equip directiu"},"content":{"rendered":"<p><span style=\"color: #993300;\">Actualment, l&#8217;equip directiu del centre est\u00e0 <strong>liderat<\/strong> per <strong>la Laura Rodr\u00edguez<\/strong>, professora de M\u00fasica i Arts Esc\u00e8niques. L&#8217;acompanyen en aquesta tasca <strong>l&#8217;\u00c0lex de Castro<\/strong>, professor de M\u00fasica i Arts Esc\u00e8niques i <strong>la S\u00edlvia Aragon\u00e8s,<\/strong> professora de F\u00edsica i Qu\u00edmica, com a <strong>Caps d&#8217;Estudis<\/strong>, la<strong> Conxi Ca\u00f1ellas<\/strong>, orientadora, com a <strong>Coordinadora Pedag\u00f2gica<\/strong> i la <strong>Raquel Casas<\/strong>, professora de Matem\u00e0tiques, com a <strong>Secret\u00e0ria<\/strong>.\u00a0<\/span><\/p>\n<ul>\n<li>\n<h4><a href=\"https:\/\/drive.google.com\/file\/d\/1XD8xIeHZqJB26aL2-HxT-KIsFyask1-z\/view?usp=drive_link\">Projecte de direcci\u00f3 2025-2029<\/a><\/h4>\n<\/li>\n<\/ul>\n","protected":false},"excerpt":{"rendered":"<p>Actualment, l&#8217;equip directiu del centre est\u00e0 liderat per la Laura Rodr\u00edguez, professora de M\u00fasica i Arts Esc\u00e8niques. L&#8217;acompanyen en aquesta tasca l&#8217;\u00c0lex de Castro, professor de M\u00fasica i Arts Esc\u00e8niques i la S\u00edlvia Aragon\u00e8s, professora de F\u00edsica i Qu\u00edmica, com a Caps d&#8217;Estudis, la Conxi Ca\u00f1ellas, orientadora, com a Coordinadora Pedag\u00f2gica i la Raquel Casas, [&hellip;]<\/p>\n","protected":false},"author":1,"featured_media":0,"parent":0,"menu_order":0,"comment_status":"closed","ping_status":"closed","template":"","meta":{"_bbp_topic_count":0,"_bbp_reply_count":0,"_bbp_total_topic_count":0,"_bbp_total_reply_count":0,"_bbp_voice_count":0,"_bbp_anonymous_reply_count":0,"_bbp_topic_count_hidden":0,"_bbp_reply_count_hidden":0,"_bbp_forum_subforum_count":0,"site-sidebar-layout":"default","site-content-layout":"","ast-site-content-layout":"default","site-content-style":"default","site-sidebar-style":"default","ast-global-header-display":"","ast-banner-title-visibility":"","ast-main-header-display":"","ast-hfb-above-header-display":"","ast-hfb-below-header-display":"","ast-hfb-mobile-header-display":"","site-post-title":"","ast-breadcrumbs-content":"","ast-featured-img":"","footer-sml-layout":"","theme-transparent-header-meta":"default","adv-header-id-meta":"","stick-header-meta":"","header-above-stick-meta":"","header-main-stick-meta":"","header-below-stick-meta":"","astra-migrate-meta-layouts":"set","ast-page-background-enabled":"default","ast-page-background-meta":{"desktop":{"background-color":"var(--ast-global-color-4)","background-image":"","background-repeat":"repeat","background-position":"center center","background-size":"auto","background-attachment":"scroll","background-type":"","background-media":"","overlay-type":"","overlay-color":"","overlay-opacity":"","overlay-gradient":""},"tablet":{"background-color":"","background-image":"","background-repeat":"repeat","background-position":"center center","background-size":"auto","background-attachment":"scroll","background-type":"","background-media":"","overlay-type":"","overlay-color":"","overlay-opacity":"","overlay-gradient":""},"mobile":{"background-color":"","background-image":"","background-repeat":"repeat","background-position":"center center","background-size":"auto","background-attachment":"scroll","background-type":"","background-media":"","overlay-type":"","overlay-color":"","overlay-opacity":"","overlay-gradient":""}},"ast-content-background-meta":{"desktop":{"background-color":"var(--ast-global-color-5)","background-image":"","background-repeat":"repeat","background-position":"center center","background-size":"auto","background-attachment":"scroll","background-type":"","background-media":"","overlay-type":"","overlay-color":"","overlay-opacity":"","overlay-gradient":""},"tablet":{"background-color":"var(--ast-global-color-5)","background-image":"","background-repeat":"repeat","background-position":"center center","background-size":"auto","background-attachment":"scroll","background-type":"","background-media":"","overlay-type":"","overlay-color":"","overlay-opacity":"","overlay-gradient":""},"mobile":{"background-color":"var(--ast-global-color-5)","background-image":"","background-repeat":"repeat","background-position":"center center","background-size":"auto","background-attachment":"scroll","background-type":"","background-media":"","overlay-type":"","overlay-color":"","overlay-opacity":"","overlay-gradient":""}},"footnotes":""},"class_list":["post-12408","page","type-page","status-publish","hentry"],"post_mailing_queue_ids":[],"_links":{"self":[{"href":"https:\/\/agora.xtec.cat\/iesgabrielferrater\/wp-json\/wp\/v2\/pages\/12408","targetHints":{"allow":["GET"]}}],"collection":[{"href":"https:\/\/agora.xtec.cat\/iesgabrielferrater\/wp-json\/wp\/v2\/pages"}],"about":[{"href":"https:\/\/agora.xtec.cat\/iesgabrielferrater\/wp-json\/wp\/v2\/types\/page"}],"author":[{"embeddable":true,"href":"https:\/\/agora.xtec.cat\/iesgabrielferrater\/wp-json\/wp\/v2\/users\/1"}],"replies":[{"embeddable":true,"href":"https:\/\/agora.xtec.cat\/iesgabrielferrater\/wp-json\/wp\/v2\/comments?post=12408"}],"version-history":[{"count":5,"href":"https:\/\/agora.xtec.cat\/iesgabrielferrater\/wp-json\/wp\/v2\/pages\/12408\/revisions"}],"predecessor-version":[{"id":13051,"href":"https:\/\/agora.xtec.cat\/iesgabrielferrater\/wp-json\/wp\/v2\/pages\/12408\/revisions\/13051"}],"wp:attachment":[{"href":"https:\/\/agora.xtec.cat\/iesgabrielferrater\/wp-json\/wp\/v2\/media?parent=12408"}],"curies":[{"name":"wp","href":"https:\/\/api.w.org\/{rel}","templated":true}]}}