{"id":9110,"date":"2018-04-12T12:57:08","date_gmt":"2018-04-12T10:57:08","guid":{"rendered":"http:\/\/agora.xtec.cat\/iesgabrielamistral\/?page_id=9110"},"modified":"2023-03-23T09:53:46","modified_gmt":"2023-03-23T08:53:46","slug":"escola-verda","status":"publish","type":"page","link":"https:\/\/agora.xtec.cat\/iesgabrielamistral\/serveis\/escola-verda\/","title":{"rendered":"Escola Verda"},"content":{"rendered":"<p><img loading=\"lazy\" decoding=\"async\" class=\"wp-image-5395 size-medium aligncenter\" src=\"https:\/\/agora.xtec.cat\/iesgabrielamistral\/wp-content\/uploads\/usu246\/2018\/03\/SomEscolaVerda-300x105.jpg\" alt=\"\" width=\"300\" height=\"105\" srcset=\"https:\/\/agora.xtec.cat\/iesgabrielamistral\/wp-content\/uploads\/usu246\/2018\/03\/SomEscolaVerda-300x105.jpg 300w, https:\/\/agora.xtec.cat\/iesgabrielamistral\/wp-content\/uploads\/usu246\/2018\/03\/SomEscolaVerda.jpg 428w\" sizes=\"auto, (max-width: 300px) 100vw, 300px\" \/><\/p>\n<p><span style=\"font-weight: 400;\">L\u2019Institut Gabriela Mistral de Sant Vicen\u00e7 dels Horts forma part de la Xarxa d\u2019Escoles Verdes de Catalunya.\u00a0<\/span><\/p>\n<p><span style=\"font-weight: 400;\">Actualment, hi ha m\u00e9s de 800 centres que formen part de la Xarxa d\u2019Escoles Verdes. Per donar resposta i suport a aquests centres, va n\u00e9ixer l\u2019any 1998 el Programa Escoles Verdes, un instrument del Departament d\u2019Educaci\u00f3 i del Departament d\u2019Acci\u00f3 Clim\u00e0tica, Alimentaci\u00f3 i Agenda Rural amb 3 grans objectius:<\/span><\/p>\n<ul>\n<li style=\"font-weight: 400;\" aria-level=\"1\"><span style=\"font-weight: 400;\">Ajudar els centres a incorporar els valors de l\u2019educaci\u00f3 per a la sostenibilitat en tots els \u00e0mbits de la vida del centre (curr\u00edculum, gesti\u00f3, relacions amb l\u2019entorn, etc.).<\/span><\/li>\n<li style=\"font-weight: 400;\" aria-level=\"1\"><span style=\"font-weight: 400;\">Promoure la participaci\u00f3 i la implicaci\u00f3 activa de la comunitat educativa en la millora del seu entorn.<\/span><\/li>\n<li style=\"font-weight: 400;\" aria-level=\"1\"><span style=\"font-weight: 400;\">Afavorir l\u2019intercanvi entre els centres que comparteixen uns mateixos objectius.<\/span><\/li>\n<\/ul>\n<p><span style=\"font-weight: 400;\">Actualment el centre treballa en diferents aspectes de conscienciaci\u00f3 i millora de l\u2019entorn.\u00a0<\/span><\/p>\n<p><img loading=\"lazy\" decoding=\"async\" class=\"alignnone wp-image-14316 size-medium aligncenter\" src=\"https:\/\/agora.xtec.cat\/iesgabrielamistral\/wp-content\/uploads\/usu246\/2022\/10\/logoescolesverdes-300x133.jpg\" alt=\"\" width=\"300\" height=\"133\" srcset=\"https:\/\/agora.xtec.cat\/iesgabrielamistral\/wp-content\/uploads\/usu246\/2022\/10\/logoescolesverdes-300x133.jpg 300w, https:\/\/agora.xtec.cat\/iesgabrielamistral\/wp-content\/uploads\/usu246\/2022\/10\/logoescolesverdes.jpg 450w\" sizes=\"auto, (max-width: 300px) 100vw, 300px\" \/><\/p>\n<p><span style=\"font-weight: 400;\">Destaca el concurs de les <a href=\"https:\/\/agora.xtec.cat\/iesgabrielamistral\/aules-netes-i-educades\/\"><strong>Aules netes i educades<\/strong><\/a>, on els alumnes de 1r fins a 3r de la ESO s\u2019involucren en diferents aspectes sobre la cura de l\u2019espai f\u00edsic i el respecte per l\u2019entorn en el que viuen.\u00a0<\/span><\/p>\n<p><span style=\"font-weight: 400;\">Enguany el concurs comen\u00e7ar\u00e0 el proper 24 d\u2019octubre i els grups de cada nivell hauran de tenir cura del seu espai (l\u2019aula) fomentant les bones pr\u00e0ctiques en l&#8217;\u00e0mbit de la separaci\u00f3 de residus i el respecte pel m\u00f3n f\u00edsic en el que viuen.<\/span><\/p>\n<p><span style=\"font-weight: 400;\">\u00a0<\/span><span style=\"font-weight: 400;\">A m\u00e9s d\u2019aquestes valoracions, tots els grups tenen obertes les portes a realitzar diferents activitats de cura i conscienciaci\u00f3 pel manteniment de l\u2019entorn que tamb\u00e9 es valoraran com a punts extres en el concurs.\u00a0<\/span><\/p>\n<p><img loading=\"lazy\" decoding=\"async\" class=\"alignnone  wp-image-14445\" src=\"https:\/\/agora.xtec.cat\/iesgabrielamistral\/wp-content\/uploads\/usu246\/2022\/12\/logo1r-300x281.png\" alt=\"\" width=\"239\" height=\"224\" srcset=\"https:\/\/agora.xtec.cat\/iesgabrielamistral\/wp-content\/uploads\/usu246\/2022\/12\/logo1r-300x281.png 300w, https:\/\/agora.xtec.cat\/iesgabrielamistral\/wp-content\/uploads\/usu246\/2022\/12\/logo1r.png 699w\" sizes=\"auto, (max-width: 239px) 100vw, 239px\" \/>\u00a0 \u00a0 \u00a0<img loading=\"lazy\" decoding=\"async\" class=\"alignnone  wp-image-14446\" src=\"https:\/\/agora.xtec.cat\/iesgabrielamistral\/wp-content\/uploads\/usu246\/2022\/12\/logo2n-242x300.png\" alt=\"\" width=\"216\" height=\"268\" srcset=\"https:\/\/agora.xtec.cat\/iesgabrielamistral\/wp-content\/uploads\/usu246\/2022\/12\/logo2n-242x300.png 242w, https:\/\/agora.xtec.cat\/iesgabrielamistral\/wp-content\/uploads\/usu246\/2022\/12\/logo2n.png 455w\" sizes=\"auto, (max-width: 216px) 100vw, 216px\" \/>\u00a0 \u00a0 \u00a0 \u00a0<img loading=\"lazy\" decoding=\"async\" class=\"alignnone  wp-image-14447\" src=\"https:\/\/agora.xtec.cat\/iesgabrielamistral\/wp-content\/uploads\/usu246\/2022\/12\/logo3r-218x300.png\" alt=\"\" width=\"195\" height=\"268\" srcset=\"https:\/\/agora.xtec.cat\/iesgabrielamistral\/wp-content\/uploads\/usu246\/2022\/12\/logo3r-218x300.png 218w, https:\/\/agora.xtec.cat\/iesgabrielamistral\/wp-content\/uploads\/usu246\/2022\/12\/logo3r.png 405w\" sizes=\"auto, (max-width: 195px) 100vw, 195px\" \/><\/p>\n<p>\u00a0 \u00a0 \u00a0 \u00a0<strong> \u00a0 Logotip 1r ESO\u00a0 \u00a0 \u00a0 \u00a0 \u00a0 \u00a0 \u00a0 \u00a0 \u00a0 \u00a0 \u00a0 \u00a0 \u00a0 \u00a0 \u00a0 \u00a0 \u00a0 \u00a0Logotip 2n ESO\u00a0 \u00a0 \u00a0 \u00a0 \u00a0 \u00a0 \u00a0 \u00a0 \u00a0 \u00a0 \u00a0 \u00a0 \u00a0 \u00a0 \u00a0 \u00a0Logotip 3r ESO<\/strong><\/p>\n<p><a href=\"https:\/\/docs.google.com\/spreadsheets\/d\/1xvD15QJe1CNdDo97WiJQvGEpTeKChCS2wolv2GjELVE\/edit?usp=sharing\">AQU\u00cd PODEU VEURE LES CLASSIFICACIONS DEL CURS 22-23<\/a><\/p>\n<p><span style=\"font-weight: 400;\">Com a premi aquest 1r trimestre cada grup guanyador de cada nivell tindr\u00e0 l\u2019oportunitat de gaudir d\u2019un mat\u00ed d\u2019esbarjo a la ciutat de Barcelona, on arribaran fent servir el transport p\u00fablic, en un intent d\u2019animar-los a fer servir els transports col\u00b7lectius com a medi habitual de transport, i all\u00e0 cada nivell, tindr\u00e0 ocasi\u00f3 de visitar algun lloc emblem\u00e0tic de la ciutat. Tot gr\u00e0cies a les aportacions econ\u00f2miques de l\u2019AFA del nostre institut, sense els quals, el concurs no es podria realitzar. Els premis del 1r Trimestre s\u00f3n:<\/span><\/p>\n<p><span style=\"font-weight: 400;\">1r ESO: Visitar el casc antic de Barcelona i la Fira de Nadal de Santa Ll\u00facia<\/span><\/p>\n<p><span style=\"font-weight: 400;\">2n ESO : Visitar el Port de Barcelona i la Fira de Nadal del Port<\/span><\/p>\n<p><span style=\"font-weight: 400;\">3r ESO: Visitar els voltants de la Sagrada Fam\u00edlia i la Fira de Nadal de la Sagrada Fam\u00edlia.\u00a0<\/span><\/p>\n","protected":false},"excerpt":{"rendered":"<p>L\u2019Institut Gabriela Mistral de Sant Vicen\u00e7 dels Horts forma part de la Xarxa d\u2019Escoles Verdes de Catalunya.\u00a0 Actualment, hi ha m\u00e9s de 800 centres que formen part de la Xarxa d\u2019Escoles Verdes. Per donar resposta i suport a aquests centres, va n\u00e9ixer l\u2019any 1998 el Programa Escoles Verdes, un instrument del Departament d\u2019Educaci\u00f3 i del [&hellip;]<\/p>\n","protected":false},"author":1,"featured_media":0,"parent":63,"menu_order":30,"comment_status":"closed","ping_status":"closed","template":"page-templates\/side-menu.php","meta":{"_bbp_topic_count":0,"_bbp_reply_count":0,"_bbp_total_topic_count":0,"_bbp_total_reply_count":0,"_bbp_voice_count":0,"_bbp_anonymous_reply_count":0,"_bbp_topic_count_hidden":0,"_bbp_reply_count_hidden":0,"_bbp_forum_subforum_count":0,"site-sidebar-layout":"default","site-content-layout":"","ast-site-content-layout":"","site-content-style":"default","site-sidebar-style":"default","ast-global-header-display":"","ast-banner-title-visibility":"","ast-main-header-display":"","ast-hfb-above-header-display":"","ast-hfb-below-header-display":"","ast-hfb-mobile-header-display":"","site-post-title":"","ast-breadcrumbs-content":"","ast-featured-img":"","footer-sml-layout":"","theme-transparent-header-meta":"","adv-header-id-meta":"","stick-header-meta":"","header-above-stick-meta":"","header-main-stick-meta":"","header-below-stick-meta":"","astra-migrate-meta-layouts":"default","ast-page-background-enabled":"default","ast-page-background-meta":{"desktop":{"background-color":"var(--ast-global-color-4)","background-image":"","background-repeat":"repeat","background-position":"center center","background-size":"auto","background-attachment":"scroll","background-type":"","background-media":"","overlay-type":"","overlay-color":"","overlay-opacity":"","overlay-gradient":""},"tablet":{"background-color":"","background-image":"","background-repeat":"repeat","background-position":"center center","background-size":"auto","background-attachment":"scroll","background-type":"","background-media":"","overlay-type":"","overlay-color":"","overlay-opacity":"","overlay-gradient":""},"mobile":{"background-color":"","background-image":"","background-repeat":"repeat","background-position":"center center","background-size":"auto","background-attachment":"scroll","background-type":"","background-media":"","overlay-type":"","overlay-color":"","overlay-opacity":"","overlay-gradient":""}},"ast-content-background-meta":{"desktop":{"background-color":"var(--ast-global-color-5)","background-image":"","background-repeat":"repeat","background-position":"center center","background-size":"auto","background-attachment":"scroll","background-type":"","background-media":"","overlay-type":"","overlay-color":"","overlay-opacity":"","overlay-gradient":""},"tablet":{"background-color":"var(--ast-global-color-5)","background-image":"","background-repeat":"repeat","background-position":"center center","background-size":"auto","background-attachment":"scroll","background-type":"","background-media":"","overlay-type":"","overlay-color":"","overlay-opacity":"","overlay-gradient":""},"mobile":{"background-color":"var(--ast-global-color-5)","background-image":"","background-repeat":"repeat","background-position":"center center","background-size":"auto","background-attachment":"scroll","background-type":"","background-media":"","overlay-type":"","overlay-color":"","overlay-opacity":"","overlay-gradient":""}},"footnotes":""},"class_list":["post-9110","page","type-page","status-publish","hentry"],"post_mailing_queue_ids":[],"_links":{"self":[{"href":"https:\/\/agora.xtec.cat\/iesgabrielamistral\/wp-json\/wp\/v2\/pages\/9110","targetHints":{"allow":["GET"]}}],"collection":[{"href":"https:\/\/agora.xtec.cat\/iesgabrielamistral\/wp-json\/wp\/v2\/pages"}],"about":[{"href":"https:\/\/agora.xtec.cat\/iesgabrielamistral\/wp-json\/wp\/v2\/types\/page"}],"author":[{"embeddable":true,"href":"https:\/\/agora.xtec.cat\/iesgabrielamistral\/wp-json\/wp\/v2\/users\/1"}],"replies":[{"embeddable":true,"href":"https:\/\/agora.xtec.cat\/iesgabrielamistral\/wp-json\/wp\/v2\/comments?post=9110"}],"version-history":[{"count":3,"href":"https:\/\/agora.xtec.cat\/iesgabrielamistral\/wp-json\/wp\/v2\/pages\/9110\/revisions"}],"predecessor-version":[{"id":14846,"href":"https:\/\/agora.xtec.cat\/iesgabrielamistral\/wp-json\/wp\/v2\/pages\/9110\/revisions\/14846"}],"up":[{"embeddable":true,"href":"https:\/\/agora.xtec.cat\/iesgabrielamistral\/wp-json\/wp\/v2\/pages\/63"}],"wp:attachment":[{"href":"https:\/\/agora.xtec.cat\/iesgabrielamistral\/wp-json\/wp\/v2\/media?parent=9110"}],"curies":[{"name":"wp","href":"https:\/\/api.w.org\/{rel}","templated":true}]}}