{"id":873,"date":"2015-07-10T19:52:23","date_gmt":"2015-07-10T18:52:23","guid":{"rendered":"http:\/\/agora.xtec.cat\/iesgabrielamistral\/?page_id=873"},"modified":"2022-07-08T10:58:54","modified_gmt":"2022-07-08T08:58:54","slug":"contacte","status":"publish","type":"page","link":"https:\/\/agora.xtec.cat\/iesgabrielamistral\/contacte\/","title":{"rendered":"Contacte"},"content":{"rendered":"<h2 style=\"text-align: center;\">Com us podem ajudar?<\/h2>\n<p style=\"text-align: center;\"><span style=\"font-size: 14px;\"><strong>Per millorar en efic\u00e0cia us preguem que sempre que pugueu envieu les comunicacions al\/a la tutor\/a del vostre\/a fill\/a.<\/strong>\u00a0 Per altres casos, aqu\u00ed teniu els diferents correus.<\/span><\/p>\n<p>&nbsp;<\/p>\n<table style=\"border-collapse: collapse; width: 99.4587%; height: 422px;\">\n<tbody>\n<tr style=\"height: 137px;\">\n<td style=\"width: 50%; height: 137px;\">\n<p style=\"text-align: center;\"><strong>TR\u00c0MITS SECRETARIA<\/strong><\/p>\n<p style=\"text-align: center;\">(Certificats, t\u00edtols, etc.)<\/p>\n<p style=\"text-align: center;\"><a href=\"mailto:secretaria@insgabrielamistral.cat\">secretaria@insgabrielamistral.cat<\/a><\/p>\n<div><img loading=\"lazy\" decoding=\"async\" class=\"aligncenter  wp-image-14000\" src=\"https:\/\/agora.xtec.cat\/iesgabrielamistral\/wp-content\/uploads\/usu246\/2022\/07\/sobre-1024x1024.png\" alt=\"\" width=\"96\" height=\"96\" srcset=\"https:\/\/agora.xtec.cat\/iesgabrielamistral\/wp-content\/uploads\/usu246\/2022\/07\/sobre-1024x1024.png 1024w, https:\/\/agora.xtec.cat\/iesgabrielamistral\/wp-content\/uploads\/usu246\/2022\/07\/sobre-300x300.png 300w, https:\/\/agora.xtec.cat\/iesgabrielamistral\/wp-content\/uploads\/usu246\/2022\/07\/sobre-150x150.png 150w, https:\/\/agora.xtec.cat\/iesgabrielamistral\/wp-content\/uploads\/usu246\/2022\/07\/sobre-768x768.png 768w, https:\/\/agora.xtec.cat\/iesgabrielamistral\/wp-content\/uploads\/usu246\/2022\/07\/sobre-1536x1536.png 1536w, https:\/\/agora.xtec.cat\/iesgabrielamistral\/wp-content\/uploads\/usu246\/2022\/07\/sobre.png 1654w\" sizes=\"auto, (max-width: 96px) 100vw, 96px\" \/><\/div>\n<\/td>\n<td style=\"width: 50%; height: 137px;\">\n<p style=\"text-align: center;\"><strong>PREINSCRIPCI\u00d3 I MATR\u00cdCULA<\/strong><\/p>\n<p>&nbsp;<\/p>\n<p style=\"text-align: center;\"><a href=\"mailto:preinscripcio@insgabrielamistral.cat\">preinscripcio@insgabrielamistral.cat<\/a><\/p>\n<div><img loading=\"lazy\" decoding=\"async\" class=\"aligncenter  wp-image-14000\" src=\"https:\/\/agora.xtec.cat\/iesgabrielamistral\/wp-content\/uploads\/usu246\/2022\/07\/sobre-1024x1024.png\" alt=\"\" width=\"96\" height=\"96\" srcset=\"https:\/\/agora.xtec.cat\/iesgabrielamistral\/wp-content\/uploads\/usu246\/2022\/07\/sobre-1024x1024.png 1024w, https:\/\/agora.xtec.cat\/iesgabrielamistral\/wp-content\/uploads\/usu246\/2022\/07\/sobre-300x300.png 300w, https:\/\/agora.xtec.cat\/iesgabrielamistral\/wp-content\/uploads\/usu246\/2022\/07\/sobre-150x150.png 150w, https:\/\/agora.xtec.cat\/iesgabrielamistral\/wp-content\/uploads\/usu246\/2022\/07\/sobre-768x768.png 768w, https:\/\/agora.xtec.cat\/iesgabrielamistral\/wp-content\/uploads\/usu246\/2022\/07\/sobre-1536x1536.png 1536w, https:\/\/agora.xtec.cat\/iesgabrielamistral\/wp-content\/uploads\/usu246\/2022\/07\/sobre.png 1654w\" sizes=\"auto, (max-width: 96px) 100vw, 96px\" \/><\/div>\n<\/td>\n<\/tr>\n<tr style=\"height: 32px;\">\n<td style=\"width: 50%; height: 32px;\">\n<p style=\"text-align: center;\"><strong>TEMES IEDUCA<\/strong><\/p>\n<p style=\"text-align: center;\"><a href=\"mailto:ieduca@insgabrielamistral.cat\">ieduca@insgabrielamistral.cat<\/a><\/p>\n<div><img loading=\"lazy\" decoding=\"async\" class=\"aligncenter  wp-image-14000\" src=\"https:\/\/agora.xtec.cat\/iesgabrielamistral\/wp-content\/uploads\/usu246\/2022\/07\/sobre-1024x1024.png\" alt=\"\" width=\"96\" height=\"96\" srcset=\"https:\/\/agora.xtec.cat\/iesgabrielamistral\/wp-content\/uploads\/usu246\/2022\/07\/sobre-1024x1024.png 1024w, https:\/\/agora.xtec.cat\/iesgabrielamistral\/wp-content\/uploads\/usu246\/2022\/07\/sobre-300x300.png 300w, https:\/\/agora.xtec.cat\/iesgabrielamistral\/wp-content\/uploads\/usu246\/2022\/07\/sobre-150x150.png 150w, https:\/\/agora.xtec.cat\/iesgabrielamistral\/wp-content\/uploads\/usu246\/2022\/07\/sobre-768x768.png 768w, https:\/\/agora.xtec.cat\/iesgabrielamistral\/wp-content\/uploads\/usu246\/2022\/07\/sobre-1536x1536.png 1536w, https:\/\/agora.xtec.cat\/iesgabrielamistral\/wp-content\/uploads\/usu246\/2022\/07\/sobre.png 1654w\" sizes=\"auto, (max-width: 96px) 100vw, 96px\" \/><\/div>\n<\/td>\n<td style=\"width: 50%; height: 32px;\">\n<p style=\"text-align: center;\"><strong>NOM\u00c9S TEMES URGENTS EN CAS DE NO PODER CONTACTAR EL TUTOR\/A<\/strong><\/p>\n<p style=\"text-align: center;\"><a href=\"mailto:consergeria@insgabrielamistral.cat\">consergeria@insgabrielamistral.cat<\/a><\/p>\n<div><img loading=\"lazy\" decoding=\"async\" class=\"aligncenter wp-image-14000\" src=\"https:\/\/agora.xtec.cat\/iesgabrielamistral\/wp-content\/uploads\/usu246\/2022\/07\/sobre-1024x1024.png\" alt=\"\" width=\"96\" height=\"96\" srcset=\"https:\/\/agora.xtec.cat\/iesgabrielamistral\/wp-content\/uploads\/usu246\/2022\/07\/sobre-1024x1024.png 1024w, https:\/\/agora.xtec.cat\/iesgabrielamistral\/wp-content\/uploads\/usu246\/2022\/07\/sobre-300x300.png 300w, https:\/\/agora.xtec.cat\/iesgabrielamistral\/wp-content\/uploads\/usu246\/2022\/07\/sobre-150x150.png 150w, https:\/\/agora.xtec.cat\/iesgabrielamistral\/wp-content\/uploads\/usu246\/2022\/07\/sobre-768x768.png 768w, https:\/\/agora.xtec.cat\/iesgabrielamistral\/wp-content\/uploads\/usu246\/2022\/07\/sobre-1536x1536.png 1536w, https:\/\/agora.xtec.cat\/iesgabrielamistral\/wp-content\/uploads\/usu246\/2022\/07\/sobre.png 1654w\" sizes=\"auto, (max-width: 96px) 100vw, 96px\" \/><\/div>\n<\/td>\n<\/tr>\n<tr style=\"height: 32px;\">\n<td style=\"width: 50%; height: 32px;\">\n<p style=\"text-align: center;\"><strong>GENERAL DE CENTRE<\/strong><\/p>\n<p style=\"text-align: center;\"><a href=\"mailto:a8053340@insgabrielamistral.cat\">a8053340@insgabrielamistral.cat<\/a><\/p>\n<div><img loading=\"lazy\" decoding=\"async\" class=\"aligncenter  wp-image-14000\" src=\"https:\/\/agora.xtec.cat\/iesgabrielamistral\/wp-content\/uploads\/usu246\/2022\/07\/sobre-1024x1024.png\" alt=\"\" width=\"96\" height=\"96\" srcset=\"https:\/\/agora.xtec.cat\/iesgabrielamistral\/wp-content\/uploads\/usu246\/2022\/07\/sobre-1024x1024.png 1024w, https:\/\/agora.xtec.cat\/iesgabrielamistral\/wp-content\/uploads\/usu246\/2022\/07\/sobre-300x300.png 300w, https:\/\/agora.xtec.cat\/iesgabrielamistral\/wp-content\/uploads\/usu246\/2022\/07\/sobre-150x150.png 150w, https:\/\/agora.xtec.cat\/iesgabrielamistral\/wp-content\/uploads\/usu246\/2022\/07\/sobre-768x768.png 768w, https:\/\/agora.xtec.cat\/iesgabrielamistral\/wp-content\/uploads\/usu246\/2022\/07\/sobre-1536x1536.png 1536w, https:\/\/agora.xtec.cat\/iesgabrielamistral\/wp-content\/uploads\/usu246\/2022\/07\/sobre.png 1654w\" sizes=\"auto, (max-width: 96px) 100vw, 96px\" \/><\/div>\n<\/td>\n<\/tr>\n<\/tbody>\n<\/table>\n","protected":false},"excerpt":{"rendered":"<p>Com us podem ajudar? Per millorar en efic\u00e0cia us preguem que sempre que pugueu envieu les comunicacions al\/a la tutor\/a del vostre\/a fill\/a.\u00a0 Per altres casos, aqu\u00ed teniu els diferents correus. &nbsp; TR\u00c0MITS SECRETARIA (Certificats, t\u00edtols, etc.) secretaria@insgabrielamistral.cat PREINSCRIPCI\u00d3 I MATR\u00cdCULA &nbsp; preinscripcio@insgabrielamistral.cat TEMES IEDUCA ieduca@insgabrielamistral.cat NOM\u00c9S TEMES URGENTS EN CAS DE NO PODER CONTACTAR [&hellip;]<\/p>\n","protected":false},"author":1,"featured_media":0,"parent":0,"menu_order":0,"comment_status":"closed","ping_status":"closed","template":"","meta":{"_bbp_topic_count":0,"_bbp_reply_count":0,"_bbp_total_topic_count":0,"_bbp_total_reply_count":0,"_bbp_voice_count":0,"_bbp_anonymous_reply_count":0,"_bbp_topic_count_hidden":0,"_bbp_reply_count_hidden":0,"_bbp_forum_subforum_count":0,"site-sidebar-layout":"default","site-content-layout":"","ast-site-content-layout":"","site-content-style":"default","site-sidebar-style":"default","ast-global-header-display":"","ast-banner-title-visibility":"","ast-main-header-display":"","ast-hfb-above-header-display":"","ast-hfb-below-header-display":"","ast-hfb-mobile-header-display":"","site-post-title":"","ast-breadcrumbs-content":"","ast-featured-img":"","footer-sml-layout":"","theme-transparent-header-meta":"","adv-header-id-meta":"","stick-header-meta":"","header-above-stick-meta":"","header-main-stick-meta":"","header-below-stick-meta":"","astra-migrate-meta-layouts":"default","ast-page-background-enabled":"default","ast-page-background-meta":{"desktop":{"background-color":"var(--ast-global-color-4)","background-image":"","background-repeat":"repeat","background-position":"center center","background-size":"auto","background-attachment":"scroll","background-type":"","background-media":"","overlay-type":"","overlay-color":"","overlay-opacity":"","overlay-gradient":""},"tablet":{"background-color":"","background-image":"","background-repeat":"repeat","background-position":"center center","background-size":"auto","background-attachment":"scroll","background-type":"","background-media":"","overlay-type":"","overlay-color":"","overlay-opacity":"","overlay-gradient":""},"mobile":{"background-color":"","background-image":"","background-repeat":"repeat","background-position":"center center","background-size":"auto","background-attachment":"scroll","background-type":"","background-media":"","overlay-type":"","overlay-color":"","overlay-opacity":"","overlay-gradient":""}},"ast-content-background-meta":{"desktop":{"background-color":"var(--ast-global-color-5)","background-image":"","background-repeat":"repeat","background-position":"center center","background-size":"auto","background-attachment":"scroll","background-type":"","background-media":"","overlay-type":"","overlay-color":"","overlay-opacity":"","overlay-gradient":""},"tablet":{"background-color":"var(--ast-global-color-5)","background-image":"","background-repeat":"repeat","background-position":"center center","background-size":"auto","background-attachment":"scroll","background-type":"","background-media":"","overlay-type":"","overlay-color":"","overlay-opacity":"","overlay-gradient":""},"mobile":{"background-color":"var(--ast-global-color-5)","background-image":"","background-repeat":"repeat","background-position":"center center","background-size":"auto","background-attachment":"scroll","background-type":"","background-media":"","overlay-type":"","overlay-color":"","overlay-opacity":"","overlay-gradient":""}},"footnotes":""},"class_list":["post-873","page","type-page","status-publish","hentry"],"post_mailing_queue_ids":[],"_links":{"self":[{"href":"https:\/\/agora.xtec.cat\/iesgabrielamistral\/wp-json\/wp\/v2\/pages\/873","targetHints":{"allow":["GET"]}}],"collection":[{"href":"https:\/\/agora.xtec.cat\/iesgabrielamistral\/wp-json\/wp\/v2\/pages"}],"about":[{"href":"https:\/\/agora.xtec.cat\/iesgabrielamistral\/wp-json\/wp\/v2\/types\/page"}],"author":[{"embeddable":true,"href":"https:\/\/agora.xtec.cat\/iesgabrielamistral\/wp-json\/wp\/v2\/users\/1"}],"replies":[{"embeddable":true,"href":"https:\/\/agora.xtec.cat\/iesgabrielamistral\/wp-json\/wp\/v2\/comments?post=873"}],"version-history":[{"count":5,"href":"https:\/\/agora.xtec.cat\/iesgabrielamistral\/wp-json\/wp\/v2\/pages\/873\/revisions"}],"predecessor-version":[{"id":14026,"href":"https:\/\/agora.xtec.cat\/iesgabrielamistral\/wp-json\/wp\/v2\/pages\/873\/revisions\/14026"}],"wp:attachment":[{"href":"https:\/\/agora.xtec.cat\/iesgabrielamistral\/wp-json\/wp\/v2\/media?parent=873"}],"curies":[{"name":"wp","href":"https:\/\/api.w.org\/{rel}","templated":true}]}}