{"id":77,"date":"2014-09-18T10:29:25","date_gmt":"2014-09-18T10:29:25","guid":{"rendered":"http:\/\/agora.xtec.cat\/iesgabrielamistral\/?page_id=77"},"modified":"2022-06-30T11:59:04","modified_gmt":"2022-06-30T09:59:04","slug":"transport-escolar","status":"publish","type":"page","link":"https:\/\/agora.xtec.cat\/iesgabrielamistral\/serveis-2\/transport-escolar\/","title":{"rendered":"Programa Salut i Escola"},"content":{"rendered":"<p>El Programa Salut i Escola t\u00e9 com a objectiu promocionar la salut i h\u00e0bits saludables entre els alumnes i t\u00e9 el suport de la Diputaci\u00f3 de Barcelona i de l&#8217;Ajuntament de Sant Vicen\u00e7 dels Horts. Aquest programa consta de dos pilars fonamentals: activitats dirigides als alumnes i la visita setmanal d&#8217;una infermera.<\/p>\n<p>La infermera visita el centre tots els dijous al mat\u00ed durant tres hores. En aquest temps, at\u00e9n individualment i de forma confidencial els alumnes. A m\u00e9s, per poder participar en aquest Programa, la infermera ha realitzat formaci\u00f3 espec\u00edfica per atendre els adolescents.<\/p>\n<p>Les activitats que es realitzaran aquest curs al centre dintre d&#8217;aquest programa s\u00f3n les seg\u00fcents:<\/p>\n<table>\n<tbody>\n<tr>\n<td width=\"101\"><strong>Curs<\/strong><\/td>\n<td width=\"99\"><strong>Trimestre<\/strong><\/td>\n<td width=\"240\"><strong>Tem\u00e0tica<\/strong><\/td>\n<\/tr>\n<tr>\n<td width=\"101\">2n ESO<\/td>\n<td width=\"99\">Segon<\/td>\n<td width=\"240\">Prevenci\u00f3 del consum del tabac<\/td>\n<\/tr>\n<tr>\n<td width=\"101\">2n ESO<\/td>\n<td width=\"99\">Tercer<\/td>\n<td width=\"240\">Canvis en l&#8217;adolesc\u00e8ncia<\/td>\n<\/tr>\n<tr>\n<td width=\"101\">3r ESO<\/td>\n<td width=\"99\">Primer<\/td>\n<td width=\"240\">Autoestima i imatge corporal<\/td>\n<\/tr>\n<tr>\n<td width=\"101\">3r ESO<\/td>\n<td width=\"99\">Segon<\/td>\n<td width=\"240\">Educaci\u00f3 sexual i prevenci\u00f3 de riscos<\/td>\n<\/tr>\n<tr>\n<td width=\"101\">3r ESO<\/td>\n<td width=\"99\">Tercer<\/td>\n<td width=\"240\">Prevenci\u00f3 de consum de tabac, alcohol i altres subst\u00e0ncies.<\/td>\n<\/tr>\n<tr>\n<td width=\"101\">4t ESO<\/td>\n<td width=\"99\">Primer<\/td>\n<td width=\"240\">Prevenci\u00f3 en consum de drogues il\u00b7legals<\/td>\n<\/tr>\n<\/tbody>\n<\/table>\n","protected":false},"excerpt":{"rendered":"<p>El Programa Salut i Escola t\u00e9 com a objectiu promocionar la salut i h\u00e0bits saludables entre els alumnes i t\u00e9 el suport de la Diputaci\u00f3 de Barcelona i de l&#8217;Ajuntament de Sant Vicen\u00e7 dels Horts. Aquest programa consta de dos pilars fonamentals: activitats dirigides als alumnes i la visita setmanal d&#8217;una infermera. La infermera visita [&hellip;]<\/p>\n","protected":false},"author":2,"featured_media":0,"parent":5350,"menu_order":70,"comment_status":"closed","ping_status":"closed","template":"page-templates\/side-menu.php","meta":{"_bbp_topic_count":0,"_bbp_reply_count":0,"_bbp_total_topic_count":0,"_bbp_total_reply_count":0,"_bbp_voice_count":0,"_bbp_anonymous_reply_count":0,"_bbp_topic_count_hidden":0,"_bbp_reply_count_hidden":0,"_bbp_forum_subforum_count":0,"site-sidebar-layout":"default","site-content-layout":"","ast-site-content-layout":"","site-content-style":"default","site-sidebar-style":"default","ast-global-header-display":"","ast-banner-title-visibility":"","ast-main-header-display":"","ast-hfb-above-header-display":"","ast-hfb-below-header-display":"","ast-hfb-mobile-header-display":"","site-post-title":"","ast-breadcrumbs-content":"","ast-featured-img":"","footer-sml-layout":"","theme-transparent-header-meta":"","adv-header-id-meta":"","stick-header-meta":"","header-above-stick-meta":"","header-main-stick-meta":"","header-below-stick-meta":"","astra-migrate-meta-layouts":"default","ast-page-background-enabled":"default","ast-page-background-meta":{"desktop":{"background-color":"var(--ast-global-color-4)","background-image":"","background-repeat":"repeat","background-position":"center center","background-size":"auto","background-attachment":"scroll","background-type":"","background-media":"","overlay-type":"","overlay-color":"","overlay-opacity":"","overlay-gradient":""},"tablet":{"background-color":"","background-image":"","background-repeat":"repeat","background-position":"center center","background-size":"auto","background-attachment":"scroll","background-type":"","background-media":"","overlay-type":"","overlay-color":"","overlay-opacity":"","overlay-gradient":""},"mobile":{"background-color":"","background-image":"","background-repeat":"repeat","background-position":"center center","background-size":"auto","background-attachment":"scroll","background-type":"","background-media":"","overlay-type":"","overlay-color":"","overlay-opacity":"","overlay-gradient":""}},"ast-content-background-meta":{"desktop":{"background-color":"var(--ast-global-color-5)","background-image":"","background-repeat":"repeat","background-position":"center center","background-size":"auto","background-attachment":"scroll","background-type":"","background-media":"","overlay-type":"","overlay-color":"","overlay-opacity":"","overlay-gradient":""},"tablet":{"background-color":"var(--ast-global-color-5)","background-image":"","background-repeat":"repeat","background-position":"center center","background-size":"auto","background-attachment":"scroll","background-type":"","background-media":"","overlay-type":"","overlay-color":"","overlay-opacity":"","overlay-gradient":""},"mobile":{"background-color":"var(--ast-global-color-5)","background-image":"","background-repeat":"repeat","background-position":"center center","background-size":"auto","background-attachment":"scroll","background-type":"","background-media":"","overlay-type":"","overlay-color":"","overlay-opacity":"","overlay-gradient":""}},"footnotes":""},"class_list":["post-77","page","type-page","status-publish","hentry"],"post_mailing_queue_ids":[],"_links":{"self":[{"href":"https:\/\/agora.xtec.cat\/iesgabrielamistral\/wp-json\/wp\/v2\/pages\/77","targetHints":{"allow":["GET"]}}],"collection":[{"href":"https:\/\/agora.xtec.cat\/iesgabrielamistral\/wp-json\/wp\/v2\/pages"}],"about":[{"href":"https:\/\/agora.xtec.cat\/iesgabrielamistral\/wp-json\/wp\/v2\/types\/page"}],"author":[{"embeddable":true,"href":"https:\/\/agora.xtec.cat\/iesgabrielamistral\/wp-json\/wp\/v2\/users\/2"}],"replies":[{"embeddable":true,"href":"https:\/\/agora.xtec.cat\/iesgabrielamistral\/wp-json\/wp\/v2\/comments?post=77"}],"version-history":[{"count":3,"href":"https:\/\/agora.xtec.cat\/iesgabrielamistral\/wp-json\/wp\/v2\/pages\/77\/revisions"}],"predecessor-version":[{"id":13856,"href":"https:\/\/agora.xtec.cat\/iesgabrielamistral\/wp-json\/wp\/v2\/pages\/77\/revisions\/13856"}],"up":[{"embeddable":true,"href":"https:\/\/agora.xtec.cat\/iesgabrielamistral\/wp-json\/wp\/v2\/pages\/5350"}],"wp:attachment":[{"href":"https:\/\/agora.xtec.cat\/iesgabrielamistral\/wp-json\/wp\/v2\/media?parent=77"}],"curies":[{"name":"wp","href":"https:\/\/api.w.org\/{rel}","templated":true}]}}