{"id":743,"date":"2015-07-08T09:38:41","date_gmt":"2015-07-08T08:38:41","guid":{"rendered":"http:\/\/agora.xtec.cat\/iesgabrielamistral\/?page_id=743"},"modified":"2025-11-13T10:37:17","modified_gmt":"2025-11-13T09:37:17","slug":"procediments","status":"publish","type":"page","link":"https:\/\/agora.xtec.cat\/iesgabrielamistral\/projecte-educatiu\/procediments\/","title":{"rendered":"Procediments"},"content":{"rendered":"<p>&nbsp;<\/p>\n<p class=\"contentheading\"><a href=\"https:\/\/agora.xtec.cat\/iesgabrielamistral\/wp-content\/uploads\/usu246\/2019\/04\/PRPC0401_Procediment_acollida-alumnat-CCFF_v02.pdf\" target=\"_blank\" rel=\"noopener noreferrer\"><strong>PRPC0401_Procediment Acollida Alumnat FP_v02<\/strong><\/a><\/p>\n<p><a href=\"https:\/\/agora.xtec.cat\/iesgabrielamistral\/wp-content\/uploads\/usu246\/2019\/04\/PRPC0402_Procediment_Desenvolupament_Activitats_Aula_CCFF_v04.pdf\" target=\"_blank\" rel=\"noopener noreferrer\"><strong>PRPC0402_Desenvolupament Activitats Aula CCFF_v04<\/strong><\/a><\/p>\n<p><a href=\"https:\/\/agora.xtec.cat\/iesgabrielamistral\/wp-content\/uploads\/usu246\/2019\/04\/PRPC0403_Procediment_Seguiment_Orientaci\u00f3_i_Avaluaci\u00f3_CCFF_v02.pdf\" target=\"_blank\" rel=\"noopener noreferrer\"><strong>PRPC0403_Seguiment_Orientaci\u00f3_Avaluaci\u00f3 i Qualificaci\u00f3 CCFF_v02<\/strong><\/a><\/p>\n<p><a href=\"https:\/\/agora.xtec.cat\/iesgabrielamistral\/wp-content\/uploads\/usu246\/2019\/03\/PRPC04PC0604-Procediment_FCT_v05.pdf\" target=\"_blank\" rel=\"noopener noreferrer\"><b>PRPC04PC0604_Procediment FCT_v05<\/b><\/a><\/p>\n<p><a href=\"https:\/\/agora.xtec.cat\/iesgabrielamistral\/wp-content\/uploads\/usu246\/2019\/03\/PRPC04PC0605-Procediment-FP-Dual_v04.pdf\" target=\"_blank\" rel=\"noopener noreferrer\">PRPC04PC0605_Procediment FP Dual_v04<\/a><\/p>\n<p><a href=\"https:\/\/agora.xtec.cat\/iesgabrielamistral\/wp-content\/uploads\/usu246\/2021\/03\/PRPC0201_PROCEDIMENT-ACOLLIDA-ALUMNAT-ESO_00.pdf\" target=\"_blank\" rel=\"noopener noreferrer\">PRPC0201 Procediment Acollida Alumnat ESO_v00<\/a><\/p>\n<p><a href=\"https:\/\/agora.xtec.cat\/iesgabrielamistral\/wp-content\/uploads\/usu246\/2021\/03\/PRPC0202_PROCEDIMENT-SEGUIMENT_ORIENTACI\u00d3_AVALUACI\u00d3_QUALIFICACI\u00d3_ESO_v00.pdf\" target=\"_blank\" rel=\"noopener noreferrer\">PRPC0202 Procediment Seguiment_Orientaci\u00f3_Avaluaci\u00f3 i Qualificaci\u00f3 ESO_v00<\/a><\/p>\n<p><a href=\"https:\/\/agora.xtec.cat\/iesgabrielamistral\/wp-content\/uploads\/usu246\/2021\/03\/PRPC0301_PROCEDIMENT-ACOLLIDA-BATXILLERAT_00.pdf\" target=\"_blank\" rel=\"noopener noreferrer\">PRPC0301 Procediment Acollida Alumnat Batxillerat_v00<\/a><\/p>\n<p><a href=\"https:\/\/agora.xtec.cat\/iesgabrielamistral\/wp-content\/uploads\/usu246\/2021\/03\/PRPC0302_PROCEDIMENT_SEGUIMENT_ORIENTACI\u00d3_i_AVALUACI\u00d3_QUALIFICACI\u00d3_BATXILLERAT_v00.pdf\" target=\"_blank\" rel=\"noopener noreferrer\">PRPC0302 Procediment Seguiment_Orientaci\u00f3_Avaluaci\u00f3 i Qualificaci\u00f3 Batxillerat_v00<\/a><\/p>\n<p><a href=\"https:\/\/agora.xtec.cat\/iesgabrielamistral\/wp-content\/uploads\/usu246\/2025\/11\/PRPE0201_Procediment_Informacio-Documentada_v06.pdf\" target=\"_blank\" rel=\"noopener\"><strong>PRPE0201_Procediment_Informaci\u00f3_Documentada_06<\/strong><\/a><\/p>\n<p><a href=\"https:\/\/agora.xtec.cat\/iesgabrielamistral\/wp-content\/uploads\/usu246\/2025\/11\/PRPE0202-PROCEDIMENT-AUDITORIES-NC-AC-i-AM_v01.pdf\" target=\"_blank\" rel=\"noopener\"><strong>PRPE0202_Procediment Auditories_v01<\/strong><\/a><\/p>\n<p><a href=\"https:\/\/agora.xtec.cat\/iesgabrielamistral\/wp-content\/uploads\/usu246\/2019\/03\/PRPS0301_Procediment-de-Compres_v02.pdf\" target=\"_blank\" rel=\"noopener noreferrer\">PRPS0301_Procediment de Compres_v02<\/a><\/p>\n<p><a href=\"https:\/\/agora.xtec.cat\/iesgabrielamistral\/wp-content\/uploads\/usu246\/2019\/03\/PRPS0601_Procediment-dActuaci\u00f3-en-Cas-dEvacuaci\u00f3-o-Confinament_v01.pdf\" target=\"_blank\" rel=\"noopener noreferrer\">PRPS0601_Procediment d&#8217;Actuaci\u00f3 en Cas d&#8217;Evacuaci\u00f3 o Confinament_v01<\/a><\/p>\n<p><a href=\"https:\/\/agora.xtec.cat\/iesgabrielamistral\/wp-content\/uploads\/usu246\/2019\/03\/PRPS0602_Procediment-dActuaci\u00f3-en-Cas-dAccident_v01.pdf\" target=\"_blank\" rel=\"noopener noreferrer\">PRPS0602_Procediment \u00a0d&#8217;Actuaci\u00f3 en Cas d&#8217;Accident_v01<\/a><\/p>\n<p><a href=\"https:\/\/agora.xtec.cat\/iesgabrielamistral\/wp-content\/uploads\/usu246\/2019\/03\/PRPS0603_Procediment-dActivitats-Empresarials_v01.pdf\" target=\"_blank\" rel=\"noopener noreferrer\">PRPS0603_Procediment d&#8217;Activitats Empresarials_v01<\/a><\/p>\n<p><a href=\"https:\/\/agora.xtec.cat\/iesgabrielamistral\/wp-content\/uploads\/usu246\/2019\/04\/PRPS0501_Procediment-dacollida-del-personal-de-nova-incorporaci\u00f3-al-centre_v08.pdf\" target=\"_blank\" rel=\"noopener noreferrer\"><strong>PRPS0501_Procediment_Acollida_Personal_de_Nova_Incorporaci\u00f3_v08<\/strong><\/a><\/p>\n<p><a href=\"https:\/\/agora.xtec.cat\/iesgabrielamistral\/wp-content\/uploads\/usu246\/2019\/03\/PRPE0501_Procediment-gesti\u00f3-queixes-i-suggeriments_v04.pdf\" target=\"_blank\" rel=\"noopener noreferrer\"><strong>PRPE0501_Procediment_Gesti\u00f3_Queixes_i_Suggeriments_v04<\/strong><\/a><\/p>\n<p><a href=\"https:\/\/agora.xtec.cat\/iesgabrielamistral\/wp-content\/uploads\/usu246\/2019\/03\/PRPS0302_PROCEDIMENT_HOMOLOGACI\u00d3_PROVEIDORS_V02.pdf\" target=\"_blank\" rel=\"noopener noreferrer\">PRPS0302_Procediment d&#8217;homologaci\u00f3 de prove\u00efdors_v02<\/a><\/p>\n","protected":false},"excerpt":{"rendered":"<p>&nbsp; PRPC0401_Procediment Acollida Alumnat FP_v02 PRPC0402_Desenvolupament Activitats Aula CCFF_v04 PRPC0403_Seguiment_Orientaci\u00f3_Avaluaci\u00f3 i Qualificaci\u00f3 CCFF_v02 PRPC04PC0604_Procediment FCT_v05 PRPC04PC0605_Procediment FP Dual_v04 PRPC0201 Procediment Acollida Alumnat ESO_v00 PRPC0202 Procediment Seguiment_Orientaci\u00f3_Avaluaci\u00f3 i Qualificaci\u00f3 ESO_v00 PRPC0301 Procediment Acollida Alumnat Batxillerat_v00 PRPC0302 Procediment Seguiment_Orientaci\u00f3_Avaluaci\u00f3 i Qualificaci\u00f3 Batxillerat_v00 PRPE0201_Procediment_Informaci\u00f3_Documentada_06 PRPE0202_Procediment Auditories_v01 PRPS0301_Procediment de Compres_v02 PRPS0601_Procediment d&#8217;Actuaci\u00f3 en Cas d&#8217;Evacuaci\u00f3 o Confinament_v01 PRPS0602_Procediment \u00a0d&#8217;Actuaci\u00f3 [&hellip;]<\/p>\n","protected":false},"author":1,"featured_media":0,"parent":57,"menu_order":5,"comment_status":"closed","ping_status":"closed","template":"","meta":{"_bbp_topic_count":0,"_bbp_reply_count":0,"_bbp_total_topic_count":0,"_bbp_total_reply_count":0,"_bbp_voice_count":0,"_bbp_anonymous_reply_count":0,"_bbp_topic_count_hidden":0,"_bbp_reply_count_hidden":0,"_bbp_forum_subforum_count":0,"site-sidebar-layout":"default","site-content-layout":"","ast-site-content-layout":"default","site-content-style":"default","site-sidebar-style":"default","ast-global-header-display":"","ast-banner-title-visibility":"","ast-main-header-display":"","ast-hfb-above-header-display":"","ast-hfb-below-header-display":"","ast-hfb-mobile-header-display":"","site-post-title":"","ast-breadcrumbs-content":"","ast-featured-img":"","footer-sml-layout":"","theme-transparent-header-meta":"default","adv-header-id-meta":"","stick-header-meta":"","header-above-stick-meta":"","header-main-stick-meta":"","header-below-stick-meta":"","astra-migrate-meta-layouts":"set","ast-page-background-enabled":"default","ast-page-background-meta":{"desktop":{"background-color":"var(--ast-global-color-4)","background-image":"","background-repeat":"repeat","background-position":"center center","background-size":"auto","background-attachment":"scroll","background-type":"","background-media":"","overlay-type":"","overlay-color":"","overlay-opacity":"","overlay-gradient":""},"tablet":{"background-color":"","background-image":"","background-repeat":"repeat","background-position":"center center","background-size":"auto","background-attachment":"scroll","background-type":"","background-media":"","overlay-type":"","overlay-color":"","overlay-opacity":"","overlay-gradient":""},"mobile":{"background-color":"","background-image":"","background-repeat":"repeat","background-position":"center center","background-size":"auto","background-attachment":"scroll","background-type":"","background-media":"","overlay-type":"","overlay-color":"","overlay-opacity":"","overlay-gradient":""}},"ast-content-background-meta":{"desktop":{"background-color":"var(--ast-global-color-5)","background-image":"","background-repeat":"repeat","background-position":"center center","background-size":"auto","background-attachment":"scroll","background-type":"","background-media":"","overlay-type":"","overlay-color":"","overlay-opacity":"","overlay-gradient":""},"tablet":{"background-color":"var(--ast-global-color-5)","background-image":"","background-repeat":"repeat","background-position":"center center","background-size":"auto","background-attachment":"scroll","background-type":"","background-media":"","overlay-type":"","overlay-color":"","overlay-opacity":"","overlay-gradient":""},"mobile":{"background-color":"var(--ast-global-color-5)","background-image":"","background-repeat":"repeat","background-position":"center center","background-size":"auto","background-attachment":"scroll","background-type":"","background-media":"","overlay-type":"","overlay-color":"","overlay-opacity":"","overlay-gradient":""}},"footnotes":""},"class_list":["post-743","page","type-page","status-publish","hentry"],"post_mailing_queue_ids":[],"_links":{"self":[{"href":"https:\/\/agora.xtec.cat\/iesgabrielamistral\/wp-json\/wp\/v2\/pages\/743","targetHints":{"allow":["GET"]}}],"collection":[{"href":"https:\/\/agora.xtec.cat\/iesgabrielamistral\/wp-json\/wp\/v2\/pages"}],"about":[{"href":"https:\/\/agora.xtec.cat\/iesgabrielamistral\/wp-json\/wp\/v2\/types\/page"}],"author":[{"embeddable":true,"href":"https:\/\/agora.xtec.cat\/iesgabrielamistral\/wp-json\/wp\/v2\/users\/1"}],"replies":[{"embeddable":true,"href":"https:\/\/agora.xtec.cat\/iesgabrielamistral\/wp-json\/wp\/v2\/comments?post=743"}],"version-history":[{"count":8,"href":"https:\/\/agora.xtec.cat\/iesgabrielamistral\/wp-json\/wp\/v2\/pages\/743\/revisions"}],"predecessor-version":[{"id":18639,"href":"https:\/\/agora.xtec.cat\/iesgabrielamistral\/wp-json\/wp\/v2\/pages\/743\/revisions\/18639"}],"up":[{"embeddable":true,"href":"https:\/\/agora.xtec.cat\/iesgabrielamistral\/wp-json\/wp\/v2\/pages\/57"}],"wp:attachment":[{"href":"https:\/\/agora.xtec.cat\/iesgabrielamistral\/wp-json\/wp\/v2\/media?parent=743"}],"curies":[{"name":"wp","href":"https:\/\/api.w.org\/{rel}","templated":true}]}}