{"id":741,"date":"2015-07-08T09:37:20","date_gmt":"2015-07-08T08:37:20","guid":{"rendered":"http:\/\/agora.xtec.cat\/iesgabrielamistral\/?page_id=741"},"modified":"2025-11-27T15:16:07","modified_gmt":"2025-11-27T14:16:07","slug":"processos","status":"publish","type":"page","link":"https:\/\/agora.xtec.cat\/iesgabrielamistral\/projecte-educatiu\/processos\/","title":{"rendered":"Processos"},"content":{"rendered":"<p class=\"contentheading\"><a href=\"https:\/\/agora.xtec.cat\/iesgabrielamistral\/wp-content\/uploads\/usu246\/2023\/04\/MAPA-DE-PROCESSOS-GM_v03.pdf\" target=\"_blank\" rel=\"noopener\"><strong>MAPA DE PROCESSOS DEL CENTRE_v03<\/strong><\/a><\/p>\n<p><strong>PROCESSOS ESTRAT\u00c8GICS:<\/strong><\/p>\n<p><a href=\"https:\/\/agora.xtec.cat\/iesgabrielamistral\/wp-content\/uploads\/usu246\/2019\/04\/PE01_PLANIFICACI\u00d3-ESTRAT\u00c8GICA_v02.pdf\" target=\"_blank\" rel=\"noopener noreferrer\"><strong>PE01_PLANIFICACI\u00d3 ESTRAT\u00c8GICA_v02<\/strong><\/a><\/p>\n<p><a href=\"https:\/\/agora.xtec.cat\/iesgabrielamistral\/wp-content\/uploads\/usu246\/2022\/11\/PE02_Desenvolupament-del-SGQ_v04.pdf\" target=\"_blank\" rel=\"noopener\"><strong>PE02_DESENVOLUPAMENT SISTEMA DE GESTI\u00d3 DE QUALITAT_v04<\/strong><\/a><\/p>\n<p><a href=\"https:\/\/agora.xtec.cat\/iesgabrielamistral\/wp-content\/uploads\/usu246\/2023\/03\/PE03_GESTIO-ACADEMICA-I-ARXIU_v03.pdf\" target=\"_blank\" rel=\"noopener\"><strong>PE03_GESTI\u00d3 ACAD\u00c8MICA I ARXIU_v03<\/strong><\/a><\/p>\n<p><a href=\"https:\/\/agora.xtec.cat\/iesgabrielamistral\/wp-content\/uploads\/usu246\/2022\/11\/PE04-ADMINISTRACIO-I-GESTIO-ECONOMICA_v05.pdf\" target=\"_blank\" rel=\"noopener\"><strong>PE04 ADMINISTRACI\u00d3 I GESTI\u00d3 ECON\u00d2MICA_v05<\/strong><\/a><\/p>\n<p><a href=\"https:\/\/agora.xtec.cat\/iesgabrielamistral\/wp-content\/uploads\/usu246\/2023\/02\/PE05_INFORMACIO_COMUNICACIO_GESTIO_CONEIXEMENT_v02.pdf\" target=\"_blank\" rel=\"noopener\"><strong>PE05_INFORMACI\u00d3, COMUNICACI\u00d3 I GESTI\u00d3 DEL CONEIXEMENT_v02<\/strong><\/a><\/p>\n<p><strong>PROCESSOS CLAU:<\/strong><\/p>\n<p><a href=\"https:\/\/agora.xtec.cat\/iesgabrielamistral\/wp-content\/uploads\/usu246\/2023\/02\/PC01-Ensenyament-aprenentatge-ESO_v01.pdf\" target=\"_blank\" rel=\"noopener\"><strong>PC01_PROC\u00c9S ENSENYAMENT &#8211; APRENENTATGE ESO_v01<\/strong><\/a><\/p>\n<p><a href=\"https:\/\/agora.xtec.cat\/iesgabrielamistral\/wp-content\/uploads\/usu246\/2023\/02\/PC02-Ensenyament-aprenentatge-Batxillerat_v03.pdf\" target=\"_blank\" rel=\"noopener\"><strong>PC02_PROC\u00c9S ENSENYAMENT &#8211; APRENENTATGE BATXILLERAT_v03<\/strong><\/a><\/p>\n<p><a href=\"https:\/\/agora.xtec.cat\/iesgabrielamistral\/wp-content\/uploads\/usu246\/2022\/11\/PC03_ENSENYAMENT-APRENENTATGE-FP_v06.pdf\" target=\"_blank\" rel=\"noopener\"><strong>PC03_PROC\u00c9S ENSENYAMENT-APRENENTATGE FP_v06<\/strong><\/a><\/p>\n<p><a href=\"https:\/\/agora.xtec.cat\/iesgabrielamistral\/wp-content\/uploads\/usu246\/2025\/11\/PC04_SERVEIS_FP_v02.pdf\" target=\"_blank\" rel=\"noopener\"><strong>PC04_SERVEIS FP_v02<\/strong><\/a><\/p>\n<p><strong>PROCESSOS DE SUPORT:<\/strong><\/p>\n<p><strong><a href=\"https:\/\/agora.xtec.cat\/iesgabrielamistral\/wp-content\/uploads\/usu246\/2018\/11\/PS01-Gesti\u00f3-organitzativa-dels-recursos-dEA_v00.pdf\" target=\"_blank\" rel=\"noopener noreferrer\">PS01_GESTI\u00d3 ORGANITZATIVA DELS RECURSOS D&#8217; E-A_v00<\/a><\/strong><\/p>\n<p><a href=\"https:\/\/agora.xtec.cat\/iesgabrielamistral\/wp-content\/uploads\/usu246\/2022\/11\/PS02_GESTIO-DE-LEQUIP-HUMA_v03.pdf\" target=\"_blank\" rel=\"noopener\"><strong>PS02_GESTI\u00d3 DE L&#8217;EQUIP HUM\u00c0_v03<\/strong><\/a><\/p>\n<p><a href=\"https:\/\/agora.xtec.cat\/iesgabrielamistral\/wp-content\/uploads\/usu246\/2023\/04\/PS03_GESTIO-DE-LESTRATEGIA-DIGITAL-DE-CENTRE-EDC_v03.pdf\" target=\"_blank\" rel=\"noopener\"><strong>PS03_GESTI\u00d3 DE L&#8217;ESTRAT\u00c8GIA DIGITAL DE CENTRE (EDC)_v03<\/strong><\/a><\/p>\n<p><a href=\"https:\/\/agora.xtec.cat\/iesgabrielamistral\/wp-content\/uploads\/usu246\/2023\/03\/PS04_GESTIO-PREVENCIO-DE-RISCOS_v02.pdf\" target=\"_blank\" rel=\"noopener\"><strong>PS04_GESTI\u00d3 DE LA PREVENCI\u00d3 DE RISCOS_v02<\/strong><\/a><\/p>\n<p><a href=\"https:\/\/agora.xtec.cat\/iesgabrielamistral\/wp-content\/uploads\/usu246\/2023\/04\/PS05_GESTIO-MEDI-AMBIENTAL-DE-LINSTITUT_v02.pdf\" target=\"_blank\" rel=\"noopener\"><strong>PS05_GESTI\u00d3 AMBIENTAL DE L&#8217;INSTITUT_v02<\/strong><\/a><\/p>\n<p>&nbsp;<\/p>\n<p>&nbsp;<\/p>\n<p>&nbsp;<\/p>\n<p>&nbsp;<\/p>\n","protected":false},"excerpt":{"rendered":"<p>MAPA DE PROCESSOS DEL CENTRE_v03 PROCESSOS ESTRAT\u00c8GICS: PE01_PLANIFICACI\u00d3 ESTRAT\u00c8GICA_v02 PE02_DESENVOLUPAMENT SISTEMA DE GESTI\u00d3 DE QUALITAT_v04 PE03_GESTI\u00d3 ACAD\u00c8MICA I ARXIU_v03 PE04 ADMINISTRACI\u00d3 I GESTI\u00d3 ECON\u00d2MICA_v05 PE05_INFORMACI\u00d3, COMUNICACI\u00d3 I GESTI\u00d3 DEL CONEIXEMENT_v02 PROCESSOS CLAU: PC01_PROC\u00c9S ENSENYAMENT &#8211; APRENENTATGE ESO_v01 PC02_PROC\u00c9S ENSENYAMENT &#8211; APRENENTATGE BATXILLERAT_v03 PC03_PROC\u00c9S ENSENYAMENT-APRENENTATGE FP_v06 PC04_SERVEIS FP_v02 PROCESSOS DE SUPORT: PS01_GESTI\u00d3 ORGANITZATIVA DELS RECURSOS D&#8217; [&hellip;]<\/p>\n","protected":false},"author":1,"featured_media":0,"parent":57,"menu_order":4,"comment_status":"closed","ping_status":"closed","template":"","meta":{"_bbp_topic_count":0,"_bbp_reply_count":0,"_bbp_total_topic_count":0,"_bbp_total_reply_count":0,"_bbp_voice_count":0,"_bbp_anonymous_reply_count":0,"_bbp_topic_count_hidden":0,"_bbp_reply_count_hidden":0,"_bbp_forum_subforum_count":0,"site-sidebar-layout":"default","site-content-layout":"","ast-site-content-layout":"default","site-content-style":"default","site-sidebar-style":"default","ast-global-header-display":"","ast-banner-title-visibility":"","ast-main-header-display":"","ast-hfb-above-header-display":"","ast-hfb-below-header-display":"","ast-hfb-mobile-header-display":"","site-post-title":"","ast-breadcrumbs-content":"","ast-featured-img":"","footer-sml-layout":"","theme-transparent-header-meta":"default","adv-header-id-meta":"","stick-header-meta":"","header-above-stick-meta":"","header-main-stick-meta":"","header-below-stick-meta":"","astra-migrate-meta-layouts":"set","ast-page-background-enabled":"default","ast-page-background-meta":{"desktop":{"background-color":"var(--ast-global-color-4)","background-image":"","background-repeat":"repeat","background-position":"center center","background-size":"auto","background-attachment":"scroll","background-type":"","background-media":"","overlay-type":"","overlay-color":"","overlay-opacity":"","overlay-gradient":""},"tablet":{"background-color":"","background-image":"","background-repeat":"repeat","background-position":"center center","background-size":"auto","background-attachment":"scroll","background-type":"","background-media":"","overlay-type":"","overlay-color":"","overlay-opacity":"","overlay-gradient":""},"mobile":{"background-color":"","background-image":"","background-repeat":"repeat","background-position":"center center","background-size":"auto","background-attachment":"scroll","background-type":"","background-media":"","overlay-type":"","overlay-color":"","overlay-opacity":"","overlay-gradient":""}},"ast-content-background-meta":{"desktop":{"background-color":"var(--ast-global-color-5)","background-image":"","background-repeat":"repeat","background-position":"center center","background-size":"auto","background-attachment":"scroll","background-type":"","background-media":"","overlay-type":"","overlay-color":"","overlay-opacity":"","overlay-gradient":""},"tablet":{"background-color":"var(--ast-global-color-5)","background-image":"","background-repeat":"repeat","background-position":"center center","background-size":"auto","background-attachment":"scroll","background-type":"","background-media":"","overlay-type":"","overlay-color":"","overlay-opacity":"","overlay-gradient":""},"mobile":{"background-color":"var(--ast-global-color-5)","background-image":"","background-repeat":"repeat","background-position":"center center","background-size":"auto","background-attachment":"scroll","background-type":"","background-media":"","overlay-type":"","overlay-color":"","overlay-opacity":"","overlay-gradient":""}},"footnotes":""},"class_list":["post-741","page","type-page","status-publish","hentry"],"post_mailing_queue_ids":[],"_links":{"self":[{"href":"https:\/\/agora.xtec.cat\/iesgabrielamistral\/wp-json\/wp\/v2\/pages\/741","targetHints":{"allow":["GET"]}}],"collection":[{"href":"https:\/\/agora.xtec.cat\/iesgabrielamistral\/wp-json\/wp\/v2\/pages"}],"about":[{"href":"https:\/\/agora.xtec.cat\/iesgabrielamistral\/wp-json\/wp\/v2\/types\/page"}],"author":[{"embeddable":true,"href":"https:\/\/agora.xtec.cat\/iesgabrielamistral\/wp-json\/wp\/v2\/users\/1"}],"replies":[{"embeddable":true,"href":"https:\/\/agora.xtec.cat\/iesgabrielamistral\/wp-json\/wp\/v2\/comments?post=741"}],"version-history":[{"count":6,"href":"https:\/\/agora.xtec.cat\/iesgabrielamistral\/wp-json\/wp\/v2\/pages\/741\/revisions"}],"predecessor-version":[{"id":18725,"href":"https:\/\/agora.xtec.cat\/iesgabrielamistral\/wp-json\/wp\/v2\/pages\/741\/revisions\/18725"}],"up":[{"embeddable":true,"href":"https:\/\/agora.xtec.cat\/iesgabrielamistral\/wp-json\/wp\/v2\/pages\/57"}],"wp:attachment":[{"href":"https:\/\/agora.xtec.cat\/iesgabrielamistral\/wp-json\/wp\/v2\/media?parent=741"}],"curies":[{"name":"wp","href":"https:\/\/api.w.org\/{rel}","templated":true}]}}