{"id":735,"date":"2015-07-08T09:31:30","date_gmt":"2015-07-08T08:31:30","guid":{"rendered":"http:\/\/agora.xtec.cat\/iesgabrielamistral\/?page_id=735"},"modified":"2025-10-02T09:46:43","modified_gmt":"2025-10-02T07:46:43","slug":"eso_batx_cas","status":"publish","type":"page","link":"https:\/\/agora.xtec.cat\/iesgabrielamistral\/projecte-educatiu\/eso_batx_cas\/","title":{"rendered":"ESO_BATX"},"content":{"rendered":"<p class=\"contentheading\"><a href=\"http:\/\/agora.xtec.cat\/iesgabrielamistral\/wp-content\/uploads\/usu246\/2015\/07\/D03_Full-seguiment-contracte-pedag\u00f2gic_v02.odt\">D03_FULL_SEGUIMENT_CONTRACTE_PEDAG\u00d2GIC_v02<\/a><\/p>\n<p class=\"contentheading\"><a href=\"http:\/\/agora.xtec.cat\/iesgabrielamistral\/wp-content\/uploads\/usu246\/2015\/07\/D36_CONTRACTE_PEDAG\u00d2GIC_16-ANYS_v02.odt\">D36_CONTRACTE PEDAG\u00d2GIC 16 ANYS_v02<\/a><\/p>\n<p><a href=\"https:\/\/agora.xtec.cat\/iesgabrielamistral\/wp-content\/uploads\/usu246\/2022\/07\/D41_FITXA-INICIAL-ALUMNAT-BATXILLERAT_v01.odt\" target=\"_blank\" rel=\"noopener\">D41_FITXA INICIAL ALUMNAT BATXILLERAT_v01<\/a><\/p>\n<p class=\"contentheading\"><a href=\"https:\/\/agora.xtec.cat\/iesgabrielamistral\/wp-content\/uploads\/usu246\/2019\/06\/D42_ACTA-AVALUACI\u00d3-TRIMESTRAL-BATXILLERAT_v01.odt\" target=\"_blank\" rel=\"noopener noreferrer\">D42_ACTA AVALUACI\u00d3 TRIMESTRAL BATXILLERAT_v01<\/a><\/p>\n<p class=\"contentheading\"><a href=\"http:\/\/agora.xtec.cat\/iesgabrielamistral\/wp-content\/uploads\/usu246\/2015\/07\/D43_MODEL_MEMORIA_DEPARTAMENTS_ESO_BATX_CAS_v01.odt\" target=\"_blank\" rel=\"noopener noreferrer\">D43_MODEL MEMORIA DEPARTAMENTS ESO_BATX_CIS_v01<\/a><\/p>\n<p><a href=\"https:\/\/agora.xtec.cat\/iesgabrielamistral\/wp-content\/uploads\/usu246\/2020\/07\/D47_ACTA-AVALUACI\u00d3-ORDIN\u00c0RIA-FINAL_v00.odt\" target=\"_blank\" rel=\"noopener noreferrer\">D47_ACTA AVALUACI\u00d3 ORDIN\u00c0RIA FINAL_v00<\/a><\/p>\n<p><a href=\"https:\/\/agora.xtec.cat\/iesgabrielamistral\/wp-content\/uploads\/usu246\/2025\/03\/D48_MODEL_MEMORIA_COORDINACIO_NIVELL_v02.odt\" target=\"_blank\" rel=\"noopener\">D48_MODEL MEMORIA COORDINACIO DE NIVELL_v02<\/a><\/p>\n<p><a href=\"http:\/\/agora.xtec.cat\/iesgabrielamistral\/wp-content\/uploads\/usu246\/2015\/07\/D77_ACTIVITATS_ESTIU_v02.odt\">D77_ACTIVITATS_ESTIU_v02<\/a><\/p>\n<p><a href=\"https:\/\/agora.xtec.cat\/iesgabrielamistral\/wp-content\/uploads\/usu246\/2025\/10\/D78_ACTA_AVALUACIO_ESO_v02.odt\" target=\"_blank\" rel=\"noopener\">D78_ACTA_AVALUACI\u00d3 ESO_v02<\/a><\/p>\n<p><a href=\"https:\/\/agora.xtec.cat\/iesgabrielamistral\/wp-content\/uploads\/usu246\/2021\/07\/D84_Guia-estudiant-Batxillerat_v00.odt\" target=\"_blank\" rel=\"noopener noreferrer\">D84_GUIA ESTUDIANT BATXILLERAT_v00<\/a><\/p>\n<p><a href=\"https:\/\/agora.xtec.cat\/iesgabrielamistral\/wp-content\/uploads\/usu246\/2020\/07\/D90_Acta-avaluaci\u00f3-extraordin\u00e0ria-ESO-BATX_v01.odt\" target=\"_blank\" rel=\"noopener noreferrer\">D90_ACTA_AVALUACI\u00d3 EXTRAORDIN\u00c0RIA_v01<\/a><\/p>\n","protected":false},"excerpt":{"rendered":"<p>D03_FULL_SEGUIMENT_CONTRACTE_PEDAG\u00d2GIC_v02 D36_CONTRACTE PEDAG\u00d2GIC 16 ANYS_v02 D41_FITXA INICIAL ALUMNAT BATXILLERAT_v01 D42_ACTA AVALUACI\u00d3 TRIMESTRAL BATXILLERAT_v01 D43_MODEL MEMORIA DEPARTAMENTS ESO_BATX_CIS_v01 D47_ACTA AVALUACI\u00d3 ORDIN\u00c0RIA FINAL_v00 D48_MODEL MEMORIA COORDINACIO DE NIVELL_v02 D77_ACTIVITATS_ESTIU_v02 D78_ACTA_AVALUACI\u00d3 ESO_v02 D84_GUIA ESTUDIANT BATXILLERAT_v00 D90_ACTA_AVALUACI\u00d3 EXTRAORDIN\u00c0RIA_v01<\/p>\n","protected":false},"author":1,"featured_media":0,"parent":57,"menu_order":2,"comment_status":"closed","ping_status":"closed","template":"page-templates\/side-menu.php","meta":{"_bbp_topic_count":0,"_bbp_reply_count":0,"_bbp_total_topic_count":0,"_bbp_total_reply_count":0,"_bbp_voice_count":0,"_bbp_anonymous_reply_count":0,"_bbp_topic_count_hidden":0,"_bbp_reply_count_hidden":0,"_bbp_forum_subforum_count":0,"site-sidebar-layout":"default","site-content-layout":"","ast-site-content-layout":"","site-content-style":"default","site-sidebar-style":"default","ast-global-header-display":"","ast-banner-title-visibility":"","ast-main-header-display":"","ast-hfb-above-header-display":"","ast-hfb-below-header-display":"","ast-hfb-mobile-header-display":"","site-post-title":"","ast-breadcrumbs-content":"","ast-featured-img":"","footer-sml-layout":"","theme-transparent-header-meta":"","adv-header-id-meta":"","stick-header-meta":"","header-above-stick-meta":"","header-main-stick-meta":"","header-below-stick-meta":"","astra-migrate-meta-layouts":"default","ast-page-background-enabled":"default","ast-page-background-meta":{"desktop":{"background-color":"var(--ast-global-color-4)","background-image":"","background-repeat":"repeat","background-position":"center center","background-size":"auto","background-attachment":"scroll","background-type":"","background-media":"","overlay-type":"","overlay-color":"","overlay-opacity":"","overlay-gradient":""},"tablet":{"background-color":"","background-image":"","background-repeat":"repeat","background-position":"center center","background-size":"auto","background-attachment":"scroll","background-type":"","background-media":"","overlay-type":"","overlay-color":"","overlay-opacity":"","overlay-gradient":""},"mobile":{"background-color":"","background-image":"","background-repeat":"repeat","background-position":"center center","background-size":"auto","background-attachment":"scroll","background-type":"","background-media":"","overlay-type":"","overlay-color":"","overlay-opacity":"","overlay-gradient":""}},"ast-content-background-meta":{"desktop":{"background-color":"var(--ast-global-color-5)","background-image":"","background-repeat":"repeat","background-position":"center center","background-size":"auto","background-attachment":"scroll","background-type":"","background-media":"","overlay-type":"","overlay-color":"","overlay-opacity":"","overlay-gradient":""},"tablet":{"background-color":"var(--ast-global-color-5)","background-image":"","background-repeat":"repeat","background-position":"center center","background-size":"auto","background-attachment":"scroll","background-type":"","background-media":"","overlay-type":"","overlay-color":"","overlay-opacity":"","overlay-gradient":""},"mobile":{"background-color":"var(--ast-global-color-5)","background-image":"","background-repeat":"repeat","background-position":"center center","background-size":"auto","background-attachment":"scroll","background-type":"","background-media":"","overlay-type":"","overlay-color":"","overlay-opacity":"","overlay-gradient":""}},"footnotes":""},"class_list":["post-735","page","type-page","status-publish","hentry"],"post_mailing_queue_ids":[],"_links":{"self":[{"href":"https:\/\/agora.xtec.cat\/iesgabrielamistral\/wp-json\/wp\/v2\/pages\/735","targetHints":{"allow":["GET"]}}],"collection":[{"href":"https:\/\/agora.xtec.cat\/iesgabrielamistral\/wp-json\/wp\/v2\/pages"}],"about":[{"href":"https:\/\/agora.xtec.cat\/iesgabrielamistral\/wp-json\/wp\/v2\/types\/page"}],"author":[{"embeddable":true,"href":"https:\/\/agora.xtec.cat\/iesgabrielamistral\/wp-json\/wp\/v2\/users\/1"}],"replies":[{"embeddable":true,"href":"https:\/\/agora.xtec.cat\/iesgabrielamistral\/wp-json\/wp\/v2\/comments?post=735"}],"version-history":[{"count":6,"href":"https:\/\/agora.xtec.cat\/iesgabrielamistral\/wp-json\/wp\/v2\/pages\/735\/revisions"}],"predecessor-version":[{"id":16710,"href":"https:\/\/agora.xtec.cat\/iesgabrielamistral\/wp-json\/wp\/v2\/pages\/735\/revisions\/16710"}],"up":[{"embeddable":true,"href":"https:\/\/agora.xtec.cat\/iesgabrielamistral\/wp-json\/wp\/v2\/pages\/57"}],"wp:attachment":[{"href":"https:\/\/agora.xtec.cat\/iesgabrielamistral\/wp-json\/wp\/v2\/media?parent=735"}],"curies":[{"name":"wp","href":"https:\/\/api.w.org\/{rel}","templated":true}]}}