{"id":732,"date":"2015-07-08T09:27:43","date_gmt":"2015-07-08T08:27:43","guid":{"rendered":"http:\/\/agora.xtec.cat\/iesgabrielamistral\/?page_id=732"},"modified":"2025-04-15T12:38:27","modified_gmt":"2025-04-15T10:38:27","slug":"documents-generals","status":"publish","type":"page","link":"https:\/\/agora.xtec.cat\/iesgabrielamistral\/projecte-educatiu\/documents-generals\/","title":{"rendered":"Documents generals"},"content":{"rendered":"<h2 class=\"contentheading\"><strong>PREVENCI\u00d3 DE RISCOS LABORALS:<\/strong><\/h2>\n<p><a href=\"https:\/\/agora.xtec.cat\/iesgabrielamistral\/wp-content\/uploads\/usu246\/2024\/03\/D27_Fitxa-dades-accident_Docent_PAE_PAS_v00.odt\" target=\"_blank\" rel=\"noopener\">D27_FITXA_DADES ACCIDENT_DOCENT\/PAE\/PAS_v00<\/a><\/p>\n<p><a href=\"https:\/\/agora.xtec.cat\/iesgabrielamistral\/wp-content\/uploads\/usu246\/2024\/03\/D31_Fitxa-dades-accident_Personal-extern_v00.odt\" target=\"_blank\" rel=\"noopener\">D31_FITXA_ACCIDENT_PERSONAL_EXTERN-v00<\/a><\/p>\n<p><a href=\"http:\/\/agora.xtec.cat\/iesgabrielamistral\/wp-content\/uploads\/usu246\/2015\/07\/D35-PLA-EMERGENCIA-PERSONAL-EXTERN-v02.pdf\" target=\"_blank\" rel=\"noopener noreferrer\">D35_PLA EMERG\u00c8NCIA PERSONAL EXTERN_v02<\/a><\/p>\n<p><a href=\"http:\/\/agora.xtec.cat\/iesgabrielamistral\/wp-content\/uploads\/usu246\/2015\/07\/D80_REGISTRE-EMPRESES-PLANTILLA_v01.odt\" target=\"_blank\" rel=\"noopener noreferrer\">D80_REGISTRE EMPRESES PLANTILLA_v01<\/a><\/p>\n<p><a href=\"http:\/\/agora.xtec.cat\/iesgabrielamistral\/wp-content\/uploads\/usu246\/2015\/07\/D87_Registre-informaci\u00f3-pla-demerg\u00e8ncia_v01.odt\" target=\"_blank\" rel=\"noopener noreferrer\">D87_REGISTRE INFORMACI\u00d3 PLA D&#8217;EMERG\u00c8NCIES_v01<\/a><\/p>\n<p><a href=\"https:\/\/agora.xtec.cat\/iesgabrielamistral\/wp-content\/uploads\/usu246\/2018\/11\/PLA-DEMERG\u00c8NCIES-GM_v02.pdf\" target=\"_blank\" rel=\"noopener noreferrer\">PLA D&#8217;EMERG\u00c8NCIES_v02<\/a><\/p>\n<p><span style=\"text-decoration: underline;\"><strong>DOCUMENTS GENERALS:<\/strong><\/span><\/p>\n<p><a href=\"http:\/\/agora.xtec.cat\/iesgabrielamistral\/wp-content\/uploads\/usu246\/2015\/07\/D06_GESTIO-ABSENCIES-PERMISOS_v00.odt\" target=\"_blank\" rel=\"noopener noreferrer\">D06_GESTI\u00d3_ABS\u00c8NCIES_PERMISO_v00<\/a><\/p>\n<p><a href=\"https:\/\/agora.xtec.cat\/iesgabrielamistral\/wp-content\/uploads\/usu246\/2022\/09\/D07_ACTA-DE-REUNIONS_v03.odt\" target=\"_blank\" rel=\"noopener\">D07_ACTA_REUNIONS_v03<\/a><\/p>\n<p><strong><a href=\"http:\/\/agora.xtec.cat\/iesgabrielamistral\/wp-content\/uploads\/usu246\/2015\/07\/D12_QUEIXA_SUGGERIMENT_v011.odt\">D12_QUEIXA_SUGGERIMENT_v01<\/a><\/strong><\/p>\n<p><a href=\"http:\/\/agora.xtec.cat\/iesgabrielamistral\/wp-content\/uploads\/usu246\/2015\/07\/D23_CARTA_PREAVIS_10_v02.odt\" target=\"_blank\" rel=\"noopener noreferrer\">D23_CARTA_PREAV\u00cdS_10%_v02<\/a><\/p>\n<p><a href=\"http:\/\/agora.xtec.cat\/iesgabrielamistral\/wp-content\/uploads\/usu246\/2015\/07\/D24_CARTA_AVIS_20_v02.odt\" target=\"_blank\" rel=\"noopener noreferrer\">D24_CARTA_AV\u00cdS_20%_v02<\/a><\/p>\n<p><a href=\"https:\/\/agora.xtec.cat\/iesgabrielamistral\/wp-content\/uploads\/usu246\/2022\/09\/D26_ACTA_DE_DELEGAT_v02.odt\" target=\"_blank\" rel=\"noopener\">D26_ACTA DELEGAT_v02<\/a><\/p>\n<p><a href=\"https:\/\/agora.xtec.cat\/iesgabrielamistral\/wp-content\/uploads\/usu246\/2023\/05\/D34_MODEL-SIGNATURES-JUNTA-DAVALUACIO_v00.odt\" target=\"_blank\" rel=\"noopener\">D34_MODEL SIGNATURES JUNTA D&#8217;AVALUACI\u00d3_v00<\/a><\/p>\n<p><a href=\"https:\/\/agora.xtec.cat\/iesgabrielamistral\/wp-content\/uploads\/usu246\/2019\/11\/D81_Pla_auditoria_interna_GM_v01.odt\" target=\"_blank\" rel=\"noopener noreferrer\">D81_PLA_AUDITORIA_INTERNA_GM_v01<\/a><\/p>\n<p><a href=\"https:\/\/agora.xtec.cat\/iesgabrielamistral\/wp-content\/uploads\/usu246\/2019\/11\/D82_INFORME-AUDITORIA_v01.odt\" target=\"_blank\" rel=\"noopener noreferrer\">D82_INFORME AUDITORIA_v01<\/a><\/p>\n<p><a href=\"http:\/\/agora.xtec.cat\/iesgabrielamistral\/wp-content\/uploads\/usu246\/2015\/07\/D85_REGISTRE_PROVE\u00cfDORS_HOMOLOGATS_PLANTILLA_v01.odt\" target=\"_blank\" rel=\"noopener noreferrer\">D85_REGISTRE PROVE\u00cfDORS HOMOLOGATS PLANTILLA_v01<\/a><\/p>\n<p><a href=\"http:\/\/agora.xtec.cat\/iesgabrielamistral\/wp-content\/uploads\/usu246\/2015\/07\/D86_INFORME-HOMOLOGACI\u00d3-PROVE\u00cfDORS_v01.odt\" target=\"_blank\" rel=\"noopener noreferrer\">D86_INFORME HOMOLOGACI\u00d3 PROVE\u00cfDORS_v01<\/a><\/p>\n","protected":false},"excerpt":{"rendered":"<p>PREVENCI\u00d3 DE RISCOS LABORALS: D27_FITXA_DADES ACCIDENT_DOCENT\/PAE\/PAS_v00 D31_FITXA_ACCIDENT_PERSONAL_EXTERN-v00 D35_PLA EMERG\u00c8NCIA PERSONAL EXTERN_v02 D80_REGISTRE EMPRESES PLANTILLA_v01 D87_REGISTRE INFORMACI\u00d3 PLA D&#8217;EMERG\u00c8NCIES_v01 PLA D&#8217;EMERG\u00c8NCIES_v02 DOCUMENTS GENERALS: D06_GESTI\u00d3_ABS\u00c8NCIES_PERMISO_v00 D07_ACTA_REUNIONS_v03 D12_QUEIXA_SUGGERIMENT_v01 D23_CARTA_PREAV\u00cdS_10%_v02 D24_CARTA_AV\u00cdS_20%_v02 D26_ACTA DELEGAT_v02 D34_MODEL SIGNATURES JUNTA D&#8217;AVALUACI\u00d3_v00 D81_PLA_AUDITORIA_INTERNA_GM_v01 D82_INFORME AUDITORIA_v01 D85_REGISTRE PROVE\u00cfDORS HOMOLOGATS PLANTILLA_v01 D86_INFORME HOMOLOGACI\u00d3 PROVE\u00cfDORS_v01<\/p>\n","protected":false},"author":1,"featured_media":0,"parent":57,"menu_order":1,"comment_status":"closed","ping_status":"closed","template":"page-templates\/side-menu.php","meta":{"_bbp_topic_count":0,"_bbp_reply_count":0,"_bbp_total_topic_count":0,"_bbp_total_reply_count":0,"_bbp_voice_count":0,"_bbp_anonymous_reply_count":0,"_bbp_topic_count_hidden":0,"_bbp_reply_count_hidden":0,"_bbp_forum_subforum_count":0,"site-sidebar-layout":"default","site-content-layout":"","ast-site-content-layout":"","site-content-style":"default","site-sidebar-style":"default","ast-global-header-display":"","ast-banner-title-visibility":"","ast-main-header-display":"","ast-hfb-above-header-display":"","ast-hfb-below-header-display":"","ast-hfb-mobile-header-display":"","site-post-title":"","ast-breadcrumbs-content":"","ast-featured-img":"","footer-sml-layout":"","theme-transparent-header-meta":"","adv-header-id-meta":"","stick-header-meta":"","header-above-stick-meta":"","header-main-stick-meta":"","header-below-stick-meta":"","astra-migrate-meta-layouts":"default","ast-page-background-enabled":"default","ast-page-background-meta":{"desktop":{"background-color":"var(--ast-global-color-4)","background-image":"","background-repeat":"repeat","background-position":"center center","background-size":"auto","background-attachment":"scroll","background-type":"","background-media":"","overlay-type":"","overlay-color":"","overlay-opacity":"","overlay-gradient":""},"tablet":{"background-color":"","background-image":"","background-repeat":"repeat","background-position":"center center","background-size":"auto","background-attachment":"scroll","background-type":"","background-media":"","overlay-type":"","overlay-color":"","overlay-opacity":"","overlay-gradient":""},"mobile":{"background-color":"","background-image":"","background-repeat":"repeat","background-position":"center center","background-size":"auto","background-attachment":"scroll","background-type":"","background-media":"","overlay-type":"","overlay-color":"","overlay-opacity":"","overlay-gradient":""}},"ast-content-background-meta":{"desktop":{"background-color":"var(--ast-global-color-5)","background-image":"","background-repeat":"repeat","background-position":"center center","background-size":"auto","background-attachment":"scroll","background-type":"","background-media":"","overlay-type":"","overlay-color":"","overlay-opacity":"","overlay-gradient":""},"tablet":{"background-color":"var(--ast-global-color-5)","background-image":"","background-repeat":"repeat","background-position":"center center","background-size":"auto","background-attachment":"scroll","background-type":"","background-media":"","overlay-type":"","overlay-color":"","overlay-opacity":"","overlay-gradient":""},"mobile":{"background-color":"var(--ast-global-color-5)","background-image":"","background-repeat":"repeat","background-position":"center center","background-size":"auto","background-attachment":"scroll","background-type":"","background-media":"","overlay-type":"","overlay-color":"","overlay-opacity":"","overlay-gradient":""}},"footnotes":""},"class_list":["post-732","page","type-page","status-publish","hentry"],"post_mailing_queue_ids":[],"_links":{"self":[{"href":"https:\/\/agora.xtec.cat\/iesgabrielamistral\/wp-json\/wp\/v2\/pages\/732","targetHints":{"allow":["GET"]}}],"collection":[{"href":"https:\/\/agora.xtec.cat\/iesgabrielamistral\/wp-json\/wp\/v2\/pages"}],"about":[{"href":"https:\/\/agora.xtec.cat\/iesgabrielamistral\/wp-json\/wp\/v2\/types\/page"}],"author":[{"embeddable":true,"href":"https:\/\/agora.xtec.cat\/iesgabrielamistral\/wp-json\/wp\/v2\/users\/1"}],"replies":[{"embeddable":true,"href":"https:\/\/agora.xtec.cat\/iesgabrielamistral\/wp-json\/wp\/v2\/comments?post=732"}],"version-history":[{"count":7,"href":"https:\/\/agora.xtec.cat\/iesgabrielamistral\/wp-json\/wp\/v2\/pages\/732\/revisions"}],"predecessor-version":[{"id":17530,"href":"https:\/\/agora.xtec.cat\/iesgabrielamistral\/wp-json\/wp\/v2\/pages\/732\/revisions\/17530"}],"up":[{"embeddable":true,"href":"https:\/\/agora.xtec.cat\/iesgabrielamistral\/wp-json\/wp\/v2\/pages\/57"}],"wp:attachment":[{"href":"https:\/\/agora.xtec.cat\/iesgabrielamistral\/wp-json\/wp\/v2\/media?parent=732"}],"curies":[{"name":"wp","href":"https:\/\/api.w.org\/{rel}","templated":true}]}}