{"id":729,"date":"2015-07-08T09:22:08","date_gmt":"2015-07-08T08:22:08","guid":{"rendered":"http:\/\/agora.xtec.cat\/iesgabrielamistral\/?page_id=729"},"modified":"2026-04-09T19:40:01","modified_gmt":"2026-04-09T17:40:01","slug":"documents-estrategics","status":"publish","type":"page","link":"https:\/\/agora.xtec.cat\/iesgabrielamistral\/projecte-educatiu\/documents-estrategics\/","title":{"rendered":"Documents estrat\u00e8gics"},"content":{"rendered":"<p>&nbsp;<\/p>\n<ul>\n<li><a href=\"https:\/\/agora.xtec.cat\/iesgabrielamistral\/wp-content\/uploads\/usu246\/2026\/03\/PEC_v10.pdf\" target=\"_blank\" rel=\"noopener\"><strong>PEC_v10<\/strong><\/a><\/li>\n<li><a href=\"https:\/\/agora.xtec.cat\/iesgabrielamistral\/wp-content\/uploads\/usu246\/2025\/03\/PEC_-5.CONCRECIONS-CURRICULARS-DFP_v12.pdf\" target=\"_blank\" rel=\"noopener\"><strong>PEC.5.CONCRECIONS CURRICULARS FP_v12<\/strong><\/a><\/li>\n<li><a href=\"https:\/\/agora.xtec.cat\/iesgabrielamistral\/wp-content\/uploads\/usu246\/2026\/03\/PEC_5.-CONCRECIONS-CURRICULARS-ESO_v00.pdf\" target=\"_blank\" rel=\"noopener\"><strong>PEC_5.CONCREC<\/strong><strong>IONS CURRICULARS ESO _v00<\/strong><\/a><\/li>\n<li><strong><a href=\"http:\/\/agora.xtec.cat\/iesgabrielamistral\/wp-content\/uploads\/usu246\/2015\/07\/PEC.-6-PROJECTE-DE-CONVIV\u00c8NCIA_v00.pdf\" target=\"_blank\" rel=\"noopener noreferrer\">PEC_6.PROJECTE DE CONVIV\u00c8NCIA_v00<\/a><\/strong><\/li>\n<li><strong><a href=\"http:\/\/agora.xtec.cat\/iesgabrielamistral\/wp-content\/uploads\/usu246\/2015\/07\/PEC_8.-PAT-CCFF_v01.pdf\" target=\"_blank\" rel=\"noopener noreferrer\">PEC_8. PAT CCFF_v01<\/a><\/strong><\/li>\n<li><strong><a href=\"https:\/\/agora.xtec.cat\/iesgabrielamistral\/wp-content\/uploads\/usu246\/2020\/07\/PLC_GM-_v00.pdf\" target=\"_blank\" rel=\"noopener noreferrer\">PEC_9. PROJECTE LING\u00dc\u00cdSTIC_v00<\/a><\/strong><\/li>\n<li><a href=\"https:\/\/agora.xtec.cat\/iesgabrielamistral\/wp-content\/uploads\/usu246\/2025\/06\/Projecte-Esportiu-de-Centre-PES_v00.pdf\" target=\"_blank\" rel=\"noopener\"><strong>PROJECTE ESPORTIU DE CENTRE (PES)<\/strong><\/a><\/li>\n<li><a href=\"https:\/\/agora.xtec.cat\/iesgabrielamistral\/wp-content\/uploads\/usu246\/2025\/12\/NOFC_Gabriela_v14-1.pdf\" target=\"_blank\" rel=\"noopener\"><strong>NOFC_v14<\/strong><\/a><\/li>\n<li><a href=\"https:\/\/educaciodigital.cat\/iesgabrielamistral\/moodle\/pluginfile.php\/104124\/mod_resource\/content\/1\/08053340_InsGabrielaMistral_XavierTresserraBarba_PdD%202021-2025.pdf\" target=\"_blank\" rel=\"noopener\"><strong>PROJECTE DE DIRECCI\u00d3<\/strong><\/a><\/li>\n<li><a href=\"https:\/\/educaciodigital.cat\/iesgabrielamistral\/moodle\/pluginfile.php\/212485\/mod_resource\/content\/1\/08053340_InsGabrielaMistral_MA_2023-2024.pdf\" target=\"_blank\" rel=\"noopener\"><strong>MEM\u00d2RIA ANUAL DE CENTRE<\/strong><\/a><\/li>\n<li><a href=\"https:\/\/educaciodigital.cat\/iesgabrielamistral\/moodle\/mod\/resource\/view.php?id=199219\" target=\"_blank\" rel=\"noopener\"><strong>PGAC<\/strong><\/a><\/li>\n<li><a href=\"https:\/\/agora.xtec.cat\/iesgabrielamistral\/wp-content\/uploads\/usu246\/2025\/09\/D18_GUIADELPROFESSORAT_2025_2026_v13.pdf\" target=\"_blank\" rel=\"noopener\"><strong>D18_GUIA_PROFESSORAT 2025-2026<\/strong><strong>_v13<\/strong><\/a><\/li>\n<li><a href=\"https:\/\/agora.xtec.cat\/iesgabrielamistral\/wp-content\/uploads\/usu246\/2024\/11\/Pla-de-Comunicacio-INS-Gabriela-Mistral_v03.pdf\" target=\"_blank\" rel=\"noopener\"><strong>PLA DE COMUNICACI\u00d3_v03<\/strong><\/a><\/li>\n<li><a href=\"https:\/\/agora.xtec.cat\/iesgabrielamistral\/wp-content\/uploads\/usu246\/2023\/09\/PLA_MANTENIMENT_v02.pdf\" target=\"_blank\" rel=\"noopener\"><strong>PLA DE MANTENIMENT DEL CENTRE_v02<\/strong><\/a><\/li>\n<li><a href=\"https:\/\/agora.xtec.cat\/iesgabrielamistral\/wp-content\/uploads\/usu246\/2023\/02\/PLA-DE-MANTENIMENT-COORDINACIO-INFORMATICA_v01.pdf\" target=\"_blank\" rel=\"noopener\"><strong>PLA DE MANTENIMENT COORDINACI\u00d3 INFORM\u00c0TICA_v01<\/strong><\/a><\/li>\n<\/ul>\n","protected":false},"excerpt":{"rendered":"<p>&nbsp; PEC_v10 PEC.5.CONCRECIONS CURRICULARS FP_v12 PEC_5.CONCRECIONS CURRICULARS ESO _v00 PEC_6.PROJECTE DE CONVIV\u00c8NCIA_v00 PEC_8. PAT CCFF_v01 PEC_9. PROJECTE LING\u00dc\u00cdSTIC_v00 PROJECTE ESPORTIU DE CENTRE (PES) NOFC_v14 PROJECTE DE DIRECCI\u00d3 MEM\u00d2RIA ANUAL DE CENTRE PGAC D18_GUIA_PROFESSORAT 2025-2026_v13 PLA DE COMUNICACI\u00d3_v03 PLA DE MANTENIMENT DEL CENTRE_v02 PLA DE MANTENIMENT COORDINACI\u00d3 INFORM\u00c0TICA_v01<\/p>\n","protected":false},"author":1,"featured_media":0,"parent":57,"menu_order":0,"comment_status":"closed","ping_status":"closed","template":"","meta":{"_bbp_topic_count":0,"_bbp_reply_count":0,"_bbp_total_topic_count":0,"_bbp_total_reply_count":0,"_bbp_voice_count":0,"_bbp_anonymous_reply_count":0,"_bbp_topic_count_hidden":0,"_bbp_reply_count_hidden":0,"_bbp_forum_subforum_count":0,"site-sidebar-layout":"default","site-content-layout":"","ast-site-content-layout":"default","site-content-style":"default","site-sidebar-style":"default","ast-global-header-display":"","ast-banner-title-visibility":"","ast-main-header-display":"","ast-hfb-above-header-display":"","ast-hfb-below-header-display":"","ast-hfb-mobile-header-display":"","site-post-title":"","ast-breadcrumbs-content":"","ast-featured-img":"","footer-sml-layout":"","theme-transparent-header-meta":"default","adv-header-id-meta":"","stick-header-meta":"","header-above-stick-meta":"","header-main-stick-meta":"","header-below-stick-meta":"","astra-migrate-meta-layouts":"set","ast-page-background-enabled":"default","ast-page-background-meta":{"desktop":{"background-color":"var(--ast-global-color-4)","background-image":"","background-repeat":"repeat","background-position":"center center","background-size":"auto","background-attachment":"scroll","background-type":"","background-media":"","overlay-type":"","overlay-color":"","overlay-opacity":"","overlay-gradient":""},"tablet":{"background-color":"","background-image":"","background-repeat":"repeat","background-position":"center center","background-size":"auto","background-attachment":"scroll","background-type":"","background-media":"","overlay-type":"","overlay-color":"","overlay-opacity":"","overlay-gradient":""},"mobile":{"background-color":"","background-image":"","background-repeat":"repeat","background-position":"center center","background-size":"auto","background-attachment":"scroll","background-type":"","background-media":"","overlay-type":"","overlay-color":"","overlay-opacity":"","overlay-gradient":""}},"ast-content-background-meta":{"desktop":{"background-color":"var(--ast-global-color-5)","background-image":"","background-repeat":"repeat","background-position":"center center","background-size":"auto","background-attachment":"scroll","background-type":"","background-media":"","overlay-type":"","overlay-color":"","overlay-opacity":"","overlay-gradient":""},"tablet":{"background-color":"var(--ast-global-color-5)","background-image":"","background-repeat":"repeat","background-position":"center center","background-size":"auto","background-attachment":"scroll","background-type":"","background-media":"","overlay-type":"","overlay-color":"","overlay-opacity":"","overlay-gradient":""},"mobile":{"background-color":"var(--ast-global-color-5)","background-image":"","background-repeat":"repeat","background-position":"center center","background-size":"auto","background-attachment":"scroll","background-type":"","background-media":"","overlay-type":"","overlay-color":"","overlay-opacity":"","overlay-gradient":""}},"footnotes":""},"class_list":["post-729","page","type-page","status-publish","hentry"],"post_mailing_queue_ids":[],"_links":{"self":[{"href":"https:\/\/agora.xtec.cat\/iesgabrielamistral\/wp-json\/wp\/v2\/pages\/729","targetHints":{"allow":["GET"]}}],"collection":[{"href":"https:\/\/agora.xtec.cat\/iesgabrielamistral\/wp-json\/wp\/v2\/pages"}],"about":[{"href":"https:\/\/agora.xtec.cat\/iesgabrielamistral\/wp-json\/wp\/v2\/types\/page"}],"author":[{"embeddable":true,"href":"https:\/\/agora.xtec.cat\/iesgabrielamistral\/wp-json\/wp\/v2\/users\/1"}],"replies":[{"embeddable":true,"href":"https:\/\/agora.xtec.cat\/iesgabrielamistral\/wp-json\/wp\/v2\/comments?post=729"}],"version-history":[{"count":8,"href":"https:\/\/agora.xtec.cat\/iesgabrielamistral\/wp-json\/wp\/v2\/pages\/729\/revisions"}],"predecessor-version":[{"id":19113,"href":"https:\/\/agora.xtec.cat\/iesgabrielamistral\/wp-json\/wp\/v2\/pages\/729\/revisions\/19113"}],"up":[{"embeddable":true,"href":"https:\/\/agora.xtec.cat\/iesgabrielamistral\/wp-json\/wp\/v2\/pages\/57"}],"wp:attachment":[{"href":"https:\/\/agora.xtec.cat\/iesgabrielamistral\/wp-json\/wp\/v2\/media?parent=729"}],"curies":[{"name":"wp","href":"https:\/\/api.w.org\/{rel}","templated":true}]}}