{"id":576,"date":"2015-07-07T11:47:15","date_gmt":"2015-07-07T10:47:15","guid":{"rendered":"http:\/\/agora.xtec.cat\/iesgabrielamistral\/?page_id=576"},"modified":"2024-03-18T22:41:46","modified_gmt":"2024-03-18T21:41:46","slug":"ampa","status":"publish","type":"page","link":"https:\/\/agora.xtec.cat\/iesgabrielamistral\/linstitut\/ampa\/","title":{"rendered":"AMPA"},"content":{"rendered":"<h1>Qui som?<\/h1>\n<p>L\u2019AMPA de l\u2019institut Gabriela Mistral, som una associaci\u00f3 sense \u00e0nim de lucre formada per mares i pares d\u2019alumnes que intentem millorar diferents aspectes del dia a dia de l\u2019institut que afecten a l\u2019educaci\u00f3 dels nostres fills i filles.<\/p>\n<p><a href=\"https:\/\/agora.xtec.cat\/iesgabrielamistral\/wp-content\/uploads\/usu246\/2022\/07\/ampa-1.png\"><img loading=\"lazy\" decoding=\"async\" class=\"size-full wp-image-14148 aligncenter\" src=\"https:\/\/agora.xtec.cat\/iesgabrielamistral\/wp-content\/uploads\/usu246\/2022\/07\/ampa-1.png\" alt=\"\" width=\"248\" height=\"201\" \/><\/a><\/p>\n<p style=\"text-align: justify;\">Actuem com a canal de comunicaci\u00f3 amb l\u2019institut, on mares i pares podeu fer arribar els vostres dubtes, suggeriments i preocupacions sobre el funcionament quotidi\u00e0 del centre.<\/p>\n<ul>\n<li style=\"text-align: justify;\">Representem les fam\u00edlies al Consell Escolar del Centre.<\/li>\n<li style=\"text-align: justify;\">Finan\u00e7ament dels llibres de lectura de catal\u00e0, castell\u00e0 i angl\u00e8s, llibres de lectura de mat\u00e8ries optatives de 4t i diccionaris.<\/li>\n<li style=\"text-align: justify;\">Finan\u00e7ament premis d\u2019aules netes i educades de 1r, 2n d\u2019ESO.<\/li>\n<li style=\"text-align: justify;\">Col\u00b7laboraci\u00f3 a les festes de graduaci\u00f3 de 4t d\u2019ESO i 2n de Batxillerat (C\u00e0tering, decoraci\u00f3,&#8230;).<\/li>\n<li style=\"text-align: justify;\">Col\u00b7laboraci\u00f3 en les campanyes econ\u00f2miques pel viatge de 4t d\u2019ESO i el treball de s\u00edntesi de 2n d\u2019ESO.<\/li>\n<li style=\"text-align: justify;\">Inversi\u00f3 al centre: millora dels espais l\u00fadics i d\u2019aprenentatge, taules ping-pong, estaci\u00f3 meteorol\u00f2gica, carros d\u2019ordinadors&#8230;<\/li>\n<li style=\"text-align: justify;\">Finan\u00e7ament del monitoratge de la biblioteca del Centre.<\/li>\n<li style=\"text-align: justify;\">Cursos fam\u00edlies i alumnes (defensa personal, IT,..)<\/li>\n<\/ul>\n<h3>Quotes (una per fam\u00edlia)<a href=\"https:\/\/agora.xtec.cat\/iesgabrielamistral\/wp-content\/uploads\/usu246\/2022\/07\/equip.png\"><img loading=\"lazy\" decoding=\"async\" class=\"wp-image-14151 alignright\" src=\"https:\/\/agora.xtec.cat\/iesgabrielamistral\/wp-content\/uploads\/usu246\/2022\/07\/equip.png\" alt=\"\" width=\"278\" height=\"186\" srcset=\"https:\/\/agora.xtec.cat\/iesgabrielamistral\/wp-content\/uploads\/usu246\/2022\/07\/equip.png 390w, https:\/\/agora.xtec.cat\/iesgabrielamistral\/wp-content\/uploads\/usu246\/2022\/07\/equip-300x201.png 300w\" sizes=\"auto, (max-width: 278px) 100vw, 278px\" \/><\/a><\/h3>\n<ul>\n<li><strong>ESO: 20 \u20ac\/any<\/strong><\/li>\n<li><strong>BATX: 20 \u20ac\/any<\/strong><\/li>\n<\/ul>\n<p><strong>Dades per realitzar el pagament:<\/strong><\/p>\n<ul>\n<li>Compte: \u201cCaixaBank\u201d ES18 2100 3134 5322 0013 5315 al codi 0275677a favor de l\u2019AMPA de l\u2019institut Gabriela Mistral<\/li>\n<li>Concepte: Nom i cognoms de l\u2019alumne\/a i curs.<\/li>\n<\/ul>\n<p><strong>Col\u00b7laborar activament amb l\u2019AMPA \u00e9s una oportunitat de participar i gaudir de l\u2019educaci\u00f3 dels nostres fills.<\/strong><\/p>\n<p><a href=\"https:\/\/agora.xtec.cat\/iesgabrielamistral\/wp-content\/uploads\/usu246\/2022\/07\/sobre-1.png\"><img loading=\"lazy\" decoding=\"async\" class=\"size-full wp-image-14152 alignleft\" src=\"https:\/\/agora.xtec.cat\/iesgabrielamistral\/wp-content\/uploads\/usu246\/2022\/07\/sobre-1.png\" alt=\"\" width=\"96\" height=\"95\" \/><\/a><\/p>\n<p>&nbsp;<\/p>\n<p><a href=\"mailto:ampaiesgmistral@gmail.com\" target=\"_blank\" rel=\"noopener\">ampaiesgmistral@gmail.com<\/a><\/p>\n","protected":false},"excerpt":{"rendered":"<p>Qui som? L\u2019AMPA de l\u2019institut Gabriela Mistral, som una associaci\u00f3 sense \u00e0nim de lucre formada per mares i pares d\u2019alumnes que intentem millorar diferents aspectes del dia a dia de l\u2019institut que afecten a l\u2019educaci\u00f3 dels nostres fills i filles. Actuem com a canal de comunicaci\u00f3 amb l\u2019institut, on mares i pares podeu fer arribar [&hellip;]<\/p>\n","protected":false},"author":1,"featured_media":0,"parent":3418,"menu_order":80,"comment_status":"closed","ping_status":"closed","template":"page-templates\/side-menu.php","meta":{"_bbp_topic_count":0,"_bbp_reply_count":0,"_bbp_total_topic_count":0,"_bbp_total_reply_count":0,"_bbp_voice_count":0,"_bbp_anonymous_reply_count":0,"_bbp_topic_count_hidden":0,"_bbp_reply_count_hidden":0,"_bbp_forum_subforum_count":0,"site-sidebar-layout":"default","site-content-layout":"","ast-site-content-layout":"","site-content-style":"default","site-sidebar-style":"default","ast-global-header-display":"","ast-banner-title-visibility":"","ast-main-header-display":"","ast-hfb-above-header-display":"","ast-hfb-below-header-display":"","ast-hfb-mobile-header-display":"","site-post-title":"","ast-breadcrumbs-content":"","ast-featured-img":"","footer-sml-layout":"","theme-transparent-header-meta":"","adv-header-id-meta":"","stick-header-meta":"","header-above-stick-meta":"","header-main-stick-meta":"","header-below-stick-meta":"","astra-migrate-meta-layouts":"default","ast-page-background-enabled":"default","ast-page-background-meta":{"desktop":{"background-color":"var(--ast-global-color-4)","background-image":"","background-repeat":"repeat","background-position":"center center","background-size":"auto","background-attachment":"scroll","background-type":"","background-media":"","overlay-type":"","overlay-color":"","overlay-opacity":"","overlay-gradient":""},"tablet":{"background-color":"","background-image":"","background-repeat":"repeat","background-position":"center center","background-size":"auto","background-attachment":"scroll","background-type":"","background-media":"","overlay-type":"","overlay-color":"","overlay-opacity":"","overlay-gradient":""},"mobile":{"background-color":"","background-image":"","background-repeat":"repeat","background-position":"center center","background-size":"auto","background-attachment":"scroll","background-type":"","background-media":"","overlay-type":"","overlay-color":"","overlay-opacity":"","overlay-gradient":""}},"ast-content-background-meta":{"desktop":{"background-color":"var(--ast-global-color-5)","background-image":"","background-repeat":"repeat","background-position":"center center","background-size":"auto","background-attachment":"scroll","background-type":"","background-media":"","overlay-type":"","overlay-color":"","overlay-opacity":"","overlay-gradient":""},"tablet":{"background-color":"var(--ast-global-color-5)","background-image":"","background-repeat":"repeat","background-position":"center center","background-size":"auto","background-attachment":"scroll","background-type":"","background-media":"","overlay-type":"","overlay-color":"","overlay-opacity":"","overlay-gradient":""},"mobile":{"background-color":"var(--ast-global-color-5)","background-image":"","background-repeat":"repeat","background-position":"center center","background-size":"auto","background-attachment":"scroll","background-type":"","background-media":"","overlay-type":"","overlay-color":"","overlay-opacity":"","overlay-gradient":""}},"footnotes":""},"class_list":["post-576","page","type-page","status-publish","hentry"],"post_mailing_queue_ids":[],"_links":{"self":[{"href":"https:\/\/agora.xtec.cat\/iesgabrielamistral\/wp-json\/wp\/v2\/pages\/576","targetHints":{"allow":["GET"]}}],"collection":[{"href":"https:\/\/agora.xtec.cat\/iesgabrielamistral\/wp-json\/wp\/v2\/pages"}],"about":[{"href":"https:\/\/agora.xtec.cat\/iesgabrielamistral\/wp-json\/wp\/v2\/types\/page"}],"author":[{"embeddable":true,"href":"https:\/\/agora.xtec.cat\/iesgabrielamistral\/wp-json\/wp\/v2\/users\/1"}],"replies":[{"embeddable":true,"href":"https:\/\/agora.xtec.cat\/iesgabrielamistral\/wp-json\/wp\/v2\/comments?post=576"}],"version-history":[{"count":4,"href":"https:\/\/agora.xtec.cat\/iesgabrielamistral\/wp-json\/wp\/v2\/pages\/576\/revisions"}],"predecessor-version":[{"id":16068,"href":"https:\/\/agora.xtec.cat\/iesgabrielamistral\/wp-json\/wp\/v2\/pages\/576\/revisions\/16068"}],"up":[{"embeddable":true,"href":"https:\/\/agora.xtec.cat\/iesgabrielamistral\/wp-json\/wp\/v2\/pages\/3418"}],"wp:attachment":[{"href":"https:\/\/agora.xtec.cat\/iesgabrielamistral\/wp-json\/wp\/v2\/media?parent=576"}],"curies":[{"name":"wp","href":"https:\/\/api.w.org\/{rel}","templated":true}]}}