{"id":502,"date":"2015-07-06T20:42:00","date_gmt":"2015-07-06T19:42:00","guid":{"rendered":"http:\/\/agora.xtec.cat\/iesgabrielamistral\/?page_id=502"},"modified":"2025-09-15T11:38:09","modified_gmt":"2025-09-15T09:38:09","slug":"cfgm-at-persones-en-sit-dependencia","status":"publish","type":"page","link":"https:\/\/agora.xtec.cat\/iesgabrielamistral\/inici2\/estudis\/cicles-formatius\/cfgm-at-persones-en-sit-dependencia\/","title":{"rendered":"CFGM Atenci\u00f3 a  Persones en Situaci\u00f3 de Depend\u00e8ncia DUAL"},"content":{"rendered":"<p><iframe loading=\"lazy\" src=\"https:\/\/www.youtube.com\/embed\/cHwq6pWjsPU?ecver=1\" width=\"560\" height=\"315\" frameborder=\"0\"><\/iframe><\/p>\n<p style=\"text-align: left;\"><strong style=\"font-family: inherit; font-size: 1em;\">Presentaci\u00f3 del CFGM d&#8217;Atenci\u00f3 a les persones en situaci\u00f3 de depend\u00e8ncia<\/strong><\/p>\n<p>&nbsp;<\/p>\n<p class=\"contentheading\"><span style=\"text-decoration: underline; font-size: 20px;\"><strong>Pla d\u2019estudis<\/strong><\/span><\/p>\n<p>Els diferents m\u00f2duls dels cicles es reparteixen en dos cursos:<\/p>\n<table style=\"width: 789px;\">\n<tbody>\n<tr>\n<td style=\"width: 521.883px;\"><strong>1r Curs<\/strong><\/td>\n<td style=\"width: 259.45px;\"><strong>2n Curs:<\/strong><\/td>\n<\/tr>\n<tr>\n<td style=\"width: 521.883px;\">M0212: Organitzaci\u00f3 de l\u2019atenci\u00f3 a les persones en situaci\u00f3 de depend\u00e8ncia.\u00a0<\/td>\n<td style=\"width: 259.45px;\">M7: Suport domiciliari.<\/td>\n<\/tr>\n<tr>\n<td style=\"width: 521.883px;\">M0216: Atenci\u00f3 sanit\u00e0ria.\u00a0<\/td>\n<td style=\"width: 259.45px;\">M8: Suport en la comunicaci\u00f3.\u00a0<\/td>\n<\/tr>\n<tr>\n<td style=\"width: 521.883px;\">M0217: Atenci\u00f3 higi\u00e8nica.\u00a0<\/td>\n<td style=\"width: 259.45px;\">M12: Empresa i Iniciativa Emprenedora<\/td>\n<\/tr>\n<tr>\n<td style=\"width: 521.883px;\">M0213: Atenci\u00f3 I suport psicosocial.\u00a0<\/td>\n<td style=\"width: 259.45px;\">M13: Angl\u00e8s t\u00e8cnic.\u00a0<\/td>\n<\/tr>\n<tr>\n<td style=\"width: 521.883px;\">M0212: Caracter\u00edstiques de les persones en situaci\u00f3 de depend\u00e8ncia.<\/td>\n<td style=\"width: 259.45px;\">M14: Projecte de S\u00edntesi.\u00a0<\/td>\n<\/tr>\n<tr>\n<td style=\"width: 521.883px;\">M0831: Teleassist\u00e8ncia.<\/td>\n<td style=\"width: 259.45px;\">M15: Formaci\u00f3 en centres de treball<\/td>\n<\/tr>\n<tr>\n<td style=\"width: 521.883px;\">M0211: Destreses socials.<\/td>\n<td style=\"width: 259.45px;\">\u00a0<\/td>\n<\/tr>\n<tr>\n<td style=\"width: 521.883px;\">M020: Primers auxilis.\u00a0<\/td>\n<td style=\"width: 259.45px;\">\u00a0<\/td>\n<\/tr>\n<tr>\n<td style=\"width: 521.883px;\">C056: Catal\u00e0<\/td>\n<td style=\"width: 259.45px;\">\u00a0<\/td>\n<\/tr>\n<tr>\n<td style=\"width: 521.883px;\">M1664: Digitalitzaci\u00f3 aplicada als sectors productius\u00a0<\/td>\n<td style=\"width: 259.45px;\">\u00a0<\/td>\n<\/tr>\n<tr>\n<td style=\"width: 521.883px;\">M1709: Itinerari personal per a l\u2019ocupabilitat I\u00a0<\/td>\n<td style=\"width: 259.45px;\">\u00a0<\/td>\n<\/tr>\n<tr>\n<td style=\"width: 521.883px;\">M0000: M\u00f2dul professional optatiu<\/td>\n<td style=\"width: 259.45px;\">\u00a0<\/td>\n<\/tr>\n<\/tbody>\n<\/table>\n<p>&nbsp;<\/p>\n<header class=\"entry-header\">\n<p class=\"entry-title\"><span style=\"text-decoration: underline; font-size: 20px;\"><strong>Horari<\/strong><\/span><\/p>\n<\/header>\n<div class=\"entry-content\">\n<p>El Cicle Formatiu de Grau Mitj\u00e0 d\u2019Atenci\u00f3 a les Persones en Situaci\u00f3 de Depend\u00e8ncia s\u2019imparteix en horari de mat\u00ed (1r) i tarda (2n).<\/p>\n<p><span style=\"text-decoration: underline; font-size: 20px;\"><strong>Empreses col\u00b7laboradores<\/strong><\/span><\/p>\n<p><img loading=\"lazy\" decoding=\"async\" class=\"alignnone  wp-image-4973\" src=\"http:\/\/agora.xtec.cat\/iesgabrielamistral\/wp-content\/uploads\/usu246\/2015\/07\/logoacosuv2.jpg\" alt=\"\" width=\"198\" height=\"198\" srcset=\"https:\/\/agora.xtec.cat\/iesgabrielamistral\/wp-content\/uploads\/usu246\/2015\/07\/logoacosuv2.jpg 300w, https:\/\/agora.xtec.cat\/iesgabrielamistral\/wp-content\/uploads\/usu246\/2015\/07\/logoacosuv2-150x150.jpg 150w\" sizes=\"auto, (max-width: 198px) 100vw, 198px\" \/>\u00a0<img loading=\"lazy\" decoding=\"async\" class=\"alignnone  wp-image-4979\" src=\"http:\/\/agora.xtec.cat\/iesgabrielamistral\/wp-content\/uploads\/usu246\/2015\/07\/logocreunovav2.jpg\" alt=\"\" width=\"198\" height=\"198\" srcset=\"https:\/\/agora.xtec.cat\/iesgabrielamistral\/wp-content\/uploads\/usu246\/2015\/07\/logocreunovav2.jpg 300w, https:\/\/agora.xtec.cat\/iesgabrielamistral\/wp-content\/uploads\/usu246\/2015\/07\/logocreunovav2-150x150.jpg 150w\" sizes=\"auto, (max-width: 198px) 100vw, 198px\" \/>\u00a0<img loading=\"lazy\" decoding=\"async\" class=\"alignnone  wp-image-4974\" src=\"http:\/\/agora.xtec.cat\/iesgabrielamistral\/wp-content\/uploads\/usu246\/2015\/07\/logoirisv2.jpg\" alt=\"\" width=\"199\" height=\"149\" srcset=\"https:\/\/agora.xtec.cat\/iesgabrielamistral\/wp-content\/uploads\/usu246\/2015\/07\/logoirisv2.jpg 400w, https:\/\/agora.xtec.cat\/iesgabrielamistral\/wp-content\/uploads\/usu246\/2015\/07\/logoirisv2-300x225.jpg 300w, https:\/\/agora.xtec.cat\/iesgabrielamistral\/wp-content\/uploads\/usu246\/2015\/07\/logoirisv2-200x150.jpg 200w\" sizes=\"auto, (max-width: 199px) 100vw, 199px\" \/>\u00a0<img loading=\"lazy\" decoding=\"async\" class=\"alignnone  wp-image-4978\" src=\"http:\/\/agora.xtec.cat\/iesgabrielamistral\/wp-content\/uploads\/usu246\/2015\/07\/logoanaribotv2.jpg\" alt=\"\" width=\"196\" height=\"184\" srcset=\"https:\/\/agora.xtec.cat\/iesgabrielamistral\/wp-content\/uploads\/usu246\/2015\/07\/logoanaribotv2.jpg 320w, https:\/\/agora.xtec.cat\/iesgabrielamistral\/wp-content\/uploads\/usu246\/2015\/07\/logoanaribotv2-300x281.jpg 300w\" sizes=\"auto, (max-width: 196px) 100vw, 196px\" \/>\u00a0<img loading=\"lazy\" decoding=\"async\" class=\"alignnone  wp-image-4977\" src=\"http:\/\/agora.xtec.cat\/iesgabrielamistral\/wp-content\/uploads\/usu246\/2015\/07\/sophosv2.png\" alt=\"\" width=\"186\" height=\"186\" srcset=\"https:\/\/agora.xtec.cat\/iesgabrielamistral\/wp-content\/uploads\/usu246\/2015\/07\/sophosv2.png 300w, https:\/\/agora.xtec.cat\/iesgabrielamistral\/wp-content\/uploads\/usu246\/2015\/07\/sophosv2-150x150.png 150w\" sizes=\"auto, (max-width: 186px) 100vw, 186px\" \/><\/p>\n<p><img loading=\"lazy\" decoding=\"async\" class=\"alignnone  wp-image-4976\" src=\"http:\/\/agora.xtec.cat\/iesgabrielamistral\/wp-content\/uploads\/usu246\/2015\/07\/lossaucesv2.jpg\" alt=\"\" width=\"199\" height=\"100\" \/>\u00a0<img loading=\"lazy\" decoding=\"async\" class=\"alignnone  wp-image-4975\" src=\"http:\/\/agora.xtec.cat\/iesgabrielamistral\/wp-content\/uploads\/usu246\/2015\/07\/logooliverasv2.jpg\" alt=\"\" width=\"318\" height=\"95\" srcset=\"https:\/\/agora.xtec.cat\/iesgabrielamistral\/wp-content\/uploads\/usu246\/2015\/07\/logooliverasv2.jpg 500w, https:\/\/agora.xtec.cat\/iesgabrielamistral\/wp-content\/uploads\/usu246\/2015\/07\/logooliverasv2-300x90.jpg 300w\" sizes=\"auto, (max-width: 318px) 100vw, 318px\" \/><img loading=\"lazy\" decoding=\"async\" class=\"alignnone  wp-image-5069\" src=\"http:\/\/agora.xtec.cat\/iesgabrielamistral\/wp-content\/uploads\/usu246\/2015\/07\/logofundArcSJ.jpg\" alt=\"\" width=\"272\" height=\"136\" \/><img loading=\"lazy\" decoding=\"async\" class=\"alignnone  wp-image-12298\" src=\"https:\/\/agora.xtec.cat\/iesgabrielamistral\/wp-content\/uploads\/usu246\/2021\/04\/logo-ABD-2.png\" alt=\"\" width=\"138\" height=\"123\" srcset=\"https:\/\/agora.xtec.cat\/iesgabrielamistral\/wp-content\/uploads\/usu246\/2021\/04\/logo-ABD-2.png 511w, https:\/\/agora.xtec.cat\/iesgabrielamistral\/wp-content\/uploads\/usu246\/2021\/04\/logo-ABD-2-300x267.png 300w\" sizes=\"auto, (max-width: 138px) 100vw, 138px\" \/><img loading=\"lazy\" decoding=\"async\" class=\"wp-image-12297 alignleft\" src=\"https:\/\/agora.xtec.cat\/iesgabrielamistral\/wp-content\/uploads\/usu246\/2021\/04\/logo-vitalia-st-andreu-1.jpg\" alt=\"\" width=\"145\" height=\"114\" \/>\u00a0<\/p>\n<p><img loading=\"lazy\" decoding=\"async\" class=\"wp-image-12300 alignleft\" src=\"https:\/\/agora.xtec.cat\/iesgabrielamistral\/wp-content\/uploads\/usu246\/2021\/04\/PRIMITIVA-LOGO-ALTA-DEF-1.jpg\" alt=\"\" width=\"233\" height=\"77\" srcset=\"https:\/\/agora.xtec.cat\/iesgabrielamistral\/wp-content\/uploads\/usu246\/2021\/04\/PRIMITIVA-LOGO-ALTA-DEF-1.jpg 672w, https:\/\/agora.xtec.cat\/iesgabrielamistral\/wp-content\/uploads\/usu246\/2021\/04\/PRIMITIVA-LOGO-ALTA-DEF-1-300x99.jpg 300w\" sizes=\"auto, (max-width: 233px) 100vw, 233px\" \/><\/p>\n<p><\/p>\n<p><img loading=\"lazy\" decoding=\"async\" class=\"alignnone wp-image-12299 size-full\" src=\"https:\/\/agora.xtec.cat\/iesgabrielamistral\/wp-content\/uploads\/usu246\/2021\/04\/logo-prytanis.jpg\" alt=\"\" width=\"188\" height=\"55\" \/>\u00a0 \u00a0\u00a0<img loading=\"lazy\" decoding=\"async\" class=\"alignnone wp-image-13700 size-thumbnail\" src=\"https:\/\/agora.xtec.cat\/iesgabrielamistral\/wp-content\/uploads\/usu246\/2022\/05\/LOGO-ADISCAP-150x150.jpg\" alt=\"\" width=\"150\" height=\"150\" \/><\/p>\n<p><img loading=\"lazy\" decoding=\"async\" class=\"alignnone wp-image-15710 size-medium\" src=\"https:\/\/agora.xtec.cat\/iesgabrielamistral\/wp-content\/uploads\/usu246\/2024\/01\/thumbnail_logo-marca_CentreDiaMolins-300x171.jpg\" alt=\"\" width=\"300\" height=\"171\" srcset=\"https:\/\/agora.xtec.cat\/iesgabrielamistral\/wp-content\/uploads\/usu246\/2024\/01\/thumbnail_logo-marca_CentreDiaMolins-300x171.jpg 300w, https:\/\/agora.xtec.cat\/iesgabrielamistral\/wp-content\/uploads\/usu246\/2024\/01\/thumbnail_logo-marca_CentreDiaMolins-1024x583.jpg 1024w, https:\/\/agora.xtec.cat\/iesgabrielamistral\/wp-content\/uploads\/usu246\/2024\/01\/thumbnail_logo-marca_CentreDiaMolins-768x437.jpg 768w, https:\/\/agora.xtec.cat\/iesgabrielamistral\/wp-content\/uploads\/usu246\/2024\/01\/thumbnail_logo-marca_CentreDiaMolins.jpg 1280w\" sizes=\"auto, (max-width: 300px) 100vw, 300px\" \/> <img loading=\"lazy\" decoding=\"async\" class=\"alignnone size-medium wp-image-15711\" src=\"https:\/\/agora.xtec.cat\/iesgabrielamistral\/wp-content\/uploads\/usu246\/2024\/01\/Logo_Institucio-300x182.jpg\" alt=\"\" width=\"300\" height=\"182\" srcset=\"https:\/\/agora.xtec.cat\/iesgabrielamistral\/wp-content\/uploads\/usu246\/2024\/01\/Logo_Institucio-300x182.jpg 300w, https:\/\/agora.xtec.cat\/iesgabrielamistral\/wp-content\/uploads\/usu246\/2024\/01\/Logo_Institucio-768x467.jpg 768w, https:\/\/agora.xtec.cat\/iesgabrielamistral\/wp-content\/uploads\/usu246\/2024\/01\/Logo_Institucio.jpg 888w\" sizes=\"auto, (max-width: 300px) 100vw, 300px\" \/> <img loading=\"lazy\" decoding=\"async\" class=\"alignnone size-medium wp-image-15712\" src=\"https:\/\/agora.xtec.cat\/iesgabrielamistral\/wp-content\/uploads\/usu246\/2024\/01\/Color-50-300x242.png\" alt=\"\" width=\"300\" height=\"242\" srcset=\"https:\/\/agora.xtec.cat\/iesgabrielamistral\/wp-content\/uploads\/usu246\/2024\/01\/Color-50-300x242.png 300w, https:\/\/agora.xtec.cat\/iesgabrielamistral\/wp-content\/uploads\/usu246\/2024\/01\/Color-50.png 657w\" sizes=\"auto, (max-width: 300px) 100vw, 300px\" \/><\/p>\n<\/div>\n<p>&nbsp;<\/p>\n<p>&nbsp;<\/p>\n","protected":false},"excerpt":{"rendered":"<p>Presentaci\u00f3 del CFGM d&#8217;Atenci\u00f3 a les persones en situaci\u00f3 de depend\u00e8ncia &nbsp; Pla d\u2019estudis Els diferents m\u00f2duls dels cicles es reparteixen en dos cursos: 1r Curs 2n Curs: M0212: Organitzaci\u00f3 de l\u2019atenci\u00f3 a les persones en situaci\u00f3 de depend\u00e8ncia.\u00a0 M7: Suport domiciliari. M0216: Atenci\u00f3 sanit\u00e0ria.\u00a0 M8: Suport en la comunicaci\u00f3.\u00a0 M0217: Atenci\u00f3 higi\u00e8nica.\u00a0 M12: Empresa [&hellip;]<\/p>\n","protected":false},"author":1,"featured_media":0,"parent":493,"menu_order":30,"comment_status":"closed","ping_status":"closed","template":"page-templates\/side-menu.php","meta":{"_bbp_topic_count":0,"_bbp_reply_count":0,"_bbp_total_topic_count":0,"_bbp_total_reply_count":0,"_bbp_voice_count":0,"_bbp_anonymous_reply_count":0,"_bbp_topic_count_hidden":0,"_bbp_reply_count_hidden":0,"_bbp_forum_subforum_count":0,"site-sidebar-layout":"default","site-content-layout":"","ast-site-content-layout":"","site-content-style":"default","site-sidebar-style":"default","ast-global-header-display":"","ast-banner-title-visibility":"","ast-main-header-display":"","ast-hfb-above-header-display":"","ast-hfb-below-header-display":"","ast-hfb-mobile-header-display":"","site-post-title":"","ast-breadcrumbs-content":"","ast-featured-img":"","footer-sml-layout":"","theme-transparent-header-meta":"","adv-header-id-meta":"","stick-header-meta":"","header-above-stick-meta":"","header-main-stick-meta":"","header-below-stick-meta":"","astra-migrate-meta-layouts":"default","ast-page-background-enabled":"default","ast-page-background-meta":{"desktop":{"background-color":"var(--ast-global-color-4)","background-image":"","background-repeat":"repeat","background-position":"center center","background-size":"auto","background-attachment":"scroll","background-type":"","background-media":"","overlay-type":"","overlay-color":"","overlay-opacity":"","overlay-gradient":""},"tablet":{"background-color":"","background-image":"","background-repeat":"repeat","background-position":"center center","background-size":"auto","background-attachment":"scroll","background-type":"","background-media":"","overlay-type":"","overlay-color":"","overlay-opacity":"","overlay-gradient":""},"mobile":{"background-color":"","background-image":"","background-repeat":"repeat","background-position":"center center","background-size":"auto","background-attachment":"scroll","background-type":"","background-media":"","overlay-type":"","overlay-color":"","overlay-opacity":"","overlay-gradient":""}},"ast-content-background-meta":{"desktop":{"background-color":"var(--ast-global-color-5)","background-image":"","background-repeat":"repeat","background-position":"center center","background-size":"auto","background-attachment":"scroll","background-type":"","background-media":"","overlay-type":"","overlay-color":"","overlay-opacity":"","overlay-gradient":""},"tablet":{"background-color":"var(--ast-global-color-5)","background-image":"","background-repeat":"repeat","background-position":"center center","background-size":"auto","background-attachment":"scroll","background-type":"","background-media":"","overlay-type":"","overlay-color":"","overlay-opacity":"","overlay-gradient":""},"mobile":{"background-color":"var(--ast-global-color-5)","background-image":"","background-repeat":"repeat","background-position":"center center","background-size":"auto","background-attachment":"scroll","background-type":"","background-media":"","overlay-type":"","overlay-color":"","overlay-opacity":"","overlay-gradient":""}},"footnotes":""},"class_list":["post-502","page","type-page","status-publish","hentry"],"post_mailing_queue_ids":[],"_links":{"self":[{"href":"https:\/\/agora.xtec.cat\/iesgabrielamistral\/wp-json\/wp\/v2\/pages\/502","targetHints":{"allow":["GET"]}}],"collection":[{"href":"https:\/\/agora.xtec.cat\/iesgabrielamistral\/wp-json\/wp\/v2\/pages"}],"about":[{"href":"https:\/\/agora.xtec.cat\/iesgabrielamistral\/wp-json\/wp\/v2\/types\/page"}],"author":[{"embeddable":true,"href":"https:\/\/agora.xtec.cat\/iesgabrielamistral\/wp-json\/wp\/v2\/users\/1"}],"replies":[{"embeddable":true,"href":"https:\/\/agora.xtec.cat\/iesgabrielamistral\/wp-json\/wp\/v2\/comments?post=502"}],"version-history":[{"count":8,"href":"https:\/\/agora.xtec.cat\/iesgabrielamistral\/wp-json\/wp\/v2\/pages\/502\/revisions"}],"predecessor-version":[{"id":18158,"href":"https:\/\/agora.xtec.cat\/iesgabrielamistral\/wp-json\/wp\/v2\/pages\/502\/revisions\/18158"}],"up":[{"embeddable":true,"href":"https:\/\/agora.xtec.cat\/iesgabrielamistral\/wp-json\/wp\/v2\/pages\/493"}],"wp:attachment":[{"href":"https:\/\/agora.xtec.cat\/iesgabrielamistral\/wp-json\/wp\/v2\/media?parent=502"}],"curies":[{"name":"wp","href":"https:\/\/api.w.org\/{rel}","templated":true}]}}