{"id":496,"date":"2015-07-06T20:31:00","date_gmt":"2015-07-06T19:31:00","guid":{"rendered":"http:\/\/agora.xtec.cat\/iesgabrielamistral\/?page_id=496"},"modified":"2025-09-15T11:39:03","modified_gmt":"2025-09-15T09:39:03","slug":"cfgs-aplicacions-multiplataforma","status":"publish","type":"page","link":"https:\/\/agora.xtec.cat\/iesgabrielamistral\/inici2\/estudis\/cicles-formatius\/cfgs-aplicacions-multiplataforma\/","title":{"rendered":"CFGS Desenvolupament d&#8217;aplicacions multiplataforma DUAL"},"content":{"rendered":"<p><iframe loading=\"lazy\" src=\"https:\/\/www.youtube.com\/embed\/y935PQXLQ8A\" width=\"560\" height=\"315\" frameborder=\"0\"><\/iframe><\/p>\n<p><strong>Presentaci\u00f3 del CFGS de Desenvolupament d&#8217;aplicacions multiplataforma<\/strong><\/p>\n<p><strong>\u00a0<\/strong><\/p>\n<p><span style=\"text-decoration: underline; font-size: 20px;\"><strong>Pla d&#8217;Estudis\u00a0<\/strong><\/span><\/p>\n<p>&nbsp;<\/p>\n<table style=\"width: 86.3111%; height: 297px;\">\n<tbody>\n<tr style=\"height: 33px;\">\n<td style=\"width: 468px; height: 33px;\"><strong>Primer<\/strong><\/td>\n<td style=\"width: 367px; height: 33px;\"><strong>Segon<\/strong><\/td>\n<\/tr>\n<tr style=\"height: 33px;\">\n<td style=\"width: 468px; height: 33px;\">483: Sistemes inform\u00e0tics<\/td>\n<td style=\"width: 367px; height: 33px;\">MP6: Acc\u00e9s a dades<\/td>\n<\/tr>\n<tr style=\"height: 33px;\">\n<td style=\"width: 468px; height: 33px;\">484: Bases de dades<\/td>\n<td style=\"width: 367px; height: 33px;\">MP7: Desenvolupament d&#8217;interf\u00edcies<\/td>\n<\/tr>\n<tr style=\"height: 33px;\">\n<td style=\"width: 468px; height: 33px;\">485: Programaci\u00f3<\/td>\n<td style=\"width: 367px; height: 33px;\">MP8: Programaci\u00f3 multim\u00e8dia i dispositius m\u00f2bils<\/td>\n<\/tr>\n<tr style=\"height: 33px;\">\n<td style=\"width: 468px; height: 33px;\">373: Llenguatges de marques i sistemes de gesti\u00f3 d&#8217;informaci\u00f3<\/td>\n<td style=\"width: 367px; height: 33px;\">MP9: Programaci\u00f3 de serveis i processos<\/td>\n<\/tr>\n<tr style=\"height: 33px;\">\n<td style=\"width: 468px; height: 33px;\">487: Entorns de desenvolupament<\/td>\n<td style=\"width: 367px; height: 33px;\">MP13: Projecte<\/td>\n<\/tr>\n<tr style=\"height: 33px;\">\n<td style=\"width: 468px; height: 33px;\">491: Sistemes de gesti\u00f3 empresarial<\/td>\n<td style=\"width: 367px; height: 33px;\">MP14 Formaci\u00f3 en centres de treball<\/td>\n<\/tr>\n<tr style=\"height: 33px;\">\n<td style=\"width: 468px; height: 33px;\">IPO1<\/td>\n<td style=\"width: 367px; height: 33px;\">Tutoria<\/td>\n<\/tr>\n<tr style=\"height: 33px;\">\n<td style=\"width: 468px; height: 33px;\">Angl\u00e8s<\/td>\n<td style=\"width: 367px; height: 33px;\">\u00a0<\/td>\n<\/tr>\n<tr>\n<td style=\"width: 468px;\">DIGI+SOS<\/td>\n<td style=\"width: 367px;\">\u00a0<\/td>\n<\/tr>\n<tr>\n<td style=\"width: 468px;\">Tutoria<\/td>\n<td style=\"width: 367px;\">\u00a0<\/td>\n<\/tr>\n<\/tbody>\n<\/table>\n<p><span style=\"text-decoration: underline; font-size: 20px;\"><strong>Horari\u00a0<\/strong><\/span><\/p>\n<p>El cicle formatiu s&#8217;imparteix en horari mat\u00ed (1r) i de tarda (2n), de dilluns a divendres.<\/p>\n<p><span style=\"text-decoration: underline; font-size: 20px;\"><strong>Empreses col\u00b7laboradores<\/strong><\/span><\/p>\n<p><img loading=\"lazy\" decoding=\"async\" class=\"alignnone size-full wp-image-4988\" src=\"http:\/\/agora.xtec.cat\/iesgabrielamistral\/wp-content\/uploads\/usu246\/2015\/07\/logogestamp.png\" alt=\"\" width=\"250\" height=\"100\" \/>\u00a0 \u00a0 \u00a0<img loading=\"lazy\" decoding=\"async\" class=\"alignnone size-full wp-image-4989\" src=\"http:\/\/agora.xtec.cat\/iesgabrielamistral\/wp-content\/uploads\/usu246\/2015\/07\/logoaine.jpg\" alt=\"\" width=\"200\" height=\"100\" \/>\u00a0 \u00a0<img loading=\"lazy\" decoding=\"async\" class=\"alignnone size-full wp-image-4990\" src=\"http:\/\/agora.xtec.cat\/iesgabrielamistral\/wp-content\/uploads\/usu246\/2015\/07\/accionalogo.jpg\" alt=\"\" width=\"200\" height=\"100\" \/><img loading=\"lazy\" decoding=\"async\" class=\"alignnone size-full wp-image-15728\" src=\"https:\/\/agora.xtec.cat\/iesgabrielamistral\/wp-content\/uploads\/usu246\/2024\/01\/logo-ames-vertical-centrado-nuevo.png\" alt=\"\" width=\"262\" height=\"100\" \/> <img loading=\"lazy\" decoding=\"async\" class=\"wp-image-15715 alignleft\" src=\"https:\/\/agora.xtec.cat\/iesgabrielamistral\/wp-content\/uploads\/usu246\/2024\/01\/LOGO-ALIERNET-2_page-0001-212x300.jpg\" alt=\"\" width=\"132\" height=\"187\" srcset=\"https:\/\/agora.xtec.cat\/iesgabrielamistral\/wp-content\/uploads\/usu246\/2024\/01\/LOGO-ALIERNET-2_page-0001-212x300.jpg 212w, https:\/\/agora.xtec.cat\/iesgabrielamistral\/wp-content\/uploads\/usu246\/2024\/01\/LOGO-ALIERNET-2_page-0001-725x1024.jpg 725w, https:\/\/agora.xtec.cat\/iesgabrielamistral\/wp-content\/uploads\/usu246\/2024\/01\/LOGO-ALIERNET-2_page-0001-768x1085.jpg 768w, https:\/\/agora.xtec.cat\/iesgabrielamistral\/wp-content\/uploads\/usu246\/2024\/01\/LOGO-ALIERNET-2_page-0001-1087x1536.jpg 1087w, https:\/\/agora.xtec.cat\/iesgabrielamistral\/wp-content\/uploads\/usu246\/2024\/01\/LOGO-ALIERNET-2_page-0001.jpg 1241w\" sizes=\"auto, (max-width: 132px) 100vw, 132px\" \/><\/p>\n<p><img loading=\"lazy\" decoding=\"async\" class=\"wp-image-15718 alignleft\" src=\"https:\/\/agora.xtec.cat\/iesgabrielamistral\/wp-content\/uploads\/usu246\/2024\/01\/Cohimar-Logo_page-0001-212x300.jpg\" alt=\"\" width=\"156\" height=\"221\" srcset=\"https:\/\/agora.xtec.cat\/iesgabrielamistral\/wp-content\/uploads\/usu246\/2024\/01\/Cohimar-Logo_page-0001-212x300.jpg 212w, https:\/\/agora.xtec.cat\/iesgabrielamistral\/wp-content\/uploads\/usu246\/2024\/01\/Cohimar-Logo_page-0001-725x1024.jpg 725w, https:\/\/agora.xtec.cat\/iesgabrielamistral\/wp-content\/uploads\/usu246\/2024\/01\/Cohimar-Logo_page-0001-768x1085.jpg 768w, https:\/\/agora.xtec.cat\/iesgabrielamistral\/wp-content\/uploads\/usu246\/2024\/01\/Cohimar-Logo_page-0001-1087x1536.jpg 1087w, https:\/\/agora.xtec.cat\/iesgabrielamistral\/wp-content\/uploads\/usu246\/2024\/01\/Cohimar-Logo_page-0001.jpg 1241w\" sizes=\"auto, (max-width: 156px) 100vw, 156px\" \/><img loading=\"lazy\" decoding=\"async\" class=\"alignnone wp-image-15719 size-medium\" src=\"https:\/\/agora.xtec.cat\/iesgabrielamistral\/wp-content\/uploads\/usu246\/2024\/01\/logo-KORBER_page-0001-212x300.jpg\" alt=\"\" width=\"212\" height=\"300\" srcset=\"https:\/\/agora.xtec.cat\/iesgabrielamistral\/wp-content\/uploads\/usu246\/2024\/01\/logo-KORBER_page-0001-212x300.jpg 212w, https:\/\/agora.xtec.cat\/iesgabrielamistral\/wp-content\/uploads\/usu246\/2024\/01\/logo-KORBER_page-0001-724x1024.jpg 724w, https:\/\/agora.xtec.cat\/iesgabrielamistral\/wp-content\/uploads\/usu246\/2024\/01\/logo-KORBER_page-0001-768x1086.jpg 768w, https:\/\/agora.xtec.cat\/iesgabrielamistral\/wp-content\/uploads\/usu246\/2024\/01\/logo-KORBER_page-0001-1086x1536.jpg 1086w, https:\/\/agora.xtec.cat\/iesgabrielamistral\/wp-content\/uploads\/usu246\/2024\/01\/logo-KORBER_page-0001.jpg 1240w\" sizes=\"auto, (max-width: 212px) 100vw, 212px\" \/><img loading=\"lazy\" decoding=\"async\" class=\"alignnone size-medium wp-image-15729\" src=\"https:\/\/agora.xtec.cat\/iesgabrielamistral\/wp-content\/uploads\/usu246\/2024\/01\/slimstock-300x134.jpg\" alt=\"\" width=\"300\" height=\"134\" srcset=\"https:\/\/agora.xtec.cat\/iesgabrielamistral\/wp-content\/uploads\/usu246\/2024\/01\/slimstock-300x134.jpg 300w, https:\/\/agora.xtec.cat\/iesgabrielamistral\/wp-content\/uploads\/usu246\/2024\/01\/slimstock.jpg 600w\" sizes=\"auto, (max-width: 300px) 100vw, 300px\" \/><img loading=\"lazy\" decoding=\"async\" class=\"alignnone size-full wp-image-15720\" src=\"https:\/\/agora.xtec.cat\/iesgabrielamistral\/wp-content\/uploads\/usu246\/2024\/01\/Linde_MH_Logo_RGB_page-0001.jpg\" alt=\"\" width=\"293\" height=\"176\" \/><\/p>\n<p><img loading=\"lazy\" decoding=\"async\" class=\"alignnone size-full wp-image-15730\" src=\"https:\/\/agora.xtec.cat\/iesgabrielamistral\/wp-content\/uploads\/usu246\/2024\/01\/images.png\" alt=\"\" width=\"225\" height=\"225\" srcset=\"https:\/\/agora.xtec.cat\/iesgabrielamistral\/wp-content\/uploads\/usu246\/2024\/01\/images.png 225w, https:\/\/agora.xtec.cat\/iesgabrielamistral\/wp-content\/uploads\/usu246\/2024\/01\/images-150x150.png 150w\" sizes=\"auto, (max-width: 225px) 100vw, 225px\" \/><\/p>\n","protected":false},"excerpt":{"rendered":"<p>Presentaci\u00f3 del CFGS de Desenvolupament d&#8217;aplicacions multiplataforma \u00a0 Pla d&#8217;Estudis\u00a0 &nbsp; Primer Segon 483: Sistemes inform\u00e0tics MP6: Acc\u00e9s a dades 484: Bases de dades MP7: Desenvolupament d&#8217;interf\u00edcies 485: Programaci\u00f3 MP8: Programaci\u00f3 multim\u00e8dia i dispositius m\u00f2bils 373: Llenguatges de marques i sistemes de gesti\u00f3 d&#8217;informaci\u00f3 MP9: Programaci\u00f3 de serveis i processos 487: Entorns de desenvolupament MP13: [&hellip;]<\/p>\n","protected":false},"author":1,"featured_media":0,"parent":493,"menu_order":40,"comment_status":"closed","ping_status":"closed","template":"page-templates\/side-menu.php","meta":{"_bbp_topic_count":0,"_bbp_reply_count":0,"_bbp_total_topic_count":0,"_bbp_total_reply_count":0,"_bbp_voice_count":0,"_bbp_anonymous_reply_count":0,"_bbp_topic_count_hidden":0,"_bbp_reply_count_hidden":0,"_bbp_forum_subforum_count":0,"site-sidebar-layout":"default","site-content-layout":"","ast-site-content-layout":"","site-content-style":"default","site-sidebar-style":"default","ast-global-header-display":"","ast-banner-title-visibility":"","ast-main-header-display":"","ast-hfb-above-header-display":"","ast-hfb-below-header-display":"","ast-hfb-mobile-header-display":"","site-post-title":"","ast-breadcrumbs-content":"","ast-featured-img":"","footer-sml-layout":"","theme-transparent-header-meta":"","adv-header-id-meta":"","stick-header-meta":"","header-above-stick-meta":"","header-main-stick-meta":"","header-below-stick-meta":"","astra-migrate-meta-layouts":"default","ast-page-background-enabled":"default","ast-page-background-meta":{"desktop":{"background-color":"var(--ast-global-color-4)","background-image":"","background-repeat":"repeat","background-position":"center center","background-size":"auto","background-attachment":"scroll","background-type":"","background-media":"","overlay-type":"","overlay-color":"","overlay-opacity":"","overlay-gradient":""},"tablet":{"background-color":"","background-image":"","background-repeat":"repeat","background-position":"center center","background-size":"auto","background-attachment":"scroll","background-type":"","background-media":"","overlay-type":"","overlay-color":"","overlay-opacity":"","overlay-gradient":""},"mobile":{"background-color":"","background-image":"","background-repeat":"repeat","background-position":"center center","background-size":"auto","background-attachment":"scroll","background-type":"","background-media":"","overlay-type":"","overlay-color":"","overlay-opacity":"","overlay-gradient":""}},"ast-content-background-meta":{"desktop":{"background-color":"var(--ast-global-color-5)","background-image":"","background-repeat":"repeat","background-position":"center center","background-size":"auto","background-attachment":"scroll","background-type":"","background-media":"","overlay-type":"","overlay-color":"","overlay-opacity":"","overlay-gradient":""},"tablet":{"background-color":"var(--ast-global-color-5)","background-image":"","background-repeat":"repeat","background-position":"center center","background-size":"auto","background-attachment":"scroll","background-type":"","background-media":"","overlay-type":"","overlay-color":"","overlay-opacity":"","overlay-gradient":""},"mobile":{"background-color":"var(--ast-global-color-5)","background-image":"","background-repeat":"repeat","background-position":"center center","background-size":"auto","background-attachment":"scroll","background-type":"","background-media":"","overlay-type":"","overlay-color":"","overlay-opacity":"","overlay-gradient":""}},"footnotes":""},"class_list":["post-496","page","type-page","status-publish","hentry"],"post_mailing_queue_ids":[],"_links":{"self":[{"href":"https:\/\/agora.xtec.cat\/iesgabrielamistral\/wp-json\/wp\/v2\/pages\/496","targetHints":{"allow":["GET"]}}],"collection":[{"href":"https:\/\/agora.xtec.cat\/iesgabrielamistral\/wp-json\/wp\/v2\/pages"}],"about":[{"href":"https:\/\/agora.xtec.cat\/iesgabrielamistral\/wp-json\/wp\/v2\/types\/page"}],"author":[{"embeddable":true,"href":"https:\/\/agora.xtec.cat\/iesgabrielamistral\/wp-json\/wp\/v2\/users\/1"}],"replies":[{"embeddable":true,"href":"https:\/\/agora.xtec.cat\/iesgabrielamistral\/wp-json\/wp\/v2\/comments?post=496"}],"version-history":[{"count":8,"href":"https:\/\/agora.xtec.cat\/iesgabrielamistral\/wp-json\/wp\/v2\/pages\/496\/revisions"}],"predecessor-version":[{"id":18160,"href":"https:\/\/agora.xtec.cat\/iesgabrielamistral\/wp-json\/wp\/v2\/pages\/496\/revisions\/18160"}],"up":[{"embeddable":true,"href":"https:\/\/agora.xtec.cat\/iesgabrielamistral\/wp-json\/wp\/v2\/pages\/493"}],"wp:attachment":[{"href":"https:\/\/agora.xtec.cat\/iesgabrielamistral\/wp-json\/wp\/v2\/media?parent=496"}],"curies":[{"name":"wp","href":"https:\/\/api.w.org\/{rel}","templated":true}]}}