{"id":487,"date":"2015-07-06T20:11:07","date_gmt":"2015-07-06T19:11:07","guid":{"rendered":"http:\/\/agora.xtec.cat\/iesgabrielamistral\/?page_id=487"},"modified":"2025-10-08T16:30:36","modified_gmt":"2025-10-08T14:30:36","slug":"batxillerat","status":"publish","type":"page","link":"https:\/\/agora.xtec.cat\/iesgabrielamistral\/inici2\/estudis\/batxillerat\/","title":{"rendered":"Batxillerat"},"content":{"rendered":"<p><div class=\"ast-oembed-container \" style=\"height: 100%;\"><iframe loading=\"lazy\" title=\"Batxillerat a l&#039;Institut Gabriela Mistral\" width=\"500\" height=\"281\" src=\"https:\/\/www.youtube.com\/embed\/m2ju0qca4Mg?feature=oembed\" frameborder=\"0\" allow=\"accelerometer; autoplay; clipboard-write; encrypted-media; gyroscope; picture-in-picture; web-share\" referrerpolicy=\"strict-origin-when-cross-origin\" allowfullscreen><\/iframe><\/div>\n<\/p>\n<p><img loading=\"lazy\" decoding=\"async\" class=\"alignnone wp-image-14915 size-large\" src=\"https:\/\/agora.xtec.cat\/iesgabrielamistral\/wp-content\/uploads\/usu246\/2023\/04\/Captura-de-pantalla-2023-03-31-a-las-19.45.46-1024x631.png\" alt=\"\" width=\"1024\" height=\"631\" srcset=\"https:\/\/agora.xtec.cat\/iesgabrielamistral\/wp-content\/uploads\/usu246\/2023\/04\/Captura-de-pantalla-2023-03-31-a-las-19.45.46-1024x631.png 1024w, https:\/\/agora.xtec.cat\/iesgabrielamistral\/wp-content\/uploads\/usu246\/2023\/04\/Captura-de-pantalla-2023-03-31-a-las-19.45.46-300x185.png 300w, https:\/\/agora.xtec.cat\/iesgabrielamistral\/wp-content\/uploads\/usu246\/2023\/04\/Captura-de-pantalla-2023-03-31-a-las-19.45.46-768x473.png 768w, https:\/\/agora.xtec.cat\/iesgabrielamistral\/wp-content\/uploads\/usu246\/2023\/04\/Captura-de-pantalla-2023-03-31-a-las-19.45.46-1536x946.png 1536w, https:\/\/agora.xtec.cat\/iesgabrielamistral\/wp-content\/uploads\/usu246\/2023\/04\/Captura-de-pantalla-2023-03-31-a-las-19.45.46.png 2006w\" sizes=\"auto, (max-width: 1024px) 100vw, 1024px\" \/>\u00a0Trobareu tota informaci\u00f3 gen\u00e8rica sobre aquests estudis (vies d&#8217;acc\u00e9s, sortides, etc.) al web <a href=\"https:\/\/triaeducativa.gencat.cat\/ca\/inici\" target=\"_blank\" rel=\"noopener\">triaeducativa.gencat.cat.<\/a><\/p>\n<p>L&#8217;oferta formativa del Batxillerat a l&#8217;Institut Gabriela Mistral \u00e9s la seg\u00fcent:<\/p>\n<ul>\n<li>Humanitats i ci\u00e8ncies socials<\/li>\n<li>Ci\u00e8ncies i tecnologia<\/li>\n<\/ul>\n<p><img loading=\"lazy\" decoding=\"async\" class=\"alignnone wp-image-14893 \" src=\"https:\/\/agora.xtec.cat\/iesgabrielamistral\/wp-content\/uploads\/usu246\/2023\/03\/INFOGRAFIA-BATXILLERAT1.jpg\" alt=\"\" width=\"438\" height=\"412\" srcset=\"https:\/\/agora.xtec.cat\/iesgabrielamistral\/wp-content\/uploads\/usu246\/2023\/03\/INFOGRAFIA-BATXILLERAT1.jpg 943w, https:\/\/agora.xtec.cat\/iesgabrielamistral\/wp-content\/uploads\/usu246\/2023\/03\/INFOGRAFIA-BATXILLERAT1-300x283.jpg 300w, https:\/\/agora.xtec.cat\/iesgabrielamistral\/wp-content\/uploads\/usu246\/2023\/03\/INFOGRAFIA-BATXILLERAT1-768x723.jpg 768w\" sizes=\"auto, (max-width: 438px) 100vw, 438px\" \/><img loading=\"lazy\" decoding=\"async\" class=\"wp-image-14894  alignleft\" src=\"https:\/\/agora.xtec.cat\/iesgabrielamistral\/wp-content\/uploads\/usu246\/2023\/03\/INFOGRAFIA-BATXILLERAT-2.jpg\" alt=\"\" width=\"441\" height=\"99\" srcset=\"https:\/\/agora.xtec.cat\/iesgabrielamistral\/wp-content\/uploads\/usu246\/2023\/03\/INFOGRAFIA-BATXILLERAT-2.jpg 971w, https:\/\/agora.xtec.cat\/iesgabrielamistral\/wp-content\/uploads\/usu246\/2023\/03\/INFOGRAFIA-BATXILLERAT-2-300x67.jpg 300w, https:\/\/agora.xtec.cat\/iesgabrielamistral\/wp-content\/uploads\/usu246\/2023\/03\/INFOGRAFIA-BATXILLERAT-2-768x172.jpg 768w\" sizes=\"auto, (max-width: 441px) 100vw, 441px\" \/><span style=\"font-family: inherit; font-size: 1em;\">\u00a0<\/span><\/p>\n<p>&nbsp;<\/p>\n<p>&nbsp;<\/p>\n<p><img loading=\"lazy\" decoding=\"async\" class=\"alignnone wp-image-14896 \" src=\"https:\/\/agora.xtec.cat\/iesgabrielamistral\/wp-content\/uploads\/usu246\/2023\/03\/INFOGRAFIA-BATXILLERAT_page-0002-1.jpg\" alt=\"\" width=\"476\" height=\"241\" srcset=\"https:\/\/agora.xtec.cat\/iesgabrielamistral\/wp-content\/uploads\/usu246\/2023\/03\/INFOGRAFIA-BATXILLERAT_page-0002-1.jpg 952w, https:\/\/agora.xtec.cat\/iesgabrielamistral\/wp-content\/uploads\/usu246\/2023\/03\/INFOGRAFIA-BATXILLERAT_page-0002-1-300x152.jpg 300w, https:\/\/agora.xtec.cat\/iesgabrielamistral\/wp-content\/uploads\/usu246\/2023\/03\/INFOGRAFIA-BATXILLERAT_page-0002-1-768x390.jpg 768w\" sizes=\"auto, (max-width: 476px) 100vw, 476px\" \/><\/p>\n<p><img loading=\"lazy\" decoding=\"async\" class=\"alignnone wp-image-14895 \" src=\"https:\/\/agora.xtec.cat\/iesgabrielamistral\/wp-content\/uploads\/usu246\/2023\/03\/INFOGRAFIA-BATXILLERAT_page-0002.jpg\" alt=\"\" width=\"479\" height=\"284\" srcset=\"https:\/\/agora.xtec.cat\/iesgabrielamistral\/wp-content\/uploads\/usu246\/2023\/03\/INFOGRAFIA-BATXILLERAT_page-0002.jpg 942w, https:\/\/agora.xtec.cat\/iesgabrielamistral\/wp-content\/uploads\/usu246\/2023\/03\/INFOGRAFIA-BATXILLERAT_page-0002-300x178.jpg 300w, https:\/\/agora.xtec.cat\/iesgabrielamistral\/wp-content\/uploads\/usu246\/2023\/03\/INFOGRAFIA-BATXILLERAT_page-0002-768x455.jpg 768w\" sizes=\"auto, (max-width: 479px) 100vw, 479px\" \/><\/p>\n<p>A continuaci\u00f3 es troben els documents d&#8217;inter\u00e8s per als alumnes de batxillerat:<\/p>\n<ul>\n<li><a href=\"https:\/\/agora.xtec.cat\/iesgabrielamistral\/wp-content\/uploads\/usu246\/2025\/10\/Guia-estudiant-25-26-1r-Batxillerat-web.pdf\" target=\"_blank\" rel=\"noopener\">Guia estudiant 25-26 1r Batxillerat<\/a><\/li>\n<li><a href=\"https:\/\/agora.xtec.cat\/iesgabrielamistral\/wp-content\/uploads\/usu246\/2025\/10\/Guia-estudiant-25-26-2n-Batxillerat-web.pdf\" target=\"_blank\" rel=\"noopener\">Guia estudiant 25-26 2n Batxillerat<\/a><\/li>\n<li><a href=\"https:\/\/agora.xtec.cat\/iesgabrielamistral\/wp-content\/uploads\/usu246\/2025\/10\/Guia-materies-25-26V1.pdf\" target=\"_blank\" rel=\"noopener\">Guia mat\u00e8ries 25-26<\/a><\/li>\n<\/ul>\n<ul>\n<li style=\"list-style-type: none;\">\u00a0<\/li>\n<\/ul>\n<p>https:\/\/agora.xtec.cat\/iesgabrielamistral\/wp-content\/uploads\/usu246\/2024\/10\/Guia-materies-24-25.pdf<\/p>\n","protected":false},"excerpt":{"rendered":"<p>\u00a0Trobareu tota informaci\u00f3 gen\u00e8rica sobre aquests estudis (vies d&#8217;acc\u00e9s, sortides, etc.) al web triaeducativa.gencat.cat. L&#8217;oferta formativa del Batxillerat a l&#8217;Institut Gabriela Mistral \u00e9s la seg\u00fcent: Humanitats i ci\u00e8ncies socials Ci\u00e8ncies i tecnologia \u00a0 &nbsp; &nbsp; A continuaci\u00f3 es troben els documents d&#8217;inter\u00e8s per als alumnes de batxillerat: Guia estudiant 25-26 1r Batxillerat Guia estudiant 25-26 [&hellip;]<\/p>\n","protected":false},"author":1,"featured_media":0,"parent":481,"menu_order":3,"comment_status":"closed","ping_status":"closed","template":"page-templates\/side-menu.php","meta":{"_bbp_topic_count":0,"_bbp_reply_count":0,"_bbp_total_topic_count":0,"_bbp_total_reply_count":0,"_bbp_voice_count":0,"_bbp_anonymous_reply_count":0,"_bbp_topic_count_hidden":0,"_bbp_reply_count_hidden":0,"_bbp_forum_subforum_count":0,"site-sidebar-layout":"default","site-content-layout":"","ast-site-content-layout":"","site-content-style":"default","site-sidebar-style":"default","ast-global-header-display":"","ast-banner-title-visibility":"","ast-main-header-display":"","ast-hfb-above-header-display":"","ast-hfb-below-header-display":"","ast-hfb-mobile-header-display":"","site-post-title":"","ast-breadcrumbs-content":"","ast-featured-img":"","footer-sml-layout":"","theme-transparent-header-meta":"","adv-header-id-meta":"","stick-header-meta":"","header-above-stick-meta":"","header-main-stick-meta":"","header-below-stick-meta":"","astra-migrate-meta-layouts":"default","ast-page-background-enabled":"default","ast-page-background-meta":{"desktop":{"background-color":"var(--ast-global-color-4)","background-image":"","background-repeat":"repeat","background-position":"center center","background-size":"auto","background-attachment":"scroll","background-type":"","background-media":"","overlay-type":"","overlay-color":"","overlay-opacity":"","overlay-gradient":""},"tablet":{"background-color":"","background-image":"","background-repeat":"repeat","background-position":"center center","background-size":"auto","background-attachment":"scroll","background-type":"","background-media":"","overlay-type":"","overlay-color":"","overlay-opacity":"","overlay-gradient":""},"mobile":{"background-color":"","background-image":"","background-repeat":"repeat","background-position":"center center","background-size":"auto","background-attachment":"scroll","background-type":"","background-media":"","overlay-type":"","overlay-color":"","overlay-opacity":"","overlay-gradient":""}},"ast-content-background-meta":{"desktop":{"background-color":"var(--ast-global-color-5)","background-image":"","background-repeat":"repeat","background-position":"center center","background-size":"auto","background-attachment":"scroll","background-type":"","background-media":"","overlay-type":"","overlay-color":"","overlay-opacity":"","overlay-gradient":""},"tablet":{"background-color":"var(--ast-global-color-5)","background-image":"","background-repeat":"repeat","background-position":"center center","background-size":"auto","background-attachment":"scroll","background-type":"","background-media":"","overlay-type":"","overlay-color":"","overlay-opacity":"","overlay-gradient":""},"mobile":{"background-color":"var(--ast-global-color-5)","background-image":"","background-repeat":"repeat","background-position":"center center","background-size":"auto","background-attachment":"scroll","background-type":"","background-media":"","overlay-type":"","overlay-color":"","overlay-opacity":"","overlay-gradient":""}},"footnotes":""},"class_list":["post-487","page","type-page","status-publish","hentry"],"post_mailing_queue_ids":[],"_links":{"self":[{"href":"https:\/\/agora.xtec.cat\/iesgabrielamistral\/wp-json\/wp\/v2\/pages\/487","targetHints":{"allow":["GET"]}}],"collection":[{"href":"https:\/\/agora.xtec.cat\/iesgabrielamistral\/wp-json\/wp\/v2\/pages"}],"about":[{"href":"https:\/\/agora.xtec.cat\/iesgabrielamistral\/wp-json\/wp\/v2\/types\/page"}],"author":[{"embeddable":true,"href":"https:\/\/agora.xtec.cat\/iesgabrielamistral\/wp-json\/wp\/v2\/users\/1"}],"replies":[{"embeddable":true,"href":"https:\/\/agora.xtec.cat\/iesgabrielamistral\/wp-json\/wp\/v2\/comments?post=487"}],"version-history":[{"count":7,"href":"https:\/\/agora.xtec.cat\/iesgabrielamistral\/wp-json\/wp\/v2\/pages\/487\/revisions"}],"predecessor-version":[{"id":18278,"href":"https:\/\/agora.xtec.cat\/iesgabrielamistral\/wp-json\/wp\/v2\/pages\/487\/revisions\/18278"}],"up":[{"embeddable":true,"href":"https:\/\/agora.xtec.cat\/iesgabrielamistral\/wp-json\/wp\/v2\/pages\/481"}],"wp:attachment":[{"href":"https:\/\/agora.xtec.cat\/iesgabrielamistral\/wp-json\/wp\/v2\/media?parent=487"}],"curies":[{"name":"wp","href":"https:\/\/api.w.org\/{rel}","templated":true}]}}