{"id":473,"date":"2015-07-06T19:30:32","date_gmt":"2015-07-06T18:30:32","guid":{"rendered":"http:\/\/agora.xtec.cat\/iesgabrielamistral\/?page_id=473"},"modified":"2025-11-14T10:43:34","modified_gmt":"2025-11-14T09:43:34","slug":"departament-llen-estrangeres","status":"publish","type":"page","link":"https:\/\/agora.xtec.cat\/iesgabrielamistral\/departaments\/departament-llen-estrangeres\/","title":{"rendered":"Departament de Lleng\u00fces Estrangeres"},"content":{"rendered":"<h1><a href=\"https:\/\/agora.xtec.cat\/iesgabrielamistral\/wp-content\/uploads\/usu246\/2025\/11\/Foto-departament-llengues-estrangeres-1.jpg\"><img loading=\"lazy\" decoding=\"async\" class=\"aligncenter size-full wp-image-18469\" src=\"https:\/\/agora.xtec.cat\/iesgabrielamistral\/wp-content\/uploads\/usu246\/2025\/11\/Foto-departament-llengues-estrangeres-1.jpg\" alt=\"\" width=\"2048\" height=\"1536\" srcset=\"https:\/\/agora.xtec.cat\/iesgabrielamistral\/wp-content\/uploads\/usu246\/2025\/11\/Foto-departament-llengues-estrangeres-1.jpg 2048w, https:\/\/agora.xtec.cat\/iesgabrielamistral\/wp-content\/uploads\/usu246\/2025\/11\/Foto-departament-llengues-estrangeres-1-300x225.jpg 300w, https:\/\/agora.xtec.cat\/iesgabrielamistral\/wp-content\/uploads\/usu246\/2025\/11\/Foto-departament-llengues-estrangeres-1-1024x768.jpg 1024w, https:\/\/agora.xtec.cat\/iesgabrielamistral\/wp-content\/uploads\/usu246\/2025\/11\/Foto-departament-llengues-estrangeres-1-768x576.jpg 768w, https:\/\/agora.xtec.cat\/iesgabrielamistral\/wp-content\/uploads\/usu246\/2025\/11\/Foto-departament-llengues-estrangeres-1-1536x1152.jpg 1536w\" sizes=\"auto, (max-width: 2048px) 100vw, 2048px\" \/><\/a><\/h1>\n<h1><span style=\"font-size: 20px;\"><strong>Departament lleng\u00fces estrangeres curs 2025\u2013 2026<\/strong><\/span><\/h1>\n<div>\n<div><b>Anna G\u00f3mez Cort\u00e9s<\/b>, professora d&#8217;angl\u00e8s de 2n ESO i coordinadora de 2n ESO<\/div>\n<div><b>Laia Pi\u00f1ol Marcos<\/b>, professora d&#8217;angl\u00e8s de 3r ESO i 1r Batxillerat i coordinadora de 3r ESO<\/div>\n<div><b>Alba Moreno Gonz\u00e1lez<\/b>, professora d&#8217;angl\u00e8s de 4t ESO i coordinadora de 4t ESO<\/div>\n<div><b>Txell Garc\u00eda S\u00e1nchez<\/b>, professora d&#8217;angl\u00e8s de 1r i 2n ESO i tutora de 2n ESO<\/div>\n<div><b>Ana Mar\u00eda Ochoa Hurtado<\/b>, professora d&#8217;angl\u00e8s de 3r ESO, 2n Batxillerat i Cicles<\/div>\n<div><b>Clara Ter\u00e9s Arcarons<\/b>, professora d&#8217;angl\u00e8s de Cicles<\/div>\n<div><b>Julieta Arilla Caudevilla<\/b>, professora de franc\u00e8s, Cap\u00a0de departament de lleng\u00fces estrangeres i coordinadora d&#8217;activitats complement\u00e0ries (Extraescolars)<\/div>\n<div>\u00a0<\/div>\n<\/div>\n<div>\n<div>\u00a0<\/div>\n<\/div>\n","protected":false},"excerpt":{"rendered":"<p>Departament lleng\u00fces estrangeres curs 2025\u2013 2026 Anna G\u00f3mez Cort\u00e9s, professora d&#8217;angl\u00e8s de 2n ESO i coordinadora de 2n ESO Laia Pi\u00f1ol Marcos, professora d&#8217;angl\u00e8s de 3r ESO i 1r Batxillerat i coordinadora de 3r ESO Alba Moreno Gonz\u00e1lez, professora d&#8217;angl\u00e8s de 4t ESO i coordinadora de 4t ESO Txell Garc\u00eda S\u00e1nchez, professora d&#8217;angl\u00e8s de 1r [&hellip;]<\/p>\n","protected":false},"author":1,"featured_media":0,"parent":426,"menu_order":6,"comment_status":"closed","ping_status":"closed","template":"","meta":{"_bbp_topic_count":0,"_bbp_reply_count":0,"_bbp_total_topic_count":0,"_bbp_total_reply_count":0,"_bbp_voice_count":0,"_bbp_anonymous_reply_count":0,"_bbp_topic_count_hidden":0,"_bbp_reply_count_hidden":0,"_bbp_forum_subforum_count":0,"site-sidebar-layout":"default","site-content-layout":"","ast-site-content-layout":"default","site-content-style":"default","site-sidebar-style":"default","ast-global-header-display":"","ast-banner-title-visibility":"","ast-main-header-display":"","ast-hfb-above-header-display":"","ast-hfb-below-header-display":"","ast-hfb-mobile-header-display":"","site-post-title":"","ast-breadcrumbs-content":"","ast-featured-img":"","footer-sml-layout":"","theme-transparent-header-meta":"default","adv-header-id-meta":"","stick-header-meta":"","header-above-stick-meta":"","header-main-stick-meta":"","header-below-stick-meta":"","astra-migrate-meta-layouts":"set","ast-page-background-enabled":"default","ast-page-background-meta":{"desktop":{"background-color":"var(--ast-global-color-4)","background-image":"","background-repeat":"repeat","background-position":"center center","background-size":"auto","background-attachment":"scroll","background-type":"","background-media":"","overlay-type":"","overlay-color":"","overlay-opacity":"","overlay-gradient":""},"tablet":{"background-color":"","background-image":"","background-repeat":"repeat","background-position":"center center","background-size":"auto","background-attachment":"scroll","background-type":"","background-media":"","overlay-type":"","overlay-color":"","overlay-opacity":"","overlay-gradient":""},"mobile":{"background-color":"","background-image":"","background-repeat":"repeat","background-position":"center center","background-size":"auto","background-attachment":"scroll","background-type":"","background-media":"","overlay-type":"","overlay-color":"","overlay-opacity":"","overlay-gradient":""}},"ast-content-background-meta":{"desktop":{"background-color":"var(--ast-global-color-5)","background-image":"","background-repeat":"repeat","background-position":"center center","background-size":"auto","background-attachment":"scroll","background-type":"","background-media":"","overlay-type":"","overlay-color":"","overlay-opacity":"","overlay-gradient":""},"tablet":{"background-color":"var(--ast-global-color-5)","background-image":"","background-repeat":"repeat","background-position":"center center","background-size":"auto","background-attachment":"scroll","background-type":"","background-media":"","overlay-type":"","overlay-color":"","overlay-opacity":"","overlay-gradient":""},"mobile":{"background-color":"var(--ast-global-color-5)","background-image":"","background-repeat":"repeat","background-position":"center center","background-size":"auto","background-attachment":"scroll","background-type":"","background-media":"","overlay-type":"","overlay-color":"","overlay-opacity":"","overlay-gradient":""}},"footnotes":""},"class_list":["post-473","page","type-page","status-publish","hentry"],"post_mailing_queue_ids":[],"_links":{"self":[{"href":"https:\/\/agora.xtec.cat\/iesgabrielamistral\/wp-json\/wp\/v2\/pages\/473","targetHints":{"allow":["GET"]}}],"collection":[{"href":"https:\/\/agora.xtec.cat\/iesgabrielamistral\/wp-json\/wp\/v2\/pages"}],"about":[{"href":"https:\/\/agora.xtec.cat\/iesgabrielamistral\/wp-json\/wp\/v2\/types\/page"}],"author":[{"embeddable":true,"href":"https:\/\/agora.xtec.cat\/iesgabrielamistral\/wp-json\/wp\/v2\/users\/1"}],"replies":[{"embeddable":true,"href":"https:\/\/agora.xtec.cat\/iesgabrielamistral\/wp-json\/wp\/v2\/comments?post=473"}],"version-history":[{"count":6,"href":"https:\/\/agora.xtec.cat\/iesgabrielamistral\/wp-json\/wp\/v2\/pages\/473\/revisions"}],"predecessor-version":[{"id":18647,"href":"https:\/\/agora.xtec.cat\/iesgabrielamistral\/wp-json\/wp\/v2\/pages\/473\/revisions\/18647"}],"up":[{"embeddable":true,"href":"https:\/\/agora.xtec.cat\/iesgabrielamistral\/wp-json\/wp\/v2\/pages\/426"}],"wp:attachment":[{"href":"https:\/\/agora.xtec.cat\/iesgabrielamistral\/wp-json\/wp\/v2\/media?parent=473"}],"curies":[{"name":"wp","href":"https:\/\/api.w.org\/{rel}","templated":true}]}}