{"id":465,"date":"2015-07-06T19:20:57","date_gmt":"2015-07-06T18:20:57","guid":{"rendered":"http:\/\/agora.xtec.cat\/iesgabrielamistral\/?page_id=465"},"modified":"2025-10-28T20:03:34","modified_gmt":"2025-10-28T19:03:34","slug":"departament-dorientacio","status":"publish","type":"page","link":"https:\/\/agora.xtec.cat\/iesgabrielamistral\/departaments\/departament-dorientacio\/","title":{"rendered":"Departament d&#8217;Orientaci\u00f3 educativa"},"content":{"rendered":"<div id=\"ja-contentwrap\" class=\"clearfix \">\n<div id=\"ja-content\" class=\"column\">\n<div id=\"ja-current-content\" class=\"column\">\n<div id=\"ja-content-main\" class=\"ja-content-main clearfix\">\n<div class=\"item-page clearfix\">\n<p><a href=\"https:\/\/agora.xtec.cat\/iesgabrielamistral\/wp-content\/uploads\/usu246\/2025\/10\/Grup-orientacio.jpg\"><img loading=\"lazy\" decoding=\"async\" class=\"aligncenter wp-image-18415 size-full\" src=\"https:\/\/agora.xtec.cat\/iesgabrielamistral\/wp-content\/uploads\/usu246\/2025\/10\/Grup-orientacio.jpg\" alt=\"\" width=\"1206\" height=\"867\" srcset=\"https:\/\/agora.xtec.cat\/iesgabrielamistral\/wp-content\/uploads\/usu246\/2025\/10\/Grup-orientacio.jpg 1206w, https:\/\/agora.xtec.cat\/iesgabrielamistral\/wp-content\/uploads\/usu246\/2025\/10\/Grup-orientacio-300x216.jpg 300w, https:\/\/agora.xtec.cat\/iesgabrielamistral\/wp-content\/uploads\/usu246\/2025\/10\/Grup-orientacio-1024x736.jpg 1024w, https:\/\/agora.xtec.cat\/iesgabrielamistral\/wp-content\/uploads\/usu246\/2025\/10\/Grup-orientacio-768x552.jpg 768w\" sizes=\"auto, (max-width: 1206px) 100vw, 1206px\" \/><\/a><\/p>\n<p><a href=\"http:\/\/agora.xtec.cat\/iesgabrielamistral\/wp-content\/uploads\/usu246\/2015\/07\/orientacio.jpg\"><img loading=\"lazy\" decoding=\"async\" class=\"alignnone wp-image-466\" src=\"http:\/\/agora.xtec.cat\/iesgabrielamistral\/wp-content\/uploads\/usu246\/2015\/07\/orientacio-300x227.jpg\" alt=\"orientacio\" width=\"563\" height=\"427\" srcset=\"https:\/\/agora.xtec.cat\/iesgabrielamistral\/wp-content\/uploads\/usu246\/2015\/07\/orientacio-300x227.jpg 300w, https:\/\/agora.xtec.cat\/iesgabrielamistral\/wp-content\/uploads\/usu246\/2015\/07\/orientacio.jpg 600w\" sizes=\"auto, (max-width: 563px) 100vw, 563px\" \/><\/a><\/p>\n<p><strong>Departament d\u2019Orientaci\u00f3: curs 2025-26<\/strong><\/p>\n<p><strong>MEMBRES DEL DEPARTAMENT D\u2019ORIENTACI\u00d3<\/strong><\/p>\n<\/div>\n<\/div>\n<\/div>\n<\/div>\n<\/div>\n<div>\n<div dir=\"auto\">\n<div dir=\"auto\">\n<div dir=\"auto\">\n<div dir=\"auto\">\u00a0<\/div>\n<div dir=\"auto\"><strong>ORIENTADORES NIVELL:<\/strong><\/div>\n<div dir=\"auto\">\u2013 Eva Mar\u00eda G\u00f3mez Rodr\u00edguez- 1er ESO<\/div>\n<div dir=\"auto\">\u2013 Jaume Olivella. 2on ESO. COCOBE.<\/div>\n<div dir=\"auto\">\u2013 Geo Rodr\u00edguez 3er ESO i cap de departament.\u00a0<\/div>\n<div dir=\"auto\">\u2013 Gemma Masana. 4rt ESO<\/div>\n<div dir=\"auto\">\u00a0<\/div>\n<div dir=\"auto\"><strong>SIEI:\u00a0<\/strong><\/div>\n<div dir=\"auto\">\u2013 Ester Aguilera. Coordinadora i tutora SIEI<\/div>\n<div dir=\"auto\">\u2013 Jordi Moll\u00e0 Bilches. Orientador SIEI<\/div>\n<div dir=\"auto\">\u2013 Eva Sales. Educadora d&#8217;educaci\u00f3 especial SIEI<\/div>\n<div>&#8211; Sara \u00c1lvarez. Educadora d&#8217;educaci\u00f3 especial. SIEI.<\/div>\n<div>&#8211; Clara Flores. Orientadora SIEI.<\/div>\n<div dir=\"auto\">\u00a0<\/div>\n<div dir=\"auto\"><strong>AULA ACOLLIDA:<\/strong><\/div>\n<div dir=\"auto\">\u2013 Alicia Serrano. Tutora aula acollida.<\/div>\n<div dir=\"auto\">\u00a0<\/div>\n<div dir=\"auto\"><strong>TIS( integradora social):\u00a0<\/strong><\/div>\n<div dir=\"auto\">\u2013 Rebeca Herrera<\/div>\n<div dir=\"auto\">\u00a0<\/div>\n<div dir=\"auto\"><strong>VETLLADORES:<\/strong><\/div>\n<div dir=\"auto\">\u2013 Sole Pinel<\/div>\n<div dir=\"auto\">\u2013 Luc\u00eda Canterla<\/div>\n<div dir=\"auto\">\u00a0<\/div>\n<div dir=\"auto\">\u00a0<\/div>\n<div dir=\"auto\">\n<div>\n<div dir=\"auto\"><strong>QU\u00c8 FEM:<\/strong><\/div>\n<\/div>\n<div id=\"m_-8082194204070898630gmail-ja-contentwrap\">\n<div id=\"m_-8082194204070898630gmail-ja-content\">\n<div id=\"m_-8082194204070898630gmail-ja-current-content\">\n<div id=\"m_-8082194204070898630gmail-ja-content-main\">\n<div>\n<p><strong>Promoci\u00f3 :<\/strong>\u00a0L\u2019equip multidisciplinar\u00a0 del departament d\u2019orientaci\u00f3\u00a0 promou, conjuntament amb els diversos Equips docents del centre, la planificaci\u00f3, coordinaci\u00f3 i dinamitzaci\u00f3 de les tasques d\u2019acompanyament, seguiment i avaluaci\u00f3 dels alumnes.<\/p>\n<p><strong>Intervenci\u00f3:<\/strong>\u00a0Per tal d\u2019ajudar a assolir les compet\u00e8ncies i les necessitats educatives, personals i socials \u00a0dels alumnes : Acompanyament dins l\u2019aula, Atenci\u00f3 individualitzada, Avaluaci\u00f3 psicopedag\u00f2gica, assessorament al professorat, etc.<\/p>\n<p><strong>Coordinaci\u00f3:<\/strong>\u00a0\u00a0amb altres serveis externs\u00a0 per tal de fer intervenci\u00f3 i seguiment d\u2019aquells alumnes que ho requereixin com ara l\u2019EAP (Equip d\u2019atenci\u00f3 Psicopedag\u00f2gica), Serveis Socials, UEC (Unitat d\u2019Escolaritzaci\u00f3 compartida), EAIA (Equip d\u2019Atenci\u00f3 a la Inf\u00e0ncia i a l\u2019Adolesc\u00e8ncia), CSMIJ (Centre de Salut Mental Infantil i Juvenil), Hospital de Dia,etc.<\/p>\n<\/div>\n<\/div>\n<\/div>\n<\/div>\n<\/div>\n<\/div>\n<\/div>\n<\/div>\n<\/div>\n<\/div>\n<div id=\"ja-contentwrap\" class=\"clearfix \">\n<div id=\"ja-content\" class=\"column\">\n<div id=\"ja-current-content\" class=\"column\">\n<div id=\"ja-content-main\" class=\"ja-content-main clearfix\">\n<div class=\"item-page clearfix\">\n<h3><strong>Enlla\u00e7os d\u2019inter\u00e9s:<\/strong><\/h3>\n<p><a href=\"http:\/\/familiaiescola.gencat.cat\/ca\">http:\/\/familiaiescola.gencat.cat\/ca<\/a><\/p>\n<p><a href=\"http:\/\/queestudiar.gencat.cat\/ca\">http:\/\/queestudiar.gencat.cat\/ca<\/a><\/p>\n<p><a href=\"http:\/\/www10.gencat.net\/cur_wrcec\/AppJava\/visible\/start.do?set-locale=ca_ES\">http:\/\/www10.gencat.net\/cur_wrcec\/AppJava\/visible\/start.do?set-locale=ca_ES<\/a><\/p>\n<p><a href=\"http:\/\/www10.gencat.cat\/WebAcollida\/AppJava\/ca\/Menu_Principal\/Educacio\/Educacio.jsp?sub=0&amp;pag=tcm:393-87560-64\">http:\/\/www10.gencat.cat\/WebAcollida\/AppJava\/ca\/Menu_Principal\/Educacio\/Educacio.jsp?sub=0&amp;pag=tcm:393-87560-64<\/a><\/p>\n<p><a href=\"http:\/\/www.edu365.cat\/\">http:\/\/www.edu365.cat\/<\/a><\/p>\n<h3><strong>Blocs:<\/strong><\/h3>\n<ul>\n<li><a href=\"http:\/\/artquimia3.blogspot.com\/\" target=\"_blank\" rel=\"noopener noreferrer\">Bloc de l&#8217;AULA D&#8217;ACOLLIDA: http:\/\/artquimia3.blogspot.com\/<\/a><\/li>\n<\/ul>\n<\/div>\n<\/div>\n<\/div>\n<\/div>\n<\/div>\n","protected":false},"excerpt":{"rendered":"<p>Departament d\u2019Orientaci\u00f3: curs 2025-26 MEMBRES DEL DEPARTAMENT D\u2019ORIENTACI\u00d3 \u00a0 ORIENTADORES NIVELL: \u2013 Eva Mar\u00eda G\u00f3mez Rodr\u00edguez- 1er ESO \u2013 Jaume Olivella. 2on ESO. COCOBE. \u2013 Geo Rodr\u00edguez 3er ESO i cap de departament.\u00a0 \u2013 Gemma Masana. 4rt ESO \u00a0 SIEI:\u00a0 \u2013 Ester Aguilera. Coordinadora i tutora SIEI \u2013 Jordi Moll\u00e0 Bilches. Orientador SIEI \u2013 Eva [&hellip;]<\/p>\n","protected":false},"author":1,"featured_media":0,"parent":426,"menu_order":8,"comment_status":"closed","ping_status":"closed","template":"","meta":{"_bbp_topic_count":0,"_bbp_reply_count":0,"_bbp_total_topic_count":0,"_bbp_total_reply_count":0,"_bbp_voice_count":0,"_bbp_anonymous_reply_count":0,"_bbp_topic_count_hidden":0,"_bbp_reply_count_hidden":0,"_bbp_forum_subforum_count":0,"site-sidebar-layout":"default","site-content-layout":"","ast-site-content-layout":"default","site-content-style":"default","site-sidebar-style":"default","ast-global-header-display":"","ast-banner-title-visibility":"","ast-main-header-display":"","ast-hfb-above-header-display":"","ast-hfb-below-header-display":"","ast-hfb-mobile-header-display":"","site-post-title":"","ast-breadcrumbs-content":"","ast-featured-img":"","footer-sml-layout":"","theme-transparent-header-meta":"default","adv-header-id-meta":"","stick-header-meta":"","header-above-stick-meta":"","header-main-stick-meta":"","header-below-stick-meta":"","astra-migrate-meta-layouts":"set","ast-page-background-enabled":"default","ast-page-background-meta":{"desktop":{"background-color":"var(--ast-global-color-4)","background-image":"","background-repeat":"repeat","background-position":"center center","background-size":"auto","background-attachment":"scroll","background-type":"","background-media":"","overlay-type":"","overlay-color":"","overlay-opacity":"","overlay-gradient":""},"tablet":{"background-color":"","background-image":"","background-repeat":"repeat","background-position":"center center","background-size":"auto","background-attachment":"scroll","background-type":"","background-media":"","overlay-type":"","overlay-color":"","overlay-opacity":"","overlay-gradient":""},"mobile":{"background-color":"","background-image":"","background-repeat":"repeat","background-position":"center center","background-size":"auto","background-attachment":"scroll","background-type":"","background-media":"","overlay-type":"","overlay-color":"","overlay-opacity":"","overlay-gradient":""}},"ast-content-background-meta":{"desktop":{"background-color":"var(--ast-global-color-5)","background-image":"","background-repeat":"repeat","background-position":"center center","background-size":"auto","background-attachment":"scroll","background-type":"","background-media":"","overlay-type":"","overlay-color":"","overlay-opacity":"","overlay-gradient":""},"tablet":{"background-color":"var(--ast-global-color-5)","background-image":"","background-repeat":"repeat","background-position":"center center","background-size":"auto","background-attachment":"scroll","background-type":"","background-media":"","overlay-type":"","overlay-color":"","overlay-opacity":"","overlay-gradient":""},"mobile":{"background-color":"var(--ast-global-color-5)","background-image":"","background-repeat":"repeat","background-position":"center center","background-size":"auto","background-attachment":"scroll","background-type":"","background-media":"","overlay-type":"","overlay-color":"","overlay-opacity":"","overlay-gradient":""}},"footnotes":""},"class_list":["post-465","page","type-page","status-publish","hentry"],"post_mailing_queue_ids":[],"_links":{"self":[{"href":"https:\/\/agora.xtec.cat\/iesgabrielamistral\/wp-json\/wp\/v2\/pages\/465","targetHints":{"allow":["GET"]}}],"collection":[{"href":"https:\/\/agora.xtec.cat\/iesgabrielamistral\/wp-json\/wp\/v2\/pages"}],"about":[{"href":"https:\/\/agora.xtec.cat\/iesgabrielamistral\/wp-json\/wp\/v2\/types\/page"}],"author":[{"embeddable":true,"href":"https:\/\/agora.xtec.cat\/iesgabrielamistral\/wp-json\/wp\/v2\/users\/1"}],"replies":[{"embeddable":true,"href":"https:\/\/agora.xtec.cat\/iesgabrielamistral\/wp-json\/wp\/v2\/comments?post=465"}],"version-history":[{"count":7,"href":"https:\/\/agora.xtec.cat\/iesgabrielamistral\/wp-json\/wp\/v2\/pages\/465\/revisions"}],"predecessor-version":[{"id":18434,"href":"https:\/\/agora.xtec.cat\/iesgabrielamistral\/wp-json\/wp\/v2\/pages\/465\/revisions\/18434"}],"up":[{"embeddable":true,"href":"https:\/\/agora.xtec.cat\/iesgabrielamistral\/wp-json\/wp\/v2\/pages\/426"}],"wp:attachment":[{"href":"https:\/\/agora.xtec.cat\/iesgabrielamistral\/wp-json\/wp\/v2\/media?parent=465"}],"curies":[{"name":"wp","href":"https:\/\/api.w.org\/{rel}","templated":true}]}}