{"id":462,"date":"2015-07-06T19:12:42","date_gmt":"2015-07-06T18:12:42","guid":{"rendered":"http:\/\/agora.xtec.cat\/iesgabrielamistral\/?page_id=462"},"modified":"2025-11-07T09:15:16","modified_gmt":"2025-11-07T08:15:16","slug":"departament-dhumanitats","status":"publish","type":"page","link":"https:\/\/agora.xtec.cat\/iesgabrielamistral\/departaments\/departament-dhumanitats\/","title":{"rendered":"Departament d&#8217;Humanitats i Socials"},"content":{"rendered":"<div style=\"padding-left: 40px;\">\u00a0<\/div>\n<div><a href=\"https:\/\/agora.xtec.cat\/iesgabrielamistral\/wp-content\/uploads\/usu246\/2025\/11\/socials.jpg\"><img loading=\"lazy\" decoding=\"async\" class=\"aligncenter wp-image-18585 size-full\" src=\"https:\/\/agora.xtec.cat\/iesgabrielamistral\/wp-content\/uploads\/usu246\/2025\/11\/socials.jpg\" alt=\"\" width=\"2040\" height=\"1148\" srcset=\"https:\/\/agora.xtec.cat\/iesgabrielamistral\/wp-content\/uploads\/usu246\/2025\/11\/socials.jpg 2040w, https:\/\/agora.xtec.cat\/iesgabrielamistral\/wp-content\/uploads\/usu246\/2025\/11\/socials-300x169.jpg 300w, https:\/\/agora.xtec.cat\/iesgabrielamistral\/wp-content\/uploads\/usu246\/2025\/11\/socials-1024x576.jpg 1024w, https:\/\/agora.xtec.cat\/iesgabrielamistral\/wp-content\/uploads\/usu246\/2025\/11\/socials-768x432.jpg 768w, https:\/\/agora.xtec.cat\/iesgabrielamistral\/wp-content\/uploads\/usu246\/2025\/11\/socials-1536x864.jpg 1536w\" sizes=\"auto, (max-width: 2040px) 100vw, 2040px\" \/><\/a><\/div>\n<div><strong>Departament d&#8217;Humanitats i Socials 2025-2026<\/strong><\/div>\n<div>\u00a0<\/div>\n<div>\n<ul>\n<li>David Travet (Tutor de 4tD i professor de geografia i hist\u00f2ria d&#8217;ESO i Batxillerat)<\/li>\n<li>Sergio Olmeda (Tutor 3r B i Cap de Projectes de 3r ESO, professor de geografia i hist\u00f2ria ESO)<\/li>\n<li>\u00a0<\/li>\n<li>\u00a0<\/li>\n<li>Pablo Garrig\u00f3s (professor de geografia i hist\u00f2ria d&#8217;ESO i Batxillerat)<\/li>\n<li>Rub\u00e9n Rodr\u00edguez (Tutor 3rD i professor de geografia i hist\u00f2ria d&#8217;ESO)<\/li>\n<li>Fernando Anselmo (Professor de Religi\u00f3)<\/li>\n<li>\u00a0<\/li>\n<li>\u00a0<\/li>\n<\/ul>\n<\/div>\n<div><strong>Activitats del departament:<\/strong><\/div>\n<div>\u00a0<\/div>\n<div><strong>Concurs Odissea (gener\/febrer):<\/strong> els alumnes de Llat\u00ed de 4t d\u2019ESO i de Llat\u00ed i Grec de 1r i 2n de Batxillerat participen en una competici\u00f3 en l\u00ednia en qu\u00e8 cada dia l\u2019alumnat ha de respondre una s\u00e8rie de preguntes sobre cultura cl\u00e0ssica.<\/div>\n<div><img loading=\"lazy\" decoding=\"async\" class=\"size-medium wp-image-14352 aligncenter\" src=\"https:\/\/agora.xtec.cat\/iesgabrielamistral\/wp-content\/uploads\/usu246\/2022\/10\/odissea-300x202.png\" alt=\"\" width=\"300\" height=\"202\" srcset=\"https:\/\/agora.xtec.cat\/iesgabrielamistral\/wp-content\/uploads\/usu246\/2022\/10\/odissea-300x202.png 300w, https:\/\/agora.xtec.cat\/iesgabrielamistral\/wp-content\/uploads\/usu246\/2022\/10\/odissea.png 350w\" sizes=\"auto, (max-width: 300px) 100vw, 300px\" \/><\/div>\n<div>\u00a0<\/div>\n<div><strong>Festival juvenil de teatre grecollat\u00ed (mar\u00e7\/abril):<\/strong> sortida al teatre amb els alumnes de Llat\u00ed i Grec de 1r i 2n de Batxillerat per veure dues obres cl\u00e0ssiques (una com\u00e8dia i una trag\u00e8dia).<\/div>\n<div><img loading=\"lazy\" decoding=\"async\" class=\"size-medium wp-image-14353 aligncenter\" src=\"https:\/\/agora.xtec.cat\/iesgabrielamistral\/wp-content\/uploads\/usu246\/2022\/10\/teatre-grecollati-300x41.jpg\" alt=\"\" width=\"300\" height=\"41\" srcset=\"https:\/\/agora.xtec.cat\/iesgabrielamistral\/wp-content\/uploads\/usu246\/2022\/10\/teatre-grecollati-300x41.jpg 300w, https:\/\/agora.xtec.cat\/iesgabrielamistral\/wp-content\/uploads\/usu246\/2022\/10\/teatre-grecollati-1024x140.jpg 1024w, https:\/\/agora.xtec.cat\/iesgabrielamistral\/wp-content\/uploads\/usu246\/2022\/10\/teatre-grecollati-768x105.jpg 768w, https:\/\/agora.xtec.cat\/iesgabrielamistral\/wp-content\/uploads\/usu246\/2022\/10\/teatre-grecollati.jpg 1100w\" sizes=\"auto, (max-width: 300px) 100vw, 300px\" \/><\/div>\n<div>\u00a0<\/div>\n<div><strong>Fotofilosofia: <\/strong>per tal de celebrar la\u00a0Jornada Mundial de la Filosofia, 17 novembre, es convoca la\u00a0Mostra de fotofilosofia. L\u2019objectiu \u00e9s enriquir el pensament filos\u00f2fic a secund\u00e0ria tot aprofitant la creativitat de l&#8217;alumnat. La Mostra pret\u00e9n aplegar \u201cespurnes de pensament\u201d fetes per alumnes de secund\u00e0ria expressades en una fotografia digital acompanyada d&#8217;un t\u00edtol en forma de pregunta vinculada a la filosofia.<\/div>\n<div>\u00a0<\/div>\n<div>\u00a0<\/div>\n<div>\u00a0<\/div>\n","protected":false},"excerpt":{"rendered":"<p>\u00a0 Departament d&#8217;Humanitats i Socials 2025-2026 \u00a0 David Travet (Tutor de 4tD i professor de geografia i hist\u00f2ria d&#8217;ESO i Batxillerat) Sergio Olmeda (Tutor 3r B i Cap de Projectes de 3r ESO, professor de geografia i hist\u00f2ria ESO) \u00a0 \u00a0 Pablo Garrig\u00f3s (professor de geografia i hist\u00f2ria d&#8217;ESO i Batxillerat) Rub\u00e9n Rodr\u00edguez (Tutor 3rD [&hellip;]<\/p>\n","protected":false},"author":1,"featured_media":0,"parent":426,"menu_order":4,"comment_status":"closed","ping_status":"closed","template":"","meta":{"_bbp_topic_count":0,"_bbp_reply_count":0,"_bbp_total_topic_count":0,"_bbp_total_reply_count":0,"_bbp_voice_count":0,"_bbp_anonymous_reply_count":0,"_bbp_topic_count_hidden":0,"_bbp_reply_count_hidden":0,"_bbp_forum_subforum_count":0,"site-sidebar-layout":"default","site-content-layout":"","ast-site-content-layout":"default","site-content-style":"default","site-sidebar-style":"default","ast-global-header-display":"","ast-banner-title-visibility":"","ast-main-header-display":"","ast-hfb-above-header-display":"","ast-hfb-below-header-display":"","ast-hfb-mobile-header-display":"","site-post-title":"","ast-breadcrumbs-content":"","ast-featured-img":"","footer-sml-layout":"","theme-transparent-header-meta":"default","adv-header-id-meta":"","stick-header-meta":"","header-above-stick-meta":"","header-main-stick-meta":"","header-below-stick-meta":"","astra-migrate-meta-layouts":"set","ast-page-background-enabled":"default","ast-page-background-meta":{"desktop":{"background-color":"var(--ast-global-color-4)","background-image":"","background-repeat":"repeat","background-position":"center center","background-size":"auto","background-attachment":"scroll","background-type":"","background-media":"","overlay-type":"","overlay-color":"","overlay-opacity":"","overlay-gradient":""},"tablet":{"background-color":"","background-image":"","background-repeat":"repeat","background-position":"center center","background-size":"auto","background-attachment":"scroll","background-type":"","background-media":"","overlay-type":"","overlay-color":"","overlay-opacity":"","overlay-gradient":""},"mobile":{"background-color":"","background-image":"","background-repeat":"repeat","background-position":"center center","background-size":"auto","background-attachment":"scroll","background-type":"","background-media":"","overlay-type":"","overlay-color":"","overlay-opacity":"","overlay-gradient":""}},"ast-content-background-meta":{"desktop":{"background-color":"var(--ast-global-color-5)","background-image":"","background-repeat":"repeat","background-position":"center center","background-size":"auto","background-attachment":"scroll","background-type":"","background-media":"","overlay-type":"","overlay-color":"","overlay-opacity":"","overlay-gradient":""},"tablet":{"background-color":"var(--ast-global-color-5)","background-image":"","background-repeat":"repeat","background-position":"center center","background-size":"auto","background-attachment":"scroll","background-type":"","background-media":"","overlay-type":"","overlay-color":"","overlay-opacity":"","overlay-gradient":""},"mobile":{"background-color":"var(--ast-global-color-5)","background-image":"","background-repeat":"repeat","background-position":"center center","background-size":"auto","background-attachment":"scroll","background-type":"","background-media":"","overlay-type":"","overlay-color":"","overlay-opacity":"","overlay-gradient":""}},"footnotes":""},"class_list":["post-462","page","type-page","status-publish","hentry"],"post_mailing_queue_ids":[],"_links":{"self":[{"href":"https:\/\/agora.xtec.cat\/iesgabrielamistral\/wp-json\/wp\/v2\/pages\/462","targetHints":{"allow":["GET"]}}],"collection":[{"href":"https:\/\/agora.xtec.cat\/iesgabrielamistral\/wp-json\/wp\/v2\/pages"}],"about":[{"href":"https:\/\/agora.xtec.cat\/iesgabrielamistral\/wp-json\/wp\/v2\/types\/page"}],"author":[{"embeddable":true,"href":"https:\/\/agora.xtec.cat\/iesgabrielamistral\/wp-json\/wp\/v2\/users\/1"}],"replies":[{"embeddable":true,"href":"https:\/\/agora.xtec.cat\/iesgabrielamistral\/wp-json\/wp\/v2\/comments?post=462"}],"version-history":[{"count":8,"href":"https:\/\/agora.xtec.cat\/iesgabrielamistral\/wp-json\/wp\/v2\/pages\/462\/revisions"}],"predecessor-version":[{"id":18586,"href":"https:\/\/agora.xtec.cat\/iesgabrielamistral\/wp-json\/wp\/v2\/pages\/462\/revisions\/18586"}],"up":[{"embeddable":true,"href":"https:\/\/agora.xtec.cat\/iesgabrielamistral\/wp-json\/wp\/v2\/pages\/426"}],"wp:attachment":[{"href":"https:\/\/agora.xtec.cat\/iesgabrielamistral\/wp-json\/wp\/v2\/media?parent=462"}],"curies":[{"name":"wp","href":"https:\/\/api.w.org\/{rel}","templated":true}]}}