{"id":46,"date":"2014-09-17T16:53:45","date_gmt":"2014-09-17T16:53:45","guid":{"rendered":"http:\/\/agora.xtec.cat\/iesgabrielamistral\/?page_id=46"},"modified":"2025-12-01T14:16:54","modified_gmt":"2025-12-01T13:16:54","slug":"organigrama","status":"publish","type":"page","link":"https:\/\/agora.xtec.cat\/iesgabrielamistral\/linstitut\/organigrama\/","title":{"rendered":"Organigrama"},"content":{"rendered":"<h4>Equip directiu<\/h4>\n<p><span style=\"font-weight: 400;\">DIRECTORA: Ester S\u00e0nchez Roig<\/span><\/p>\n<p><span style=\"font-weight: 400;\">CAP D\u2019ESTUDIS d\u2019ESO i Batxillerat: Elena Segura Aleman<\/span><\/p>\n<p><span style=\"font-weight: 400;\">CAP D\u2019ESTUDIS d\u2019FP: Maria \u00c0ngels Garc\u00eda Iranzo<\/span><\/p>\n<p><span style=\"font-weight: 400;\">CAP D\u2019ESTUDIS ADJUNT: Sergi Font Ribas<\/span><\/p>\n<p><span style=\"font-weight: 400;\">COORDINADOR PEDAG\u00d2GIC: Albert Sola Gil<\/span><\/p>\n<p><span style=\"font-weight: 400;\">SECRET\u00c0RIA: Eva Mar\u00eda Romero Meg\u00edas<\/span><\/p>\n<h4>Coordinaci\u00f3 d\u2019Ensenyaments Postobligatoris<\/h4>\n<ul>\n<li>Coordinador de Batxillerat: <span style=\"font-weight: 400;\">Ricardo Mart\u00ednez Valverde<\/span><\/li>\n<li>Coordinadora de Formaci\u00f3 Professional: Meri Moreno<\/li>\n<li>Coordinadora de l&#8217;IFE: <span style=\"font-weight: 400;\">Marina Capdevila de la Torre<\/span><\/li>\n<\/ul>\n<h4>Coordinaci\u00f3 d\u2019Ensenyaments Obligatoris<\/h4>\n<ul>\n<li>Coordinador 1r ESO: <span style=\"font-weight: 400;\">Sergio Olmeda Rodr\u00edguez<\/span><\/li>\n<li>Coordinadora 2n ESO: <span style=\"font-weight: 400;\">Anna G\u00f3mez Cort\u00e9s<\/span><\/li>\n<li>Coordinadora 3r ESO: <span style=\"font-weight: 400;\">Laia Pi\u00f1ol Marcos<\/span><\/li>\n<li>Coordinadora 4t ESO: <span style=\"font-weight: 400;\">Alba Moreno Gonz\u00e1lez<\/span><\/li>\n<\/ul>\n<h4>Coordinaci\u00f3 de Projectes d\u2019ESO<\/h4>\n<ul>\n<li>\n<p><span style=\"font-weight: 400;\">Coordinador de projectes 1r i 2n d\u2019ESO: Marcos Sebasti\u00e0 Russo\u00a0<\/span><\/p>\n<\/li>\n<li>\n<p><span style=\"font-weight: 400;\">Coordinador de projectes 3r i 4t d\u2019ESO: Maya Granados Guitart<\/span><\/p>\n<\/li>\n<\/ul>\n<h4>Caps de departament<\/h4>\n<ul>\n<li>\n<p><span style=\"font-weight: 400;\">Llengua catalana: V\u00edctor Bayo Agut<\/span><\/p>\n<\/li>\n<li>\n<p><span style=\"font-weight: 400;\">Llengua castellana: Flor Dur\u00e1n Valle<\/span><\/p>\n<\/li>\n<li>\n<p><span style=\"font-weight: 400;\">Llengua estrangera: Julieta Arilla Caudevilla<\/span><\/p>\n<\/li>\n<li>\n<p><span style=\"font-weight: 400;\">Ci\u00e8ncies Socials i Humanitats: Xavier Tresserra Barba<\/span><\/p>\n<\/li>\n<li>\n<p><span style=\"font-weight: 400;\">Matem\u00e0tiques: Javier Santos Guerrero<\/span><\/p>\n<\/li>\n<li>\n<p><span style=\"font-weight: 400;\">Tecnologia: V\u00edctor Del Arco Cristi\u00e0<\/span><\/p>\n<\/li>\n<li>\n<p><span style=\"font-weight: 400;\">Ci\u00e8ncies experimentals: Mireia Farr\u00e9s Rodr\u00edguez<\/span><\/p>\n<\/li>\n<li>\n<p><span style=\"font-weight: 400;\">Expressi\u00f3 (Educaci\u00f3 visual i pl\u00e0stica, m\u00fasica i educaci\u00f3 f\u00edsica): Gema Ruano Ciudad<\/span><\/p>\n<\/li>\n<li>\n<p><span style=\"font-weight: 400;\">Orientaci\u00f3: Georgina Rodr\u00edguez Caro<\/span><\/p>\n<\/li>\n<li>\n<p><span style=\"font-weight: 400;\">Serveis a la comunitat: Elisabeth Escofet Bellver<\/span><\/p>\n<\/li>\n<li>\n<p><span style=\"font-weight: 400;\">Cap seminari Serveis a la comunitat: Thais Cabanillas Costa<\/span><\/p>\n<\/li>\n<li>\n<p><span style=\"font-weight: 400;\">Inform\u00e0tica: Pere Ram\u00edrez Martorell<\/span><\/p>\n<\/li>\n<li>\n<p><span style=\"font-weight: 400;\">Cap seminari Inform\u00e0tica: Adri\u00e1n C\u00e1rdenas <\/span><\/p>\n<\/li>\n<\/ul>\n<h4>Altres coordinacions<\/h4>\n<ul>\n<li>\n<p><span style=\"font-weight: 400;\">Coordinaci\u00f3 ling\u00fc\u00edstica (<\/span><span style=\"font-weight: 400;\">LIC): Mar Chavarria Mart\u00ed<\/span><\/p>\n<\/li>\n<li>\n<p><span style=\"font-weight: 400;\">Coordinaci\u00f3 inform\u00e0tica: Pau Duaso Bellido<\/span><\/p>\n<\/li>\n<li>\n<p><span style=\"font-weight: 400;\">Coordinaci\u00f3 d\u2019activitats complement\u00e0ries (extraescolars): Julieta Arilla Caudevilla<\/span><\/p>\n<\/li>\n<li>\n<p><span style=\"font-weight: 400;\">Coordinaci\u00f3 de riscos laborals: Mireia Farr\u00e9s Rodr\u00edguez<\/span><\/p>\n<\/li>\n<li>\n<p><span style=\"font-weight: 400;\">Coordinaci\u00f3 de medi ambient:<\/span> <span style=\"font-weight: 400;\">Adriana Rodr\u00edguez Santos<\/span><\/p>\n<\/li>\n<li>\n<p><span style=\"font-weight: 400;\">Coordinaci\u00f3 MOP: Enric Gimeno Gallego<\/span><\/p>\n<\/li>\n<li>\n<p><span style=\"font-weight: 400;\">Coordinaci\u00f3 Projecte Aprenent: V\u00edctor del Arco Cristi\u00e0<\/span><\/p>\n<\/li>\n<li>\n<p><span style=\"font-weight: 400;\">Coordinaci\u00f3 d\u2019audiovisuals: Melchor Guti\u00e9rrez Municio<\/span><\/p>\n<\/li>\n<li>\n<p><span style=\"font-weight: 400;\">Coordinaci\u00f3 de qualitat: Eva Cuello Peralta<\/span><\/p>\n<\/li>\n<li>\n<p><span style=\"font-weight: 400;\">Coordinaci\u00f3 de planificaci\u00f3 estrat\u00e8gica: Ricardo Mart\u00ednez Valverde<\/span><\/p>\n<\/li>\n<li>\n<p><span style=\"font-weight: 400;\">Coordinaci\u00f3 esportiva: Gema Ruano Ciudad<\/span><\/p>\n<\/li>\n<li>\n<p><span style=\"font-weight: 400;\">Coordinaci\u00f3 web \/ xarxes socials: M.\u00c0ngels Garc\u00eda Iranzo<\/span><\/p>\n<\/li>\n<li>\n<p><span style=\"font-weight: 400;\">Coordinaci\u00f3 de Biblioteca: Antonia Gonz\u00e1lez Antequera<\/span><\/p>\n<\/li>\n<li>\n<p><span style=\"font-weight: 400;\">Coordinaci\u00f3 iEduca: Antonio Ponce Artero<\/span><\/p>\n<\/li>\n<li>\n<p><span style=\"font-weight: 400;\">Coordinaci\u00f3 de mobilitat internacional: Sergi Font Ribas<\/span><\/p>\n<\/li>\n<li>\n<p><span style=\"font-weight: 400;\">Coordinaci\u00f3 Escola-Empresa: Elisabet Dom\u00ednguez G\u00f3mez<\/span><\/p>\n<\/li>\n<li>\n<p><span style=\"font-weight: 400;\">Coordinaci\u00f3 Innovaci\u00f3 Educativa: Rub\u00e9n Rodr\u00edguez Rodr\u00edguez<\/span><\/p>\n<\/li>\n<li>\n<p><span style=\"font-weight: 400;\">Coordinaci\u00f3 d\u2019aula d\u2019acollida: <\/span><span style=\"font-weight: 400;\">Al\u00edcia Serrano Vidal<\/span><\/p>\n<\/li>\n<li>\n<p><span style=\"font-weight: 400;\">Coordinaci\u00f3 EDC: Pau Duaso Bellido<\/span><\/p>\n<\/li>\n<li>\n<p><span style=\"font-weight: 400;\">Coordinaci\u00f3 Activa FP: Adela Rodr\u00edguez Garrido<\/span><\/p>\n<\/li>\n<li>\n<p><span style=\"font-weight: 400;\">Coordinaci\u00f3 Empr\u00e8n FP: Eva Cuello Peralta<\/span><\/p>\n<\/li>\n<li>\n<p><span style=\"font-weight: 400;\">Coordinaci\u00f3 Orienta FP: Laura C\u00f3rdoba<\/span><\/p>\n<\/li>\n<li>Coordinaci\u00f3 CatSkills: M.\u00c0ngels Garc\u00eda Iranzo<\/li>\n<\/ul>\n<h4>Tutories<\/h4>\n<h6>1r ESO<\/h6>\n<ul>\n<li>1A: <span style=\"font-weight: 400;\">Jose Alberto Quesada Azna<\/span><\/li>\n<li>1B: <span style=\"font-weight: 400;\">Berta Lunes Pulido<\/span><\/li>\n<li>1C: <span style=\"font-weight: 400;\">Aida Bosch Fern\u00e0ndez<\/span><\/li>\n<li>1D: <span style=\"font-weight: 400;\">David Travet Plana<\/span><\/li>\n<\/ul>\n<h6>2n ESO<\/h6>\n<ul>\n<li>2A: <span style=\"font-weight: 400;\">Txell Garcia S\u00e0nchez <\/span><\/li>\n<li>2B: <span style=\"font-weight: 400;\">Rub\u00e9n Rodr\u00edguez Rodr\u00edguez <\/span><\/li>\n<li>2C: <span style=\"font-weight: 400;\">Clara Armengol Badia<\/span><\/li>\n<li>2D: <span style=\"font-weight: 400;\">Susana Royo Sancho <\/span><\/li>\n<\/ul>\n<h6>3r ESO<\/h6>\n<ul>\n<li>3A: <span style=\"font-weight: 400;\">Flor Dur\u00e1n Valle<\/span><\/li>\n<li>3B: <span style=\"font-weight: 400;\">Carlos Ruiz S\u00e1nchez<\/span><\/li>\n<li>3C: <span style=\"font-weight: 400;\">Pablo Garrig\u00f3s Contelles<\/span> <span style=\"font-weight: 400;\">\u00a0 <\/span><\/li>\n<li>3D: <span style=\"font-weight: 400;\">Laia P\u00e9rez Codina<\/span><\/li>\n<\/ul>\n<h6>4t ESO<\/h6>\n<ul>\n<li>4A: <span style=\"font-weight: 400;\">Oriol Pach\u00e9s Gos\u00e1lbez<\/span><\/li>\n<li>4B: <span style=\"font-weight: 400;\">Marta Burgue\u00f1o L\u00f3pez <\/span><\/li>\n<li>4C: <span style=\"font-weight: 400;\">V\u00edctor del Arco Cristi\u00e0<\/span><\/li>\n<li>4D: <span style=\"font-weight: 400;\">Antonia Gonz\u00e1lez Antequera<\/span><\/li>\n<\/ul>\n<h6>BATXILLERAT<\/h6>\n<ul>\n<li>BATX. 1A: <span style=\"font-weight: 400;\">Sandra Nicol\u00e1s Franco<\/span><\/li>\n<li>BATX. 2A: <span style=\"font-weight: 400;\">Helena Mart\u00edn Miralles <\/span><\/li>\n<li>BATX. 2B: <span style=\"font-weight: 400;\">Laia Adillon Albero<\/span><\/li>\n<\/ul>\n<p><b>FP<\/b><span style=\"font-weight: 400;\">:<\/span><\/p>\n<h6>CCFF<\/h6>\n<ul>\n<li style=\"font-weight: 400;\" aria-level=\"1\"><span style=\"font-weight: 400;\">1r Inform\u00e0tica d\u2019Oficina: Angel Miguel Garcia Vicente<\/span><\/li>\n<li style=\"font-weight: 400;\" aria-level=\"1\"><span style=\"font-weight: 400;\">2n Inform\u00e0tica d\u2019Oficina: Pau Duaso Bellido<\/span><\/li>\n<li style=\"font-weight: 400;\" aria-level=\"1\"><span style=\"font-weight: 400;\">1r <\/span><span style=\"font-weight: 400;\">SMXA: Mel Guti\u00e9rrez Municio<\/span><\/li>\n<li style=\"font-weight: 400;\" aria-level=\"1\"><span style=\"font-weight: 400;\">1r SMXB: Adri\u00e1n C\u00e1rdenas<\/span><\/li>\n<li style=\"font-weight: 400;\" aria-level=\"1\"><span style=\"font-weight: 400;\">2n SMX A: Luis Badet<\/span><\/li>\n<li style=\"font-weight: 400;\" aria-level=\"1\"><span style=\"font-weight: 400;\">2n SMX B: Guillermo L\u00f3pez<\/span><\/li>\n<li style=\"font-weight: 400;\" aria-level=\"1\"><span style=\"font-weight: 400;\">1r DAM: Pere Ram\u00edrez Martorell<\/span><\/li>\n<li style=\"font-weight: 400;\" aria-level=\"1\"><span style=\"font-weight: 400;\">2n DAM: Pau Casals<\/span><\/li>\n<li style=\"font-weight: 400;\" aria-level=\"1\"><span style=\"font-weight: 400;\">1r ASIXC: Jordi Urmeneta Coletas<\/span><\/li>\n<li style=\"font-weight: 400;\" aria-level=\"1\"><span style=\"font-weight: 400;\">2n ASIXC: Eduard Morera <\/span><\/li>\n<li style=\"font-weight: 400;\" aria-level=\"1\"><span style=\"font-weight: 400;\">1r APDA: Elisabet Dom\u00ednguez G\u00f3mez<\/span><\/li>\n<li style=\"font-weight: 400;\" aria-level=\"1\"><span style=\"font-weight: 400;\">1r APDB: Miriam Rodr\u00edguez Molina<\/span><\/li>\n<li style=\"font-weight: 400;\" aria-level=\"1\"><span style=\"font-weight: 400;\">2n APDA: Sof\u00eda S\u00e1nchez<\/span><\/li>\n<li style=\"font-weight: 400;\" aria-level=\"1\"><span style=\"font-weight: 400;\">2n APDB: Carme Rey<\/span><\/li>\n<li style=\"font-weight: 400;\" aria-level=\"1\"><span style=\"font-weight: 400;\">1r EI: Adela Rodr\u00edguez Garrido<\/span><\/li>\n<li style=\"font-weight: 400;\" aria-level=\"1\"><span style=\"font-weight: 400;\">2n EI: Marta Cumplido<\/span><\/li>\n<li style=\"font-weight: 400;\" aria-level=\"1\"><span style=\"font-weight: 400;\">1r IS: Mireia Alt\u00e9s Trenchs<\/span><\/li>\n<li style=\"font-weight: 400;\" aria-level=\"1\"><span style=\"font-weight: 400;\">2n IS: Manel Mora Agudo<\/span><\/li>\n<\/ul>\n<p><b>\u00a0IFE:<\/b><\/p>\n<ul>\n<li style=\"font-weight: 400;\" aria-level=\"1\"><span style=\"font-weight: 400;\">1r IFE: Montse Petit Bataller\u00a0<\/span><\/li>\n<li style=\"font-weight: 400;\" aria-level=\"1\"><span style=\"font-weight: 400;\">2n IFE: Marina Capdevila De la Torre<\/span><\/li>\n<li style=\"font-weight: 400;\" aria-level=\"1\"><span style=\"font-weight: 400;\">3r IFE: Ricard Fern\u00e1ndez Ester<\/span><\/li>\n<li style=\"font-weight: 400;\" aria-level=\"1\"><span style=\"font-weight: 400;\">4t IFE: Toti Fraga Fern\u00e1ndez<\/span><\/li>\n<\/ul>\n<p><strong>PFI:<\/strong><\/p>\n<ul>\n<li>Auxiliar de muntatge i manteniment d&#8217;equips inform\u00e0tics: Carlos Luis P\u00e9rez G\u00e9rez<\/li>\n<li>Auxiliar de pastisseria i forneria: Jordi Nieto Espunya<\/li>\n<\/ul>\n<p><b>Membres del Consell Escolar (professorat):<\/b><\/p>\n<ul>\n<li style=\"font-weight: 400;\" aria-level=\"1\"><span style=\"font-weight: 400;\">Rub\u00e9n Rodr\u00edguez Rodr\u00edguez<\/span><\/li>\n<li style=\"font-weight: 400;\" aria-level=\"1\"><span style=\"font-weight: 400;\">Gema Ruano Ciudad<\/span><\/li>\n<li style=\"font-weight: 400;\" aria-level=\"1\"><span style=\"font-weight: 400;\">Mari \u00c0ngels Garc\u00eda Iranzo (cap d\u2019estudis)<\/span><\/li>\n<li style=\"font-weight: 400;\" aria-level=\"1\"><span style=\"font-weight: 400;\">Txell Garcia S\u00e0nchez<\/span><\/li>\n<li style=\"font-weight: 400;\" aria-level=\"1\"><span style=\"font-weight: 400;\">Ricardo Mart\u00ednez Valverde<\/span><\/li>\n<li style=\"font-weight: 400;\" aria-level=\"1\"><span style=\"font-weight: 400;\">Pilar Monsonet Montes<\/span><\/li>\n<li style=\"font-weight: 400;\" aria-level=\"1\"><span style=\"font-weight: 400;\">Elena Segura Aleman (cap d\u2019estudis)<\/span><\/li>\n<li style=\"font-weight: 400;\" aria-level=\"1\"><span style=\"font-weight: 400;\">Sergio Olmeda Rodr\u00edguez<\/span><\/li>\n<li style=\"font-weight: 400;\" aria-level=\"1\"><span style=\"font-weight: 400;\">David Travet Plana<\/span><\/li>\n<li style=\"font-weight: 400;\" aria-level=\"1\"><span style=\"font-weight: 400;\">Ester S\u00e0nchez Roig (directora)<\/span><\/li>\n<li style=\"font-weight: 400;\" aria-level=\"1\"><span style=\"font-weight: 400;\">Eva Mar\u00eda Romero Meg\u00edas (secret\u00e0ria)<\/span><\/li>\n<li style=\"font-weight: 400;\" aria-level=\"1\"><span style=\"font-weight: 400;\">Eva Sales Campo (PAE)<\/span><\/li>\n<li style=\"font-weight: 400;\" aria-level=\"1\"><span style=\"font-weight: 400;\">Julian Vega Gallego (PAS)<\/span><\/li>\n<li aria-level=\"1\">Sergi Font Ribas (cap d&#8217;estudis)<\/li>\n<\/ul>\n","protected":false},"excerpt":{"rendered":"<p>Equip directiu DIRECTORA: Ester S\u00e0nchez Roig CAP D\u2019ESTUDIS d\u2019ESO i Batxillerat: Elena Segura Aleman CAP D\u2019ESTUDIS d\u2019FP: Maria \u00c0ngels Garc\u00eda Iranzo CAP D\u2019ESTUDIS ADJUNT: Sergi Font Ribas COORDINADOR PEDAG\u00d2GIC: Albert Sola Gil SECRET\u00c0RIA: Eva Mar\u00eda Romero Meg\u00edas Coordinaci\u00f3 d\u2019Ensenyaments Postobligatoris Coordinador de Batxillerat: Ricardo Mart\u00ednez Valverde Coordinadora de Formaci\u00f3 Professional: Meri Moreno Coordinadora de l&#8217;IFE: [&hellip;]<\/p>\n","protected":false},"author":1,"featured_media":0,"parent":3418,"menu_order":50,"comment_status":"closed","ping_status":"closed","template":"","meta":{"_bbp_topic_count":0,"_bbp_reply_count":0,"_bbp_total_topic_count":0,"_bbp_total_reply_count":0,"_bbp_voice_count":0,"_bbp_anonymous_reply_count":0,"_bbp_topic_count_hidden":0,"_bbp_reply_count_hidden":0,"_bbp_forum_subforum_count":0,"site-sidebar-layout":"default","site-content-layout":"","ast-site-content-layout":"default","site-content-style":"default","site-sidebar-style":"default","ast-global-header-display":"","ast-banner-title-visibility":"","ast-main-header-display":"","ast-hfb-above-header-display":"","ast-hfb-below-header-display":"","ast-hfb-mobile-header-display":"","site-post-title":"","ast-breadcrumbs-content":"","ast-featured-img":"","footer-sml-layout":"","theme-transparent-header-meta":"default","adv-header-id-meta":"","stick-header-meta":"","header-above-stick-meta":"","header-main-stick-meta":"","header-below-stick-meta":"","astra-migrate-meta-layouts":"set","ast-page-background-enabled":"default","ast-page-background-meta":{"desktop":{"background-color":"var(--ast-global-color-4)","background-image":"","background-repeat":"repeat","background-position":"center center","background-size":"auto","background-attachment":"scroll","background-type":"","background-media":"","overlay-type":"","overlay-color":"","overlay-opacity":"","overlay-gradient":""},"tablet":{"background-color":"","background-image":"","background-repeat":"repeat","background-position":"center center","background-size":"auto","background-attachment":"scroll","background-type":"","background-media":"","overlay-type":"","overlay-color":"","overlay-opacity":"","overlay-gradient":""},"mobile":{"background-color":"","background-image":"","background-repeat":"repeat","background-position":"center center","background-size":"auto","background-attachment":"scroll","background-type":"","background-media":"","overlay-type":"","overlay-color":"","overlay-opacity":"","overlay-gradient":""}},"ast-content-background-meta":{"desktop":{"background-color":"var(--ast-global-color-5)","background-image":"","background-repeat":"repeat","background-position":"center center","background-size":"auto","background-attachment":"scroll","background-type":"","background-media":"","overlay-type":"","overlay-color":"","overlay-opacity":"","overlay-gradient":""},"tablet":{"background-color":"var(--ast-global-color-5)","background-image":"","background-repeat":"repeat","background-position":"center center","background-size":"auto","background-attachment":"scroll","background-type":"","background-media":"","overlay-type":"","overlay-color":"","overlay-opacity":"","overlay-gradient":""},"mobile":{"background-color":"var(--ast-global-color-5)","background-image":"","background-repeat":"repeat","background-position":"center center","background-size":"auto","background-attachment":"scroll","background-type":"","background-media":"","overlay-type":"","overlay-color":"","overlay-opacity":"","overlay-gradient":""}},"footnotes":""},"class_list":["post-46","page","type-page","status-publish","hentry"],"post_mailing_queue_ids":[],"_links":{"self":[{"href":"https:\/\/agora.xtec.cat\/iesgabrielamistral\/wp-json\/wp\/v2\/pages\/46","targetHints":{"allow":["GET"]}}],"collection":[{"href":"https:\/\/agora.xtec.cat\/iesgabrielamistral\/wp-json\/wp\/v2\/pages"}],"about":[{"href":"https:\/\/agora.xtec.cat\/iesgabrielamistral\/wp-json\/wp\/v2\/types\/page"}],"author":[{"embeddable":true,"href":"https:\/\/agora.xtec.cat\/iesgabrielamistral\/wp-json\/wp\/v2\/users\/1"}],"replies":[{"embeddable":true,"href":"https:\/\/agora.xtec.cat\/iesgabrielamistral\/wp-json\/wp\/v2\/comments?post=46"}],"version-history":[{"count":12,"href":"https:\/\/agora.xtec.cat\/iesgabrielamistral\/wp-json\/wp\/v2\/pages\/46\/revisions"}],"predecessor-version":[{"id":18739,"href":"https:\/\/agora.xtec.cat\/iesgabrielamistral\/wp-json\/wp\/v2\/pages\/46\/revisions\/18739"}],"up":[{"embeddable":true,"href":"https:\/\/agora.xtec.cat\/iesgabrielamistral\/wp-json\/wp\/v2\/pages\/3418"}],"wp:attachment":[{"href":"https:\/\/agora.xtec.cat\/iesgabrielamistral\/wp-json\/wp\/v2\/media?parent=46"}],"curies":[{"name":"wp","href":"https:\/\/api.w.org\/{rel}","templated":true}]}}