{"id":440,"date":"2015-07-06T17:29:47","date_gmt":"2015-07-06T16:29:47","guid":{"rendered":"http:\/\/agora.xtec.cat\/iesgabrielamistral\/?page_id=440"},"modified":"2025-10-07T21:44:09","modified_gmt":"2025-10-07T19:44:09","slug":"departament-dexpressio","status":"publish","type":"page","link":"https:\/\/agora.xtec.cat\/iesgabrielamistral\/departaments\/departament-dexpressio\/","title":{"rendered":"Departament d&#8217;Expressi\u00f3"},"content":{"rendered":"<p style=\"text-align: center;\"><strong>Departament d&#8217;Expressi\u00f3 25-26<\/strong><\/p>\n<p><img loading=\"lazy\" decoding=\"async\" class=\"aligncenter wp-image-18243 size-full\" src=\"https:\/\/agora.xtec.cat\/iesgabrielamistral\/wp-content\/uploads\/usu246\/2025\/10\/dept_exp-scaled.jpg\" alt=\"\" width=\"2221\" height=\"2560\" srcset=\"https:\/\/agora.xtec.cat\/iesgabrielamistral\/wp-content\/uploads\/usu246\/2025\/10\/dept_exp-scaled.jpg 2221w, https:\/\/agora.xtec.cat\/iesgabrielamistral\/wp-content\/uploads\/usu246\/2025\/10\/dept_exp-260x300.jpg 260w, https:\/\/agora.xtec.cat\/iesgabrielamistral\/wp-content\/uploads\/usu246\/2025\/10\/dept_exp-888x1024.jpg 888w, https:\/\/agora.xtec.cat\/iesgabrielamistral\/wp-content\/uploads\/usu246\/2025\/10\/dept_exp-768x885.jpg 768w, https:\/\/agora.xtec.cat\/iesgabrielamistral\/wp-content\/uploads\/usu246\/2025\/10\/dept_exp-1332x1536.jpg 1332w, https:\/\/agora.xtec.cat\/iesgabrielamistral\/wp-content\/uploads\/usu246\/2025\/10\/dept_exp-1777x2048.jpg 1777w\" sizes=\"auto, (max-width: 2221px) 100vw, 2221px\" \/><\/p>\n<p><strong>Cap de departament d&#8217;Expressi\u00f3:\u00a0 Gema Ruano Ciudad<\/strong><\/p>\n<p><strong>Sandra Nicol\u00e1s Franco<\/strong> : Educaci\u00f3 F\u00edsica i Tutora 1r Batxillerat\n<\/p>\n<p><strong>Marcos Russo<\/strong>: Educaci\u00f3 F\u00edsica i Cap de projectes (1er i 2on d&#8217;ESO)<\/p>\n<p><div><strong>Xavier Caballero Fontecha<\/strong>: Educaci\u00f3 F\u00edsica<\/div>\n<\/p>\n<p><strong>Gema Ruano Ciudad<\/strong>: Cap de Departament d&#8217;Expressi\u00f3, Educaci\u00f3 F\u00edsica,\u00a0 Coordinaci\u00f3 esportiva i Coordinadora delPla Catal\u00e0 d&#8217;Esport a l&#8217;Escola (PCEE)<\/p>\n<p><strong>Toni Cuenca Garcia<\/strong>: M\u00fasica<\/p>\n<p><\/p>\n<p><strong>Ram\u00f3n L\u00f3pez Garc\u00eda<\/strong>: Visual i Pl\u00e0stica<\/p>\n<p><\/p>\n<p><strong>Carlos Ruiz S\u00e1nchez<\/strong>: Visual i Pl\u00e0stica, i Tutor 3er B\u00a0 d&#8217;ESO<\/p>\n<p>&nbsp;<\/p>\n","protected":false},"excerpt":{"rendered":"<p>Departament d&#8217;Expressi\u00f3 25-26 Cap de departament d&#8217;Expressi\u00f3:\u00a0 Gema Ruano Ciudad Sandra Nicol\u00e1s Franco : Educaci\u00f3 F\u00edsica i Tutora 1r Batxillerat Marcos Russo: Educaci\u00f3 F\u00edsica i Cap de projectes (1er i 2on d&#8217;ESO) Xavier Caballero Fontecha: Educaci\u00f3 F\u00edsica Gema Ruano Ciudad: Cap de Departament d&#8217;Expressi\u00f3, Educaci\u00f3 F\u00edsica,\u00a0 Coordinaci\u00f3 esportiva i Coordinadora delPla Catal\u00e0 d&#8217;Esport a l&#8217;Escola [&hellip;]<\/p>\n","protected":false},"author":1,"featured_media":0,"parent":426,"menu_order":3,"comment_status":"closed","ping_status":"closed","template":"page-templates\/side-menu.php","meta":{"_bbp_topic_count":0,"_bbp_reply_count":0,"_bbp_total_topic_count":0,"_bbp_total_reply_count":0,"_bbp_voice_count":0,"_bbp_anonymous_reply_count":0,"_bbp_topic_count_hidden":0,"_bbp_reply_count_hidden":0,"_bbp_forum_subforum_count":0,"site-sidebar-layout":"default","site-content-layout":"","ast-site-content-layout":"","site-content-style":"default","site-sidebar-style":"default","ast-global-header-display":"","ast-banner-title-visibility":"","ast-main-header-display":"","ast-hfb-above-header-display":"","ast-hfb-below-header-display":"","ast-hfb-mobile-header-display":"","site-post-title":"","ast-breadcrumbs-content":"","ast-featured-img":"","footer-sml-layout":"","theme-transparent-header-meta":"","adv-header-id-meta":"","stick-header-meta":"","header-above-stick-meta":"","header-main-stick-meta":"","header-below-stick-meta":"","astra-migrate-meta-layouts":"default","ast-page-background-enabled":"default","ast-page-background-meta":{"desktop":{"background-color":"var(--ast-global-color-4)","background-image":"","background-repeat":"repeat","background-position":"center center","background-size":"auto","background-attachment":"scroll","background-type":"","background-media":"","overlay-type":"","overlay-color":"","overlay-opacity":"","overlay-gradient":""},"tablet":{"background-color":"","background-image":"","background-repeat":"repeat","background-position":"center center","background-size":"auto","background-attachment":"scroll","background-type":"","background-media":"","overlay-type":"","overlay-color":"","overlay-opacity":"","overlay-gradient":""},"mobile":{"background-color":"","background-image":"","background-repeat":"repeat","background-position":"center center","background-size":"auto","background-attachment":"scroll","background-type":"","background-media":"","overlay-type":"","overlay-color":"","overlay-opacity":"","overlay-gradient":""}},"ast-content-background-meta":{"desktop":{"background-color":"var(--ast-global-color-5)","background-image":"","background-repeat":"repeat","background-position":"center center","background-size":"auto","background-attachment":"scroll","background-type":"","background-media":"","overlay-type":"","overlay-color":"","overlay-opacity":"","overlay-gradient":""},"tablet":{"background-color":"var(--ast-global-color-5)","background-image":"","background-repeat":"repeat","background-position":"center center","background-size":"auto","background-attachment":"scroll","background-type":"","background-media":"","overlay-type":"","overlay-color":"","overlay-opacity":"","overlay-gradient":""},"mobile":{"background-color":"var(--ast-global-color-5)","background-image":"","background-repeat":"repeat","background-position":"center center","background-size":"auto","background-attachment":"scroll","background-type":"","background-media":"","overlay-type":"","overlay-color":"","overlay-opacity":"","overlay-gradient":""}},"footnotes":""},"class_list":["post-440","page","type-page","status-publish","hentry"],"post_mailing_queue_ids":[],"_links":{"self":[{"href":"https:\/\/agora.xtec.cat\/iesgabrielamistral\/wp-json\/wp\/v2\/pages\/440","targetHints":{"allow":["GET"]}}],"collection":[{"href":"https:\/\/agora.xtec.cat\/iesgabrielamistral\/wp-json\/wp\/v2\/pages"}],"about":[{"href":"https:\/\/agora.xtec.cat\/iesgabrielamistral\/wp-json\/wp\/v2\/types\/page"}],"author":[{"embeddable":true,"href":"https:\/\/agora.xtec.cat\/iesgabrielamistral\/wp-json\/wp\/v2\/users\/1"}],"replies":[{"embeddable":true,"href":"https:\/\/agora.xtec.cat\/iesgabrielamistral\/wp-json\/wp\/v2\/comments?post=440"}],"version-history":[{"count":8,"href":"https:\/\/agora.xtec.cat\/iesgabrielamistral\/wp-json\/wp\/v2\/pages\/440\/revisions"}],"predecessor-version":[{"id":18265,"href":"https:\/\/agora.xtec.cat\/iesgabrielamistral\/wp-json\/wp\/v2\/pages\/440\/revisions\/18265"}],"up":[{"embeddable":true,"href":"https:\/\/agora.xtec.cat\/iesgabrielamistral\/wp-json\/wp\/v2\/pages\/426"}],"wp:attachment":[{"href":"https:\/\/agora.xtec.cat\/iesgabrielamistral\/wp-json\/wp\/v2\/media?parent=440"}],"curies":[{"name":"wp","href":"https:\/\/api.w.org\/{rel}","templated":true}]}}