{"id":426,"date":"2015-07-06T17:01:30","date_gmt":"2015-07-06T16:01:30","guid":{"rendered":"http:\/\/agora.xtec.cat\/iesgabrielamistral\/?page_id=426"},"modified":"2024-02-21T09:57:42","modified_gmt":"2024-02-21T08:57:42","slug":"departaments","status":"publish","type":"page","link":"https:\/\/agora.xtec.cat\/iesgabrielamistral\/departaments\/","title":{"rendered":"Departaments"},"content":{"rendered":"<p>En aquesta p\u00e0gina trobareu informaci\u00f3 relativa als diferents departaments de l&#8217;institut.<\/p>\n<ul>\n<li><a style=\"color: #2795b6;\" href=\"https:\/\/agora.xtec.cat\/iesgabrielamistral\/departaments\/departament-de-castella\/\">Castell\u00e0<\/a><\/li>\n<li><a style=\"color: #2795b6;\" href=\"https:\/\/agora.xtec.cat\/iesgabrielamistral\/departaments\/deparament-de-catala\/\">Catal\u00e0<\/a><\/li>\n<li><a href=\"https:\/\/agora.xtec.cat\/iesgabrielamistral\/departaments\/departament-experimentals\/\">Ci\u00e8ncies experimentals<\/a><\/li>\n<li><a style=\"color: #2795b6;\" href=\"https:\/\/agora.xtec.cat\/iesgabrielamistral\/departaments\/departament-dexpressio\/\">Expressi\u00f3<\/a><\/li>\n<li><a style=\"color: #2795b6;\" href=\"https:\/\/agora.xtec.cat\/iesgabrielamistral\/departaments\/departament-dhumanitats\/\">Humanitats i socials<\/a><\/li>\n<li><a href=\"https:\/\/agora.xtec.cat\/iesgabrielamistral\/departaments\/departament-ife\/\">IFE<\/a><\/li>\n<li><a style=\"color: #2795b6;\" href=\"https:\/\/agora.xtec.cat\/iesgabrielamistral\/departaments\/departament-informatica\/\">Inform\u00e0tica<\/a><\/li>\n<li><a href=\"https:\/\/agora.xtec.cat\/iesgabrielamistral\/departaments\/departament-llen-estrangeres\/\">Lleng\u00fces estrangeres<\/a><\/li>\n<li><a style=\"color: #2795b6;\" href=\"https:\/\/agora.xtec.cat\/iesgabrielamistral\/departaments\/departament-de-matematiques\/\">Matem\u00e0tiques<\/a><\/li>\n<li><a style=\"color: #2795b6;\" href=\"https:\/\/agora.xtec.cat\/iesgabrielamistral\/departaments\/departament-dorientacio\/\">Orientaci\u00f3 educativa<\/a><\/li>\n<li><a href=\"https:\/\/agora.xtec.cat\/iesgabrielamistral\/departaments\/departament-de-serveis-a-la-comunitat\/\">Serveis a la comunitat<\/a><\/li>\n<li><a style=\"color: #2795b6;\" href=\"https:\/\/agora.xtec.cat\/iesgabrielamistral\/departaments\/departament-tecnologia\/\">Tecnologia<\/a><\/li>\n<\/ul>\n","protected":false},"excerpt":{"rendered":"<p>En aquesta p\u00e0gina trobareu informaci\u00f3 relativa als diferents departaments de l&#8217;institut. Castell\u00e0 Catal\u00e0 Ci\u00e8ncies experimentals Expressi\u00f3 Humanitats i socials IFE Inform\u00e0tica Lleng\u00fces estrangeres Matem\u00e0tiques Orientaci\u00f3 educativa Serveis a la comunitat Tecnologia<\/p>\n","protected":false},"author":1,"featured_media":0,"parent":0,"menu_order":0,"comment_status":"closed","ping_status":"closed","template":"page-templates\/side-menu.php","meta":{"_bbp_topic_count":0,"_bbp_reply_count":0,"_bbp_total_topic_count":0,"_bbp_total_reply_count":0,"_bbp_voice_count":0,"_bbp_anonymous_reply_count":0,"_bbp_topic_count_hidden":0,"_bbp_reply_count_hidden":0,"_bbp_forum_subforum_count":0,"site-sidebar-layout":"default","site-content-layout":"","ast-site-content-layout":"","site-content-style":"default","site-sidebar-style":"default","ast-global-header-display":"","ast-banner-title-visibility":"","ast-main-header-display":"","ast-hfb-above-header-display":"","ast-hfb-below-header-display":"","ast-hfb-mobile-header-display":"","site-post-title":"","ast-breadcrumbs-content":"","ast-featured-img":"","footer-sml-layout":"","theme-transparent-header-meta":"","adv-header-id-meta":"","stick-header-meta":"","header-above-stick-meta":"","header-main-stick-meta":"","header-below-stick-meta":"","astra-migrate-meta-layouts":"default","ast-page-background-enabled":"default","ast-page-background-meta":{"desktop":{"background-color":"var(--ast-global-color-4)","background-image":"","background-repeat":"repeat","background-position":"center center","background-size":"auto","background-attachment":"scroll","background-type":"","background-media":"","overlay-type":"","overlay-color":"","overlay-opacity":"","overlay-gradient":""},"tablet":{"background-color":"","background-image":"","background-repeat":"repeat","background-position":"center center","background-size":"auto","background-attachment":"scroll","background-type":"","background-media":"","overlay-type":"","overlay-color":"","overlay-opacity":"","overlay-gradient":""},"mobile":{"background-color":"","background-image":"","background-repeat":"repeat","background-position":"center center","background-size":"auto","background-attachment":"scroll","background-type":"","background-media":"","overlay-type":"","overlay-color":"","overlay-opacity":"","overlay-gradient":""}},"ast-content-background-meta":{"desktop":{"background-color":"var(--ast-global-color-5)","background-image":"","background-repeat":"repeat","background-position":"center center","background-size":"auto","background-attachment":"scroll","background-type":"","background-media":"","overlay-type":"","overlay-color":"","overlay-opacity":"","overlay-gradient":""},"tablet":{"background-color":"var(--ast-global-color-5)","background-image":"","background-repeat":"repeat","background-position":"center center","background-size":"auto","background-attachment":"scroll","background-type":"","background-media":"","overlay-type":"","overlay-color":"","overlay-opacity":"","overlay-gradient":""},"mobile":{"background-color":"var(--ast-global-color-5)","background-image":"","background-repeat":"repeat","background-position":"center center","background-size":"auto","background-attachment":"scroll","background-type":"","background-media":"","overlay-type":"","overlay-color":"","overlay-opacity":"","overlay-gradient":""}},"footnotes":""},"class_list":["post-426","page","type-page","status-publish","hentry"],"post_mailing_queue_ids":[],"_links":{"self":[{"href":"https:\/\/agora.xtec.cat\/iesgabrielamistral\/wp-json\/wp\/v2\/pages\/426","targetHints":{"allow":["GET"]}}],"collection":[{"href":"https:\/\/agora.xtec.cat\/iesgabrielamistral\/wp-json\/wp\/v2\/pages"}],"about":[{"href":"https:\/\/agora.xtec.cat\/iesgabrielamistral\/wp-json\/wp\/v2\/types\/page"}],"author":[{"embeddable":true,"href":"https:\/\/agora.xtec.cat\/iesgabrielamistral\/wp-json\/wp\/v2\/users\/1"}],"replies":[{"embeddable":true,"href":"https:\/\/agora.xtec.cat\/iesgabrielamistral\/wp-json\/wp\/v2\/comments?post=426"}],"version-history":[{"count":6,"href":"https:\/\/agora.xtec.cat\/iesgabrielamistral\/wp-json\/wp\/v2\/pages\/426\/revisions"}],"predecessor-version":[{"id":15848,"href":"https:\/\/agora.xtec.cat\/iesgabrielamistral\/wp-json\/wp\/v2\/pages\/426\/revisions\/15848"}],"wp:attachment":[{"href":"https:\/\/agora.xtec.cat\/iesgabrielamistral\/wp-json\/wp\/v2\/media?parent=426"}],"curies":[{"name":"wp","href":"https:\/\/api.w.org\/{rel}","templated":true}]}}