{"id":423,"date":"2015-07-06T16:56:24","date_gmt":"2015-07-06T15:56:24","guid":{"rendered":"http:\/\/agora.xtec.cat\/iesgabrielamistral\/?page_id=423"},"modified":"2024-02-26T08:37:57","modified_gmt":"2024-02-26T07:37:57","slug":"viatge-fi-de-curs-4t","status":"publish","type":"page","link":"https:\/\/agora.xtec.cat\/iesgabrielamistral\/serveis-2\/viatge-fi-de-curs-4t\/","title":{"rendered":"Viatges"},"content":{"rendered":"<h5>1r d&#8217;ESO<\/h5>\n<p>Col\u00f2nies de dos dies, al primer trimestre, amb l&#8217;objectiu de con\u00e8ixer el nous companys i companyes i treballar les din\u00e0miques de grup.<\/p>\n<h5>2n d&#8217;ESO<\/h5>\n<p>Col\u00f2nies de tres dies al tercer trimestre, vinculades al treball de s\u00edntesi i amb el mar com a centre d&#8217;inter\u00e8s.<\/p>\n<h5>3r d&#8217;ESO<\/h5>\n<p>Col\u00f2nies de 3 dies durant el segon trimestre, \u00edntegrament en llengua anglesa.<\/p>\n<h5>4t d&#8217;ESO<\/h5>\n<p>L&#8217;alumnat de 4t d&#8217;ESO, com a final de curs i d&#8217;etapa, realitza un viatge a Cant\u00e0bria. Els nostres alumnes gaudeixen d&#8217;un viatge organitzat de cinc dies amb activitats l\u00fadiques, esportives i culturals: surf, tirolines, senderisme pels Picos d&#8217;Europa, visites a Santander, Santillana del Mar, Cab\u00e1rceno, Pamplona i Bilbao.<\/p>\n<p>Aqu\u00ed podeu veure un v\u00eddeo del viatge del curs (21-22):<\/p>\n<div style=\"width: 1024px;\" class=\"wp-video\"><!--[if lt IE 9]><script>document.createElement('video');<\/script><![endif]-->\n<video class=\"wp-video-shortcode\" id=\"video-423-1\" width=\"1024\" height=\"576\" preload=\"metadata\" controls=\"controls\"><source type=\"video\/mp4\" src=\"https:\/\/agora.xtec.cat\/iesgabrielamistral\/wp-content\/uploads\/usu246\/2022\/06\/cantabria22-1.mp4?_=1\" \/><a href=\"https:\/\/agora.xtec.cat\/iesgabrielamistral\/wp-content\/uploads\/usu246\/2022\/06\/cantabria22-1.mp4\">https:\/\/agora.xtec.cat\/iesgabrielamistral\/wp-content\/uploads\/usu246\/2022\/06\/cantabria22-1.mp4<\/a><\/video><\/div>\n<h5>\u00a0<\/h5>\n<h5>Batxillerat<\/h5>\n<p>Viatge d&#8217;estudis a una ciutat europea, habitualment Londres per promocionar la pr\u00e0ctica de la llengua anglesa. Aquest viatge es fa durant el 1r curs de Batxillerat.<\/p>\n","protected":false},"excerpt":{"rendered":"<p>1r d&#8217;ESO Col\u00f2nies de dos dies, al primer trimestre, amb l&#8217;objectiu de con\u00e8ixer el nous companys i companyes i treballar les din\u00e0miques de grup. 2n d&#8217;ESO Col\u00f2nies de tres dies al tercer trimestre, vinculades al treball de s\u00edntesi i amb el mar com a centre d&#8217;inter\u00e8s. 3r d&#8217;ESO Col\u00f2nies de 3 dies durant el segon [&hellip;]<\/p>\n","protected":false},"author":1,"featured_media":0,"parent":5350,"menu_order":20,"comment_status":"closed","ping_status":"closed","template":"page-templates\/side-menu.php","meta":{"_bbp_topic_count":0,"_bbp_reply_count":0,"_bbp_total_topic_count":0,"_bbp_total_reply_count":0,"_bbp_voice_count":0,"_bbp_anonymous_reply_count":0,"_bbp_topic_count_hidden":0,"_bbp_reply_count_hidden":0,"_bbp_forum_subforum_count":0,"site-sidebar-layout":"default","site-content-layout":"","ast-site-content-layout":"","site-content-style":"default","site-sidebar-style":"default","ast-global-header-display":"","ast-banner-title-visibility":"","ast-main-header-display":"","ast-hfb-above-header-display":"","ast-hfb-below-header-display":"","ast-hfb-mobile-header-display":"","site-post-title":"","ast-breadcrumbs-content":"","ast-featured-img":"","footer-sml-layout":"","theme-transparent-header-meta":"","adv-header-id-meta":"","stick-header-meta":"","header-above-stick-meta":"","header-main-stick-meta":"","header-below-stick-meta":"","astra-migrate-meta-layouts":"default","ast-page-background-enabled":"default","ast-page-background-meta":{"desktop":{"background-color":"var(--ast-global-color-4)","background-image":"","background-repeat":"repeat","background-position":"center center","background-size":"auto","background-attachment":"scroll","background-type":"","background-media":"","overlay-type":"","overlay-color":"","overlay-opacity":"","overlay-gradient":""},"tablet":{"background-color":"","background-image":"","background-repeat":"repeat","background-position":"center center","background-size":"auto","background-attachment":"scroll","background-type":"","background-media":"","overlay-type":"","overlay-color":"","overlay-opacity":"","overlay-gradient":""},"mobile":{"background-color":"","background-image":"","background-repeat":"repeat","background-position":"center center","background-size":"auto","background-attachment":"scroll","background-type":"","background-media":"","overlay-type":"","overlay-color":"","overlay-opacity":"","overlay-gradient":""}},"ast-content-background-meta":{"desktop":{"background-color":"var(--ast-global-color-5)","background-image":"","background-repeat":"repeat","background-position":"center center","background-size":"auto","background-attachment":"scroll","background-type":"","background-media":"","overlay-type":"","overlay-color":"","overlay-opacity":"","overlay-gradient":""},"tablet":{"background-color":"var(--ast-global-color-5)","background-image":"","background-repeat":"repeat","background-position":"center center","background-size":"auto","background-attachment":"scroll","background-type":"","background-media":"","overlay-type":"","overlay-color":"","overlay-opacity":"","overlay-gradient":""},"mobile":{"background-color":"var(--ast-global-color-5)","background-image":"","background-repeat":"repeat","background-position":"center center","background-size":"auto","background-attachment":"scroll","background-type":"","background-media":"","overlay-type":"","overlay-color":"","overlay-opacity":"","overlay-gradient":""}},"footnotes":""},"class_list":["post-423","page","type-page","status-publish","hentry"],"post_mailing_queue_ids":[],"_links":{"self":[{"href":"https:\/\/agora.xtec.cat\/iesgabrielamistral\/wp-json\/wp\/v2\/pages\/423","targetHints":{"allow":["GET"]}}],"collection":[{"href":"https:\/\/agora.xtec.cat\/iesgabrielamistral\/wp-json\/wp\/v2\/pages"}],"about":[{"href":"https:\/\/agora.xtec.cat\/iesgabrielamistral\/wp-json\/wp\/v2\/types\/page"}],"author":[{"embeddable":true,"href":"https:\/\/agora.xtec.cat\/iesgabrielamistral\/wp-json\/wp\/v2\/users\/1"}],"replies":[{"embeddable":true,"href":"https:\/\/agora.xtec.cat\/iesgabrielamistral\/wp-json\/wp\/v2\/comments?post=423"}],"version-history":[{"count":7,"href":"https:\/\/agora.xtec.cat\/iesgabrielamistral\/wp-json\/wp\/v2\/pages\/423\/revisions"}],"predecessor-version":[{"id":15925,"href":"https:\/\/agora.xtec.cat\/iesgabrielamistral\/wp-json\/wp\/v2\/pages\/423\/revisions\/15925"}],"up":[{"embeddable":true,"href":"https:\/\/agora.xtec.cat\/iesgabrielamistral\/wp-json\/wp\/v2\/pages\/5350"}],"wp:attachment":[{"href":"https:\/\/agora.xtec.cat\/iesgabrielamistral\/wp-json\/wp\/v2\/media?parent=423"}],"curies":[{"name":"wp","href":"https:\/\/api.w.org\/{rel}","templated":true}]}}